 {"id":1497,"date":"2026-01-13T16:56:22","date_gmt":"2026-01-13T08:56:22","guid":{"rendered":"https:\/\/ttt.linshengsl.com\/?post_type=product&#038;p=1497"},"modified":"2026-02-05T13:44:37","modified_gmt":"2026-02-05T05:44:37","slug":"tert-amyl-peroxy-benzoate-tapb-%e8%bf%87%e6%b0%a7%e5%8c%96%e8%8b%af%e7%94%b2%e9%85%b8%e5%8f%94%e6%88%8a%e9%85%af","status":"publish","type":"product","link":"https:\/\/sinomorechem.com\/de\/product\/tert-amyl-peroxy-benzoate-tapb-%e8%bf%87%e6%b0%a7%e5%8c%96%e8%8b%af%e7%94%b2%e9%85%b8%e5%8f%94%e6%88%8a%e9%85%af","title":{"rendered":"tert-Amylperoxybenzoat (TAPB)"},"content":{"rendered":"<p><strong><b>Chemische Bezeichnung<\/b><\/strong><\/p>\n<ul>\n<li>Tert-Amylperoxybenzoat<\/li>\n<li>Andere Bezeichnung\uff1aTAPB<\/li>\n<\/ul>\n<p><strong><b>Struktur<\/b><\/strong><\/p>\n<ul>\n<li>Formel\uff1aC\u2081\u2082H\u2081\u2086O\u2083<\/li>\n<li>MW\uff1a208.3<\/li>\n<li>CAS-Nr.\uff1a4511-39-1<\/li>\n<\/ul>\n<p><strong><b>Einf\u00fchrung<\/b><\/strong><\/p>\n<ul>\n<li>TAPB ist eine gelbliche, transparente Fl\u00fcssigkeit. Es geh\u00f6rt zu den organischen Peroxiden vom Estertyp. Es wird haupts\u00e4chlich als Initiator f\u00fcr die Polymerisation und Copolymerisation von Styrol, Acrylnitril, Acrylaten und Methylacrylat eingesetzt. Dar\u00fcber hinaus wird es h\u00e4ufig als Rohstoff zur Synthese anderer organischer Peroxide verwendet.<\/li>\n<\/ul>\n<p><strong><b>Spezifikationen<\/b><\/strong><\/p>\n<ul>\n<li>\u00a0Aussehen: Farblose oder leicht gelbe transparente Fl\u00fcssigkeit<\/li>\n<li>Gehalt (%): \u2265 95,0<\/li>\n<li>Aktiver Sauerstoff (%): \u2265 7,30<\/li>\n<\/ul>\n<p><strong><b>Eigenschaften<\/b><\/strong><\/p>\n<ul>\n<li>Zustand : Fl\u00fcssig<\/li>\n<li>Dichte (g\/cm\u00b3): 1,01<\/li>\n<li>Flammpunkt (\u00b0C): 43<\/li>\n<li>Aktiver Sauerstoff (%): 7,68<\/li>\n<\/ul>\n<p><strong><b>Daten zur Halbwertszeit<\/b><\/strong><\/p>\n<ul>\n<li>Ea (kJ\/mol): 143,00<\/li>\n<li>Halbwertszeit bei 10 h (\u00b0C): 100<\/li>\n<li>Halbwertszeit bei 1 h (\u00b0C): 120<\/li>\n<li>Halbwertszeit bei 1 min (\u00b0C): 162<\/li>\n<\/ul>\n<p><strong><b>L\u00f6slichkeit<\/b><\/strong><\/p>\n<ul>\n<li>L\u00f6slich in Alkoholen, Estern, Ethern, Kohlenwasserstoffen und anderen organischen L\u00f6sungsmitteln, unl\u00f6slich in Wasser.<\/li>\n<\/ul>\n<p><strong><b>Daten zur Sicherheit<\/b><\/strong><\/p>\n<ul>\n<li>SADT (\u00b0C) : 60<\/li>\n<li>Alarm Temperatur (\u00b0C) : 55<\/li>\n<li>UN-Nummer: 3103<\/li>\n<\/ul>\n<p><strong><b>Verpackung<\/b><\/strong><\/p>\n<ul>\n<li>20 kg<br \/>\nPE-Eimer-Verpackung<\/li>\n<\/ul>\n<p><strong><b>Lagerung<\/b><\/strong><\/p>\n<ul>\n<li>Bei 8\u201330 \u00b0C an einem k\u00fchlen, bel\u00fcfteten Ort lagern<\/li>\n<\/ul>","protected":false},"featured_media":1712,"template":"","meta":{"_acf_changed":false,"site-sidebar-layout":"default","site-content-layout":"","ast-site-content-layout":"default","site-content-style":"default","site-sidebar-style":"default","ast-global-header-display":"","ast-banner-title-visibility":"","ast-main-header-display":"","ast-hfb-above-header-display":"","ast-hfb-below-header-display":"","ast-hfb-mobile-header-display":"","site-post-title":"","ast-breadcrumbs-content":"","ast-featured-img":"","footer-sml-layout":"","theme-transparent-header-meta":"default","adv-header-id-meta":"","stick-header-meta":"default","header-above-stick-meta":"","header-main-stick-meta":"","header-below-stick-meta":"","astra-migrate-meta-layouts":"set","ast-page-background-enabled":"default","ast-page-background-meta":{"desktop":{"background-color":"var(--ast-global-color-4)","background-image":"","background-repeat":"repeat","background-position":"center center","background-size":"auto","background-attachment":"scroll","background-type":"","background-media":"","overlay-type":"","overlay-color":"","overlay-opacity":"","overlay-gradient":""},"tablet":{"background-color":"","background-image":"","background-repeat":"repeat","background-position":"center center","background-size":"auto","background-attachment":"scroll","background-type":"","background-media":"","overlay-type":"","overlay-color":"","overlay-opacity":"","overlay-gradient":""},"mobile":{"background-color":"","background-image":"","background-repeat":"repeat","background-position":"center center","background-size":"auto","background-attachment":"scroll","background-type":"","background-media":"","overlay-type":"","overlay-color":"","overlay-opacity":"","overlay-gradient":""}},"ast-content-background-meta":{"desktop":{"background-color":"var(--ast-global-color-5)","background-image":"","background-repeat":"repeat","background-position":"center center","background-size":"auto","background-attachment":"scroll","background-type":"","background-media":"","overlay-type":"","overlay-color":"","overlay-opacity":"","overlay-gradient":""},"tablet":{"background-color":"var(--ast-global-color-5)","background-image":"","background-repeat":"repeat","background-position":"center center","background-size":"auto","background-attachment":"scroll","background-type":"","background-media":"","overlay-type":"","overlay-color":"","overlay-opacity":"","overlay-gradient":""},"mobile":{"background-color":"var(--ast-global-color-5)","background-image":"","background-repeat":"repeat","background-position":"center center","background-size":"auto","background-attachment":"scroll","background-type":"","background-media":"","overlay-type":"","overlay-color":"","overlay-opacity":"","overlay-gradient":""}}},"tags":[],"products":[],"class_list":["post-1497","product","type-product","status-publish","has-post-thumbnail","hentry"],"acf":[],"yoast_head":"<!-- This site is optimized with the Yoast SEO plugin v26.7 - https:\/\/yoast.com\/wordpress\/plugins\/seo\/ -->\n<title>organic peroxide, organic peroxide manufacturer, organic peroxide supplier, polymerization initiator, crosslinking agent, curing agent, rubber chemicals, plastic additives, EVA crosslinking agent, cable peroxide, photovoltaic materials<\/title>\n<meta name=\"description\" content=\"organic peroxide, organic peroxide manufacturer, organic peroxide supplier, polymerization initiator, crosslinking agent, curing agent, rubber chemicals, plastic additives, EVA crosslinking agent, cable peroxide, photovoltaic materials\" \/>\n<meta name=\"robots\" content=\"noindex, follow, max-snippet:-1, max-image-preview:large, max-video-preview:-1\" \/>\n<meta property=\"og:locale\" content=\"de_DE\" \/>\n<meta property=\"og:type\" content=\"article\" \/>\n<meta property=\"og:title\" content=\"organic peroxide, organic peroxide manufacturer, organic peroxide supplier, polymerization initiator, crosslinking agent, curing agent, rubber chemicals, plastic additives, EVA crosslinking agent, cable peroxide, photovoltaic materials\" \/>\n<meta property=\"og:description\" content=\"organic peroxide, organic peroxide manufacturer, organic peroxide supplier, polymerization initiator, crosslinking agent, curing agent, rubber chemicals, plastic additives, EVA crosslinking agent, cable peroxide, photovoltaic materials\" \/>\n<meta property=\"og:url\" content=\"https:\/\/sinomorechem.com\/de\/product\/tert-amyl-peroxy-benzoate-tapb-\u8fc7\u6c27\u5316\u82ef\u7532\u9178\u53d4\u620a\u916f\/\" \/>\n<meta property=\"og:site_name\" content=\"Organic Peroxide Manufacturer &amp; Supplier | Sinomore\" \/>\n<meta property=\"article:modified_time\" content=\"2026-02-05T05:44:37+00:00\" \/>\n<meta property=\"og:image\" content=\"https:\/\/sinomorechem.com\/wp-content\/uploads\/2026\/01\/3.-\u8fc7\u6c27\u5316\u82ef\u7532\u9178\u53d4\u620a\u916fTAPB-2.png\" \/>\n\t<meta property=\"og:image:width\" content=\"348\" \/>\n\t<meta property=\"og:image:height\" content=\"326\" \/>\n\t<meta property=\"og:image:type\" content=\"image\/png\" \/>\n<meta name=\"twitter:card\" content=\"summary_large_image\" \/>\n<meta name=\"twitter:label1\" content=\"Gesch\u00e4tzte Lesezeit\" \/>\n\t<meta name=\"twitter:data1\" content=\"1\u00a0Minute\" \/>\n<script type=\"application\/ld+json\" class=\"yoast-schema-graph\">{\"@context\":\"https:\/\/schema.org\",\"@graph\":[{\"@type\":\"WebPage\",\"@id\":\"https:\/\/sinomorechem.com\/product\/tert-amyl-peroxy-benzoate-tapb-%e8%bf%87%e6%b0%a7%e5%8c%96%e8%8b%af%e7%94%b2%e9%85%b8%e5%8f%94%e6%88%8a%e9%85%af\",\"url\":\"https:\/\/sinomorechem.com\/product\/tert-amyl-peroxy-benzoate-tapb-%e8%bf%87%e6%b0%a7%e5%8c%96%e8%8b%af%e7%94%b2%e9%85%b8%e5%8f%94%e6%88%8a%e9%85%af\",\"name\":\"organic peroxide, organic peroxide manufacturer, organic peroxide supplier, polymerization initiator, crosslinking agent, curing agent, rubber chemicals, plastic additives, EVA crosslinking agent, cable peroxide, photovoltaic materials\",\"isPartOf\":{\"@id\":\"https:\/\/sinomorechem.com\/#website\"},\"primaryImageOfPage\":{\"@id\":\"https:\/\/sinomorechem.com\/product\/tert-amyl-peroxy-benzoate-tapb-%e8%bf%87%e6%b0%a7%e5%8c%96%e8%8b%af%e7%94%b2%e9%85%b8%e5%8f%94%e6%88%8a%e9%85%af#primaryimage\"},\"image\":{\"@id\":\"https:\/\/sinomorechem.com\/product\/tert-amyl-peroxy-benzoate-tapb-%e8%bf%87%e6%b0%a7%e5%8c%96%e8%8b%af%e7%94%b2%e9%85%b8%e5%8f%94%e6%88%8a%e9%85%af#primaryimage\"},\"thumbnailUrl\":\"https:\/\/sinomorechem.com\/wp-content\/uploads\/2026\/01\/3.-\u8fc7\u6c27\u5316\u82ef\u7532\u9178\u53d4\u620a\u916fTAPB-2.png\",\"datePublished\":\"2026-01-13T08:56:22+00:00\",\"dateModified\":\"2026-02-05T05:44:37+00:00\",\"description\":\"organic peroxide, organic peroxide manufacturer, organic peroxide supplier, polymerization initiator, crosslinking agent, curing agent, rubber chemicals, plastic additives, EVA crosslinking agent, cable peroxide, photovoltaic materials\",\"breadcrumb\":{\"@id\":\"https:\/\/sinomorechem.com\/product\/tert-amyl-peroxy-benzoate-tapb-%e8%bf%87%e6%b0%a7%e5%8c%96%e8%8b%af%e7%94%b2%e9%85%b8%e5%8f%94%e6%88%8a%e9%85%af#breadcrumb\"},\"inLanguage\":\"de\",\"potentialAction\":[{\"@type\":\"ReadAction\",\"target\":[\"https:\/\/sinomorechem.com\/product\/tert-amyl-peroxy-benzoate-tapb-%e8%bf%87%e6%b0%a7%e5%8c%96%e8%8b%af%e7%94%b2%e9%85%b8%e5%8f%94%e6%88%8a%e9%85%af\"]}]},{\"@type\":\"ImageObject\",\"inLanguage\":\"de\",\"@id\":\"https:\/\/sinomorechem.com\/product\/tert-amyl-peroxy-benzoate-tapb-%e8%bf%87%e6%b0%a7%e5%8c%96%e8%8b%af%e7%94%b2%e9%85%b8%e5%8f%94%e6%88%8a%e9%85%af#primaryimage\",\"url\":\"https:\/\/sinomorechem.com\/wp-content\/uploads\/2026\/01\/3.-\u8fc7\u6c27\u5316\u82ef\u7532\u9178\u53d4\u620a\u916fTAPB-2.png\",\"contentUrl\":\"https:\/\/sinomorechem.com\/wp-content\/uploads\/2026\/01\/3.-\u8fc7\u6c27\u5316\u82ef\u7532\u9178\u53d4\u620a\u916fTAPB-2.png\",\"width\":348,\"height\":326},{\"@type\":\"BreadcrumbList\",\"@id\":\"https:\/\/sinomorechem.com\/product\/tert-amyl-peroxy-benzoate-tapb-%e8%bf%87%e6%b0%a7%e5%8c%96%e8%8b%af%e7%94%b2%e9%85%b8%e5%8f%94%e6%88%8a%e9%85%af#breadcrumb\",\"itemListElement\":[{\"@type\":\"ListItem\",\"position\":1,\"name\":\"Home\",\"item\":\"https:\/\/sinomorechem.com\/\"},{\"@type\":\"ListItem\",\"position\":2,\"name\":\"Products\",\"item\":\"https:\/\/sinomorechem.com\/product\"},{\"@type\":\"ListItem\",\"position\":3,\"name\":\"Tert-Amyl Peroxy Benzoate (TAPB)\"}]},{\"@type\":\"WebSite\",\"@id\":\"https:\/\/sinomorechem.com\/#website\",\"url\":\"https:\/\/sinomorechem.com\/\",\"name\":\"Organic Peroxide Manufacturer &amp; Supplier | Sinomore\",\"description\":\"Sinomore is a professional manufacturer and supplier of organic peroxides, providing high-quality products for polymerization, crosslinking, curing, and specialty chemical applications. Our products are widely used in rubber, plastics, EVA, cable, and photovoltaic industries, with reliable quality and global supply capabilities.\",\"publisher\":{\"@id\":\"https:\/\/sinomorechem.com\/#organization\"},\"potentialAction\":[{\"@type\":\"SearchAction\",\"target\":{\"@type\":\"EntryPoint\",\"urlTemplate\":\"https:\/\/sinomorechem.com\/?s={search_term_string}\"},\"query-input\":{\"@type\":\"PropertyValueSpecification\",\"valueRequired\":true,\"valueName\":\"search_term_string\"}}],\"inLanguage\":\"de\"},{\"@type\":\"Organization\",\"@id\":\"https:\/\/sinomorechem.com\/#organization\",\"name\":\"Organic Peroxide Manufacturer &amp; Supplier | Sinomore\",\"url\":\"https:\/\/sinomorechem.com\/\",\"logo\":{\"@type\":\"ImageObject\",\"inLanguage\":\"de\",\"@id\":\"https:\/\/sinomorechem.com\/#\/schema\/logo\/image\/\",\"url\":\"https:\/\/sinomorechem.com\/wp-content\/uploads\/2026\/01\/\u6700\u7ec8\u7248-01.png\",\"contentUrl\":\"https:\/\/sinomorechem.com\/wp-content\/uploads\/2026\/01\/\u6700\u7ec8\u7248-01.png\",\"width\":1240,\"height\":1377,\"caption\":\"Organic Peroxide Manufacturer &amp; Supplier | Sinomore\"},\"image\":{\"@id\":\"https:\/\/sinomorechem.com\/#\/schema\/logo\/image\/\"}}]}<\/script>\n<!-- \/ Yoast SEO plugin. -->","yoast_head_json":{"title":"Organisches Peroxid, Hersteller von organischem Peroxid, Lieferant von organischem Peroxid, Polymerisationsinitiator, Vernetzungsmittel, H\u00e4rtungsmittel, Gummichemikalien, Kunststoffadditive, EVA-Vernetzungsmittel, Kabelperoxid, photovoltaische Materialien","description":"Organisches Peroxid, Hersteller von organischem Peroxid, Lieferant von organischem Peroxid, Polymerisationsinitiator, Vernetzungsmittel, H\u00e4rtungsmittel, Gummichemikalien, Kunststoffadditive, EVA-Vernetzungsmittel, Kabelperoxid, photovoltaische Materialien","robots":{"index":"noindex","follow":"follow","max-snippet":"max-snippet:-1","max-image-preview":"max-image-preview:large","max-video-preview":"max-video-preview:-1"},"og_locale":"de_DE","og_type":"article","og_title":"organic peroxide, organic peroxide manufacturer, organic peroxide supplier, polymerization initiator, crosslinking agent, curing agent, rubber chemicals, plastic additives, EVA crosslinking agent, cable peroxide, photovoltaic materials","og_description":"organic peroxide, organic peroxide manufacturer, organic peroxide supplier, polymerization initiator, crosslinking agent, curing agent, rubber chemicals, plastic additives, EVA crosslinking agent, cable peroxide, photovoltaic materials","og_url":"https:\/\/sinomorechem.com\/de\/product\/tert-amyl-peroxy-benzoate-tapb-\u8fc7\u6c27\u5316\u82ef\u7532\u9178\u53d4\u620a\u916f\/","og_site_name":"Organic Peroxide Manufacturer &amp; Supplier | Sinomore","article_modified_time":"2026-02-05T05:44:37+00:00","og_image":[{"width":348,"height":326,"url":"https:\/\/sinomorechem.com\/wp-content\/uploads\/2026\/01\/3.-\u8fc7\u6c27\u5316\u82ef\u7532\u9178\u53d4\u620a\u916fTAPB-2.png","type":"image\/png"}],"twitter_card":"summary_large_image","twitter_misc":{"Gesch\u00e4tzte Lesezeit":"1\u00a0Minute"},"schema":{"@context":"https:\/\/schema.org","@graph":[{"@type":"WebPage","@id":"https:\/\/sinomorechem.com\/product\/tert-amyl-peroxy-benzoate-tapb-%e8%bf%87%e6%b0%a7%e5%8c%96%e8%8b%af%e7%94%b2%e9%85%b8%e5%8f%94%e6%88%8a%e9%85%af","url":"https:\/\/sinomorechem.com\/product\/tert-amyl-peroxy-benzoate-tapb-%e8%bf%87%e6%b0%a7%e5%8c%96%e8%8b%af%e7%94%b2%e9%85%b8%e5%8f%94%e6%88%8a%e9%85%af","name":"Organisches Peroxid, Hersteller von organischem Peroxid, Lieferant von organischem Peroxid, Polymerisationsinitiator, Vernetzungsmittel, H\u00e4rtungsmittel, Gummichemikalien, Kunststoffadditive, EVA-Vernetzungsmittel, Kabelperoxid, photovoltaische Materialien","isPartOf":{"@id":"https:\/\/sinomorechem.com\/#website"},"primaryImageOfPage":{"@id":"https:\/\/sinomorechem.com\/product\/tert-amyl-peroxy-benzoate-tapb-%e8%bf%87%e6%b0%a7%e5%8c%96%e8%8b%af%e7%94%b2%e9%85%b8%e5%8f%94%e6%88%8a%e9%85%af#primaryimage"},"image":{"@id":"https:\/\/sinomorechem.com\/product\/tert-amyl-peroxy-benzoate-tapb-%e8%bf%87%e6%b0%a7%e5%8c%96%e8%8b%af%e7%94%b2%e9%85%b8%e5%8f%94%e6%88%8a%e9%85%af#primaryimage"},"thumbnailUrl":"https:\/\/sinomorechem.com\/wp-content\/uploads\/2026\/01\/3.-\u8fc7\u6c27\u5316\u82ef\u7532\u9178\u53d4\u620a\u916fTAPB-2.png","datePublished":"2026-01-13T08:56:22+00:00","dateModified":"2026-02-05T05:44:37+00:00","description":"Organisches Peroxid, Hersteller von organischem Peroxid, Lieferant von organischem Peroxid, Polymerisationsinitiator, Vernetzungsmittel, H\u00e4rtungsmittel, Gummichemikalien, Kunststoffadditive, EVA-Vernetzungsmittel, Kabelperoxid, photovoltaische Materialien","breadcrumb":{"@id":"https:\/\/sinomorechem.com\/product\/tert-amyl-peroxy-benzoate-tapb-%e8%bf%87%e6%b0%a7%e5%8c%96%e8%8b%af%e7%94%b2%e9%85%b8%e5%8f%94%e6%88%8a%e9%85%af#breadcrumb"},"inLanguage":"de","potentialAction":[{"@type":"ReadAction","target":["https:\/\/sinomorechem.com\/product\/tert-amyl-peroxy-benzoate-tapb-%e8%bf%87%e6%b0%a7%e5%8c%96%e8%8b%af%e7%94%b2%e9%85%b8%e5%8f%94%e6%88%8a%e9%85%af"]}]},{"@type":"ImageObject","inLanguage":"de","@id":"https:\/\/sinomorechem.com\/product\/tert-amyl-peroxy-benzoate-tapb-%e8%bf%87%e6%b0%a7%e5%8c%96%e8%8b%af%e7%94%b2%e9%85%b8%e5%8f%94%e6%88%8a%e9%85%af#primaryimage","url":"https:\/\/sinomorechem.com\/wp-content\/uploads\/2026\/01\/3.-\u8fc7\u6c27\u5316\u82ef\u7532\u9178\u53d4\u620a\u916fTAPB-2.png","contentUrl":"https:\/\/sinomorechem.com\/wp-content\/uploads\/2026\/01\/3.-\u8fc7\u6c27\u5316\u82ef\u7532\u9178\u53d4\u620a\u916fTAPB-2.png","width":348,"height":326},{"@type":"BreadcrumbList","@id":"https:\/\/sinomorechem.com\/product\/tert-amyl-peroxy-benzoate-tapb-%e8%bf%87%e6%b0%a7%e5%8c%96%e8%8b%af%e7%94%b2%e9%85%b8%e5%8f%94%e6%88%8a%e9%85%af#breadcrumb","itemListElement":[{"@type":"ListItem","position":1,"name":"Home","item":"https:\/\/sinomorechem.com\/"},{"@type":"ListItem","position":2,"name":"Products","item":"https:\/\/sinomorechem.com\/product"},{"@type":"ListItem","position":3,"name":"Tert-Amyl Peroxy Benzoate (TAPB)"}]},{"@type":"WebSite","@id":"https:\/\/sinomorechem.com\/#website","url":"https:\/\/sinomorechem.com\/","name":"Organische Peroxide Hersteller &amp; Lieferant | Sinomore","description":"Sinomore ist ein professioneller Hersteller und Lieferant von organischen Peroxiden und bietet hochwertige Produkte f\u00fcr die Polymerisation, Vernetzung, Aush\u00e4rtung und Spezialchemie an. Unsere Produkte sind in der Gummi-, Kunststoff-, EVA-, Kabel- und Photovoltaikindustrie weit verbreitet und zeichnen sich durch zuverl\u00e4ssige Qualit\u00e4t und globale Lieferf\u00e4higkeit aus.","publisher":{"@id":"https:\/\/sinomorechem.com\/#organization"},"potentialAction":[{"@type":"SearchAction","target":{"@type":"EntryPoint","urlTemplate":"https:\/\/sinomorechem.com\/?s={search_term_string}"},"query-input":{"@type":"PropertyValueSpecification","valueRequired":true,"valueName":"search_term_string"}}],"inLanguage":"de"},{"@type":"Organization","@id":"https:\/\/sinomorechem.com\/#organization","name":"Organische Peroxide Hersteller &amp; Lieferant | Sinomore","url":"https:\/\/sinomorechem.com\/","logo":{"@type":"ImageObject","inLanguage":"de","@id":"https:\/\/sinomorechem.com\/#\/schema\/logo\/image\/","url":"https:\/\/sinomorechem.com\/wp-content\/uploads\/2026\/01\/\u6700\u7ec8\u7248-01.png","contentUrl":"https:\/\/sinomorechem.com\/wp-content\/uploads\/2026\/01\/\u6700\u7ec8\u7248-01.png","width":1240,"height":1377,"caption":"Organic Peroxide Manufacturer &amp; Supplier | Sinomore"},"image":{"@id":"https:\/\/sinomorechem.com\/#\/schema\/logo\/image\/"}}]}},"_links":{"self":[{"href":"https:\/\/sinomorechem.com\/de\/wp-json\/wp\/v2\/product\/1497","targetHints":{"allow":["GET"]}}],"collection":[{"href":"https:\/\/sinomorechem.com\/de\/wp-json\/wp\/v2\/product"}],"about":[{"href":"https:\/\/sinomorechem.com\/de\/wp-json\/wp\/v2\/types\/product"}],"wp:featuredmedia":[{"embeddable":true,"href":"https:\/\/sinomorechem.com\/de\/wp-json\/wp\/v2\/media\/1712"}],"wp:attachment":[{"href":"https:\/\/sinomorechem.com\/de\/wp-json\/wp\/v2\/media?parent=1497"}],"wp:term":[{"taxonomy":"post_tag","embeddable":true,"href":"https:\/\/sinomorechem.com\/de\/wp-json\/wp\/v2\/tags?post=1497"},{"taxonomy":"products","embeddable":true,"href":"https:\/\/sinomorechem.com\/de\/wp-json\/wp\/v2\/products?post=1497"}],"curies":[{"name":"wp","href":"https:\/\/api.w.org\/{rel}","templated":true}]}}