 {"id":1540,"date":"2026-01-15T14:11:45","date_gmt":"2026-01-15T06:11:45","guid":{"rendered":"https:\/\/sinomorechem.com\/?post_type=product&#038;p=1540"},"modified":"2026-02-05T13:37:28","modified_gmt":"2026-02-05T05:37:28","slug":"tert-amyl-peroxy-2-ethylhexyl-carbonate-taec","status":"publish","type":"product","link":"https:\/\/sinomorechem.com\/de\/product\/tert-amyl-peroxy-2-ethylhexyl-carbonate-taec","title":{"rendered":"Tert-Amyl Peroxy 2-Ethylhexyl Carbonat (TAEC)"},"content":{"rendered":"<p><strong><b>Chemische Bezeichnung<\/b><\/strong><\/p>\n<ul>\n<li>Tert-Amylperoxy-2-ethylhexylcarbonat<\/li>\n<li>Andere Bezeichnung\uff1aTAEC\uff0cTAPEHC<\/li>\n<\/ul>\n<p><strong><b>Struktur<\/b><\/strong><\/p>\n<ul>\n<li>Formel\uff1aC\u2081\u2084H\u2082\u2088O<\/li>\n<li>MW\uff1a260.4<\/li>\n<li>CAS-Nr.\uff1a70833-40-8<\/li>\n<\/ul>\n<p><strong><b>Einf\u00fchrung<\/b><\/strong><\/p>\n<ul>\n<li>TAEC ist eine farblose, transparente Fl\u00fcssigkeit. Es geh\u00f6rt zum Typ der organischen Peroxycarbonate und ist ein organisches Peroxid. Es wird haupts\u00e4chlich als Initiator f\u00fcr die Polymerisation und Copolymerisation von Styrol, Acrylnitril, Acrylat und Methylacrylat verwendet. Aufgrund seines milden Zersetzungsverhaltens und seines geringen Geruchs ist es besonders f\u00fcr EVA- und POE-Verkapselungsfolien und verwandte Vernetzungssysteme geeignet.<\/li>\n<\/ul>\n<p><strong><b>Spezifikationen<\/b><\/strong><\/p>\n<ul>\n<li>Aussehen : Farblose transparente Fl\u00fcssigkeit<\/li>\n<li>Pr\u00fcfung (%) : \u2265 97,0<\/li>\n<li>Aktivsauerstoff (%) : \u2265 5.77<\/li>\n<\/ul>\n<p><strong><b>Eigenschaften<\/b><\/strong><\/p>\n<ul>\n<li>Zustand : Fl\u00fcssig<\/li>\n<li>Dichte (g\/cm\u00b3) : 0.925<\/li>\n<li>Aktivsauerstoff (%) : 6.14<\/li>\n<\/ul>\n<p><strong><b>Daten zur Halbwertszeit<\/b><\/strong><\/p>\n<ul>\n<li>Ea (kJ\/mol) : 148.40<\/li>\n<li>10h Halbwertszeit (\u00b0C) : 99<\/li>\n<li>1h Halbwertszeit (\u00b0C) : 117<\/li>\n<li>1 min Halbwertszeit (\u00b0C) : 155<\/li>\n<\/ul>\n<p><strong><b>L\u00f6slichkeit<\/b><\/strong><\/p>\n<ul>\n<li>L\u00f6slich in Alkoholen, Estern, Ethern, Kohlenwasserstoffen und anderen organischen L\u00f6sungsmitteln, unl\u00f6slich in Wasser.<\/li>\n<\/ul>\n<p><strong><b>Daten zur Sicherheit<\/b><\/strong><\/p>\n<ul>\n<li>SADT (\u00b0C) : 55<\/li>\n<li>Alarm Temperatur (\u00b0C) : 50<\/li>\n<\/ul>\n<p><strong><b>Verpackung<\/b><\/strong><\/p>\n<ul>\n<li>20 kg<\/li>\n<li>PE-Eimer-Verpackung<\/li>\n<\/ul>\n<p><strong><b>Lagerung<\/b><\/strong><\/p>\n<ul>\n<li>Unter 30\u00b0C an einem k\u00fchlen und bel\u00fcfteten Ort aufbewahren.<\/li>\n<\/ul>\n<p>&nbsp;<\/p>","protected":false},"featured_media":1541,"template":"","meta":{"_acf_changed":false,"site-sidebar-layout":"default","site-content-layout":"","ast-site-content-layout":"default","site-content-style":"default","site-sidebar-style":"default","ast-global-header-display":"","ast-banner-title-visibility":"","ast-main-header-display":"","ast-hfb-above-header-display":"","ast-hfb-below-header-display":"","ast-hfb-mobile-header-display":"","site-post-title":"","ast-breadcrumbs-content":"","ast-featured-img":"","footer-sml-layout":"","theme-transparent-header-meta":"default","adv-header-id-meta":"","stick-header-meta":"default","header-above-stick-meta":"","header-main-stick-meta":"","header-below-stick-meta":"","astra-migrate-meta-layouts":"set","ast-page-background-enabled":"default","ast-page-background-meta":{"desktop":{"background-color":"var(--ast-global-color-4)","background-image":"","background-repeat":"repeat","background-position":"center center","background-size":"auto","background-attachment":"scroll","background-type":"","background-media":"","overlay-type":"","overlay-color":"","overlay-opacity":"","overlay-gradient":""},"tablet":{"background-color":"","background-image":"","background-repeat":"repeat","background-position":"center center","background-size":"auto","background-attachment":"scroll","background-type":"","background-media":"","overlay-type":"","overlay-color":"","overlay-opacity":"","overlay-gradient":""},"mobile":{"background-color":"","background-image":"","background-repeat":"repeat","background-position":"center center","background-size":"auto","background-attachment":"scroll","background-type":"","background-media":"","overlay-type":"","overlay-color":"","overlay-opacity":"","overlay-gradient":""}},"ast-content-background-meta":{"desktop":{"background-color":"var(--ast-global-color-5)","background-image":"","background-repeat":"repeat","background-position":"center center","background-size":"auto","background-attachment":"scroll","background-type":"","background-media":"","overlay-type":"","overlay-color":"","overlay-opacity":"","overlay-gradient":""},"tablet":{"background-color":"var(--ast-global-color-5)","background-image":"","background-repeat":"repeat","background-position":"center center","background-size":"auto","background-attachment":"scroll","background-type":"","background-media":"","overlay-type":"","overlay-color":"","overlay-opacity":"","overlay-gradient":""},"mobile":{"background-color":"var(--ast-global-color-5)","background-image":"","background-repeat":"repeat","background-position":"center center","background-size":"auto","background-attachment":"scroll","background-type":"","background-media":"","overlay-type":"","overlay-color":"","overlay-opacity":"","overlay-gradient":""}}},"tags":[],"products":[],"class_list":["post-1540","product","type-product","status-publish","has-post-thumbnail","hentry"],"acf":[],"yoast_head":"<!-- This site is optimized with the Yoast SEO plugin v26.7 - https:\/\/yoast.com\/wordpress\/plugins\/seo\/ -->\n<title>organic peroxide, organic peroxide manufacturer, organic peroxide supplier, polymerization initiator, crosslinking agent, curing agent, rubber chemicals, plastic additives, EVA crosslinking agent, cable peroxide, photovoltaic materials<\/title>\n<meta name=\"description\" content=\"organic peroxide, organic peroxide manufacturer, organic peroxide supplier, polymerization initiator, crosslinking agent, curing agent, rubber chemicals, plastic additives, EVA crosslinking agent, cable peroxide, photovoltaic materials\" \/>\n<meta name=\"robots\" content=\"noindex, follow, max-snippet:-1, max-image-preview:large, max-video-preview:-1\" \/>\n<meta property=\"og:locale\" content=\"de_DE\" \/>\n<meta property=\"og:type\" content=\"article\" \/>\n<meta property=\"og:title\" content=\"organic peroxide, organic peroxide manufacturer, organic peroxide supplier, polymerization initiator, crosslinking agent, curing agent, rubber chemicals, plastic additives, EVA crosslinking agent, cable peroxide, photovoltaic materials\" \/>\n<meta property=\"og:description\" content=\"organic peroxide, organic peroxide manufacturer, organic peroxide supplier, polymerization initiator, crosslinking agent, curing agent, rubber chemicals, plastic additives, EVA crosslinking agent, cable peroxide, photovoltaic materials\" \/>\n<meta property=\"og:url\" content=\"https:\/\/sinomorechem.com\/de\/product\/tert-amyl-peroxy-2-ethylhexyl-carbonate-taec\/\" \/>\n<meta property=\"og:site_name\" content=\"Organic Peroxide Manufacturer &amp; Supplier | Sinomore\" \/>\n<meta property=\"article:modified_time\" content=\"2026-02-05T05:37:28+00:00\" \/>\n<meta property=\"og:image\" content=\"https:\/\/sinomorechem.com\/wp-content\/uploads\/2026\/01\/13.-\u8fc7\u6c27\u5316-2-\u4e59\u57fa\u5df1\u57fa\u78b3\u9178\u53d4\u620a\u916f-TAEC.png\" \/>\n\t<meta property=\"og:image:width\" content=\"334\" \/>\n\t<meta property=\"og:image:height\" content=\"320\" \/>\n\t<meta property=\"og:image:type\" content=\"image\/png\" \/>\n<meta name=\"twitter:card\" content=\"summary_large_image\" \/>\n<meta name=\"twitter:label1\" content=\"Gesch\u00e4tzte Lesezeit\" \/>\n\t<meta name=\"twitter:data1\" content=\"1\u00a0Minute\" \/>\n<script type=\"application\/ld+json\" class=\"yoast-schema-graph\">{\"@context\":\"https:\/\/schema.org\",\"@graph\":[{\"@type\":\"WebPage\",\"@id\":\"https:\/\/sinomorechem.com\/product\/tert-amyl-peroxy-2-ethylhexyl-carbonate-taec\",\"url\":\"https:\/\/sinomorechem.com\/product\/tert-amyl-peroxy-2-ethylhexyl-carbonate-taec\",\"name\":\"organic peroxide, organic peroxide manufacturer, organic peroxide supplier, polymerization initiator, crosslinking agent, curing agent, rubber chemicals, plastic additives, EVA crosslinking agent, cable peroxide, photovoltaic materials\",\"isPartOf\":{\"@id\":\"https:\/\/sinomorechem.com\/#website\"},\"primaryImageOfPage\":{\"@id\":\"https:\/\/sinomorechem.com\/product\/tert-amyl-peroxy-2-ethylhexyl-carbonate-taec#primaryimage\"},\"image\":{\"@id\":\"https:\/\/sinomorechem.com\/product\/tert-amyl-peroxy-2-ethylhexyl-carbonate-taec#primaryimage\"},\"thumbnailUrl\":\"https:\/\/sinomorechem.com\/wp-content\/uploads\/2026\/01\/13.-\u8fc7\u6c27\u5316-2-\u4e59\u57fa\u5df1\u57fa\u78b3\u9178\u53d4\u620a\u916f-TAEC.png\",\"datePublished\":\"2026-01-15T06:11:45+00:00\",\"dateModified\":\"2026-02-05T05:37:28+00:00\",\"description\":\"organic peroxide, organic peroxide manufacturer, organic peroxide supplier, polymerization initiator, crosslinking agent, curing agent, rubber chemicals, plastic additives, EVA crosslinking agent, cable peroxide, photovoltaic materials\",\"breadcrumb\":{\"@id\":\"https:\/\/sinomorechem.com\/product\/tert-amyl-peroxy-2-ethylhexyl-carbonate-taec#breadcrumb\"},\"inLanguage\":\"de\",\"potentialAction\":[{\"@type\":\"ReadAction\",\"target\":[\"https:\/\/sinomorechem.com\/product\/tert-amyl-peroxy-2-ethylhexyl-carbonate-taec\"]}]},{\"@type\":\"ImageObject\",\"inLanguage\":\"de\",\"@id\":\"https:\/\/sinomorechem.com\/product\/tert-amyl-peroxy-2-ethylhexyl-carbonate-taec#primaryimage\",\"url\":\"https:\/\/sinomorechem.com\/wp-content\/uploads\/2026\/01\/13.-\u8fc7\u6c27\u5316-2-\u4e59\u57fa\u5df1\u57fa\u78b3\u9178\u53d4\u620a\u916f-TAEC.png\",\"contentUrl\":\"https:\/\/sinomorechem.com\/wp-content\/uploads\/2026\/01\/13.-\u8fc7\u6c27\u5316-2-\u4e59\u57fa\u5df1\u57fa\u78b3\u9178\u53d4\u620a\u916f-TAEC.png\",\"width\":334,\"height\":320},{\"@type\":\"BreadcrumbList\",\"@id\":\"https:\/\/sinomorechem.com\/product\/tert-amyl-peroxy-2-ethylhexyl-carbonate-taec#breadcrumb\",\"itemListElement\":[{\"@type\":\"ListItem\",\"position\":1,\"name\":\"Home\",\"item\":\"https:\/\/sinomorechem.com\/\"},{\"@type\":\"ListItem\",\"position\":2,\"name\":\"Products\",\"item\":\"https:\/\/sinomorechem.com\/product\"},{\"@type\":\"ListItem\",\"position\":3,\"name\":\"Tert-Amyl Peroxy 2-Ethylhexyl Carbonate (TAEC)\"}]},{\"@type\":\"WebSite\",\"@id\":\"https:\/\/sinomorechem.com\/#website\",\"url\":\"https:\/\/sinomorechem.com\/\",\"name\":\"Organic Peroxide Manufacturer &amp; Supplier | Sinomore\",\"description\":\"Sinomore is a professional manufacturer and supplier of organic peroxides, providing high-quality products for polymerization, crosslinking, curing, and specialty chemical applications. Our products are widely used in rubber, plastics, EVA, cable, and photovoltaic industries, with reliable quality and global supply capabilities.\",\"publisher\":{\"@id\":\"https:\/\/sinomorechem.com\/#organization\"},\"potentialAction\":[{\"@type\":\"SearchAction\",\"target\":{\"@type\":\"EntryPoint\",\"urlTemplate\":\"https:\/\/sinomorechem.com\/?s={search_term_string}\"},\"query-input\":{\"@type\":\"PropertyValueSpecification\",\"valueRequired\":true,\"valueName\":\"search_term_string\"}}],\"inLanguage\":\"de\"},{\"@type\":\"Organization\",\"@id\":\"https:\/\/sinomorechem.com\/#organization\",\"name\":\"Organic Peroxide Manufacturer &amp; Supplier | Sinomore\",\"url\":\"https:\/\/sinomorechem.com\/\",\"logo\":{\"@type\":\"ImageObject\",\"inLanguage\":\"de\",\"@id\":\"https:\/\/sinomorechem.com\/#\/schema\/logo\/image\/\",\"url\":\"https:\/\/sinomorechem.com\/wp-content\/uploads\/2026\/01\/\u6700\u7ec8\u7248-01.png\",\"contentUrl\":\"https:\/\/sinomorechem.com\/wp-content\/uploads\/2026\/01\/\u6700\u7ec8\u7248-01.png\",\"width\":1240,\"height\":1377,\"caption\":\"Organic Peroxide Manufacturer &amp; Supplier | Sinomore\"},\"image\":{\"@id\":\"https:\/\/sinomorechem.com\/#\/schema\/logo\/image\/\"}}]}<\/script>\n<!-- \/ Yoast SEO plugin. -->","yoast_head_json":{"title":"Organisches Peroxid, Hersteller von organischem Peroxid, Lieferant von organischem Peroxid, Polymerisationsinitiator, Vernetzungsmittel, H\u00e4rtungsmittel, Gummichemikalien, Kunststoffadditive, EVA-Vernetzungsmittel, Kabelperoxid, photovoltaische Materialien","description":"Organisches Peroxid, Hersteller von organischem Peroxid, Lieferant von organischem Peroxid, Polymerisationsinitiator, Vernetzungsmittel, H\u00e4rtungsmittel, Gummichemikalien, Kunststoffadditive, EVA-Vernetzungsmittel, Kabelperoxid, photovoltaische Materialien","robots":{"index":"noindex","follow":"follow","max-snippet":"max-snippet:-1","max-image-preview":"max-image-preview:large","max-video-preview":"max-video-preview:-1"},"og_locale":"de_DE","og_type":"article","og_title":"organic peroxide, organic peroxide manufacturer, organic peroxide supplier, polymerization initiator, crosslinking agent, curing agent, rubber chemicals, plastic additives, EVA crosslinking agent, cable peroxide, photovoltaic materials","og_description":"organic peroxide, organic peroxide manufacturer, organic peroxide supplier, polymerization initiator, crosslinking agent, curing agent, rubber chemicals, plastic additives, EVA crosslinking agent, cable peroxide, photovoltaic materials","og_url":"https:\/\/sinomorechem.com\/de\/product\/tert-amyl-peroxy-2-ethylhexyl-carbonate-taec\/","og_site_name":"Organic Peroxide Manufacturer &amp; Supplier | Sinomore","article_modified_time":"2026-02-05T05:37:28+00:00","og_image":[{"width":334,"height":320,"url":"https:\/\/sinomorechem.com\/wp-content\/uploads\/2026\/01\/13.-\u8fc7\u6c27\u5316-2-\u4e59\u57fa\u5df1\u57fa\u78b3\u9178\u53d4\u620a\u916f-TAEC.png","type":"image\/png"}],"twitter_card":"summary_large_image","twitter_misc":{"Gesch\u00e4tzte Lesezeit":"1\u00a0Minute"},"schema":{"@context":"https:\/\/schema.org","@graph":[{"@type":"WebPage","@id":"https:\/\/sinomorechem.com\/product\/tert-amyl-peroxy-2-ethylhexyl-carbonate-taec","url":"https:\/\/sinomorechem.com\/product\/tert-amyl-peroxy-2-ethylhexyl-carbonate-taec","name":"Organisches Peroxid, Hersteller von organischem Peroxid, Lieferant von organischem Peroxid, Polymerisationsinitiator, Vernetzungsmittel, H\u00e4rtungsmittel, Gummichemikalien, Kunststoffadditive, EVA-Vernetzungsmittel, Kabelperoxid, photovoltaische Materialien","isPartOf":{"@id":"https:\/\/sinomorechem.com\/#website"},"primaryImageOfPage":{"@id":"https:\/\/sinomorechem.com\/product\/tert-amyl-peroxy-2-ethylhexyl-carbonate-taec#primaryimage"},"image":{"@id":"https:\/\/sinomorechem.com\/product\/tert-amyl-peroxy-2-ethylhexyl-carbonate-taec#primaryimage"},"thumbnailUrl":"https:\/\/sinomorechem.com\/wp-content\/uploads\/2026\/01\/13.-\u8fc7\u6c27\u5316-2-\u4e59\u57fa\u5df1\u57fa\u78b3\u9178\u53d4\u620a\u916f-TAEC.png","datePublished":"2026-01-15T06:11:45+00:00","dateModified":"2026-02-05T05:37:28+00:00","description":"Organisches Peroxid, Hersteller von organischem Peroxid, Lieferant von organischem Peroxid, Polymerisationsinitiator, Vernetzungsmittel, H\u00e4rtungsmittel, Gummichemikalien, Kunststoffadditive, EVA-Vernetzungsmittel, Kabelperoxid, photovoltaische Materialien","breadcrumb":{"@id":"https:\/\/sinomorechem.com\/product\/tert-amyl-peroxy-2-ethylhexyl-carbonate-taec#breadcrumb"},"inLanguage":"de","potentialAction":[{"@type":"ReadAction","target":["https:\/\/sinomorechem.com\/product\/tert-amyl-peroxy-2-ethylhexyl-carbonate-taec"]}]},{"@type":"ImageObject","inLanguage":"de","@id":"https:\/\/sinomorechem.com\/product\/tert-amyl-peroxy-2-ethylhexyl-carbonate-taec#primaryimage","url":"https:\/\/sinomorechem.com\/wp-content\/uploads\/2026\/01\/13.-\u8fc7\u6c27\u5316-2-\u4e59\u57fa\u5df1\u57fa\u78b3\u9178\u53d4\u620a\u916f-TAEC.png","contentUrl":"https:\/\/sinomorechem.com\/wp-content\/uploads\/2026\/01\/13.-\u8fc7\u6c27\u5316-2-\u4e59\u57fa\u5df1\u57fa\u78b3\u9178\u53d4\u620a\u916f-TAEC.png","width":334,"height":320},{"@type":"BreadcrumbList","@id":"https:\/\/sinomorechem.com\/product\/tert-amyl-peroxy-2-ethylhexyl-carbonate-taec#breadcrumb","itemListElement":[{"@type":"ListItem","position":1,"name":"Home","item":"https:\/\/sinomorechem.com\/"},{"@type":"ListItem","position":2,"name":"Products","item":"https:\/\/sinomorechem.com\/product"},{"@type":"ListItem","position":3,"name":"Tert-Amyl Peroxy 2-Ethylhexyl Carbonate (TAEC)"}]},{"@type":"WebSite","@id":"https:\/\/sinomorechem.com\/#website","url":"https:\/\/sinomorechem.com\/","name":"Organische Peroxide Hersteller &amp; Lieferant | Sinomore","description":"Sinomore ist ein professioneller Hersteller und Lieferant von organischen Peroxiden und bietet hochwertige Produkte f\u00fcr die Polymerisation, Vernetzung, Aush\u00e4rtung und Spezialchemie an. Unsere Produkte sind in der Gummi-, Kunststoff-, EVA-, Kabel- und Photovoltaikindustrie weit verbreitet und zeichnen sich durch zuverl\u00e4ssige Qualit\u00e4t und globale Lieferf\u00e4higkeit aus.","publisher":{"@id":"https:\/\/sinomorechem.com\/#organization"},"potentialAction":[{"@type":"SearchAction","target":{"@type":"EntryPoint","urlTemplate":"https:\/\/sinomorechem.com\/?s={search_term_string}"},"query-input":{"@type":"PropertyValueSpecification","valueRequired":true,"valueName":"search_term_string"}}],"inLanguage":"de"},{"@type":"Organization","@id":"https:\/\/sinomorechem.com\/#organization","name":"Organische Peroxide Hersteller &amp; Lieferant | Sinomore","url":"https:\/\/sinomorechem.com\/","logo":{"@type":"ImageObject","inLanguage":"de","@id":"https:\/\/sinomorechem.com\/#\/schema\/logo\/image\/","url":"https:\/\/sinomorechem.com\/wp-content\/uploads\/2026\/01\/\u6700\u7ec8\u7248-01.png","contentUrl":"https:\/\/sinomorechem.com\/wp-content\/uploads\/2026\/01\/\u6700\u7ec8\u7248-01.png","width":1240,"height":1377,"caption":"Organic Peroxide Manufacturer &amp; Supplier | Sinomore"},"image":{"@id":"https:\/\/sinomorechem.com\/#\/schema\/logo\/image\/"}}]}},"_links":{"self":[{"href":"https:\/\/sinomorechem.com\/de\/wp-json\/wp\/v2\/product\/1540","targetHints":{"allow":["GET"]}}],"collection":[{"href":"https:\/\/sinomorechem.com\/de\/wp-json\/wp\/v2\/product"}],"about":[{"href":"https:\/\/sinomorechem.com\/de\/wp-json\/wp\/v2\/types\/product"}],"wp:featuredmedia":[{"embeddable":true,"href":"https:\/\/sinomorechem.com\/de\/wp-json\/wp\/v2\/media\/1541"}],"wp:attachment":[{"href":"https:\/\/sinomorechem.com\/de\/wp-json\/wp\/v2\/media?parent=1540"}],"wp:term":[{"taxonomy":"post_tag","embeddable":true,"href":"https:\/\/sinomorechem.com\/de\/wp-json\/wp\/v2\/tags?post=1540"},{"taxonomy":"products","embeddable":true,"href":"https:\/\/sinomorechem.com\/de\/wp-json\/wp\/v2\/products?post=1540"}],"curies":[{"name":"wp","href":"https:\/\/api.w.org\/{rel}","templated":true}]}}