 {"id":1560,"date":"2026-01-15T15:51:39","date_gmt":"2026-01-15T07:51:39","guid":{"rendered":"https:\/\/sinomorechem.com\/?post_type=product&#038;p=1560"},"modified":"2026-01-15T15:51:39","modified_gmt":"2026-01-15T07:51:39","slug":"ditert-butylperoxyisopropylbenzene-bibp","status":"publish","type":"product","link":"https:\/\/sinomorechem.com\/de\/product\/ditert-butylperoxyisopropylbenzene-bibp","title":{"rendered":"Di(tert-butylperoxyisopropyl)benzol (BIBP)"},"content":{"rendered":"<p><strong><b>Chemische Bezeichnung<\/b><\/strong><\/p>\n<ul>\n<li>Di(tert-butylperoxyisopropyl)benzol<\/li>\n<li><strong><b>\u522b\u540d<\/b><\/strong>\uff1aBIBP<\/li>\n<\/ul>\n<p><strong><b>Struktur<\/b><\/strong><\/p>\n<ul>\n<li>\u5206\u5b50\u91cf (MW)\uff1a338.5<br \/>\nCAS-Nr.\uff1a25155-25-3<br \/>\nEINECS \/ ELINCS Nr.\uff1a218-664-7<br \/>\nTSCA-Status\uff1aListet<\/li>\n<\/ul>\n<p><strong><b>Einf\u00fchrung<\/b><\/strong><\/p>\n<ul>\n<li>BIBP ist ein feines wei\u00dfes Pulver. Es geh\u00f6rt zu den bifunktionellen organischen Dialkylperoxiden. Es wird haupts\u00e4chlich f\u00fcr die Vernetzung von Naturkautschuk und synthetischen Kautschuken verwendet und findet auch breite Anwendung bei der Vernetzung und Modifizierung von Polyolefinen, wobei es eine effiziente Radikalgenerierung unter Hochtemperatur-Verarbeitungsbedingungen erm\u00f6glicht.<\/li>\n<\/ul>\n<p><strong><b>Spezifikationen<\/b><\/strong><\/p>\n<ul>\n<li>Erscheinungsbild: Feines Pulver<\/li>\n<li>Test (%) : \u2265 96,0<\/li>\n<li>Aktivsauerstoff (%) : 9.08<\/li>\n<li>Konzentration (%) : \u2265 9.26<\/li>\n<\/ul>\n<p><strong><b>Eigenschaften<\/b><\/strong><\/p>\n<ul>\n<li>Zustand : Fest<\/li>\n<li>Aktivsauerstoff (%) : 9.45<\/li>\n<\/ul>\n<p><strong><b>Thermische Stabilit\u00e4t<\/b><\/strong><\/p>\n<ul>\n<li>Organische Peroxide sind thermisch instabile Stoffe und k\u00f6nnen sich unter bestimmten Bedingungen selbst beschleunigend zersetzen.<\/li>\n<li>Die Temperatur der selbstbeschleunigenden Zersetzung (SADT) bezieht sich auf die niedrigste Temperatur, bei der ein Stoff unter den Bedingungen der Transportverpackung eine selbstbeschleunigende Zersetzung erfahren kann.<\/li>\n<li>Die SADT von BIBP ist:SADT (\u00b0C): 80<\/li>\n<\/ul>\n<p><strong><b>Daten zur Sicherheit<\/b><\/strong><\/p>\n<ul>\n<li>UN-Nr. : 3106O rganisches Peroxid Typ D, fest<br \/>\nAbteilung 5.2<\/li>\n<\/ul>\n<p><strong><b>Verpackung<\/b><\/strong><\/p>\n<ul>\n<li>Verpackung und Transport entsprechen den internationalen Vorschriften.<\/li>\n<\/ul>\n<p><strong><b>Lagerung<\/b><\/strong><\/p>\n<p>Empfohlene maximale Lagertemperatur (Ts max) : 30\u00b0C<\/p>\n<p>Unter den empfohlenen Lagerungsbedingungen:<\/p>\n<ul>\n<li>\u2265 6 Monate: Produkt bleibt innerhalb der Sinomore-Spezifikationen<\/li>\n<li>\u2265 12 Monate unter streng kontrollierten Bedingungen: Das Produkt bleibt innerhalb der Sinomore-Spezifikationen<\/li>\n<\/ul>\n<p>Unter 30\u00b0C an einem k\u00fchlen, trockenen und gut bel\u00fcfteten Ort aufbewahren.<\/p>\n<p><strong><b>Vorsichtsma\u00dfnahmen bei der Handhabung<\/b><\/strong><\/p>\n<ul>\n<li>Beh\u00e4lter dicht geschlossen halten<\/li>\n<li>Von W\u00e4rmequellen, Z\u00fcndquellen und direkter Sonneneinstrahlung fernhalten<\/li>\n<li>Beh\u00e4lter im Lagerbereich nicht wiegen oder \u00f6ffnen<\/li>\n<li>Vermeiden Sie den Kontakt mit Reduktionsmitteln (z. B. Aminen), S\u00e4uren, Laugen und Schwermetallverbindungen (z. B. Beschleuniger und Metallseifen)<\/li>\n<\/ul>","protected":false},"featured_media":1561,"template":"","meta":{"_acf_changed":false,"site-sidebar-layout":"default","site-content-layout":"","ast-site-content-layout":"default","site-content-style":"default","site-sidebar-style":"default","ast-global-header-display":"","ast-banner-title-visibility":"","ast-main-header-display":"","ast-hfb-above-header-display":"","ast-hfb-below-header-display":"","ast-hfb-mobile-header-display":"","site-post-title":"","ast-breadcrumbs-content":"","ast-featured-img":"","footer-sml-layout":"","theme-transparent-header-meta":"default","adv-header-id-meta":"","stick-header-meta":"default","header-above-stick-meta":"","header-main-stick-meta":"","header-below-stick-meta":"","astra-migrate-meta-layouts":"set","ast-page-background-enabled":"default","ast-page-background-meta":{"desktop":{"background-color":"var(--ast-global-color-4)","background-image":"","background-repeat":"repeat","background-position":"center center","background-size":"auto","background-attachment":"scroll","background-type":"","background-media":"","overlay-type":"","overlay-color":"","overlay-opacity":"","overlay-gradient":""},"tablet":{"background-color":"","background-image":"","background-repeat":"repeat","background-position":"center center","background-size":"auto","background-attachment":"scroll","background-type":"","background-media":"","overlay-type":"","overlay-color":"","overlay-opacity":"","overlay-gradient":""},"mobile":{"background-color":"","background-image":"","background-repeat":"repeat","background-position":"center center","background-size":"auto","background-attachment":"scroll","background-type":"","background-media":"","overlay-type":"","overlay-color":"","overlay-opacity":"","overlay-gradient":""}},"ast-content-background-meta":{"desktop":{"background-color":"var(--ast-global-color-5)","background-image":"","background-repeat":"repeat","background-position":"center center","background-size":"auto","background-attachment":"scroll","background-type":"","background-media":"","overlay-type":"","overlay-color":"","overlay-opacity":"","overlay-gradient":""},"tablet":{"background-color":"var(--ast-global-color-5)","background-image":"","background-repeat":"repeat","background-position":"center center","background-size":"auto","background-attachment":"scroll","background-type":"","background-media":"","overlay-type":"","overlay-color":"","overlay-opacity":"","overlay-gradient":""},"mobile":{"background-color":"var(--ast-global-color-5)","background-image":"","background-repeat":"repeat","background-position":"center center","background-size":"auto","background-attachment":"scroll","background-type":"","background-media":"","overlay-type":"","overlay-color":"","overlay-opacity":"","overlay-gradient":""}}},"tags":[],"products":[],"class_list":["post-1560","product","type-product","status-publish","has-post-thumbnail","hentry"],"acf":[],"yoast_head":"<!-- This site is optimized with the Yoast SEO plugin v26.7 - https:\/\/yoast.com\/wordpress\/plugins\/seo\/ -->\n<title>organic peroxide, organic peroxide manufacturer, organic peroxide supplier, polymerization initiator, crosslinking agent, curing agent, rubber chemicals, plastic additives, EVA crosslinking agent, cable peroxide, photovoltaic materials<\/title>\n<meta name=\"description\" content=\"organic peroxide, organic peroxide manufacturer, organic peroxide supplier, polymerization initiator, crosslinking agent, curing agent, rubber chemicals, plastic additives, EVA crosslinking agent, cable peroxide, photovoltaic materials\" \/>\n<meta name=\"robots\" content=\"noindex, follow, max-snippet:-1, max-image-preview:large, max-video-preview:-1\" \/>\n<meta property=\"og:locale\" content=\"de_DE\" \/>\n<meta property=\"og:type\" content=\"article\" \/>\n<meta property=\"og:title\" content=\"organic peroxide, organic peroxide manufacturer, organic peroxide supplier, polymerization initiator, crosslinking agent, curing agent, rubber chemicals, plastic additives, EVA crosslinking agent, cable peroxide, photovoltaic materials\" \/>\n<meta property=\"og:description\" content=\"organic peroxide, organic peroxide manufacturer, organic peroxide supplier, polymerization initiator, crosslinking agent, curing agent, rubber chemicals, plastic additives, EVA crosslinking agent, cable peroxide, photovoltaic materials\" \/>\n<meta property=\"og:url\" content=\"https:\/\/sinomorechem.com\/de\/product\/ditert-butylperoxyisopropylbenzene-bibp\/\" \/>\n<meta property=\"og:site_name\" content=\"Organic Peroxide Manufacturer &amp; Supplier | Sinomore\" \/>\n<meta property=\"og:image\" content=\"https:\/\/sinomorechem.com\/wp-content\/uploads\/2026\/01\/19.-\u8fc7\u6c27\u5316\u4e8c\u53d4\u4e01\u57fa\u8fc7\u6c27\u5f02\u4e19\u57fa\u82ef-BIBP.png\" \/>\n\t<meta property=\"og:image:width\" content=\"332\" \/>\n\t<meta property=\"og:image:height\" content=\"320\" \/>\n\t<meta property=\"og:image:type\" content=\"image\/png\" \/>\n<meta name=\"twitter:card\" content=\"summary_large_image\" \/>\n<meta name=\"twitter:label1\" content=\"Gesch\u00e4tzte Lesezeit\" \/>\n\t<meta name=\"twitter:data1\" content=\"2\u00a0Minuten\" \/>\n<script type=\"application\/ld+json\" class=\"yoast-schema-graph\">{\"@context\":\"https:\/\/schema.org\",\"@graph\":[{\"@type\":\"WebPage\",\"@id\":\"https:\/\/sinomorechem.com\/product\/ditert-butylperoxyisopropylbenzene-bibp\",\"url\":\"https:\/\/sinomorechem.com\/product\/ditert-butylperoxyisopropylbenzene-bibp\",\"name\":\"organic peroxide, organic peroxide manufacturer, organic peroxide supplier, polymerization initiator, crosslinking agent, curing agent, rubber chemicals, plastic additives, EVA crosslinking agent, cable peroxide, photovoltaic materials\",\"isPartOf\":{\"@id\":\"https:\/\/sinomorechem.com\/#website\"},\"primaryImageOfPage\":{\"@id\":\"https:\/\/sinomorechem.com\/product\/ditert-butylperoxyisopropylbenzene-bibp#primaryimage\"},\"image\":{\"@id\":\"https:\/\/sinomorechem.com\/product\/ditert-butylperoxyisopropylbenzene-bibp#primaryimage\"},\"thumbnailUrl\":\"https:\/\/sinomorechem.com\/wp-content\/uploads\/2026\/01\/19.-\u8fc7\u6c27\u5316\u4e8c\u53d4\u4e01\u57fa\u8fc7\u6c27\u5f02\u4e19\u57fa\u82ef-BIBP.png\",\"datePublished\":\"2026-01-15T07:51:39+00:00\",\"description\":\"organic peroxide, organic peroxide manufacturer, organic peroxide supplier, polymerization initiator, crosslinking agent, curing agent, rubber chemicals, plastic additives, EVA crosslinking agent, cable peroxide, photovoltaic materials\",\"breadcrumb\":{\"@id\":\"https:\/\/sinomorechem.com\/product\/ditert-butylperoxyisopropylbenzene-bibp#breadcrumb\"},\"inLanguage\":\"de\",\"potentialAction\":[{\"@type\":\"ReadAction\",\"target\":[\"https:\/\/sinomorechem.com\/product\/ditert-butylperoxyisopropylbenzene-bibp\"]}]},{\"@type\":\"ImageObject\",\"inLanguage\":\"de\",\"@id\":\"https:\/\/sinomorechem.com\/product\/ditert-butylperoxyisopropylbenzene-bibp#primaryimage\",\"url\":\"https:\/\/sinomorechem.com\/wp-content\/uploads\/2026\/01\/19.-\u8fc7\u6c27\u5316\u4e8c\u53d4\u4e01\u57fa\u8fc7\u6c27\u5f02\u4e19\u57fa\u82ef-BIBP.png\",\"contentUrl\":\"https:\/\/sinomorechem.com\/wp-content\/uploads\/2026\/01\/19.-\u8fc7\u6c27\u5316\u4e8c\u53d4\u4e01\u57fa\u8fc7\u6c27\u5f02\u4e19\u57fa\u82ef-BIBP.png\",\"width\":332,\"height\":320},{\"@type\":\"BreadcrumbList\",\"@id\":\"https:\/\/sinomorechem.com\/product\/ditert-butylperoxyisopropylbenzene-bibp#breadcrumb\",\"itemListElement\":[{\"@type\":\"ListItem\",\"position\":1,\"name\":\"Home\",\"item\":\"https:\/\/sinomorechem.com\/\"},{\"@type\":\"ListItem\",\"position\":2,\"name\":\"Products\",\"item\":\"https:\/\/sinomorechem.com\/product\"},{\"@type\":\"ListItem\",\"position\":3,\"name\":\"Di(tert-butylperoxyisopropyl)benzene (BIBP)\"}]},{\"@type\":\"WebSite\",\"@id\":\"https:\/\/sinomorechem.com\/#website\",\"url\":\"https:\/\/sinomorechem.com\/\",\"name\":\"Organic Peroxide Manufacturer &amp; Supplier | Sinomore\",\"description\":\"Sinomore is a professional manufacturer and supplier of organic peroxides, providing high-quality products for polymerization, crosslinking, curing, and specialty chemical applications. Our products are widely used in rubber, plastics, EVA, cable, and photovoltaic industries, with reliable quality and global supply capabilities.\",\"publisher\":{\"@id\":\"https:\/\/sinomorechem.com\/#organization\"},\"potentialAction\":[{\"@type\":\"SearchAction\",\"target\":{\"@type\":\"EntryPoint\",\"urlTemplate\":\"https:\/\/sinomorechem.com\/?s={search_term_string}\"},\"query-input\":{\"@type\":\"PropertyValueSpecification\",\"valueRequired\":true,\"valueName\":\"search_term_string\"}}],\"inLanguage\":\"de\"},{\"@type\":\"Organization\",\"@id\":\"https:\/\/sinomorechem.com\/#organization\",\"name\":\"Organic Peroxide Manufacturer &amp; Supplier | Sinomore\",\"url\":\"https:\/\/sinomorechem.com\/\",\"logo\":{\"@type\":\"ImageObject\",\"inLanguage\":\"de\",\"@id\":\"https:\/\/sinomorechem.com\/#\/schema\/logo\/image\/\",\"url\":\"https:\/\/sinomorechem.com\/wp-content\/uploads\/2026\/01\/\u6700\u7ec8\u7248-01.png\",\"contentUrl\":\"https:\/\/sinomorechem.com\/wp-content\/uploads\/2026\/01\/\u6700\u7ec8\u7248-01.png\",\"width\":1240,\"height\":1377,\"caption\":\"Organic Peroxide Manufacturer &amp; Supplier | Sinomore\"},\"image\":{\"@id\":\"https:\/\/sinomorechem.com\/#\/schema\/logo\/image\/\"}}]}<\/script>\n<!-- \/ Yoast SEO plugin. -->","yoast_head_json":{"title":"Organisches Peroxid, Hersteller von organischem Peroxid, Lieferant von organischem Peroxid, Polymerisationsinitiator, Vernetzungsmittel, H\u00e4rtungsmittel, Gummichemikalien, Kunststoffadditive, EVA-Vernetzungsmittel, Kabelperoxid, photovoltaische Materialien","description":"Organisches Peroxid, Hersteller von organischem Peroxid, Lieferant von organischem Peroxid, Polymerisationsinitiator, Vernetzungsmittel, H\u00e4rtungsmittel, Gummichemikalien, Kunststoffadditive, EVA-Vernetzungsmittel, Kabelperoxid, photovoltaische Materialien","robots":{"index":"noindex","follow":"follow","max-snippet":"max-snippet:-1","max-image-preview":"max-image-preview:large","max-video-preview":"max-video-preview:-1"},"og_locale":"de_DE","og_type":"article","og_title":"organic peroxide, organic peroxide manufacturer, organic peroxide supplier, polymerization initiator, crosslinking agent, curing agent, rubber chemicals, plastic additives, EVA crosslinking agent, cable peroxide, photovoltaic materials","og_description":"organic peroxide, organic peroxide manufacturer, organic peroxide supplier, polymerization initiator, crosslinking agent, curing agent, rubber chemicals, plastic additives, EVA crosslinking agent, cable peroxide, photovoltaic materials","og_url":"https:\/\/sinomorechem.com\/de\/product\/ditert-butylperoxyisopropylbenzene-bibp\/","og_site_name":"Organic Peroxide Manufacturer &amp; Supplier | Sinomore","og_image":[{"width":332,"height":320,"url":"https:\/\/sinomorechem.com\/wp-content\/uploads\/2026\/01\/19.-\u8fc7\u6c27\u5316\u4e8c\u53d4\u4e01\u57fa\u8fc7\u6c27\u5f02\u4e19\u57fa\u82ef-BIBP.png","type":"image\/png"}],"twitter_card":"summary_large_image","twitter_misc":{"Gesch\u00e4tzte Lesezeit":"2\u00a0Minuten"},"schema":{"@context":"https:\/\/schema.org","@graph":[{"@type":"WebPage","@id":"https:\/\/sinomorechem.com\/product\/ditert-butylperoxyisopropylbenzene-bibp","url":"https:\/\/sinomorechem.com\/product\/ditert-butylperoxyisopropylbenzene-bibp","name":"Organisches Peroxid, Hersteller von organischem Peroxid, Lieferant von organischem Peroxid, Polymerisationsinitiator, Vernetzungsmittel, H\u00e4rtungsmittel, Gummichemikalien, Kunststoffadditive, EVA-Vernetzungsmittel, Kabelperoxid, photovoltaische Materialien","isPartOf":{"@id":"https:\/\/sinomorechem.com\/#website"},"primaryImageOfPage":{"@id":"https:\/\/sinomorechem.com\/product\/ditert-butylperoxyisopropylbenzene-bibp#primaryimage"},"image":{"@id":"https:\/\/sinomorechem.com\/product\/ditert-butylperoxyisopropylbenzene-bibp#primaryimage"},"thumbnailUrl":"https:\/\/sinomorechem.com\/wp-content\/uploads\/2026\/01\/19.-\u8fc7\u6c27\u5316\u4e8c\u53d4\u4e01\u57fa\u8fc7\u6c27\u5f02\u4e19\u57fa\u82ef-BIBP.png","datePublished":"2026-01-15T07:51:39+00:00","description":"Organisches Peroxid, Hersteller von organischem Peroxid, Lieferant von organischem Peroxid, Polymerisationsinitiator, Vernetzungsmittel, H\u00e4rtungsmittel, Gummichemikalien, Kunststoffadditive, EVA-Vernetzungsmittel, Kabelperoxid, photovoltaische Materialien","breadcrumb":{"@id":"https:\/\/sinomorechem.com\/product\/ditert-butylperoxyisopropylbenzene-bibp#breadcrumb"},"inLanguage":"de","potentialAction":[{"@type":"ReadAction","target":["https:\/\/sinomorechem.com\/product\/ditert-butylperoxyisopropylbenzene-bibp"]}]},{"@type":"ImageObject","inLanguage":"de","@id":"https:\/\/sinomorechem.com\/product\/ditert-butylperoxyisopropylbenzene-bibp#primaryimage","url":"https:\/\/sinomorechem.com\/wp-content\/uploads\/2026\/01\/19.-\u8fc7\u6c27\u5316\u4e8c\u53d4\u4e01\u57fa\u8fc7\u6c27\u5f02\u4e19\u57fa\u82ef-BIBP.png","contentUrl":"https:\/\/sinomorechem.com\/wp-content\/uploads\/2026\/01\/19.-\u8fc7\u6c27\u5316\u4e8c\u53d4\u4e01\u57fa\u8fc7\u6c27\u5f02\u4e19\u57fa\u82ef-BIBP.png","width":332,"height":320},{"@type":"BreadcrumbList","@id":"https:\/\/sinomorechem.com\/product\/ditert-butylperoxyisopropylbenzene-bibp#breadcrumb","itemListElement":[{"@type":"ListItem","position":1,"name":"Home","item":"https:\/\/sinomorechem.com\/"},{"@type":"ListItem","position":2,"name":"Products","item":"https:\/\/sinomorechem.com\/product"},{"@type":"ListItem","position":3,"name":"Di(tert-butylperoxyisopropyl)benzene (BIBP)"}]},{"@type":"WebSite","@id":"https:\/\/sinomorechem.com\/#website","url":"https:\/\/sinomorechem.com\/","name":"Organische Peroxide Hersteller &amp; Lieferant | Sinomore","description":"Sinomore ist ein professioneller Hersteller und Lieferant von organischen Peroxiden und bietet hochwertige Produkte f\u00fcr die Polymerisation, Vernetzung, Aush\u00e4rtung und Spezialchemie an. Unsere Produkte sind in der Gummi-, Kunststoff-, EVA-, Kabel- und Photovoltaikindustrie weit verbreitet und zeichnen sich durch zuverl\u00e4ssige Qualit\u00e4t und globale Lieferf\u00e4higkeit aus.","publisher":{"@id":"https:\/\/sinomorechem.com\/#organization"},"potentialAction":[{"@type":"SearchAction","target":{"@type":"EntryPoint","urlTemplate":"https:\/\/sinomorechem.com\/?s={search_term_string}"},"query-input":{"@type":"PropertyValueSpecification","valueRequired":true,"valueName":"search_term_string"}}],"inLanguage":"de"},{"@type":"Organization","@id":"https:\/\/sinomorechem.com\/#organization","name":"Organische Peroxide Hersteller &amp; Lieferant | Sinomore","url":"https:\/\/sinomorechem.com\/","logo":{"@type":"ImageObject","inLanguage":"de","@id":"https:\/\/sinomorechem.com\/#\/schema\/logo\/image\/","url":"https:\/\/sinomorechem.com\/wp-content\/uploads\/2026\/01\/\u6700\u7ec8\u7248-01.png","contentUrl":"https:\/\/sinomorechem.com\/wp-content\/uploads\/2026\/01\/\u6700\u7ec8\u7248-01.png","width":1240,"height":1377,"caption":"Organic Peroxide Manufacturer &amp; Supplier | Sinomore"},"image":{"@id":"https:\/\/sinomorechem.com\/#\/schema\/logo\/image\/"}}]}},"_links":{"self":[{"href":"https:\/\/sinomorechem.com\/de\/wp-json\/wp\/v2\/product\/1560","targetHints":{"allow":["GET"]}}],"collection":[{"href":"https:\/\/sinomorechem.com\/de\/wp-json\/wp\/v2\/product"}],"about":[{"href":"https:\/\/sinomorechem.com\/de\/wp-json\/wp\/v2\/types\/product"}],"wp:featuredmedia":[{"embeddable":true,"href":"https:\/\/sinomorechem.com\/de\/wp-json\/wp\/v2\/media\/1561"}],"wp:attachment":[{"href":"https:\/\/sinomorechem.com\/de\/wp-json\/wp\/v2\/media?parent=1560"}],"wp:term":[{"taxonomy":"post_tag","embeddable":true,"href":"https:\/\/sinomorechem.com\/de\/wp-json\/wp\/v2\/tags?post=1560"},{"taxonomy":"products","embeddable":true,"href":"https:\/\/sinomorechem.com\/de\/wp-json\/wp\/v2\/products?post=1560"}],"curies":[{"name":"wp","href":"https:\/\/api.w.org\/{rel}","templated":true}]}}