 {"id":1580,"date":"2026-01-16T13:37:13","date_gmt":"2026-01-16T05:37:13","guid":{"rendered":"https:\/\/sinomorechem.com\/?post_type=product&#038;p=1580"},"modified":"2026-01-17T13:53:06","modified_gmt":"2026-01-17T05:53:06","slug":"di24-dichlorobenzoyl-peroxide-paste-50","status":"publish","type":"product","link":"https:\/\/sinomorechem.com\/de\/product\/di24-dichlorobenzoyl-peroxide-paste-50","title":{"rendered":"Di(2,4-Dichlorbenzoyl)-Peroxid, Paste 50% (DCBP)"},"content":{"rendered":"<p><strong><b>Chemische Bezeichnung<\/b><\/strong><\/p>\n<ul>\n<li>Di(2,4-dichlorbenzoyl)peroxid<\/li>\n<li><strong><b>Produkt Form<\/b><\/strong><br \/>\n50%-Paste (in Silikon\u00f6l dispergiert)<\/li>\n<\/ul>\n<p><strong><b>Struktur und grundlegende Informationen<\/b><\/strong><\/p>\n<ul>\n<li>\u5206\u5b50\u5f0f Molekulare Formel: C\u2081\u2084H\u2086Cl\u2084O\u2084<\/li>\n<li>\u5206\u5b50\u91cf Molekulargewicht : 380.0<\/li>\n<li>CAS-Nr. \u53f7 CAS-Nr. 133-14-2<\/li>\n<li>EG \/ EINECS Nr.205-094-9<\/li>\n<li>TSCA-Status: Aufgelistet<\/li>\n<\/ul>\n<p><strong><b>Einf\u00fchrung<\/b><\/strong><\/p>\n<ul>\n<li>DCBP 50% ist ein wei\u00dfes past\u00f6ses organisches Diacylperoxid. Es wird haupts\u00e4chlich als Vulkanisierungsmittel f\u00fcr Silikonkautschuk verwendet. Beim Erhitzen zersetzt es sich und erzeugt freie Radikale, die die Vernetzung von Silikonkautschuk beim Formen, Extrudieren und anderen Vernetzungsverfahren erm\u00f6glichen.<\/li>\n<\/ul>\n<p><strong><b>Spezifikationen<\/b><\/strong><\/p>\n<ul>\n<li>Aussehen : Wei\u00dfe Paste<\/li>\n<li>Assay (%) : 49.0 - 51.0<\/li>\n<li>Wasser (%) : \u2264 1,5<\/li>\n<li>Aktivsauerstoff (%) : 2.1 - 2.2<\/li>\n<\/ul>\n<p><strong><b>Eigenschaften<\/b><\/strong><\/p>\n<ul>\n<li>Zustand : Einf\u00fcgen<\/li>\n<li>Pastenform verbessert Handhabungssicherheit und Dispersion in Siliconkautschukformulierungen<\/li>\n<\/ul>\n<p><strong><b>Daten zur Halbwertszeit<\/b><\/strong><\/p>\n<p><strong><b>Die Halbwertszeit von DCBP in Chlorbenzol wird wie folgt angegeben:<\/b><\/strong><\/p>\n<ul>\n<li>0,1 h Halbwertszeit (\u00b0C) : 80<\/li>\n<li>1 h Halbwertszeit (\u00b0C) : 65<\/li>\n<li>10 h Halbwertszeit (\u00b0C) : 47<\/li>\n<li>Aktivierungsenergie Ea (kJ\/mol) : 122.35<\/li>\n<\/ul>\n<p><strong><b>Thermische Stabilit\u00e4t<\/b><\/strong><\/p>\n<ul>\n<li>Ts max (\u00b0C) : 30<\/li>\n<li>SADT (\u00b0C) : 60<\/li>\n<li>Das Produkt weist eine gute thermische Stabilit\u00e4t unter den empfohlenen Lagerbedingungen auf.<\/li>\n<\/ul>\n<p><strong><b>Wichtigste Zersetzungsprodukte<\/b><\/strong><\/p>\n<ul>\n<li>Kohlendioxid<\/li>\n<li>1,3-Dichlorbenzol<\/li>\n<li>2,4-Dichlorbenzol<\/li>\n<li>Spuren von Bis(2,4-dichlorbenzol)<\/li>\n<\/ul>\n<p><strong><b>Anmeldung<\/b><\/strong><\/p>\n<ul>\n<li>Hauptanwendung<br \/>\nVulkanisierung von Silikongummi<\/li>\n<li>Sichere Handhabungstemperatur: 75 \u00b0C<\/li>\n<li>Empfohlene Aush\u00e4rtungstemperatur: 90 \u00b0C<\/li>\n<li>Empfohlene Dosierung: 1,1 - 2,3 %<\/li>\n<\/ul>\n<p><strong><b>L\u00f6slichkeit<\/b><\/strong><\/p>\n<ul>\n<li>Unl\u00f6slich in Wasser. Wird normalerweise als Paste verwendet, die direkt in Silikonkautschukformulierungen dispergiert wird.<\/li>\n<\/ul>\n<p><strong><b>Daten zur Sicherheit<\/b><\/strong><\/p>\n<ul>\n<li>Organisches Peroxid Typ D, fest : 5.2<\/li>\n<li>UN-Nr.: 3106<\/li>\n<\/ul>\n<p><strong><b>Verpackung<\/b><\/strong><\/p>\n<ul>\n<li>20 kg<br \/>\nPE-Eimer mit innerer Kunststoffauskleidung<\/li>\n<\/ul>\n<p><strong><b>Lagerung<\/b><\/strong><\/p>\n<ul>\n<li>Unter 30 \u00b0C an einem k\u00fchlen und gut bel\u00fcfteten Ort, vor Hitze und direkter Sonneneinstrahlung gesch\u00fctzt, aufbewahren.<\/li>\n<\/ul>\n<p><strong><b>Vorsichtsma\u00dfnahmen bei der Handhabung<\/b><\/strong><\/p>\n<ul>\n<li>Von Hitze, Funken und offenen Flammen fernhalten<\/li>\n<li>Vermeiden Sie den Kontakt mit Reduktionsmitteln, S\u00e4uren, Basen und Schwermetallverbindungen<\/li>\n<li>Nicht in Lagerr\u00e4umen wiegen oder umpacken<\/li>\n<\/ul>\n<p>&nbsp;<\/p>","protected":false},"featured_media":1581,"template":"","meta":{"_acf_changed":false,"site-sidebar-layout":"default","site-content-layout":"","ast-site-content-layout":"default","site-content-style":"default","site-sidebar-style":"default","ast-global-header-display":"","ast-banner-title-visibility":"","ast-main-header-display":"","ast-hfb-above-header-display":"","ast-hfb-below-header-display":"","ast-hfb-mobile-header-display":"","site-post-title":"","ast-breadcrumbs-content":"","ast-featured-img":"","footer-sml-layout":"","theme-transparent-header-meta":"default","adv-header-id-meta":"","stick-header-meta":"default","header-above-stick-meta":"","header-main-stick-meta":"","header-below-stick-meta":"","astra-migrate-meta-layouts":"set","ast-page-background-enabled":"default","ast-page-background-meta":{"desktop":{"background-color":"var(--ast-global-color-4)","background-image":"","background-repeat":"repeat","background-position":"center center","background-size":"auto","background-attachment":"scroll","background-type":"","background-media":"","overlay-type":"","overlay-color":"","overlay-opacity":"","overlay-gradient":""},"tablet":{"background-color":"","background-image":"","background-repeat":"repeat","background-position":"center center","background-size":"auto","background-attachment":"scroll","background-type":"","background-media":"","overlay-type":"","overlay-color":"","overlay-opacity":"","overlay-gradient":""},"mobile":{"background-color":"","background-image":"","background-repeat":"repeat","background-position":"center center","background-size":"auto","background-attachment":"scroll","background-type":"","background-media":"","overlay-type":"","overlay-color":"","overlay-opacity":"","overlay-gradient":""}},"ast-content-background-meta":{"desktop":{"background-color":"var(--ast-global-color-5)","background-image":"","background-repeat":"repeat","background-position":"center center","background-size":"auto","background-attachment":"scroll","background-type":"","background-media":"","overlay-type":"","overlay-color":"","overlay-opacity":"","overlay-gradient":""},"tablet":{"background-color":"var(--ast-global-color-5)","background-image":"","background-repeat":"repeat","background-position":"center center","background-size":"auto","background-attachment":"scroll","background-type":"","background-media":"","overlay-type":"","overlay-color":"","overlay-opacity":"","overlay-gradient":""},"mobile":{"background-color":"var(--ast-global-color-5)","background-image":"","background-repeat":"repeat","background-position":"center center","background-size":"auto","background-attachment":"scroll","background-type":"","background-media":"","overlay-type":"","overlay-color":"","overlay-opacity":"","overlay-gradient":""}}},"tags":[],"products":[],"class_list":["post-1580","product","type-product","status-publish","has-post-thumbnail","hentry"],"acf":[],"yoast_head":"<!-- This site is optimized with the Yoast SEO plugin v26.7 - https:\/\/yoast.com\/wordpress\/plugins\/seo\/ -->\n<title>organic peroxide, organic peroxide manufacturer, organic peroxide supplier, polymerization initiator, crosslinking agent, curing agent, rubber chemicals, plastic additives, EVA crosslinking agent, cable peroxide, photovoltaic materials<\/title>\n<meta name=\"description\" content=\"organic peroxide, organic peroxide manufacturer, organic peroxide supplier, polymerization initiator, crosslinking agent, curing agent, rubber chemicals, plastic additives, EVA crosslinking agent, cable peroxide, photovoltaic materials\" \/>\n<meta name=\"robots\" content=\"noindex, follow, max-snippet:-1, max-image-preview:large, max-video-preview:-1\" \/>\n<meta property=\"og:locale\" content=\"de_DE\" \/>\n<meta property=\"og:type\" content=\"article\" \/>\n<meta property=\"og:title\" content=\"organic peroxide, organic peroxide manufacturer, organic peroxide supplier, polymerization initiator, crosslinking agent, curing agent, rubber chemicals, plastic additives, EVA crosslinking agent, cable peroxide, photovoltaic materials\" \/>\n<meta property=\"og:description\" content=\"organic peroxide, organic peroxide manufacturer, organic peroxide supplier, polymerization initiator, crosslinking agent, curing agent, rubber chemicals, plastic additives, EVA crosslinking agent, cable peroxide, photovoltaic materials\" \/>\n<meta property=\"og:url\" content=\"https:\/\/sinomorechem.com\/de\/product\/di24-dichlorobenzoyl-peroxide-paste-50\/\" \/>\n<meta property=\"og:site_name\" content=\"Organic Peroxide Manufacturer &amp; Supplier | Sinomore\" \/>\n<meta property=\"article:modified_time\" content=\"2026-01-17T05:53:06+00:00\" \/>\n<meta property=\"og:image\" content=\"https:\/\/sinomorechem.com\/wp-content\/uploads\/2026\/01\/25.-\u8fc7\u6c27\u5316\u4e8c\uff0824-\u4e8c\u6c2f\u82ef\u7532\u9170\uff09DCBP.png\" \/>\n\t<meta property=\"og:image:width\" content=\"334\" \/>\n\t<meta property=\"og:image:height\" content=\"320\" \/>\n\t<meta property=\"og:image:type\" content=\"image\/png\" \/>\n<meta name=\"twitter:card\" content=\"summary_large_image\" \/>\n<meta name=\"twitter:label1\" content=\"Gesch\u00e4tzte Lesezeit\" \/>\n\t<meta name=\"twitter:data1\" content=\"2\u00a0Minuten\" \/>\n<script type=\"application\/ld+json\" class=\"yoast-schema-graph\">{\"@context\":\"https:\/\/schema.org\",\"@graph\":[{\"@type\":\"WebPage\",\"@id\":\"https:\/\/sinomorechem.com\/product\/di24-dichlorobenzoyl-peroxide-paste-50\",\"url\":\"https:\/\/sinomorechem.com\/product\/di24-dichlorobenzoyl-peroxide-paste-50\",\"name\":\"organic peroxide, organic peroxide manufacturer, organic peroxide supplier, polymerization initiator, crosslinking agent, curing agent, rubber chemicals, plastic additives, EVA crosslinking agent, cable peroxide, photovoltaic materials\",\"isPartOf\":{\"@id\":\"https:\/\/sinomorechem.com\/#website\"},\"primaryImageOfPage\":{\"@id\":\"https:\/\/sinomorechem.com\/product\/di24-dichlorobenzoyl-peroxide-paste-50#primaryimage\"},\"image\":{\"@id\":\"https:\/\/sinomorechem.com\/product\/di24-dichlorobenzoyl-peroxide-paste-50#primaryimage\"},\"thumbnailUrl\":\"https:\/\/sinomorechem.com\/wp-content\/uploads\/2026\/01\/25.-\u8fc7\u6c27\u5316\u4e8c\uff0824-\u4e8c\u6c2f\u82ef\u7532\u9170\uff09DCBP.png\",\"datePublished\":\"2026-01-16T05:37:13+00:00\",\"dateModified\":\"2026-01-17T05:53:06+00:00\",\"description\":\"organic peroxide, organic peroxide manufacturer, organic peroxide supplier, polymerization initiator, crosslinking agent, curing agent, rubber chemicals, plastic additives, EVA crosslinking agent, cable peroxide, photovoltaic materials\",\"breadcrumb\":{\"@id\":\"https:\/\/sinomorechem.com\/product\/di24-dichlorobenzoyl-peroxide-paste-50#breadcrumb\"},\"inLanguage\":\"de\",\"potentialAction\":[{\"@type\":\"ReadAction\",\"target\":[\"https:\/\/sinomorechem.com\/product\/di24-dichlorobenzoyl-peroxide-paste-50\"]}]},{\"@type\":\"ImageObject\",\"inLanguage\":\"de\",\"@id\":\"https:\/\/sinomorechem.com\/product\/di24-dichlorobenzoyl-peroxide-paste-50#primaryimage\",\"url\":\"https:\/\/sinomorechem.com\/wp-content\/uploads\/2026\/01\/25.-\u8fc7\u6c27\u5316\u4e8c\uff0824-\u4e8c\u6c2f\u82ef\u7532\u9170\uff09DCBP.png\",\"contentUrl\":\"https:\/\/sinomorechem.com\/wp-content\/uploads\/2026\/01\/25.-\u8fc7\u6c27\u5316\u4e8c\uff0824-\u4e8c\u6c2f\u82ef\u7532\u9170\uff09DCBP.png\",\"width\":334,\"height\":320},{\"@type\":\"BreadcrumbList\",\"@id\":\"https:\/\/sinomorechem.com\/product\/di24-dichlorobenzoyl-peroxide-paste-50#breadcrumb\",\"itemListElement\":[{\"@type\":\"ListItem\",\"position\":1,\"name\":\"Home\",\"item\":\"https:\/\/sinomorechem.com\/\"},{\"@type\":\"ListItem\",\"position\":2,\"name\":\"Products\",\"item\":\"https:\/\/sinomorechem.com\/product\"},{\"@type\":\"ListItem\",\"position\":3,\"name\":\"Di(2,4-Dichlorobenzoyl) Peroxide, Paste 50% (DCBP)\"}]},{\"@type\":\"WebSite\",\"@id\":\"https:\/\/sinomorechem.com\/#website\",\"url\":\"https:\/\/sinomorechem.com\/\",\"name\":\"Organic Peroxide Manufacturer &amp; Supplier | Sinomore\",\"description\":\"Sinomore is a professional manufacturer and supplier of organic peroxides, providing high-quality products for polymerization, crosslinking, curing, and specialty chemical applications. Our products are widely used in rubber, plastics, EVA, cable, and photovoltaic industries, with reliable quality and global supply capabilities.\",\"publisher\":{\"@id\":\"https:\/\/sinomorechem.com\/#organization\"},\"potentialAction\":[{\"@type\":\"SearchAction\",\"target\":{\"@type\":\"EntryPoint\",\"urlTemplate\":\"https:\/\/sinomorechem.com\/?s={search_term_string}\"},\"query-input\":{\"@type\":\"PropertyValueSpecification\",\"valueRequired\":true,\"valueName\":\"search_term_string\"}}],\"inLanguage\":\"de\"},{\"@type\":\"Organization\",\"@id\":\"https:\/\/sinomorechem.com\/#organization\",\"name\":\"Organic Peroxide Manufacturer &amp; Supplier | Sinomore\",\"url\":\"https:\/\/sinomorechem.com\/\",\"logo\":{\"@type\":\"ImageObject\",\"inLanguage\":\"de\",\"@id\":\"https:\/\/sinomorechem.com\/#\/schema\/logo\/image\/\",\"url\":\"https:\/\/sinomorechem.com\/wp-content\/uploads\/2026\/01\/\u6700\u7ec8\u7248-01.png\",\"contentUrl\":\"https:\/\/sinomorechem.com\/wp-content\/uploads\/2026\/01\/\u6700\u7ec8\u7248-01.png\",\"width\":1240,\"height\":1377,\"caption\":\"Organic Peroxide Manufacturer &amp; Supplier | Sinomore\"},\"image\":{\"@id\":\"https:\/\/sinomorechem.com\/#\/schema\/logo\/image\/\"}}]}<\/script>\n<!-- \/ Yoast SEO plugin. -->","yoast_head_json":{"title":"Organisches Peroxid, Hersteller von organischem Peroxid, Lieferant von organischem Peroxid, Polymerisationsinitiator, Vernetzungsmittel, H\u00e4rtungsmittel, Gummichemikalien, Kunststoffadditive, EVA-Vernetzungsmittel, Kabelperoxid, photovoltaische Materialien","description":"Organisches Peroxid, Hersteller von organischem Peroxid, Lieferant von organischem Peroxid, Polymerisationsinitiator, Vernetzungsmittel, H\u00e4rtungsmittel, Gummichemikalien, Kunststoffadditive, EVA-Vernetzungsmittel, Kabelperoxid, photovoltaische Materialien","robots":{"index":"noindex","follow":"follow","max-snippet":"max-snippet:-1","max-image-preview":"max-image-preview:large","max-video-preview":"max-video-preview:-1"},"og_locale":"de_DE","og_type":"article","og_title":"organic peroxide, organic peroxide manufacturer, organic peroxide supplier, polymerization initiator, crosslinking agent, curing agent, rubber chemicals, plastic additives, EVA crosslinking agent, cable peroxide, photovoltaic materials","og_description":"organic peroxide, organic peroxide manufacturer, organic peroxide supplier, polymerization initiator, crosslinking agent, curing agent, rubber chemicals, plastic additives, EVA crosslinking agent, cable peroxide, photovoltaic materials","og_url":"https:\/\/sinomorechem.com\/de\/product\/di24-dichlorobenzoyl-peroxide-paste-50\/","og_site_name":"Organic Peroxide Manufacturer &amp; Supplier | Sinomore","article_modified_time":"2026-01-17T05:53:06+00:00","og_image":[{"width":334,"height":320,"url":"https:\/\/sinomorechem.com\/wp-content\/uploads\/2026\/01\/25.-\u8fc7\u6c27\u5316\u4e8c\uff0824-\u4e8c\u6c2f\u82ef\u7532\u9170\uff09DCBP.png","type":"image\/png"}],"twitter_card":"summary_large_image","twitter_misc":{"Gesch\u00e4tzte Lesezeit":"2\u00a0Minuten"},"schema":{"@context":"https:\/\/schema.org","@graph":[{"@type":"WebPage","@id":"https:\/\/sinomorechem.com\/product\/di24-dichlorobenzoyl-peroxide-paste-50","url":"https:\/\/sinomorechem.com\/product\/di24-dichlorobenzoyl-peroxide-paste-50","name":"Organisches Peroxid, Hersteller von organischem Peroxid, Lieferant von organischem Peroxid, Polymerisationsinitiator, Vernetzungsmittel, H\u00e4rtungsmittel, Gummichemikalien, Kunststoffadditive, EVA-Vernetzungsmittel, Kabelperoxid, photovoltaische Materialien","isPartOf":{"@id":"https:\/\/sinomorechem.com\/#website"},"primaryImageOfPage":{"@id":"https:\/\/sinomorechem.com\/product\/di24-dichlorobenzoyl-peroxide-paste-50#primaryimage"},"image":{"@id":"https:\/\/sinomorechem.com\/product\/di24-dichlorobenzoyl-peroxide-paste-50#primaryimage"},"thumbnailUrl":"https:\/\/sinomorechem.com\/wp-content\/uploads\/2026\/01\/25.-\u8fc7\u6c27\u5316\u4e8c\uff0824-\u4e8c\u6c2f\u82ef\u7532\u9170\uff09DCBP.png","datePublished":"2026-01-16T05:37:13+00:00","dateModified":"2026-01-17T05:53:06+00:00","description":"Organisches Peroxid, Hersteller von organischem Peroxid, Lieferant von organischem Peroxid, Polymerisationsinitiator, Vernetzungsmittel, H\u00e4rtungsmittel, Gummichemikalien, Kunststoffadditive, EVA-Vernetzungsmittel, Kabelperoxid, photovoltaische Materialien","breadcrumb":{"@id":"https:\/\/sinomorechem.com\/product\/di24-dichlorobenzoyl-peroxide-paste-50#breadcrumb"},"inLanguage":"de","potentialAction":[{"@type":"ReadAction","target":["https:\/\/sinomorechem.com\/product\/di24-dichlorobenzoyl-peroxide-paste-50"]}]},{"@type":"ImageObject","inLanguage":"de","@id":"https:\/\/sinomorechem.com\/product\/di24-dichlorobenzoyl-peroxide-paste-50#primaryimage","url":"https:\/\/sinomorechem.com\/wp-content\/uploads\/2026\/01\/25.-\u8fc7\u6c27\u5316\u4e8c\uff0824-\u4e8c\u6c2f\u82ef\u7532\u9170\uff09DCBP.png","contentUrl":"https:\/\/sinomorechem.com\/wp-content\/uploads\/2026\/01\/25.-\u8fc7\u6c27\u5316\u4e8c\uff0824-\u4e8c\u6c2f\u82ef\u7532\u9170\uff09DCBP.png","width":334,"height":320},{"@type":"BreadcrumbList","@id":"https:\/\/sinomorechem.com\/product\/di24-dichlorobenzoyl-peroxide-paste-50#breadcrumb","itemListElement":[{"@type":"ListItem","position":1,"name":"Home","item":"https:\/\/sinomorechem.com\/"},{"@type":"ListItem","position":2,"name":"Products","item":"https:\/\/sinomorechem.com\/product"},{"@type":"ListItem","position":3,"name":"Di(2,4-Dichlorobenzoyl) Peroxide, Paste 50% (DCBP)"}]},{"@type":"WebSite","@id":"https:\/\/sinomorechem.com\/#website","url":"https:\/\/sinomorechem.com\/","name":"Organische Peroxide Hersteller &amp; Lieferant | Sinomore","description":"Sinomore ist ein professioneller Hersteller und Lieferant von organischen Peroxiden und bietet hochwertige Produkte f\u00fcr die Polymerisation, Vernetzung, Aush\u00e4rtung und Spezialchemie an. Unsere Produkte sind in der Gummi-, Kunststoff-, EVA-, Kabel- und Photovoltaikindustrie weit verbreitet und zeichnen sich durch zuverl\u00e4ssige Qualit\u00e4t und globale Lieferf\u00e4higkeit aus.","publisher":{"@id":"https:\/\/sinomorechem.com\/#organization"},"potentialAction":[{"@type":"SearchAction","target":{"@type":"EntryPoint","urlTemplate":"https:\/\/sinomorechem.com\/?s={search_term_string}"},"query-input":{"@type":"PropertyValueSpecification","valueRequired":true,"valueName":"search_term_string"}}],"inLanguage":"de"},{"@type":"Organization","@id":"https:\/\/sinomorechem.com\/#organization","name":"Organische Peroxide Hersteller &amp; Lieferant | Sinomore","url":"https:\/\/sinomorechem.com\/","logo":{"@type":"ImageObject","inLanguage":"de","@id":"https:\/\/sinomorechem.com\/#\/schema\/logo\/image\/","url":"https:\/\/sinomorechem.com\/wp-content\/uploads\/2026\/01\/\u6700\u7ec8\u7248-01.png","contentUrl":"https:\/\/sinomorechem.com\/wp-content\/uploads\/2026\/01\/\u6700\u7ec8\u7248-01.png","width":1240,"height":1377,"caption":"Organic Peroxide Manufacturer &amp; Supplier | Sinomore"},"image":{"@id":"https:\/\/sinomorechem.com\/#\/schema\/logo\/image\/"}}]}},"_links":{"self":[{"href":"https:\/\/sinomorechem.com\/de\/wp-json\/wp\/v2\/product\/1580","targetHints":{"allow":["GET"]}}],"collection":[{"href":"https:\/\/sinomorechem.com\/de\/wp-json\/wp\/v2\/product"}],"about":[{"href":"https:\/\/sinomorechem.com\/de\/wp-json\/wp\/v2\/types\/product"}],"wp:featuredmedia":[{"embeddable":true,"href":"https:\/\/sinomorechem.com\/de\/wp-json\/wp\/v2\/media\/1581"}],"wp:attachment":[{"href":"https:\/\/sinomorechem.com\/de\/wp-json\/wp\/v2\/media?parent=1580"}],"wp:term":[{"taxonomy":"post_tag","embeddable":true,"href":"https:\/\/sinomorechem.com\/de\/wp-json\/wp\/v2\/tags?post=1580"},{"taxonomy":"products","embeddable":true,"href":"https:\/\/sinomorechem.com\/de\/wp-json\/wp\/v2\/products?post=1580"}],"curies":[{"name":"wp","href":"https:\/\/api.w.org\/{rel}","templated":true}]}}