 {"id":1716,"date":"2026-02-05T13:55:48","date_gmt":"2026-02-05T05:55:48","guid":{"rendered":"https:\/\/sinomorechem.com\/?post_type=product&#038;p=1716"},"modified":"2026-02-05T14:01:25","modified_gmt":"2026-02-05T06:01:25","slug":"tert-amyl-peroxypivalate-tapv","status":"publish","type":"product","link":"https:\/\/sinomorechem.com\/de\/product\/tert-amyl-peroxypivalate-tapv","title":{"rendered":"Tert-Amyl Peroxypivalate (TAPV)"},"content":{"rendered":"<p><strong>Chemische Bezeichnung<\/strong><\/p>\n<p><strong>Tert-Amylperoxypivalat<\/strong><\/p>\n<p><strong>Alias:<\/strong> TAPV<\/p>\n<p><strong>Struktur<\/strong><\/p>\n<p><strong>Molekulargewicht (MW):<\/strong> 188.3<br \/>\n<strong>CAS-Nr.:<\/strong> 29240-17-3<br \/>\n<strong>EINECS \/ ELINCS Nr.:<\/strong> 64741-65-7<br \/>\n<strong>TSCA-Status:<\/strong> Aufgef\u00fchrt<\/p>\n<p><strong>Einf\u00fchrung<\/strong><\/p>\n<p>TAPV ist eine farblose, transparente Fl\u00fcssigkeit. Es geh\u00f6rt zu den organischen Peroxiden vom Ester-Typ. Es wird haupts\u00e4chlich als Initiator f\u00fcr die Polymerisation und Copolymerisation von Acrylaten, Methacrylaten, Ethylen und Styrol verwendet und bietet ein effizientes und gut kontrolliertes Initiierungsverhalten.<\/p>\n<p><strong>Spezifikationen<\/strong><\/p>\n<p><strong>Erscheinungsbild:<\/strong> Klare Fl\u00fcssigkeit<br \/>\n<strong>Farbe:<\/strong> \u2264 30 Pt-Co<br \/>\n<strong>Assay (%):<\/strong> 74.0 - 76.0<br \/>\n<strong>Aktivsauerstoff (%):<\/strong> 6.29 - 6.46<br \/>\n<strong>Hydroperoxide als TAHP (%):<\/strong> \u2264 0.10<br \/>\n<strong>Anorganisches + organisches hydrolysierbares Chlorid:<\/strong> \u2264 200 mg\/kg<\/p>\n<p><strong>Eigenschaften<\/strong><\/p>\n<p><strong>Staat:<\/strong> Fl\u00fcssig<br \/>\n<strong>Dichte (20 \u00b0C, g\/cm\u00b3):<\/strong> 0.89<\/p>\n<p><strong>Daten zur Halbwertszeit<\/strong><\/p>\n<p>Die Daten zur Halbwertszeit von TAPV in Chlorbenzol lauten wie folgt:<\/p>\n<p><strong>10 h Halbwertszeit (\u00b0C):<\/strong> 54<br \/>\n<strong>1 h Halbwertszeit (\u00b0C):<\/strong> 72<br \/>\n<strong>0,1 h Halbwertszeit (\u00b0C):<\/strong> 91<br \/>\n<strong>Aktivierungsenergie Ea (kJ\/mol):<\/strong> 127.76<\/p>\n<p><strong>Thermische Stabilit\u00e4t<\/strong><\/p>\n<p><strong>Empfohlene maximale Lagertemperatur Ts max (\u00b0C):<\/strong> -10<br \/>\n<strong>Empfohlene Mindestlagertemperatur Ts min (\u00b0C):<\/strong> -30<br \/>\n<strong>Selbstbeschleunigende Zersetzungstemperatur SADT (\u00b0C):<\/strong> 25<\/p>\n<p><strong>Daten zur Sicherheit<\/strong><\/p>\n<p><strong>Gefahrenklassifizierung:<\/strong> Organisches Peroxid Typ C, fl\u00fcssig, temperaturgesteuert<br \/>\n<strong>Gefahrenklasse:<\/strong> 5.2<br \/>\n<strong>UN-Nr.:<\/strong> 3113<\/p>\n<p><strong>Verpackung<\/strong><\/p>\n<p><strong>Verpackung:<\/strong> 25 L HDPE-Fass<\/p>\n<p><strong>Lagerung<\/strong><\/p>\n<p><strong>Lagerungsbedingungen:<\/strong> Bei -30 \u00b0C bis -10 \u00b0C an einem k\u00fchlen und bel\u00fcfteten Ort aufbewahren.<\/p>\n<p><strong>Vorsichtsma\u00dfnahmen bei der Handhabung<\/strong><\/p>\n<ul>\n<li>Beh\u00e4lter dicht geschlossen halten<br \/>\n- Von W\u00e4rmequellen, Z\u00fcndquellen und direkter Sonneneinstrahlung fernhalten<br \/>\n- Nicht in Lagerr\u00e4umen wiegen oder umpacken<br \/>\n- Vermeiden Sie den Kontakt mit Reduktionsmitteln (z. B. Aminen), S\u00e4uren, Basen und Schwermetallverbindungen (Beschleuniger, Metallseifen usw.).<\/li>\n<\/ul>","protected":false},"featured_media":1717,"template":"","meta":{"_acf_changed":false,"site-sidebar-layout":"default","site-content-layout":"","ast-site-content-layout":"default","site-content-style":"default","site-sidebar-style":"default","ast-global-header-display":"","ast-banner-title-visibility":"","ast-main-header-display":"","ast-hfb-above-header-display":"","ast-hfb-below-header-display":"","ast-hfb-mobile-header-display":"","site-post-title":"","ast-breadcrumbs-content":"","ast-featured-img":"","footer-sml-layout":"","theme-transparent-header-meta":"default","adv-header-id-meta":"","stick-header-meta":"default","header-above-stick-meta":"","header-main-stick-meta":"","header-below-stick-meta":"","astra-migrate-meta-layouts":"set","ast-page-background-enabled":"default","ast-page-background-meta":{"desktop":{"background-color":"var(--ast-global-color-4)","background-image":"","background-repeat":"repeat","background-position":"center center","background-size":"auto","background-attachment":"scroll","background-type":"","background-media":"","overlay-type":"","overlay-color":"","overlay-opacity":"","overlay-gradient":""},"tablet":{"background-color":"","background-image":"","background-repeat":"repeat","background-position":"center center","background-size":"auto","background-attachment":"scroll","background-type":"","background-media":"","overlay-type":"","overlay-color":"","overlay-opacity":"","overlay-gradient":""},"mobile":{"background-color":"","background-image":"","background-repeat":"repeat","background-position":"center center","background-size":"auto","background-attachment":"scroll","background-type":"","background-media":"","overlay-type":"","overlay-color":"","overlay-opacity":"","overlay-gradient":""}},"ast-content-background-meta":{"desktop":{"background-color":"var(--ast-global-color-5)","background-image":"","background-repeat":"repeat","background-position":"center center","background-size":"auto","background-attachment":"scroll","background-type":"","background-media":"","overlay-type":"","overlay-color":"","overlay-opacity":"","overlay-gradient":""},"tablet":{"background-color":"var(--ast-global-color-5)","background-image":"","background-repeat":"repeat","background-position":"center center","background-size":"auto","background-attachment":"scroll","background-type":"","background-media":"","overlay-type":"","overlay-color":"","overlay-opacity":"","overlay-gradient":""},"mobile":{"background-color":"var(--ast-global-color-5)","background-image":"","background-repeat":"repeat","background-position":"center center","background-size":"auto","background-attachment":"scroll","background-type":"","background-media":"","overlay-type":"","overlay-color":"","overlay-opacity":"","overlay-gradient":""}}},"tags":[],"products":[],"class_list":["post-1716","product","type-product","status-publish","has-post-thumbnail","hentry"],"acf":[],"yoast_head":"<!-- This site is optimized with the Yoast SEO plugin v26.7 - https:\/\/yoast.com\/wordpress\/plugins\/seo\/ -->\n<title>organic peroxide, organic peroxide manufacturer, organic peroxide supplier, polymerization initiator, crosslinking agent, curing agent, rubber chemicals, plastic additives, EVA crosslinking agent, cable peroxide, photovoltaic materials<\/title>\n<meta name=\"description\" content=\"organic peroxide, organic peroxide manufacturer, organic peroxide supplier, polymerization initiator, crosslinking agent, curing agent, rubber chemicals, plastic additives, EVA crosslinking agent, cable peroxide, photovoltaic materials\" \/>\n<meta name=\"robots\" content=\"noindex, follow, max-snippet:-1, max-image-preview:large, max-video-preview:-1\" \/>\n<meta property=\"og:locale\" content=\"de_DE\" \/>\n<meta property=\"og:type\" content=\"article\" \/>\n<meta property=\"og:title\" content=\"organic peroxide, organic peroxide manufacturer, organic peroxide supplier, polymerization initiator, crosslinking agent, curing agent, rubber chemicals, plastic additives, EVA crosslinking agent, cable peroxide, photovoltaic materials\" \/>\n<meta property=\"og:description\" content=\"organic peroxide, organic peroxide manufacturer, organic peroxide supplier, polymerization initiator, crosslinking agent, curing agent, rubber chemicals, plastic additives, EVA crosslinking agent, cable peroxide, photovoltaic materials\" \/>\n<meta property=\"og:url\" content=\"https:\/\/sinomorechem.com\/de\/product\/tert-amyl-peroxypivalate-tapv\/\" \/>\n<meta property=\"og:site_name\" content=\"Organic Peroxide Manufacturer &amp; Supplier | Sinomore\" \/>\n<meta property=\"article:modified_time\" content=\"2026-02-05T06:01:25+00:00\" \/>\n<meta property=\"og:image\" content=\"https:\/\/sinomorechem.com\/wp-content\/uploads\/2026\/02\/23.-\u8fc7\u6c27\u5316\u65b0\u620a\u9178\u53d4\u620a\u916f-TAPPI.png\" \/>\n\t<meta property=\"og:image:width\" content=\"332\" \/>\n\t<meta property=\"og:image:height\" content=\"320\" \/>\n\t<meta property=\"og:image:type\" content=\"image\/png\" \/>\n<meta name=\"twitter:card\" content=\"summary_large_image\" \/>\n<meta name=\"twitter:label1\" content=\"Gesch\u00e4tzte Lesezeit\" \/>\n\t<meta name=\"twitter:data1\" content=\"2\u00a0Minuten\" \/>\n<script type=\"application\/ld+json\" class=\"yoast-schema-graph\">{\"@context\":\"https:\/\/schema.org\",\"@graph\":[{\"@type\":\"WebPage\",\"@id\":\"https:\/\/sinomorechem.com\/product\/tert-amyl-peroxypivalate-tapv\",\"url\":\"https:\/\/sinomorechem.com\/product\/tert-amyl-peroxypivalate-tapv\",\"name\":\"organic peroxide, organic peroxide manufacturer, organic peroxide supplier, polymerization initiator, crosslinking agent, curing agent, rubber chemicals, plastic additives, EVA crosslinking agent, cable peroxide, photovoltaic materials\",\"isPartOf\":{\"@id\":\"https:\/\/sinomorechem.com\/#website\"},\"primaryImageOfPage\":{\"@id\":\"https:\/\/sinomorechem.com\/product\/tert-amyl-peroxypivalate-tapv#primaryimage\"},\"image\":{\"@id\":\"https:\/\/sinomorechem.com\/product\/tert-amyl-peroxypivalate-tapv#primaryimage\"},\"thumbnailUrl\":\"https:\/\/sinomorechem.com\/wp-content\/uploads\/2026\/02\/23.-\u8fc7\u6c27\u5316\u65b0\u620a\u9178\u53d4\u620a\u916f-TAPPI.png\",\"datePublished\":\"2026-02-05T05:55:48+00:00\",\"dateModified\":\"2026-02-05T06:01:25+00:00\",\"description\":\"organic peroxide, organic peroxide manufacturer, organic peroxide supplier, polymerization initiator, crosslinking agent, curing agent, rubber chemicals, plastic additives, EVA crosslinking agent, cable peroxide, photovoltaic materials\",\"breadcrumb\":{\"@id\":\"https:\/\/sinomorechem.com\/product\/tert-amyl-peroxypivalate-tapv#breadcrumb\"},\"inLanguage\":\"de\",\"potentialAction\":[{\"@type\":\"ReadAction\",\"target\":[\"https:\/\/sinomorechem.com\/product\/tert-amyl-peroxypivalate-tapv\"]}]},{\"@type\":\"ImageObject\",\"inLanguage\":\"de\",\"@id\":\"https:\/\/sinomorechem.com\/product\/tert-amyl-peroxypivalate-tapv#primaryimage\",\"url\":\"https:\/\/sinomorechem.com\/wp-content\/uploads\/2026\/02\/23.-\u8fc7\u6c27\u5316\u65b0\u620a\u9178\u53d4\u620a\u916f-TAPPI.png\",\"contentUrl\":\"https:\/\/sinomorechem.com\/wp-content\/uploads\/2026\/02\/23.-\u8fc7\u6c27\u5316\u65b0\u620a\u9178\u53d4\u620a\u916f-TAPPI.png\",\"width\":332,\"height\":320},{\"@type\":\"BreadcrumbList\",\"@id\":\"https:\/\/sinomorechem.com\/product\/tert-amyl-peroxypivalate-tapv#breadcrumb\",\"itemListElement\":[{\"@type\":\"ListItem\",\"position\":1,\"name\":\"Home\",\"item\":\"https:\/\/sinomorechem.com\/\"},{\"@type\":\"ListItem\",\"position\":2,\"name\":\"Products\",\"item\":\"https:\/\/sinomorechem.com\/product\"},{\"@type\":\"ListItem\",\"position\":3,\"name\":\"Tert-Amyl Peroxypivalate (TAPV)\"}]},{\"@type\":\"WebSite\",\"@id\":\"https:\/\/sinomorechem.com\/#website\",\"url\":\"https:\/\/sinomorechem.com\/\",\"name\":\"Organic Peroxide Manufacturer &amp; Supplier | Sinomore\",\"description\":\"Sinomore is a professional manufacturer and supplier of organic peroxides, providing high-quality products for polymerization, crosslinking, curing, and specialty chemical applications. Our products are widely used in rubber, plastics, EVA, cable, and photovoltaic industries, with reliable quality and global supply capabilities.\",\"publisher\":{\"@id\":\"https:\/\/sinomorechem.com\/#organization\"},\"potentialAction\":[{\"@type\":\"SearchAction\",\"target\":{\"@type\":\"EntryPoint\",\"urlTemplate\":\"https:\/\/sinomorechem.com\/?s={search_term_string}\"},\"query-input\":{\"@type\":\"PropertyValueSpecification\",\"valueRequired\":true,\"valueName\":\"search_term_string\"}}],\"inLanguage\":\"de\"},{\"@type\":\"Organization\",\"@id\":\"https:\/\/sinomorechem.com\/#organization\",\"name\":\"Organic Peroxide Manufacturer &amp; Supplier | Sinomore\",\"url\":\"https:\/\/sinomorechem.com\/\",\"logo\":{\"@type\":\"ImageObject\",\"inLanguage\":\"de\",\"@id\":\"https:\/\/sinomorechem.com\/#\/schema\/logo\/image\/\",\"url\":\"https:\/\/sinomorechem.com\/wp-content\/uploads\/2026\/01\/\u6700\u7ec8\u7248-01.png\",\"contentUrl\":\"https:\/\/sinomorechem.com\/wp-content\/uploads\/2026\/01\/\u6700\u7ec8\u7248-01.png\",\"width\":1240,\"height\":1377,\"caption\":\"Organic Peroxide Manufacturer &amp; Supplier | Sinomore\"},\"image\":{\"@id\":\"https:\/\/sinomorechem.com\/#\/schema\/logo\/image\/\"}}]}<\/script>\n<!-- \/ Yoast SEO plugin. -->","yoast_head_json":{"title":"Organisches Peroxid, Hersteller von organischem Peroxid, Lieferant von organischem Peroxid, Polymerisationsinitiator, Vernetzungsmittel, H\u00e4rtungsmittel, Gummichemikalien, Kunststoffadditive, EVA-Vernetzungsmittel, Kabelperoxid, photovoltaische Materialien","description":"Organisches Peroxid, Hersteller von organischem Peroxid, Lieferant von organischem Peroxid, Polymerisationsinitiator, Vernetzungsmittel, H\u00e4rtungsmittel, Gummichemikalien, Kunststoffadditive, EVA-Vernetzungsmittel, Kabelperoxid, photovoltaische Materialien","robots":{"index":"noindex","follow":"follow","max-snippet":"max-snippet:-1","max-image-preview":"max-image-preview:large","max-video-preview":"max-video-preview:-1"},"og_locale":"de_DE","og_type":"article","og_title":"organic peroxide, organic peroxide manufacturer, organic peroxide supplier, polymerization initiator, crosslinking agent, curing agent, rubber chemicals, plastic additives, EVA crosslinking agent, cable peroxide, photovoltaic materials","og_description":"organic peroxide, organic peroxide manufacturer, organic peroxide supplier, polymerization initiator, crosslinking agent, curing agent, rubber chemicals, plastic additives, EVA crosslinking agent, cable peroxide, photovoltaic materials","og_url":"https:\/\/sinomorechem.com\/de\/product\/tert-amyl-peroxypivalate-tapv\/","og_site_name":"Organic Peroxide Manufacturer &amp; Supplier | Sinomore","article_modified_time":"2026-02-05T06:01:25+00:00","og_image":[{"width":332,"height":320,"url":"https:\/\/sinomorechem.com\/wp-content\/uploads\/2026\/02\/23.-\u8fc7\u6c27\u5316\u65b0\u620a\u9178\u53d4\u620a\u916f-TAPPI.png","type":"image\/png"}],"twitter_card":"summary_large_image","twitter_misc":{"Gesch\u00e4tzte Lesezeit":"2\u00a0Minuten"},"schema":{"@context":"https:\/\/schema.org","@graph":[{"@type":"WebPage","@id":"https:\/\/sinomorechem.com\/product\/tert-amyl-peroxypivalate-tapv","url":"https:\/\/sinomorechem.com\/product\/tert-amyl-peroxypivalate-tapv","name":"Organisches Peroxid, Hersteller von organischem Peroxid, Lieferant von organischem Peroxid, Polymerisationsinitiator, Vernetzungsmittel, H\u00e4rtungsmittel, Gummichemikalien, Kunststoffadditive, EVA-Vernetzungsmittel, Kabelperoxid, photovoltaische Materialien","isPartOf":{"@id":"https:\/\/sinomorechem.com\/#website"},"primaryImageOfPage":{"@id":"https:\/\/sinomorechem.com\/product\/tert-amyl-peroxypivalate-tapv#primaryimage"},"image":{"@id":"https:\/\/sinomorechem.com\/product\/tert-amyl-peroxypivalate-tapv#primaryimage"},"thumbnailUrl":"https:\/\/sinomorechem.com\/wp-content\/uploads\/2026\/02\/23.-\u8fc7\u6c27\u5316\u65b0\u620a\u9178\u53d4\u620a\u916f-TAPPI.png","datePublished":"2026-02-05T05:55:48+00:00","dateModified":"2026-02-05T06:01:25+00:00","description":"Organisches Peroxid, Hersteller von organischem Peroxid, Lieferant von organischem Peroxid, Polymerisationsinitiator, Vernetzungsmittel, H\u00e4rtungsmittel, Gummichemikalien, Kunststoffadditive, EVA-Vernetzungsmittel, Kabelperoxid, photovoltaische Materialien","breadcrumb":{"@id":"https:\/\/sinomorechem.com\/product\/tert-amyl-peroxypivalate-tapv#breadcrumb"},"inLanguage":"de","potentialAction":[{"@type":"ReadAction","target":["https:\/\/sinomorechem.com\/product\/tert-amyl-peroxypivalate-tapv"]}]},{"@type":"ImageObject","inLanguage":"de","@id":"https:\/\/sinomorechem.com\/product\/tert-amyl-peroxypivalate-tapv#primaryimage","url":"https:\/\/sinomorechem.com\/wp-content\/uploads\/2026\/02\/23.-\u8fc7\u6c27\u5316\u65b0\u620a\u9178\u53d4\u620a\u916f-TAPPI.png","contentUrl":"https:\/\/sinomorechem.com\/wp-content\/uploads\/2026\/02\/23.-\u8fc7\u6c27\u5316\u65b0\u620a\u9178\u53d4\u620a\u916f-TAPPI.png","width":332,"height":320},{"@type":"BreadcrumbList","@id":"https:\/\/sinomorechem.com\/product\/tert-amyl-peroxypivalate-tapv#breadcrumb","itemListElement":[{"@type":"ListItem","position":1,"name":"Home","item":"https:\/\/sinomorechem.com\/"},{"@type":"ListItem","position":2,"name":"Products","item":"https:\/\/sinomorechem.com\/product"},{"@type":"ListItem","position":3,"name":"Tert-Amyl Peroxypivalate (TAPV)"}]},{"@type":"WebSite","@id":"https:\/\/sinomorechem.com\/#website","url":"https:\/\/sinomorechem.com\/","name":"Organische Peroxide Hersteller &amp; Lieferant | Sinomore","description":"Sinomore ist ein professioneller Hersteller und Lieferant von organischen Peroxiden und bietet hochwertige Produkte f\u00fcr die Polymerisation, Vernetzung, Aush\u00e4rtung und Spezialchemie an. Unsere Produkte sind in der Gummi-, Kunststoff-, EVA-, Kabel- und Photovoltaikindustrie weit verbreitet und zeichnen sich durch zuverl\u00e4ssige Qualit\u00e4t und globale Lieferf\u00e4higkeit aus.","publisher":{"@id":"https:\/\/sinomorechem.com\/#organization"},"potentialAction":[{"@type":"SearchAction","target":{"@type":"EntryPoint","urlTemplate":"https:\/\/sinomorechem.com\/?s={search_term_string}"},"query-input":{"@type":"PropertyValueSpecification","valueRequired":true,"valueName":"search_term_string"}}],"inLanguage":"de"},{"@type":"Organization","@id":"https:\/\/sinomorechem.com\/#organization","name":"Organische Peroxide Hersteller &amp; Lieferant | Sinomore","url":"https:\/\/sinomorechem.com\/","logo":{"@type":"ImageObject","inLanguage":"de","@id":"https:\/\/sinomorechem.com\/#\/schema\/logo\/image\/","url":"https:\/\/sinomorechem.com\/wp-content\/uploads\/2026\/01\/\u6700\u7ec8\u7248-01.png","contentUrl":"https:\/\/sinomorechem.com\/wp-content\/uploads\/2026\/01\/\u6700\u7ec8\u7248-01.png","width":1240,"height":1377,"caption":"Organic Peroxide Manufacturer &amp; Supplier | Sinomore"},"image":{"@id":"https:\/\/sinomorechem.com\/#\/schema\/logo\/image\/"}}]}},"_links":{"self":[{"href":"https:\/\/sinomorechem.com\/de\/wp-json\/wp\/v2\/product\/1716","targetHints":{"allow":["GET"]}}],"collection":[{"href":"https:\/\/sinomorechem.com\/de\/wp-json\/wp\/v2\/product"}],"about":[{"href":"https:\/\/sinomorechem.com\/de\/wp-json\/wp\/v2\/types\/product"}],"wp:featuredmedia":[{"embeddable":true,"href":"https:\/\/sinomorechem.com\/de\/wp-json\/wp\/v2\/media\/1717"}],"wp:attachment":[{"href":"https:\/\/sinomorechem.com\/de\/wp-json\/wp\/v2\/media?parent=1716"}],"wp:term":[{"taxonomy":"post_tag","embeddable":true,"href":"https:\/\/sinomorechem.com\/de\/wp-json\/wp\/v2\/tags?post=1716"},{"taxonomy":"products","embeddable":true,"href":"https:\/\/sinomorechem.com\/de\/wp-json\/wp\/v2\/products?post=1716"}],"curies":[{"name":"wp","href":"https:\/\/api.w.org\/{rel}","templated":true}]}}