 {"id":1582,"date":"2026-01-16T13:43:35","date_gmt":"2026-01-16T05:43:35","guid":{"rendered":"https:\/\/sinomorechem.com\/?post_type=product&#038;p=1582"},"modified":"2026-01-16T13:43:35","modified_gmt":"2026-01-16T05:43:35","slug":"dihexadecyl-peroxodicarbonate-cepc","status":"publish","type":"product","link":"https:\/\/sinomorechem.com\/es\/product\/dihexadecyl-peroxodicarbonate-cepc","title":{"rendered":"Dihexadecil peroxodicarbonato CEPC"},"content":{"rendered":"<p><strong><b>Nombre qu\u00edmico<\/b><\/strong><\/p>\n<ul>\n<li>Peroxodicarbonato de dihexadecilo<\/li>\n<\/ul>\n<p><strong><b>Estructura<\/b><\/strong><\/p>\n<ul>\n<li>\u5206\u5b50\u5f0f\uff1aC\u2083\u2084H\u2086\u2086O\u2086<br \/>\n\u5206\u5b50\u91cf MW\uff1a570.9<\/li>\n<\/ul>\n<p><strong><b>Introducci\u00f3n<\/b><\/strong><\/p>\n<ul>\n<li>El CEPC es un per\u00f3xido org\u00e1nico de tipo \u00e9ster con estructura de peroxidicarbonato. Al calentarse, se descompone para generar radicales libres y se utiliza principalmente en reacciones de polimerizaci\u00f3n y aplicaciones relacionadas con el procesamiento de materiales con fines industriales y de investigaci\u00f3n.<br \/>\nEn las condiciones recomendadas, el CEPC muestra una buena estabilidad; sin embargo, como per\u00f3xido org\u00e1nico, puede inflamarse al calentarse. Se requiere un almacenamiento y manipulaci\u00f3n adecuados de acuerdo con las directrices de seguridad.<\/li>\n<\/ul>\n<p><strong><b>Espec.<\/b><\/strong><\/p>\n<ul>\n<li>Aspecto : S\u00f3lido entre blanco y blanquecino<\/li>\n<\/ul>\n<p><strong><b>Propiedades<\/b><\/strong><\/p>\n<ul>\n<li>Estado : S\u00f3lido<\/li>\n<\/ul>\n<p><strong><b>Vida media temp.<\/b><\/strong><\/p>\n<ul>\n<li>Los datos de vida media del CEPC dependen del sistema de aplicaci\u00f3n espec\u00edfico y de las condiciones de ensayo.<\/li>\n<\/ul>\n<p><strong><b>Solubilidad<\/b><\/strong><\/p>\n<ul>\n<li>Insoluble en agua.<\/li>\n<\/ul>\n<p><strong><b>Datos de seguridad<\/b><\/strong><\/p>\n<ul>\n<li>El calentamiento puede provocar un incendio.<\/li>\n<li>Per\u00f3xido org\u00e1nico, tipo F<\/li>\n<\/ul>\n<p><strong><b>Paquete<\/b><\/strong><\/p>\n<ul>\n<li>20KG\uff0c\u7eb8\u7bb1\u88c5<\/li>\n<\/ul>\n<p><strong><b>Almacenamiento<\/b><\/strong><\/p>\n<ul>\n<li>Almacenar en lugar fresco, bien ventilado y a baja temperatura, alejado de fuentes de calor, de acuerdo con la Ficha de Datos de Seguridad.<\/li>\n<\/ul>\n<p>&nbsp;<\/p>","protected":false},"featured_media":1583,"template":"","meta":{"_acf_changed":false,"site-sidebar-layout":"default","site-content-layout":"","ast-site-content-layout":"default","site-content-style":"default","site-sidebar-style":"default","ast-global-header-display":"","ast-banner-title-visibility":"","ast-main-header-display":"","ast-hfb-above-header-display":"","ast-hfb-below-header-display":"","ast-hfb-mobile-header-display":"","site-post-title":"","ast-breadcrumbs-content":"","ast-featured-img":"","footer-sml-layout":"","theme-transparent-header-meta":"default","adv-header-id-meta":"","stick-header-meta":"default","header-above-stick-meta":"","header-main-stick-meta":"","header-below-stick-meta":"","astra-migrate-meta-layouts":"set","ast-page-background-enabled":"default","ast-page-background-meta":{"desktop":{"background-color":"var(--ast-global-color-4)","background-image":"","background-repeat":"repeat","background-position":"center center","background-size":"auto","background-attachment":"scroll","background-type":"","background-media":"","overlay-type":"","overlay-color":"","overlay-opacity":"","overlay-gradient":""},"tablet":{"background-color":"","background-image":"","background-repeat":"repeat","background-position":"center center","background-size":"auto","background-attachment":"scroll","background-type":"","background-media":"","overlay-type":"","overlay-color":"","overlay-opacity":"","overlay-gradient":""},"mobile":{"background-color":"","background-image":"","background-repeat":"repeat","background-position":"center center","background-size":"auto","background-attachment":"scroll","background-type":"","background-media":"","overlay-type":"","overlay-color":"","overlay-opacity":"","overlay-gradient":""}},"ast-content-background-meta":{"desktop":{"background-color":"var(--ast-global-color-5)","background-image":"","background-repeat":"repeat","background-position":"center center","background-size":"auto","background-attachment":"scroll","background-type":"","background-media":"","overlay-type":"","overlay-color":"","overlay-opacity":"","overlay-gradient":""},"tablet":{"background-color":"var(--ast-global-color-5)","background-image":"","background-repeat":"repeat","background-position":"center center","background-size":"auto","background-attachment":"scroll","background-type":"","background-media":"","overlay-type":"","overlay-color":"","overlay-opacity":"","overlay-gradient":""},"mobile":{"background-color":"var(--ast-global-color-5)","background-image":"","background-repeat":"repeat","background-position":"center center","background-size":"auto","background-attachment":"scroll","background-type":"","background-media":"","overlay-type":"","overlay-color":"","overlay-opacity":"","overlay-gradient":""}}},"tags":[],"products":[],"class_list":["post-1582","product","type-product","status-publish","has-post-thumbnail","hentry"],"acf":[],"yoast_head":"<!-- This site is optimized with the Yoast SEO plugin v26.7 - https:\/\/yoast.com\/wordpress\/plugins\/seo\/ -->\n<title>organic peroxide, organic peroxide manufacturer, organic peroxide supplier, polymerization initiator, crosslinking agent, curing agent, rubber chemicals, plastic additives, EVA crosslinking agent, cable peroxide, photovoltaic materials<\/title>\n<meta name=\"description\" content=\"organic peroxide, organic peroxide manufacturer, organic peroxide supplier, polymerization initiator, crosslinking agent, curing agent, rubber chemicals, plastic additives, EVA crosslinking agent, cable peroxide, photovoltaic materials\" \/>\n<meta name=\"robots\" content=\"noindex, follow, max-snippet:-1, max-image-preview:large, max-video-preview:-1\" \/>\n<meta property=\"og:locale\" content=\"es_ES\" \/>\n<meta property=\"og:type\" content=\"article\" \/>\n<meta property=\"og:title\" content=\"organic peroxide, organic peroxide manufacturer, organic peroxide supplier, polymerization initiator, crosslinking agent, curing agent, rubber chemicals, plastic additives, EVA crosslinking agent, cable peroxide, photovoltaic materials\" \/>\n<meta property=\"og:description\" content=\"organic peroxide, organic peroxide manufacturer, organic peroxide supplier, polymerization initiator, crosslinking agent, curing agent, rubber chemicals, plastic additives, EVA crosslinking agent, cable peroxide, photovoltaic materials\" \/>\n<meta property=\"og:url\" content=\"https:\/\/sinomorechem.com\/es\/product\/dihexadecyl-peroxodicarbonate-cepc\/\" \/>\n<meta property=\"og:site_name\" content=\"Organic Peroxide Manufacturer &amp; Supplier | Sinomore\" \/>\n<meta property=\"og:image\" content=\"https:\/\/sinomorechem.com\/wp-content\/uploads\/2026\/01\/26.-\u8fc7\u6c27\u5316\u4e8c\uff08\u5341\u516d\u70f7\u57fa\uff09\u4e8c\u78b3\u9178\u916f-CEPC.png\" \/>\n\t<meta property=\"og:image:width\" content=\"330\" \/>\n\t<meta property=\"og:image:height\" content=\"320\" \/>\n\t<meta property=\"og:image:type\" content=\"image\/png\" \/>\n<meta name=\"twitter:card\" content=\"summary_large_image\" \/>\n<meta name=\"twitter:label1\" content=\"Tiempo de lectura\" \/>\n\t<meta name=\"twitter:data1\" content=\"1 minuto\" \/>\n<script type=\"application\/ld+json\" class=\"yoast-schema-graph\">{\"@context\":\"https:\/\/schema.org\",\"@graph\":[{\"@type\":\"WebPage\",\"@id\":\"https:\/\/sinomorechem.com\/product\/dihexadecyl-peroxodicarbonate-cepc\",\"url\":\"https:\/\/sinomorechem.com\/product\/dihexadecyl-peroxodicarbonate-cepc\",\"name\":\"organic peroxide, organic peroxide manufacturer, organic peroxide supplier, polymerization initiator, crosslinking agent, curing agent, rubber chemicals, plastic additives, EVA crosslinking agent, cable peroxide, photovoltaic materials\",\"isPartOf\":{\"@id\":\"https:\/\/sinomorechem.com\/#website\"},\"primaryImageOfPage\":{\"@id\":\"https:\/\/sinomorechem.com\/product\/dihexadecyl-peroxodicarbonate-cepc#primaryimage\"},\"image\":{\"@id\":\"https:\/\/sinomorechem.com\/product\/dihexadecyl-peroxodicarbonate-cepc#primaryimage\"},\"thumbnailUrl\":\"https:\/\/sinomorechem.com\/wp-content\/uploads\/2026\/01\/26.-\u8fc7\u6c27\u5316\u4e8c\uff08\u5341\u516d\u70f7\u57fa\uff09\u4e8c\u78b3\u9178\u916f-CEPC.png\",\"datePublished\":\"2026-01-16T05:43:35+00:00\",\"description\":\"organic peroxide, organic peroxide manufacturer, organic peroxide supplier, polymerization initiator, crosslinking agent, curing agent, rubber chemicals, plastic additives, EVA crosslinking agent, cable peroxide, photovoltaic materials\",\"breadcrumb\":{\"@id\":\"https:\/\/sinomorechem.com\/product\/dihexadecyl-peroxodicarbonate-cepc#breadcrumb\"},\"inLanguage\":\"es\",\"potentialAction\":[{\"@type\":\"ReadAction\",\"target\":[\"https:\/\/sinomorechem.com\/product\/dihexadecyl-peroxodicarbonate-cepc\"]}]},{\"@type\":\"ImageObject\",\"inLanguage\":\"es\",\"@id\":\"https:\/\/sinomorechem.com\/product\/dihexadecyl-peroxodicarbonate-cepc#primaryimage\",\"url\":\"https:\/\/sinomorechem.com\/wp-content\/uploads\/2026\/01\/26.-\u8fc7\u6c27\u5316\u4e8c\uff08\u5341\u516d\u70f7\u57fa\uff09\u4e8c\u78b3\u9178\u916f-CEPC.png\",\"contentUrl\":\"https:\/\/sinomorechem.com\/wp-content\/uploads\/2026\/01\/26.-\u8fc7\u6c27\u5316\u4e8c\uff08\u5341\u516d\u70f7\u57fa\uff09\u4e8c\u78b3\u9178\u916f-CEPC.png\",\"width\":330,\"height\":320},{\"@type\":\"BreadcrumbList\",\"@id\":\"https:\/\/sinomorechem.com\/product\/dihexadecyl-peroxodicarbonate-cepc#breadcrumb\",\"itemListElement\":[{\"@type\":\"ListItem\",\"position\":1,\"name\":\"Home\",\"item\":\"https:\/\/sinomorechem.com\/\"},{\"@type\":\"ListItem\",\"position\":2,\"name\":\"Products\",\"item\":\"https:\/\/sinomorechem.com\/product\"},{\"@type\":\"ListItem\",\"position\":3,\"name\":\"Dihexadecyl Peroxodicarbonate CEPC\"}]},{\"@type\":\"WebSite\",\"@id\":\"https:\/\/sinomorechem.com\/#website\",\"url\":\"https:\/\/sinomorechem.com\/\",\"name\":\"Organic Peroxide Manufacturer &amp; Supplier | Sinomore\",\"description\":\"Sinomore is a professional manufacturer and supplier of organic peroxides, providing high-quality products for polymerization, crosslinking, curing, and specialty chemical applications. Our products are widely used in rubber, plastics, EVA, cable, and photovoltaic industries, with reliable quality and global supply capabilities.\",\"publisher\":{\"@id\":\"https:\/\/sinomorechem.com\/#organization\"},\"potentialAction\":[{\"@type\":\"SearchAction\",\"target\":{\"@type\":\"EntryPoint\",\"urlTemplate\":\"https:\/\/sinomorechem.com\/?s={search_term_string}\"},\"query-input\":{\"@type\":\"PropertyValueSpecification\",\"valueRequired\":true,\"valueName\":\"search_term_string\"}}],\"inLanguage\":\"es\"},{\"@type\":\"Organization\",\"@id\":\"https:\/\/sinomorechem.com\/#organization\",\"name\":\"Organic Peroxide Manufacturer &amp; Supplier | Sinomore\",\"url\":\"https:\/\/sinomorechem.com\/\",\"logo\":{\"@type\":\"ImageObject\",\"inLanguage\":\"es\",\"@id\":\"https:\/\/sinomorechem.com\/#\/schema\/logo\/image\/\",\"url\":\"https:\/\/sinomorechem.com\/wp-content\/uploads\/2026\/01\/\u6700\u7ec8\u7248-01.png\",\"contentUrl\":\"https:\/\/sinomorechem.com\/wp-content\/uploads\/2026\/01\/\u6700\u7ec8\u7248-01.png\",\"width\":1240,\"height\":1377,\"caption\":\"Organic Peroxide Manufacturer &amp; Supplier | Sinomore\"},\"image\":{\"@id\":\"https:\/\/sinomorechem.com\/#\/schema\/logo\/image\/\"}}]}<\/script>\n<!-- \/ Yoast SEO plugin. -->","yoast_head_json":{"title":"per\u00f3xido org\u00e1nico, fabricante de per\u00f3xido org\u00e1nico, proveedor de per\u00f3xido org\u00e1nico, iniciador de polimerizaci\u00f3n, agente reticulante, agente de curado, productos qu\u00edmicos para caucho, aditivos para pl\u00e1sticos, agente reticulante para EVA, per\u00f3xido para cables, materiales fotovoltaicos","description":"per\u00f3xido org\u00e1nico, fabricante de per\u00f3xido org\u00e1nico, proveedor de per\u00f3xido org\u00e1nico, iniciador de polimerizaci\u00f3n, agente reticulante, agente de curado, productos qu\u00edmicos para caucho, aditivos para pl\u00e1sticos, agente reticulante para EVA, per\u00f3xido para cables, materiales fotovoltaicos","robots":{"index":"noindex","follow":"follow","max-snippet":"max-snippet:-1","max-image-preview":"max-image-preview:large","max-video-preview":"max-video-preview:-1"},"og_locale":"es_ES","og_type":"article","og_title":"organic peroxide, organic peroxide manufacturer, organic peroxide supplier, polymerization initiator, crosslinking agent, curing agent, rubber chemicals, plastic additives, EVA crosslinking agent, cable peroxide, photovoltaic materials","og_description":"organic peroxide, organic peroxide manufacturer, organic peroxide supplier, polymerization initiator, crosslinking agent, curing agent, rubber chemicals, plastic additives, EVA crosslinking agent, cable peroxide, photovoltaic materials","og_url":"https:\/\/sinomorechem.com\/es\/product\/dihexadecyl-peroxodicarbonate-cepc\/","og_site_name":"Organic Peroxide Manufacturer &amp; Supplier | Sinomore","og_image":[{"width":330,"height":320,"url":"https:\/\/sinomorechem.com\/wp-content\/uploads\/2026\/01\/26.-\u8fc7\u6c27\u5316\u4e8c\uff08\u5341\u516d\u70f7\u57fa\uff09\u4e8c\u78b3\u9178\u916f-CEPC.png","type":"image\/png"}],"twitter_card":"summary_large_image","twitter_misc":{"Tiempo de lectura":"1 minuto"},"schema":{"@context":"https:\/\/schema.org","@graph":[{"@type":"WebPage","@id":"https:\/\/sinomorechem.com\/product\/dihexadecyl-peroxodicarbonate-cepc","url":"https:\/\/sinomorechem.com\/product\/dihexadecyl-peroxodicarbonate-cepc","name":"per\u00f3xido org\u00e1nico, fabricante de per\u00f3xido org\u00e1nico, proveedor de per\u00f3xido org\u00e1nico, iniciador de polimerizaci\u00f3n, agente reticulante, agente de curado, productos qu\u00edmicos para caucho, aditivos para pl\u00e1sticos, agente reticulante para EVA, per\u00f3xido para cables, materiales fotovoltaicos","isPartOf":{"@id":"https:\/\/sinomorechem.com\/#website"},"primaryImageOfPage":{"@id":"https:\/\/sinomorechem.com\/product\/dihexadecyl-peroxodicarbonate-cepc#primaryimage"},"image":{"@id":"https:\/\/sinomorechem.com\/product\/dihexadecyl-peroxodicarbonate-cepc#primaryimage"},"thumbnailUrl":"https:\/\/sinomorechem.com\/wp-content\/uploads\/2026\/01\/26.-\u8fc7\u6c27\u5316\u4e8c\uff08\u5341\u516d\u70f7\u57fa\uff09\u4e8c\u78b3\u9178\u916f-CEPC.png","datePublished":"2026-01-16T05:43:35+00:00","description":"per\u00f3xido org\u00e1nico, fabricante de per\u00f3xido org\u00e1nico, proveedor de per\u00f3xido org\u00e1nico, iniciador de polimerizaci\u00f3n, agente reticulante, agente de curado, productos qu\u00edmicos para caucho, aditivos para pl\u00e1sticos, agente reticulante para EVA, per\u00f3xido para cables, materiales fotovoltaicos","breadcrumb":{"@id":"https:\/\/sinomorechem.com\/product\/dihexadecyl-peroxodicarbonate-cepc#breadcrumb"},"inLanguage":"es","potentialAction":[{"@type":"ReadAction","target":["https:\/\/sinomorechem.com\/product\/dihexadecyl-peroxodicarbonate-cepc"]}]},{"@type":"ImageObject","inLanguage":"es","@id":"https:\/\/sinomorechem.com\/product\/dihexadecyl-peroxodicarbonate-cepc#primaryimage","url":"https:\/\/sinomorechem.com\/wp-content\/uploads\/2026\/01\/26.-\u8fc7\u6c27\u5316\u4e8c\uff08\u5341\u516d\u70f7\u57fa\uff09\u4e8c\u78b3\u9178\u916f-CEPC.png","contentUrl":"https:\/\/sinomorechem.com\/wp-content\/uploads\/2026\/01\/26.-\u8fc7\u6c27\u5316\u4e8c\uff08\u5341\u516d\u70f7\u57fa\uff09\u4e8c\u78b3\u9178\u916f-CEPC.png","width":330,"height":320},{"@type":"BreadcrumbList","@id":"https:\/\/sinomorechem.com\/product\/dihexadecyl-peroxodicarbonate-cepc#breadcrumb","itemListElement":[{"@type":"ListItem","position":1,"name":"Home","item":"https:\/\/sinomorechem.com\/"},{"@type":"ListItem","position":2,"name":"Products","item":"https:\/\/sinomorechem.com\/product"},{"@type":"ListItem","position":3,"name":"Dihexadecyl Peroxodicarbonate CEPC"}]},{"@type":"WebSite","@id":"https:\/\/sinomorechem.com\/#website","url":"https:\/\/sinomorechem.com\/","name":"Fabricante y proveedor de per\u00f3xido org\u00e1nico | Sinomore","description":"Sinomore es un fabricante y proveedor profesional de per\u00f3xidos org\u00e1nicos que ofrece productos de alta calidad para aplicaciones de polimerizaci\u00f3n, reticulaci\u00f3n, curado y especialidades qu\u00edmicas. Nuestros productos se utilizan ampliamente en caucho, pl\u00e1sticos, EVA, cables e industrias fotovoltaicas, con una calidad fiable y capacidad de suministro global.","publisher":{"@id":"https:\/\/sinomorechem.com\/#organization"},"potentialAction":[{"@type":"SearchAction","target":{"@type":"EntryPoint","urlTemplate":"https:\/\/sinomorechem.com\/?s={search_term_string}"},"query-input":{"@type":"PropertyValueSpecification","valueRequired":true,"valueName":"search_term_string"}}],"inLanguage":"es"},{"@type":"Organization","@id":"https:\/\/sinomorechem.com\/#organization","name":"Fabricante y proveedor de per\u00f3xido org\u00e1nico | Sinomore","url":"https:\/\/sinomorechem.com\/","logo":{"@type":"ImageObject","inLanguage":"es","@id":"https:\/\/sinomorechem.com\/#\/schema\/logo\/image\/","url":"https:\/\/sinomorechem.com\/wp-content\/uploads\/2026\/01\/\u6700\u7ec8\u7248-01.png","contentUrl":"https:\/\/sinomorechem.com\/wp-content\/uploads\/2026\/01\/\u6700\u7ec8\u7248-01.png","width":1240,"height":1377,"caption":"Organic Peroxide Manufacturer &amp; Supplier | Sinomore"},"image":{"@id":"https:\/\/sinomorechem.com\/#\/schema\/logo\/image\/"}}]}},"_links":{"self":[{"href":"https:\/\/sinomorechem.com\/es\/wp-json\/wp\/v2\/product\/1582","targetHints":{"allow":["GET"]}}],"collection":[{"href":"https:\/\/sinomorechem.com\/es\/wp-json\/wp\/v2\/product"}],"about":[{"href":"https:\/\/sinomorechem.com\/es\/wp-json\/wp\/v2\/types\/product"}],"wp:featuredmedia":[{"embeddable":true,"href":"https:\/\/sinomorechem.com\/es\/wp-json\/wp\/v2\/media\/1583"}],"wp:attachment":[{"href":"https:\/\/sinomorechem.com\/es\/wp-json\/wp\/v2\/media?parent=1582"}],"wp:term":[{"taxonomy":"post_tag","embeddable":true,"href":"https:\/\/sinomorechem.com\/es\/wp-json\/wp\/v2\/tags?post=1582"},{"taxonomy":"products","embeddable":true,"href":"https:\/\/sinomorechem.com\/es\/wp-json\/wp\/v2\/products?post=1582"}],"curies":[{"name":"wp","href":"https:\/\/api.w.org\/{rel}","templated":true}]}}