 {"id":1492,"date":"2026-01-13T16:47:34","date_gmt":"2026-01-13T08:47:34","guid":{"rendered":"https:\/\/ttt.linshengsl.com\/?post_type=product&#038;p=1492"},"modified":"2026-02-05T14:11:36","modified_gmt":"2026-02-05T06:11:36","slug":"di-benzoyl-peroxide-bpo-%e8%bf%87%e6%b0%a7%e5%8c%96%e8%8b%af%e7%94%b2%e9%85%b0","status":"publish","type":"product","link":"https:\/\/sinomorechem.com\/es_ar\/product\/di-benzoyl-peroxide-bpo-%e8%bf%87%e6%b0%a7%e5%8c%96%e8%8b%af%e7%94%b2%e9%85%b0","title":{"rendered":"Dibenzoylper\u00f3xido (BPO)"},"content":{"rendered":"<p><strong>Dibenzoylper\u00f3xido (BPO)<\/strong><\/p>\n<p><strong>Nombre qu\u00edmico<\/strong><\/p>\n<p><strong>Nombre en ingl\u00e9s:<\/strong> Per\u00f3xido de di-benzoilo<br \/>\n<strong>Alias:<\/strong> Per\u00f3xido de dibenzoilo<\/p>\n<p><strong>Estructura<\/strong><\/p>\n<p><strong>F\u00f3rmula molecular:<\/strong> C\u2081\u2084H\u2081\u2080O\u2084<br \/>\n<strong>Peso molecular (MW):<\/strong> 242.2<br \/>\n<strong>N\u00ba CAS<\/strong> 94-36-0<\/p>\n<p><strong>Introducci\u00f3n<\/strong><\/p>\n<p>R: S\u00ed, evaluamos regularmente la satisfacci\u00f3n de los clientes mediante la recopilaci\u00f3n de comentarios...<\/p>\n<p><strong>Especificaciones<\/strong><\/p>\n<p><strong>Apariencia:<\/strong> Part\u00edculas granuladas blancas<br \/>\n<strong>Ensayo (%):<\/strong> 74.0 - 76.0<br \/>\n<strong>Ox\u00edgeno activo (%):<\/strong> 4.88 - 5.02<\/p>\n<p><strong>Propiedades<\/strong><\/p>\n<p><strong>Estado:<\/strong> S\u00f3lido<br \/>\n<strong>Densidad (g\/cm\u00b3):<\/strong> 0.630<br \/>\n<strong>Ox\u00edgeno activo te\u00f3rico (%):<\/strong> 6.62<\/p>\n<p><strong>Datos de vida media<\/strong><\/p>\n<p><strong>Energ\u00eda de activaci\u00f3n Ea (kJ\/mol):<\/strong> 122.35<br \/>\n<strong>10 h Vida media (\u00b0C):<\/strong> 71<br \/>\n<strong>1 h Vida media (\u00b0C):<\/strong> 91<br \/>\n<strong>1 min Vida media (\u00b0C):<\/strong> 113<\/p>\n<p><strong>Solubilidad<\/strong><\/p>\n<p><strong>Solubilidad:<\/strong> Soluble en alcohol, \u00e9steres, \u00e9teres, hidrocarburos y otros disolventes org\u00e1nicos, insoluble en agua<\/p>\n<p><strong>Datos de seguridad<\/strong><\/p>\n<p><strong>Temperatura de descomposici\u00f3n autoacelerada SADT (\u00b0C):<\/strong> 80<br \/>\n<strong>Temperatura de alarma (\u00b0C):<\/strong> 75<br \/>\n<strong>No. ONU<\/strong> 3104<br \/>\n<strong>N\u00ba de sustancia qu\u00edmica peligrosa en China (N\u00ba CN):<\/strong> 52045<\/p>\n<p><strong>Embalaje<\/strong><\/p>\n<p><strong>Embalaje:<\/strong> Bolsa de pl\u00e1stico PE de 20 kg<\/p>\n<p><strong>Almacenamiento<\/strong><\/p>\n<p><strong>Condiciones de almacenamiento:<\/strong> Almacenar en un lugar fresco y ventilado a 5\u201330 \u00b0C<\/p>","protected":false},"featured_media":1634,"template":"","meta":{"_acf_changed":false,"site-sidebar-layout":"default","site-content-layout":"","ast-site-content-layout":"default","site-content-style":"default","site-sidebar-style":"default","ast-global-header-display":"","ast-banner-title-visibility":"","ast-main-header-display":"","ast-hfb-above-header-display":"","ast-hfb-below-header-display":"","ast-hfb-mobile-header-display":"","site-post-title":"","ast-breadcrumbs-content":"","ast-featured-img":"","footer-sml-layout":"","theme-transparent-header-meta":"default","adv-header-id-meta":"","stick-header-meta":"default","header-above-stick-meta":"","header-main-stick-meta":"","header-below-stick-meta":"","astra-migrate-meta-layouts":"set","ast-page-background-enabled":"default","ast-page-background-meta":{"desktop":{"background-color":"var(--ast-global-color-4)","background-image":"","background-repeat":"repeat","background-position":"center center","background-size":"auto","background-attachment":"scroll","background-type":"","background-media":"","overlay-type":"","overlay-color":"","overlay-opacity":"","overlay-gradient":""},"tablet":{"background-color":"","background-image":"","background-repeat":"repeat","background-position":"center center","background-size":"auto","background-attachment":"scroll","background-type":"","background-media":"","overlay-type":"","overlay-color":"","overlay-opacity":"","overlay-gradient":""},"mobile":{"background-color":"","background-image":"","background-repeat":"repeat","background-position":"center center","background-size":"auto","background-attachment":"scroll","background-type":"","background-media":"","overlay-type":"","overlay-color":"","overlay-opacity":"","overlay-gradient":""}},"ast-content-background-meta":{"desktop":{"background-color":"var(--ast-global-color-5)","background-image":"","background-repeat":"repeat","background-position":"center center","background-size":"auto","background-attachment":"scroll","background-type":"","background-media":"","overlay-type":"","overlay-color":"","overlay-opacity":"","overlay-gradient":""},"tablet":{"background-color":"var(--ast-global-color-5)","background-image":"","background-repeat":"repeat","background-position":"center center","background-size":"auto","background-attachment":"scroll","background-type":"","background-media":"","overlay-type":"","overlay-color":"","overlay-opacity":"","overlay-gradient":""},"mobile":{"background-color":"var(--ast-global-color-5)","background-image":"","background-repeat":"repeat","background-position":"center center","background-size":"auto","background-attachment":"scroll","background-type":"","background-media":"","overlay-type":"","overlay-color":"","overlay-opacity":"","overlay-gradient":""}}},"tags":[],"products":[],"class_list":["post-1492","product","type-product","status-publish","has-post-thumbnail","hentry"],"acf":[],"yoast_head":"<!-- This site is optimized with the Yoast SEO plugin v26.7 - https:\/\/yoast.com\/wordpress\/plugins\/seo\/ -->\n<title>organic peroxide, organic peroxide manufacturer, organic peroxide supplier, polymerization initiator, crosslinking agent, curing agent, rubber chemicals, plastic additives, EVA crosslinking agent, cable peroxide, photovoltaic materials<\/title>\n<meta name=\"description\" content=\"organic peroxide, organic peroxide manufacturer, organic peroxide supplier, polymerization initiator, crosslinking agent, curing agent, rubber chemicals, plastic additives, EVA crosslinking agent, cable peroxide, photovoltaic materials\" \/>\n<meta name=\"robots\" content=\"noindex, follow, max-snippet:-1, max-image-preview:large, max-video-preview:-1\" \/>\n<meta property=\"og:locale\" content=\"es_ES\" \/>\n<meta property=\"og:type\" content=\"article\" \/>\n<meta property=\"og:title\" content=\"organic peroxide, organic peroxide manufacturer, organic peroxide supplier, polymerization initiator, crosslinking agent, curing agent, rubber chemicals, plastic additives, EVA crosslinking agent, cable peroxide, photovoltaic materials\" \/>\n<meta property=\"og:description\" content=\"organic peroxide, organic peroxide manufacturer, organic peroxide supplier, polymerization initiator, crosslinking agent, curing agent, rubber chemicals, plastic additives, EVA crosslinking agent, cable peroxide, photovoltaic materials\" \/>\n<meta property=\"og:url\" content=\"https:\/\/sinomorechem.com\/es_ar\/product\/di-benzoyl-peroxide-bpo-\u8fc7\u6c27\u5316\u82ef\u7532\u9170\/\" \/>\n<meta property=\"og:site_name\" content=\"Organic Peroxide Manufacturer &amp; Supplier | Sinomore\" \/>\n<meta property=\"article:modified_time\" content=\"2026-02-05T06:11:36+00:00\" \/>\n<meta property=\"og:image\" content=\"https:\/\/sinomorechem.com\/wp-content\/uploads\/2026\/01\/1.-\u8fc7\u6c27\u5316\u82ef\u7532\u9170BPO-2.png\" \/>\n\t<meta property=\"og:image:width\" content=\"332\" \/>\n\t<meta property=\"og:image:height\" content=\"324\" \/>\n\t<meta property=\"og:image:type\" content=\"image\/png\" \/>\n<meta name=\"twitter:card\" content=\"summary_large_image\" \/>\n<meta name=\"twitter:label1\" content=\"Tiempo de lectura\" \/>\n\t<meta name=\"twitter:data1\" content=\"1 minuto\" \/>\n<script type=\"application\/ld+json\" class=\"yoast-schema-graph\">{\"@context\":\"https:\/\/schema.org\",\"@graph\":[{\"@type\":\"WebPage\",\"@id\":\"https:\/\/sinomorechem.com\/product\/di-benzoyl-peroxide-bpo-%e8%bf%87%e6%b0%a7%e5%8c%96%e8%8b%af%e7%94%b2%e9%85%b0\",\"url\":\"https:\/\/sinomorechem.com\/product\/di-benzoyl-peroxide-bpo-%e8%bf%87%e6%b0%a7%e5%8c%96%e8%8b%af%e7%94%b2%e9%85%b0\",\"name\":\"organic peroxide, organic peroxide manufacturer, organic peroxide supplier, polymerization initiator, crosslinking agent, curing agent, rubber chemicals, plastic additives, EVA crosslinking agent, cable peroxide, photovoltaic materials\",\"isPartOf\":{\"@id\":\"https:\/\/sinomorechem.com\/#website\"},\"primaryImageOfPage\":{\"@id\":\"https:\/\/sinomorechem.com\/product\/di-benzoyl-peroxide-bpo-%e8%bf%87%e6%b0%a7%e5%8c%96%e8%8b%af%e7%94%b2%e9%85%b0#primaryimage\"},\"image\":{\"@id\":\"https:\/\/sinomorechem.com\/product\/di-benzoyl-peroxide-bpo-%e8%bf%87%e6%b0%a7%e5%8c%96%e8%8b%af%e7%94%b2%e9%85%b0#primaryimage\"},\"thumbnailUrl\":\"https:\/\/sinomorechem.com\/wp-content\/uploads\/2026\/01\/1.-\u8fc7\u6c27\u5316\u82ef\u7532\u9170BPO-2.png\",\"datePublished\":\"2026-01-13T08:47:34+00:00\",\"dateModified\":\"2026-02-05T06:11:36+00:00\",\"description\":\"organic peroxide, organic peroxide manufacturer, organic peroxide supplier, polymerization initiator, crosslinking agent, curing agent, rubber chemicals, plastic additives, EVA crosslinking agent, cable peroxide, photovoltaic materials\",\"breadcrumb\":{\"@id\":\"https:\/\/sinomorechem.com\/product\/di-benzoyl-peroxide-bpo-%e8%bf%87%e6%b0%a7%e5%8c%96%e8%8b%af%e7%94%b2%e9%85%b0#breadcrumb\"},\"inLanguage\":\"es-AR\",\"potentialAction\":[{\"@type\":\"ReadAction\",\"target\":[\"https:\/\/sinomorechem.com\/product\/di-benzoyl-peroxide-bpo-%e8%bf%87%e6%b0%a7%e5%8c%96%e8%8b%af%e7%94%b2%e9%85%b0\"]}]},{\"@type\":\"ImageObject\",\"inLanguage\":\"es-AR\",\"@id\":\"https:\/\/sinomorechem.com\/product\/di-benzoyl-peroxide-bpo-%e8%bf%87%e6%b0%a7%e5%8c%96%e8%8b%af%e7%94%b2%e9%85%b0#primaryimage\",\"url\":\"https:\/\/sinomorechem.com\/wp-content\/uploads\/2026\/01\/1.-\u8fc7\u6c27\u5316\u82ef\u7532\u9170BPO-2.png\",\"contentUrl\":\"https:\/\/sinomorechem.com\/wp-content\/uploads\/2026\/01\/1.-\u8fc7\u6c27\u5316\u82ef\u7532\u9170BPO-2.png\",\"width\":332,\"height\":324},{\"@type\":\"BreadcrumbList\",\"@id\":\"https:\/\/sinomorechem.com\/product\/di-benzoyl-peroxide-bpo-%e8%bf%87%e6%b0%a7%e5%8c%96%e8%8b%af%e7%94%b2%e9%85%b0#breadcrumb\",\"itemListElement\":[{\"@type\":\"ListItem\",\"position\":1,\"name\":\"Home\",\"item\":\"https:\/\/sinomorechem.com\/\"},{\"@type\":\"ListItem\",\"position\":2,\"name\":\"Products\",\"item\":\"https:\/\/sinomorechem.com\/product\"},{\"@type\":\"ListItem\",\"position\":3,\"name\":\"Di-Benzoyl Peroxide (BPO)\"}]},{\"@type\":\"WebSite\",\"@id\":\"https:\/\/sinomorechem.com\/#website\",\"url\":\"https:\/\/sinomorechem.com\/\",\"name\":\"Organic Peroxide Manufacturer &amp; Supplier | Sinomore\",\"description\":\"Sinomore is a professional manufacturer and supplier of organic peroxides, providing high-quality products for polymerization, crosslinking, curing, and specialty chemical applications. Our products are widely used in rubber, plastics, EVA, cable, and photovoltaic industries, with reliable quality and global supply capabilities.\",\"publisher\":{\"@id\":\"https:\/\/sinomorechem.com\/#organization\"},\"potentialAction\":[{\"@type\":\"SearchAction\",\"target\":{\"@type\":\"EntryPoint\",\"urlTemplate\":\"https:\/\/sinomorechem.com\/?s={search_term_string}\"},\"query-input\":{\"@type\":\"PropertyValueSpecification\",\"valueRequired\":true,\"valueName\":\"search_term_string\"}}],\"inLanguage\":\"es-AR\"},{\"@type\":\"Organization\",\"@id\":\"https:\/\/sinomorechem.com\/#organization\",\"name\":\"Organic Peroxide Manufacturer &amp; Supplier | Sinomore\",\"url\":\"https:\/\/sinomorechem.com\/\",\"logo\":{\"@type\":\"ImageObject\",\"inLanguage\":\"es-AR\",\"@id\":\"https:\/\/sinomorechem.com\/#\/schema\/logo\/image\/\",\"url\":\"https:\/\/sinomorechem.com\/wp-content\/uploads\/2026\/01\/\u6700\u7ec8\u7248-01.png\",\"contentUrl\":\"https:\/\/sinomorechem.com\/wp-content\/uploads\/2026\/01\/\u6700\u7ec8\u7248-01.png\",\"width\":1240,\"height\":1377,\"caption\":\"Organic Peroxide Manufacturer &amp; Supplier | Sinomore\"},\"image\":{\"@id\":\"https:\/\/sinomorechem.com\/#\/schema\/logo\/image\/\"}}]}<\/script>\n<!-- \/ Yoast SEO plugin. -->","yoast_head_json":{"title":"per\u00f3xido org\u00e1nico, fabricante de per\u00f3xido org\u00e1nico, proveedor de per\u00f3xido org\u00e1nico, iniciador de polimerizaci\u00f3n, agente reticulante, agente de curado, productos qu\u00edmicos para caucho, aditivos para pl\u00e1sticos, agente reticulante para EVA, per\u00f3xido para cables, materiales fotovoltaicos","description":"per\u00f3xido org\u00e1nico, fabricante de per\u00f3xido org\u00e1nico, proveedor de per\u00f3xido org\u00e1nico, iniciador de polimerizaci\u00f3n, agente reticulante, agente de curado, productos qu\u00edmicos para caucho, aditivos para pl\u00e1sticos, agente reticulante para EVA, per\u00f3xido para cables, materiales fotovoltaicos","robots":{"index":"noindex","follow":"follow","max-snippet":"max-snippet:-1","max-image-preview":"max-image-preview:large","max-video-preview":"max-video-preview:-1"},"og_locale":"es_ES","og_type":"article","og_title":"organic peroxide, organic peroxide manufacturer, organic peroxide supplier, polymerization initiator, crosslinking agent, curing agent, rubber chemicals, plastic additives, EVA crosslinking agent, cable peroxide, photovoltaic materials","og_description":"organic peroxide, organic peroxide manufacturer, organic peroxide supplier, polymerization initiator, crosslinking agent, curing agent, rubber chemicals, plastic additives, EVA crosslinking agent, cable peroxide, photovoltaic materials","og_url":"https:\/\/sinomorechem.com\/es_ar\/product\/di-benzoyl-peroxide-bpo-\u8fc7\u6c27\u5316\u82ef\u7532\u9170\/","og_site_name":"Organic Peroxide Manufacturer &amp; Supplier | Sinomore","article_modified_time":"2026-02-05T06:11:36+00:00","og_image":[{"width":332,"height":324,"url":"https:\/\/sinomorechem.com\/wp-content\/uploads\/2026\/01\/1.-\u8fc7\u6c27\u5316\u82ef\u7532\u9170BPO-2.png","type":"image\/png"}],"twitter_card":"summary_large_image","twitter_misc":{"Tiempo de lectura":"1 minuto"},"schema":{"@context":"https:\/\/schema.org","@graph":[{"@type":"WebPage","@id":"https:\/\/sinomorechem.com\/product\/di-benzoyl-peroxide-bpo-%e8%bf%87%e6%b0%a7%e5%8c%96%e8%8b%af%e7%94%b2%e9%85%b0","url":"https:\/\/sinomorechem.com\/product\/di-benzoyl-peroxide-bpo-%e8%bf%87%e6%b0%a7%e5%8c%96%e8%8b%af%e7%94%b2%e9%85%b0","name":"per\u00f3xido org\u00e1nico, fabricante de per\u00f3xido org\u00e1nico, proveedor de per\u00f3xido org\u00e1nico, iniciador de polimerizaci\u00f3n, agente reticulante, agente de curado, productos qu\u00edmicos para caucho, aditivos para pl\u00e1sticos, agente reticulante para EVA, per\u00f3xido para cables, materiales fotovoltaicos","isPartOf":{"@id":"https:\/\/sinomorechem.com\/#website"},"primaryImageOfPage":{"@id":"https:\/\/sinomorechem.com\/product\/di-benzoyl-peroxide-bpo-%e8%bf%87%e6%b0%a7%e5%8c%96%e8%8b%af%e7%94%b2%e9%85%b0#primaryimage"},"image":{"@id":"https:\/\/sinomorechem.com\/product\/di-benzoyl-peroxide-bpo-%e8%bf%87%e6%b0%a7%e5%8c%96%e8%8b%af%e7%94%b2%e9%85%b0#primaryimage"},"thumbnailUrl":"https:\/\/sinomorechem.com\/wp-content\/uploads\/2026\/01\/1.-\u8fc7\u6c27\u5316\u82ef\u7532\u9170BPO-2.png","datePublished":"2026-01-13T08:47:34+00:00","dateModified":"2026-02-05T06:11:36+00:00","description":"per\u00f3xido org\u00e1nico, fabricante de per\u00f3xido org\u00e1nico, proveedor de per\u00f3xido org\u00e1nico, iniciador de polimerizaci\u00f3n, agente reticulante, agente de curado, productos qu\u00edmicos para caucho, aditivos para pl\u00e1sticos, agente reticulante para EVA, per\u00f3xido para cables, materiales fotovoltaicos","breadcrumb":{"@id":"https:\/\/sinomorechem.com\/product\/di-benzoyl-peroxide-bpo-%e8%bf%87%e6%b0%a7%e5%8c%96%e8%8b%af%e7%94%b2%e9%85%b0#breadcrumb"},"inLanguage":"es-AR","potentialAction":[{"@type":"ReadAction","target":["https:\/\/sinomorechem.com\/product\/di-benzoyl-peroxide-bpo-%e8%bf%87%e6%b0%a7%e5%8c%96%e8%8b%af%e7%94%b2%e9%85%b0"]}]},{"@type":"ImageObject","inLanguage":"es-AR","@id":"https:\/\/sinomorechem.com\/product\/di-benzoyl-peroxide-bpo-%e8%bf%87%e6%b0%a7%e5%8c%96%e8%8b%af%e7%94%b2%e9%85%b0#primaryimage","url":"https:\/\/sinomorechem.com\/wp-content\/uploads\/2026\/01\/1.-\u8fc7\u6c27\u5316\u82ef\u7532\u9170BPO-2.png","contentUrl":"https:\/\/sinomorechem.com\/wp-content\/uploads\/2026\/01\/1.-\u8fc7\u6c27\u5316\u82ef\u7532\u9170BPO-2.png","width":332,"height":324},{"@type":"BreadcrumbList","@id":"https:\/\/sinomorechem.com\/product\/di-benzoyl-peroxide-bpo-%e8%bf%87%e6%b0%a7%e5%8c%96%e8%8b%af%e7%94%b2%e9%85%b0#breadcrumb","itemListElement":[{"@type":"ListItem","position":1,"name":"Home","item":"https:\/\/sinomorechem.com\/"},{"@type":"ListItem","position":2,"name":"Products","item":"https:\/\/sinomorechem.com\/product"},{"@type":"ListItem","position":3,"name":"Di-Benzoyl Peroxide (BPO)"}]},{"@type":"WebSite","@id":"https:\/\/sinomorechem.com\/#website","url":"https:\/\/sinomorechem.com\/","name":"Fabricante y proveedor de per\u00f3xido org\u00e1nico | Sinomore","description":"Sinomore es un fabricante y proveedor profesional de per\u00f3xidos org\u00e1nicos que ofrece productos de alta calidad para aplicaciones de polimerizaci\u00f3n, reticulaci\u00f3n, curado y especialidades qu\u00edmicas. Nuestros productos se utilizan ampliamente en caucho, pl\u00e1sticos, EVA, cables e industrias fotovoltaicas, con una calidad fiable y capacidad de suministro global.","publisher":{"@id":"https:\/\/sinomorechem.com\/#organization"},"potentialAction":[{"@type":"SearchAction","target":{"@type":"EntryPoint","urlTemplate":"https:\/\/sinomorechem.com\/?s={search_term_string}"},"query-input":{"@type":"PropertyValueSpecification","valueRequired":true,"valueName":"search_term_string"}}],"inLanguage":"es-AR"},{"@type":"Organization","@id":"https:\/\/sinomorechem.com\/#organization","name":"Fabricante y proveedor de per\u00f3xido org\u00e1nico | Sinomore","url":"https:\/\/sinomorechem.com\/","logo":{"@type":"ImageObject","inLanguage":"es-AR","@id":"https:\/\/sinomorechem.com\/#\/schema\/logo\/image\/","url":"https:\/\/sinomorechem.com\/wp-content\/uploads\/2026\/01\/\u6700\u7ec8\u7248-01.png","contentUrl":"https:\/\/sinomorechem.com\/wp-content\/uploads\/2026\/01\/\u6700\u7ec8\u7248-01.png","width":1240,"height":1377,"caption":"Organic Peroxide Manufacturer &amp; Supplier | Sinomore"},"image":{"@id":"https:\/\/sinomorechem.com\/#\/schema\/logo\/image\/"}}]}},"_links":{"self":[{"href":"https:\/\/sinomorechem.com\/es_ar\/wp-json\/wp\/v2\/product\/1492","targetHints":{"allow":["GET"]}}],"collection":[{"href":"https:\/\/sinomorechem.com\/es_ar\/wp-json\/wp\/v2\/product"}],"about":[{"href":"https:\/\/sinomorechem.com\/es_ar\/wp-json\/wp\/v2\/types\/product"}],"wp:featuredmedia":[{"embeddable":true,"href":"https:\/\/sinomorechem.com\/es_ar\/wp-json\/wp\/v2\/media\/1634"}],"wp:attachment":[{"href":"https:\/\/sinomorechem.com\/es_ar\/wp-json\/wp\/v2\/media?parent=1492"}],"wp:term":[{"taxonomy":"post_tag","embeddable":true,"href":"https:\/\/sinomorechem.com\/es_ar\/wp-json\/wp\/v2\/tags?post=1492"},{"taxonomy":"products","embeddable":true,"href":"https:\/\/sinomorechem.com\/es_ar\/wp-json\/wp\/v2\/products?post=1492"}],"curies":[{"name":"wp","href":"https:\/\/api.w.org\/{rel}","templated":true}]}}