 {"id":1497,"date":"2026-01-13T16:56:22","date_gmt":"2026-01-13T08:56:22","guid":{"rendered":"https:\/\/ttt.linshengsl.com\/?post_type=product&#038;p=1497"},"modified":"2026-02-05T13:44:37","modified_gmt":"2026-02-05T05:44:37","slug":"tert-amyl-peroxy-benzoate-tapb-%e8%bf%87%e6%b0%a7%e5%8c%96%e8%8b%af%e7%94%b2%e9%85%b8%e5%8f%94%e6%88%8a%e9%85%af","status":"publish","type":"product","link":"https:\/\/sinomorechem.com\/es_ar\/product\/tert-amyl-peroxy-benzoate-tapb-%e8%bf%87%e6%b0%a7%e5%8c%96%e8%8b%af%e7%94%b2%e9%85%b8%e5%8f%94%e6%88%8a%e9%85%af","title":{"rendered":"Peroxipivalato de terc-amilo (TAPV)"},"content":{"rendered":"<p><strong><b>Nombre qu\u00edmico<\/b><\/strong><\/p>\n<ul>\n<li>Tert-amil peroxi benzoato<\/li>\n<li>Otro nombre\uff1aTAPB<\/li>\n<\/ul>\n<p><strong><b>Estructura<\/b><\/strong><\/p>\n<ul>\n<li>F\u00f3rmula\uff1aC\u2081\u2082H\u2081\u2086O\u2083<\/li>\n<li>MW\uff1a208.3<\/li>\n<li>N\u00ba CAS: \uff1a4511-39-1<\/li>\n<\/ul>\n<p><strong><b>Introducci\u00f3n<\/b><\/strong><\/p>\n<ul>\n<li>TAPB es un l\u00edquido transparente de color amarillento. Pertenece a los per\u00f3xidos org\u00e1nicos de tipo \u00e9ster. Se utiliza principalmente como iniciador para la polimerizaci\u00f3n y copolimerizaci\u00f3n de estireno, acrilonitrilo, acrilato y metil acrilato. Tambi\u00e9n se emplea ampliamente como materia prima para la s\u00edntesis de otros per\u00f3xidos org\u00e1nicos.<\/li>\n<\/ul>\n<p><strong><b>Especificaciones<\/b><\/strong><\/p>\n<ul>\n<li>\u00a0Apariencia : L\u00edquido transparente incoloro o ligeramente amarillo<\/li>\n<li>Pureza (%): \u2265 95,0<\/li>\n<li>Ox\u00edgeno activo (%): \u2265 7,30<\/li>\n<\/ul>\n<p><strong><b>Propiedades<\/b><\/strong><\/p>\n<ul>\n<li>Estado : L\u00edquido<\/li>\n<li>Densidad (g\/cm\u00b3): 1,01<\/li>\n<li>Punto de inflamaci\u00f3n (\u00b0C): 43<\/li>\n<li>Ox\u00edgeno activo (%): 7,68<\/li>\n<\/ul>\n<p><strong><b>Datos de vida media<\/b><\/strong><\/p>\n<ul>\n<li>Ea (kJ\/mol): 143,00<\/li>\n<li>Semivida de 10 h (\u00b0C): 100<\/li>\n<li>Semivida de 1 h (\u00b0C): 120<\/li>\n<li>Semivida de 1 min (\u00b0C): 162<\/li>\n<\/ul>\n<p><strong><b>Solubilidad<\/b><\/strong><\/p>\n<ul>\n<li>Soluble en alcoholes, \u00e9steres, \u00e9teres, hidrocarburos y otros disolventes org\u00e1nicos, insoluble en agua.<\/li>\n<\/ul>\n<p><strong><b>Datos de seguridad<\/b><\/strong><\/p>\n<ul>\n<li>SADT (\u00b0C) : 60<\/li>\n<li>Temperatura de alarma (\u00b0C) : 55<\/li>\n<li>N\u00famero de la ONU: 3103<\/li>\n<\/ul>\n<p><strong><b>Embalaje<\/b><\/strong><\/p>\n<ul>\n<li>20 kg<br \/>\nEnvasado en cubos de PE<\/li>\n<\/ul>\n<p><strong><b>Almacenamiento<\/b><\/strong><\/p>\n<ul>\n<li>Almacenar en un lugar fresco y ventilado a 8\u201330 \u00b0C<\/li>\n<\/ul>","protected":false},"featured_media":1712,"template":"","meta":{"_acf_changed":false,"site-sidebar-layout":"default","site-content-layout":"","ast-site-content-layout":"default","site-content-style":"default","site-sidebar-style":"default","ast-global-header-display":"","ast-banner-title-visibility":"","ast-main-header-display":"","ast-hfb-above-header-display":"","ast-hfb-below-header-display":"","ast-hfb-mobile-header-display":"","site-post-title":"","ast-breadcrumbs-content":"","ast-featured-img":"","footer-sml-layout":"","theme-transparent-header-meta":"default","adv-header-id-meta":"","stick-header-meta":"default","header-above-stick-meta":"","header-main-stick-meta":"","header-below-stick-meta":"","astra-migrate-meta-layouts":"set","ast-page-background-enabled":"default","ast-page-background-meta":{"desktop":{"background-color":"var(--ast-global-color-4)","background-image":"","background-repeat":"repeat","background-position":"center center","background-size":"auto","background-attachment":"scroll","background-type":"","background-media":"","overlay-type":"","overlay-color":"","overlay-opacity":"","overlay-gradient":""},"tablet":{"background-color":"","background-image":"","background-repeat":"repeat","background-position":"center center","background-size":"auto","background-attachment":"scroll","background-type":"","background-media":"","overlay-type":"","overlay-color":"","overlay-opacity":"","overlay-gradient":""},"mobile":{"background-color":"","background-image":"","background-repeat":"repeat","background-position":"center center","background-size":"auto","background-attachment":"scroll","background-type":"","background-media":"","overlay-type":"","overlay-color":"","overlay-opacity":"","overlay-gradient":""}},"ast-content-background-meta":{"desktop":{"background-color":"var(--ast-global-color-5)","background-image":"","background-repeat":"repeat","background-position":"center center","background-size":"auto","background-attachment":"scroll","background-type":"","background-media":"","overlay-type":"","overlay-color":"","overlay-opacity":"","overlay-gradient":""},"tablet":{"background-color":"var(--ast-global-color-5)","background-image":"","background-repeat":"repeat","background-position":"center center","background-size":"auto","background-attachment":"scroll","background-type":"","background-media":"","overlay-type":"","overlay-color":"","overlay-opacity":"","overlay-gradient":""},"mobile":{"background-color":"var(--ast-global-color-5)","background-image":"","background-repeat":"repeat","background-position":"center center","background-size":"auto","background-attachment":"scroll","background-type":"","background-media":"","overlay-type":"","overlay-color":"","overlay-opacity":"","overlay-gradient":""}}},"tags":[],"products":[],"class_list":["post-1497","product","type-product","status-publish","has-post-thumbnail","hentry"],"acf":[],"yoast_head":"<!-- This site is optimized with the Yoast SEO plugin v26.7 - https:\/\/yoast.com\/wordpress\/plugins\/seo\/ -->\n<title>organic peroxide, organic peroxide manufacturer, organic peroxide supplier, polymerization initiator, crosslinking agent, curing agent, rubber chemicals, plastic additives, EVA crosslinking agent, cable peroxide, photovoltaic materials<\/title>\n<meta name=\"description\" content=\"organic peroxide, organic peroxide manufacturer, organic peroxide supplier, polymerization initiator, crosslinking agent, curing agent, rubber chemicals, plastic additives, EVA crosslinking agent, cable peroxide, photovoltaic materials\" \/>\n<meta name=\"robots\" content=\"noindex, follow, max-snippet:-1, max-image-preview:large, max-video-preview:-1\" \/>\n<meta property=\"og:locale\" content=\"es_ES\" \/>\n<meta property=\"og:type\" content=\"article\" \/>\n<meta property=\"og:title\" content=\"organic peroxide, organic peroxide manufacturer, organic peroxide supplier, polymerization initiator, crosslinking agent, curing agent, rubber chemicals, plastic additives, EVA crosslinking agent, cable peroxide, photovoltaic materials\" \/>\n<meta property=\"og:description\" content=\"organic peroxide, organic peroxide manufacturer, organic peroxide supplier, polymerization initiator, crosslinking agent, curing agent, rubber chemicals, plastic additives, EVA crosslinking agent, cable peroxide, photovoltaic materials\" \/>\n<meta property=\"og:url\" content=\"https:\/\/sinomorechem.com\/es_ar\/product\/tert-amyl-peroxy-benzoate-tapb-\u8fc7\u6c27\u5316\u82ef\u7532\u9178\u53d4\u620a\u916f\/\" \/>\n<meta property=\"og:site_name\" content=\"Organic Peroxide Manufacturer &amp; Supplier | Sinomore\" \/>\n<meta property=\"article:modified_time\" content=\"2026-02-05T05:44:37+00:00\" \/>\n<meta property=\"og:image\" content=\"https:\/\/sinomorechem.com\/wp-content\/uploads\/2026\/01\/3.-\u8fc7\u6c27\u5316\u82ef\u7532\u9178\u53d4\u620a\u916fTAPB-2.png\" \/>\n\t<meta property=\"og:image:width\" content=\"348\" \/>\n\t<meta property=\"og:image:height\" content=\"326\" \/>\n\t<meta property=\"og:image:type\" content=\"image\/png\" \/>\n<meta name=\"twitter:card\" content=\"summary_large_image\" \/>\n<meta name=\"twitter:label1\" content=\"Tiempo de lectura\" \/>\n\t<meta name=\"twitter:data1\" content=\"1 minuto\" \/>\n<script type=\"application\/ld+json\" class=\"yoast-schema-graph\">{\"@context\":\"https:\/\/schema.org\",\"@graph\":[{\"@type\":\"WebPage\",\"@id\":\"https:\/\/sinomorechem.com\/product\/tert-amyl-peroxy-benzoate-tapb-%e8%bf%87%e6%b0%a7%e5%8c%96%e8%8b%af%e7%94%b2%e9%85%b8%e5%8f%94%e6%88%8a%e9%85%af\",\"url\":\"https:\/\/sinomorechem.com\/product\/tert-amyl-peroxy-benzoate-tapb-%e8%bf%87%e6%b0%a7%e5%8c%96%e8%8b%af%e7%94%b2%e9%85%b8%e5%8f%94%e6%88%8a%e9%85%af\",\"name\":\"organic peroxide, organic peroxide manufacturer, organic peroxide supplier, polymerization initiator, crosslinking agent, curing agent, rubber chemicals, plastic additives, EVA crosslinking agent, cable peroxide, photovoltaic materials\",\"isPartOf\":{\"@id\":\"https:\/\/sinomorechem.com\/#website\"},\"primaryImageOfPage\":{\"@id\":\"https:\/\/sinomorechem.com\/product\/tert-amyl-peroxy-benzoate-tapb-%e8%bf%87%e6%b0%a7%e5%8c%96%e8%8b%af%e7%94%b2%e9%85%b8%e5%8f%94%e6%88%8a%e9%85%af#primaryimage\"},\"image\":{\"@id\":\"https:\/\/sinomorechem.com\/product\/tert-amyl-peroxy-benzoate-tapb-%e8%bf%87%e6%b0%a7%e5%8c%96%e8%8b%af%e7%94%b2%e9%85%b8%e5%8f%94%e6%88%8a%e9%85%af#primaryimage\"},\"thumbnailUrl\":\"https:\/\/sinomorechem.com\/wp-content\/uploads\/2026\/01\/3.-\u8fc7\u6c27\u5316\u82ef\u7532\u9178\u53d4\u620a\u916fTAPB-2.png\",\"datePublished\":\"2026-01-13T08:56:22+00:00\",\"dateModified\":\"2026-02-05T05:44:37+00:00\",\"description\":\"organic peroxide, organic peroxide manufacturer, organic peroxide supplier, polymerization initiator, crosslinking agent, curing agent, rubber chemicals, plastic additives, EVA crosslinking agent, cable peroxide, photovoltaic materials\",\"breadcrumb\":{\"@id\":\"https:\/\/sinomorechem.com\/product\/tert-amyl-peroxy-benzoate-tapb-%e8%bf%87%e6%b0%a7%e5%8c%96%e8%8b%af%e7%94%b2%e9%85%b8%e5%8f%94%e6%88%8a%e9%85%af#breadcrumb\"},\"inLanguage\":\"es-AR\",\"potentialAction\":[{\"@type\":\"ReadAction\",\"target\":[\"https:\/\/sinomorechem.com\/product\/tert-amyl-peroxy-benzoate-tapb-%e8%bf%87%e6%b0%a7%e5%8c%96%e8%8b%af%e7%94%b2%e9%85%b8%e5%8f%94%e6%88%8a%e9%85%af\"]}]},{\"@type\":\"ImageObject\",\"inLanguage\":\"es-AR\",\"@id\":\"https:\/\/sinomorechem.com\/product\/tert-amyl-peroxy-benzoate-tapb-%e8%bf%87%e6%b0%a7%e5%8c%96%e8%8b%af%e7%94%b2%e9%85%b8%e5%8f%94%e6%88%8a%e9%85%af#primaryimage\",\"url\":\"https:\/\/sinomorechem.com\/wp-content\/uploads\/2026\/01\/3.-\u8fc7\u6c27\u5316\u82ef\u7532\u9178\u53d4\u620a\u916fTAPB-2.png\",\"contentUrl\":\"https:\/\/sinomorechem.com\/wp-content\/uploads\/2026\/01\/3.-\u8fc7\u6c27\u5316\u82ef\u7532\u9178\u53d4\u620a\u916fTAPB-2.png\",\"width\":348,\"height\":326},{\"@type\":\"BreadcrumbList\",\"@id\":\"https:\/\/sinomorechem.com\/product\/tert-amyl-peroxy-benzoate-tapb-%e8%bf%87%e6%b0%a7%e5%8c%96%e8%8b%af%e7%94%b2%e9%85%b8%e5%8f%94%e6%88%8a%e9%85%af#breadcrumb\",\"itemListElement\":[{\"@type\":\"ListItem\",\"position\":1,\"name\":\"Home\",\"item\":\"https:\/\/sinomorechem.com\/\"},{\"@type\":\"ListItem\",\"position\":2,\"name\":\"Products\",\"item\":\"https:\/\/sinomorechem.com\/product\"},{\"@type\":\"ListItem\",\"position\":3,\"name\":\"Tert-Amyl Peroxy Benzoate (TAPB)\"}]},{\"@type\":\"WebSite\",\"@id\":\"https:\/\/sinomorechem.com\/#website\",\"url\":\"https:\/\/sinomorechem.com\/\",\"name\":\"Organic Peroxide Manufacturer &amp; Supplier | Sinomore\",\"description\":\"Sinomore is a professional manufacturer and supplier of organic peroxides, providing high-quality products for polymerization, crosslinking, curing, and specialty chemical applications. Our products are widely used in rubber, plastics, EVA, cable, and photovoltaic industries, with reliable quality and global supply capabilities.\",\"publisher\":{\"@id\":\"https:\/\/sinomorechem.com\/#organization\"},\"potentialAction\":[{\"@type\":\"SearchAction\",\"target\":{\"@type\":\"EntryPoint\",\"urlTemplate\":\"https:\/\/sinomorechem.com\/?s={search_term_string}\"},\"query-input\":{\"@type\":\"PropertyValueSpecification\",\"valueRequired\":true,\"valueName\":\"search_term_string\"}}],\"inLanguage\":\"es-AR\"},{\"@type\":\"Organization\",\"@id\":\"https:\/\/sinomorechem.com\/#organization\",\"name\":\"Organic Peroxide Manufacturer &amp; Supplier | Sinomore\",\"url\":\"https:\/\/sinomorechem.com\/\",\"logo\":{\"@type\":\"ImageObject\",\"inLanguage\":\"es-AR\",\"@id\":\"https:\/\/sinomorechem.com\/#\/schema\/logo\/image\/\",\"url\":\"https:\/\/sinomorechem.com\/wp-content\/uploads\/2026\/01\/\u6700\u7ec8\u7248-01.png\",\"contentUrl\":\"https:\/\/sinomorechem.com\/wp-content\/uploads\/2026\/01\/\u6700\u7ec8\u7248-01.png\",\"width\":1240,\"height\":1377,\"caption\":\"Organic Peroxide Manufacturer &amp; Supplier | Sinomore\"},\"image\":{\"@id\":\"https:\/\/sinomorechem.com\/#\/schema\/logo\/image\/\"}}]}<\/script>\n<!-- \/ Yoast SEO plugin. -->","yoast_head_json":{"title":"per\u00f3xido org\u00e1nico, fabricante de per\u00f3xido org\u00e1nico, proveedor de per\u00f3xido org\u00e1nico, iniciador de polimerizaci\u00f3n, agente reticulante, agente de curado, productos qu\u00edmicos para caucho, aditivos para pl\u00e1sticos, agente reticulante para EVA, per\u00f3xido para cables, materiales fotovoltaicos","description":"per\u00f3xido org\u00e1nico, fabricante de per\u00f3xido org\u00e1nico, proveedor de per\u00f3xido org\u00e1nico, iniciador de polimerizaci\u00f3n, agente reticulante, agente de curado, productos qu\u00edmicos para caucho, aditivos para pl\u00e1sticos, agente reticulante para EVA, per\u00f3xido para cables, materiales fotovoltaicos","robots":{"index":"noindex","follow":"follow","max-snippet":"max-snippet:-1","max-image-preview":"max-image-preview:large","max-video-preview":"max-video-preview:-1"},"og_locale":"es_ES","og_type":"article","og_title":"organic peroxide, organic peroxide manufacturer, organic peroxide supplier, polymerization initiator, crosslinking agent, curing agent, rubber chemicals, plastic additives, EVA crosslinking agent, cable peroxide, photovoltaic materials","og_description":"organic peroxide, organic peroxide manufacturer, organic peroxide supplier, polymerization initiator, crosslinking agent, curing agent, rubber chemicals, plastic additives, EVA crosslinking agent, cable peroxide, photovoltaic materials","og_url":"https:\/\/sinomorechem.com\/es_ar\/product\/tert-amyl-peroxy-benzoate-tapb-\u8fc7\u6c27\u5316\u82ef\u7532\u9178\u53d4\u620a\u916f\/","og_site_name":"Organic Peroxide Manufacturer &amp; Supplier | Sinomore","article_modified_time":"2026-02-05T05:44:37+00:00","og_image":[{"width":348,"height":326,"url":"https:\/\/sinomorechem.com\/wp-content\/uploads\/2026\/01\/3.-\u8fc7\u6c27\u5316\u82ef\u7532\u9178\u53d4\u620a\u916fTAPB-2.png","type":"image\/png"}],"twitter_card":"summary_large_image","twitter_misc":{"Tiempo de lectura":"1 minuto"},"schema":{"@context":"https:\/\/schema.org","@graph":[{"@type":"WebPage","@id":"https:\/\/sinomorechem.com\/product\/tert-amyl-peroxy-benzoate-tapb-%e8%bf%87%e6%b0%a7%e5%8c%96%e8%8b%af%e7%94%b2%e9%85%b8%e5%8f%94%e6%88%8a%e9%85%af","url":"https:\/\/sinomorechem.com\/product\/tert-amyl-peroxy-benzoate-tapb-%e8%bf%87%e6%b0%a7%e5%8c%96%e8%8b%af%e7%94%b2%e9%85%b8%e5%8f%94%e6%88%8a%e9%85%af","name":"per\u00f3xido org\u00e1nico, fabricante de per\u00f3xido org\u00e1nico, proveedor de per\u00f3xido org\u00e1nico, iniciador de polimerizaci\u00f3n, agente reticulante, agente de curado, productos qu\u00edmicos para caucho, aditivos para pl\u00e1sticos, agente reticulante para EVA, per\u00f3xido para cables, materiales fotovoltaicos","isPartOf":{"@id":"https:\/\/sinomorechem.com\/#website"},"primaryImageOfPage":{"@id":"https:\/\/sinomorechem.com\/product\/tert-amyl-peroxy-benzoate-tapb-%e8%bf%87%e6%b0%a7%e5%8c%96%e8%8b%af%e7%94%b2%e9%85%b8%e5%8f%94%e6%88%8a%e9%85%af#primaryimage"},"image":{"@id":"https:\/\/sinomorechem.com\/product\/tert-amyl-peroxy-benzoate-tapb-%e8%bf%87%e6%b0%a7%e5%8c%96%e8%8b%af%e7%94%b2%e9%85%b8%e5%8f%94%e6%88%8a%e9%85%af#primaryimage"},"thumbnailUrl":"https:\/\/sinomorechem.com\/wp-content\/uploads\/2026\/01\/3.-\u8fc7\u6c27\u5316\u82ef\u7532\u9178\u53d4\u620a\u916fTAPB-2.png","datePublished":"2026-01-13T08:56:22+00:00","dateModified":"2026-02-05T05:44:37+00:00","description":"per\u00f3xido org\u00e1nico, fabricante de per\u00f3xido org\u00e1nico, proveedor de per\u00f3xido org\u00e1nico, iniciador de polimerizaci\u00f3n, agente reticulante, agente de curado, productos qu\u00edmicos para caucho, aditivos para pl\u00e1sticos, agente reticulante para EVA, per\u00f3xido para cables, materiales fotovoltaicos","breadcrumb":{"@id":"https:\/\/sinomorechem.com\/product\/tert-amyl-peroxy-benzoate-tapb-%e8%bf%87%e6%b0%a7%e5%8c%96%e8%8b%af%e7%94%b2%e9%85%b8%e5%8f%94%e6%88%8a%e9%85%af#breadcrumb"},"inLanguage":"es-AR","potentialAction":[{"@type":"ReadAction","target":["https:\/\/sinomorechem.com\/product\/tert-amyl-peroxy-benzoate-tapb-%e8%bf%87%e6%b0%a7%e5%8c%96%e8%8b%af%e7%94%b2%e9%85%b8%e5%8f%94%e6%88%8a%e9%85%af"]}]},{"@type":"ImageObject","inLanguage":"es-AR","@id":"https:\/\/sinomorechem.com\/product\/tert-amyl-peroxy-benzoate-tapb-%e8%bf%87%e6%b0%a7%e5%8c%96%e8%8b%af%e7%94%b2%e9%85%b8%e5%8f%94%e6%88%8a%e9%85%af#primaryimage","url":"https:\/\/sinomorechem.com\/wp-content\/uploads\/2026\/01\/3.-\u8fc7\u6c27\u5316\u82ef\u7532\u9178\u53d4\u620a\u916fTAPB-2.png","contentUrl":"https:\/\/sinomorechem.com\/wp-content\/uploads\/2026\/01\/3.-\u8fc7\u6c27\u5316\u82ef\u7532\u9178\u53d4\u620a\u916fTAPB-2.png","width":348,"height":326},{"@type":"BreadcrumbList","@id":"https:\/\/sinomorechem.com\/product\/tert-amyl-peroxy-benzoate-tapb-%e8%bf%87%e6%b0%a7%e5%8c%96%e8%8b%af%e7%94%b2%e9%85%b8%e5%8f%94%e6%88%8a%e9%85%af#breadcrumb","itemListElement":[{"@type":"ListItem","position":1,"name":"Home","item":"https:\/\/sinomorechem.com\/"},{"@type":"ListItem","position":2,"name":"Products","item":"https:\/\/sinomorechem.com\/product"},{"@type":"ListItem","position":3,"name":"Tert-Amyl Peroxy Benzoate (TAPB)"}]},{"@type":"WebSite","@id":"https:\/\/sinomorechem.com\/#website","url":"https:\/\/sinomorechem.com\/","name":"Fabricante y proveedor de per\u00f3xido org\u00e1nico | Sinomore","description":"Sinomore es un fabricante y proveedor profesional de per\u00f3xidos org\u00e1nicos que ofrece productos de alta calidad para aplicaciones de polimerizaci\u00f3n, reticulaci\u00f3n, curado y especialidades qu\u00edmicas. Nuestros productos se utilizan ampliamente en caucho, pl\u00e1sticos, EVA, cables e industrias fotovoltaicas, con una calidad fiable y capacidad de suministro global.","publisher":{"@id":"https:\/\/sinomorechem.com\/#organization"},"potentialAction":[{"@type":"SearchAction","target":{"@type":"EntryPoint","urlTemplate":"https:\/\/sinomorechem.com\/?s={search_term_string}"},"query-input":{"@type":"PropertyValueSpecification","valueRequired":true,"valueName":"search_term_string"}}],"inLanguage":"es-AR"},{"@type":"Organization","@id":"https:\/\/sinomorechem.com\/#organization","name":"Fabricante y proveedor de per\u00f3xido org\u00e1nico | Sinomore","url":"https:\/\/sinomorechem.com\/","logo":{"@type":"ImageObject","inLanguage":"es-AR","@id":"https:\/\/sinomorechem.com\/#\/schema\/logo\/image\/","url":"https:\/\/sinomorechem.com\/wp-content\/uploads\/2026\/01\/\u6700\u7ec8\u7248-01.png","contentUrl":"https:\/\/sinomorechem.com\/wp-content\/uploads\/2026\/01\/\u6700\u7ec8\u7248-01.png","width":1240,"height":1377,"caption":"Organic Peroxide Manufacturer &amp; Supplier | Sinomore"},"image":{"@id":"https:\/\/sinomorechem.com\/#\/schema\/logo\/image\/"}}]}},"_links":{"self":[{"href":"https:\/\/sinomorechem.com\/es_ar\/wp-json\/wp\/v2\/product\/1497","targetHints":{"allow":["GET"]}}],"collection":[{"href":"https:\/\/sinomorechem.com\/es_ar\/wp-json\/wp\/v2\/product"}],"about":[{"href":"https:\/\/sinomorechem.com\/es_ar\/wp-json\/wp\/v2\/types\/product"}],"wp:featuredmedia":[{"embeddable":true,"href":"https:\/\/sinomorechem.com\/es_ar\/wp-json\/wp\/v2\/media\/1712"}],"wp:attachment":[{"href":"https:\/\/sinomorechem.com\/es_ar\/wp-json\/wp\/v2\/media?parent=1497"}],"wp:term":[{"taxonomy":"post_tag","embeddable":true,"href":"https:\/\/sinomorechem.com\/es_ar\/wp-json\/wp\/v2\/tags?post=1497"},{"taxonomy":"products","embeddable":true,"href":"https:\/\/sinomorechem.com\/es_ar\/wp-json\/wp\/v2\/products?post=1497"}],"curies":[{"name":"wp","href":"https:\/\/api.w.org\/{rel}","templated":true}]}}