 {"id":1504,"date":"2026-01-13T16:59:30","date_gmt":"2026-01-13T08:59:30","guid":{"rendered":"https:\/\/ttt.linshengsl.com\/?post_type=product&#038;p=1504"},"modified":"2026-01-19T13:42:26","modified_gmt":"2026-01-19T05:42:26","slug":"tert-amyl-peroxy-2-ethylhexanoate-tapo-%e8%bf%87%e6%b0%a7%e5%8c%96-2-%e4%b9%99%e5%9f%ba%e5%b7%b1%e9%85%b8%e5%8f%94%e6%88%8a%e9%85%af","status":"publish","type":"product","link":"https:\/\/sinomorechem.com\/es_ar\/product\/tert-amyl-peroxy-2-ethylhexanoate-tapo-%e8%bf%87%e6%b0%a7%e5%8c%96-2-%e4%b9%99%e5%9f%ba%e5%b7%b1%e9%85%b8%e5%8f%94%e6%88%8a%e9%85%af","title":{"rendered":"tert-Amilo peroxi-2-etilhexanoato (TAPO)"},"content":{"rendered":"<p><strong><b>Nombre qu\u00edmico<\/b><\/strong><\/p>\n<ul>\n<li>peroxi-2-etilhexanoato de terc-amilo<\/li>\n<li><strong><b>\u522b\u540d<\/b><\/strong>\uff1aTAPO\uff0cTAPEH<\/li>\n<\/ul>\n<p><strong><b>Estructura<\/b><\/strong><\/p>\n<ul>\n<li>\u5206\u5b50\u5f0f\uff1aC\u2081\u2083H\u2082\u2086O\u2083<\/li>\n<li>\u5206\u5b50\u91cf (MW)\uff1a230,3<\/li>\n<li>N\u00ba CAS: \uff1a686-31-7<\/li>\n<\/ul>\n<p><strong><b>Introducci\u00f3n<\/b><\/strong><\/p>\n<ul>\n<li>El TAPO es un l\u00edquido transparente incoloro. Pertenece a los per\u00f3xidos org\u00e1nicos de tipo \u00e9ster. Se utiliza principalmente como iniciador para la polimerizaci\u00f3n y copolimerizaci\u00f3n de estireno, acrilonitrilo, acrilato y acrilato de metilo, y es adecuado para sistemas de polimerizaci\u00f3n de baja a media temperatura.<\/li>\n<\/ul>\n<p><strong><b>Especificaciones<\/b><\/strong><\/p>\n<ul>\n<li>Aspecto : L\u00edquido incoloro<\/li>\n<li>Pureza (%): \u2265 98,0<\/li>\n<li>Ox\u00edgeno activo (%) : \u2265 6,74<\/li>\n<\/ul>\n<p><strong><b>Propiedades<\/b><\/strong><\/p>\n<ul>\n<li>Estado : L\u00edquido<\/li>\n<li>Densidad (g\/cm\u00b3) : 0.914<\/li>\n<li>Ox\u00edgeno activo (%) : 6,95<\/li>\n<\/ul>\n<p><strong><b>Datos de vida media<\/b><\/strong><\/p>\n<ul>\n<li>Ea (kJ\/mol) : 132.11<\/li>\n<li>10h Vida media (\u00b0C) : 75<\/li>\n<li>1h Vida media (\u00b0C) : 92<\/li>\n<li>1 min Vida media (\u00b0C) : 126<\/li>\n<\/ul>\n<p><strong><b>Solubilidad<\/b><\/strong><\/p>\n<ul>\n<li>Soluble en alcoholes, \u00e9steres, \u00e9teres, hidrocarburos y otros disolventes org\u00e1nicos, insoluble en agua.<\/li>\n<\/ul>\n<p><strong><b>Datos de seguridad<\/b><\/strong><\/p>\n<ul>\n<li>SADT (\u00b0C) : 35<\/li>\n<li>Temperatura de alarma (\u00b0C) : 25<\/li>\n<\/ul>\n<p><strong><b>Paquete<\/b><\/strong><\/p>\n<ul>\n<li>20 kg<br \/>\nEnvasado en cubos de PE<\/li>\n<\/ul>\n<p><strong><b>Almacenamiento<\/b><\/strong><\/p>\n<ul>\n<li>Almacenado a menos de 10\u00b0C en c\u00e1mara frigor\u00edfica.<\/li>\n<\/ul>","protected":false},"featured_media":1638,"template":"","meta":{"_acf_changed":false,"site-sidebar-layout":"default","site-content-layout":"","ast-site-content-layout":"default","site-content-style":"default","site-sidebar-style":"default","ast-global-header-display":"","ast-banner-title-visibility":"","ast-main-header-display":"","ast-hfb-above-header-display":"","ast-hfb-below-header-display":"","ast-hfb-mobile-header-display":"","site-post-title":"","ast-breadcrumbs-content":"","ast-featured-img":"","footer-sml-layout":"","theme-transparent-header-meta":"default","adv-header-id-meta":"","stick-header-meta":"default","header-above-stick-meta":"","header-main-stick-meta":"","header-below-stick-meta":"","astra-migrate-meta-layouts":"set","ast-page-background-enabled":"default","ast-page-background-meta":{"desktop":{"background-color":"var(--ast-global-color-4)","background-image":"","background-repeat":"repeat","background-position":"center center","background-size":"auto","background-attachment":"scroll","background-type":"","background-media":"","overlay-type":"","overlay-color":"","overlay-opacity":"","overlay-gradient":""},"tablet":{"background-color":"","background-image":"","background-repeat":"repeat","background-position":"center center","background-size":"auto","background-attachment":"scroll","background-type":"","background-media":"","overlay-type":"","overlay-color":"","overlay-opacity":"","overlay-gradient":""},"mobile":{"background-color":"","background-image":"","background-repeat":"repeat","background-position":"center center","background-size":"auto","background-attachment":"scroll","background-type":"","background-media":"","overlay-type":"","overlay-color":"","overlay-opacity":"","overlay-gradient":""}},"ast-content-background-meta":{"desktop":{"background-color":"var(--ast-global-color-5)","background-image":"","background-repeat":"repeat","background-position":"center center","background-size":"auto","background-attachment":"scroll","background-type":"","background-media":"","overlay-type":"","overlay-color":"","overlay-opacity":"","overlay-gradient":""},"tablet":{"background-color":"var(--ast-global-color-5)","background-image":"","background-repeat":"repeat","background-position":"center center","background-size":"auto","background-attachment":"scroll","background-type":"","background-media":"","overlay-type":"","overlay-color":"","overlay-opacity":"","overlay-gradient":""},"mobile":{"background-color":"var(--ast-global-color-5)","background-image":"","background-repeat":"repeat","background-position":"center center","background-size":"auto","background-attachment":"scroll","background-type":"","background-media":"","overlay-type":"","overlay-color":"","overlay-opacity":"","overlay-gradient":""}}},"tags":[],"products":[],"class_list":["post-1504","product","type-product","status-publish","has-post-thumbnail","hentry"],"acf":[],"yoast_head":"<!-- This site is optimized with the Yoast SEO plugin v26.7 - https:\/\/yoast.com\/wordpress\/plugins\/seo\/ -->\n<title>organic peroxide, organic peroxide manufacturer, organic peroxide supplier, polymerization initiator, crosslinking agent, curing agent, rubber chemicals, plastic additives, EVA crosslinking agent, cable peroxide, photovoltaic materials<\/title>\n<meta name=\"description\" content=\"organic peroxide, organic peroxide manufacturer, organic peroxide supplier, polymerization initiator, crosslinking agent, curing agent, rubber chemicals, plastic additives, EVA crosslinking agent, cable peroxide, photovoltaic materials\" \/>\n<meta name=\"robots\" content=\"noindex, follow, max-snippet:-1, max-image-preview:large, max-video-preview:-1\" \/>\n<meta property=\"og:locale\" content=\"es_ES\" \/>\n<meta property=\"og:type\" content=\"article\" \/>\n<meta property=\"og:title\" content=\"organic peroxide, organic peroxide manufacturer, organic peroxide supplier, polymerization initiator, crosslinking agent, curing agent, rubber chemicals, plastic additives, EVA crosslinking agent, cable peroxide, photovoltaic materials\" \/>\n<meta property=\"og:description\" content=\"organic peroxide, organic peroxide manufacturer, organic peroxide supplier, polymerization initiator, crosslinking agent, curing agent, rubber chemicals, plastic additives, EVA crosslinking agent, cable peroxide, photovoltaic materials\" \/>\n<meta property=\"og:url\" content=\"https:\/\/sinomorechem.com\/es_ar\/product\/tert-amyl-peroxy-2-ethylhexanoate-tapo-\u8fc7\u6c27\u5316-2-\u4e59\u57fa\u5df1\u9178\u53d4\u620a\u916f\/\" \/>\n<meta property=\"og:site_name\" content=\"Organic Peroxide Manufacturer &amp; Supplier | Sinomore\" \/>\n<meta property=\"article:modified_time\" content=\"2026-01-19T05:42:26+00:00\" \/>\n<meta property=\"og:image\" content=\"https:\/\/sinomorechem.com\/wp-content\/uploads\/2026\/01\/5.-\u8fc7\u6c27\u5316-2-\u4e59\u57fa\u5df1\u9178\u53d4\u620a\u916fTAPO-1.png\" \/>\n\t<meta property=\"og:image:width\" content=\"330\" \/>\n\t<meta property=\"og:image:height\" content=\"320\" \/>\n\t<meta property=\"og:image:type\" content=\"image\/png\" \/>\n<meta name=\"twitter:card\" content=\"summary_large_image\" \/>\n<meta name=\"twitter:label1\" content=\"Tiempo de lectura\" \/>\n\t<meta name=\"twitter:data1\" content=\"1 minuto\" \/>\n<script type=\"application\/ld+json\" class=\"yoast-schema-graph\">{\"@context\":\"https:\/\/schema.org\",\"@graph\":[{\"@type\":\"WebPage\",\"@id\":\"https:\/\/sinomorechem.com\/product\/tert-amyl-peroxy-2-ethylhexanoate-tapo-%e8%bf%87%e6%b0%a7%e5%8c%96-2-%e4%b9%99%e5%9f%ba%e5%b7%b1%e9%85%b8%e5%8f%94%e6%88%8a%e9%85%af\",\"url\":\"https:\/\/sinomorechem.com\/product\/tert-amyl-peroxy-2-ethylhexanoate-tapo-%e8%bf%87%e6%b0%a7%e5%8c%96-2-%e4%b9%99%e5%9f%ba%e5%b7%b1%e9%85%b8%e5%8f%94%e6%88%8a%e9%85%af\",\"name\":\"organic peroxide, organic peroxide manufacturer, organic peroxide supplier, polymerization initiator, crosslinking agent, curing agent, rubber chemicals, plastic additives, EVA crosslinking agent, cable peroxide, photovoltaic materials\",\"isPartOf\":{\"@id\":\"https:\/\/sinomorechem.com\/#website\"},\"primaryImageOfPage\":{\"@id\":\"https:\/\/sinomorechem.com\/product\/tert-amyl-peroxy-2-ethylhexanoate-tapo-%e8%bf%87%e6%b0%a7%e5%8c%96-2-%e4%b9%99%e5%9f%ba%e5%b7%b1%e9%85%b8%e5%8f%94%e6%88%8a%e9%85%af#primaryimage\"},\"image\":{\"@id\":\"https:\/\/sinomorechem.com\/product\/tert-amyl-peroxy-2-ethylhexanoate-tapo-%e8%bf%87%e6%b0%a7%e5%8c%96-2-%e4%b9%99%e5%9f%ba%e5%b7%b1%e9%85%b8%e5%8f%94%e6%88%8a%e9%85%af#primaryimage\"},\"thumbnailUrl\":\"https:\/\/sinomorechem.com\/wp-content\/uploads\/2026\/01\/5.-\u8fc7\u6c27\u5316-2-\u4e59\u57fa\u5df1\u9178\u53d4\u620a\u916fTAPO-1.png\",\"datePublished\":\"2026-01-13T08:59:30+00:00\",\"dateModified\":\"2026-01-19T05:42:26+00:00\",\"description\":\"organic peroxide, organic peroxide manufacturer, organic peroxide supplier, polymerization initiator, crosslinking agent, curing agent, rubber chemicals, plastic additives, EVA crosslinking agent, cable peroxide, photovoltaic materials\",\"breadcrumb\":{\"@id\":\"https:\/\/sinomorechem.com\/product\/tert-amyl-peroxy-2-ethylhexanoate-tapo-%e8%bf%87%e6%b0%a7%e5%8c%96-2-%e4%b9%99%e5%9f%ba%e5%b7%b1%e9%85%b8%e5%8f%94%e6%88%8a%e9%85%af#breadcrumb\"},\"inLanguage\":\"es-AR\",\"potentialAction\":[{\"@type\":\"ReadAction\",\"target\":[\"https:\/\/sinomorechem.com\/product\/tert-amyl-peroxy-2-ethylhexanoate-tapo-%e8%bf%87%e6%b0%a7%e5%8c%96-2-%e4%b9%99%e5%9f%ba%e5%b7%b1%e9%85%b8%e5%8f%94%e6%88%8a%e9%85%af\"]}]},{\"@type\":\"ImageObject\",\"inLanguage\":\"es-AR\",\"@id\":\"https:\/\/sinomorechem.com\/product\/tert-amyl-peroxy-2-ethylhexanoate-tapo-%e8%bf%87%e6%b0%a7%e5%8c%96-2-%e4%b9%99%e5%9f%ba%e5%b7%b1%e9%85%b8%e5%8f%94%e6%88%8a%e9%85%af#primaryimage\",\"url\":\"https:\/\/sinomorechem.com\/wp-content\/uploads\/2026\/01\/5.-\u8fc7\u6c27\u5316-2-\u4e59\u57fa\u5df1\u9178\u53d4\u620a\u916fTAPO-1.png\",\"contentUrl\":\"https:\/\/sinomorechem.com\/wp-content\/uploads\/2026\/01\/5.-\u8fc7\u6c27\u5316-2-\u4e59\u57fa\u5df1\u9178\u53d4\u620a\u916fTAPO-1.png\",\"width\":330,\"height\":320},{\"@type\":\"BreadcrumbList\",\"@id\":\"https:\/\/sinomorechem.com\/product\/tert-amyl-peroxy-2-ethylhexanoate-tapo-%e8%bf%87%e6%b0%a7%e5%8c%96-2-%e4%b9%99%e5%9f%ba%e5%b7%b1%e9%85%b8%e5%8f%94%e6%88%8a%e9%85%af#breadcrumb\",\"itemListElement\":[{\"@type\":\"ListItem\",\"position\":1,\"name\":\"Home\",\"item\":\"https:\/\/sinomorechem.com\/\"},{\"@type\":\"ListItem\",\"position\":2,\"name\":\"Products\",\"item\":\"https:\/\/sinomorechem.com\/product\"},{\"@type\":\"ListItem\",\"position\":3,\"name\":\"Tert-Amyl Peroxy-2-Ethylhexanoate (TAPO)\"}]},{\"@type\":\"WebSite\",\"@id\":\"https:\/\/sinomorechem.com\/#website\",\"url\":\"https:\/\/sinomorechem.com\/\",\"name\":\"Organic Peroxide Manufacturer &amp; Supplier | Sinomore\",\"description\":\"Sinomore is a professional manufacturer and supplier of organic peroxides, providing high-quality products for polymerization, crosslinking, curing, and specialty chemical applications. Our products are widely used in rubber, plastics, EVA, cable, and photovoltaic industries, with reliable quality and global supply capabilities.\",\"publisher\":{\"@id\":\"https:\/\/sinomorechem.com\/#organization\"},\"potentialAction\":[{\"@type\":\"SearchAction\",\"target\":{\"@type\":\"EntryPoint\",\"urlTemplate\":\"https:\/\/sinomorechem.com\/?s={search_term_string}\"},\"query-input\":{\"@type\":\"PropertyValueSpecification\",\"valueRequired\":true,\"valueName\":\"search_term_string\"}}],\"inLanguage\":\"es-AR\"},{\"@type\":\"Organization\",\"@id\":\"https:\/\/sinomorechem.com\/#organization\",\"name\":\"Organic Peroxide Manufacturer &amp; Supplier | Sinomore\",\"url\":\"https:\/\/sinomorechem.com\/\",\"logo\":{\"@type\":\"ImageObject\",\"inLanguage\":\"es-AR\",\"@id\":\"https:\/\/sinomorechem.com\/#\/schema\/logo\/image\/\",\"url\":\"https:\/\/sinomorechem.com\/wp-content\/uploads\/2026\/01\/\u6700\u7ec8\u7248-01.png\",\"contentUrl\":\"https:\/\/sinomorechem.com\/wp-content\/uploads\/2026\/01\/\u6700\u7ec8\u7248-01.png\",\"width\":1240,\"height\":1377,\"caption\":\"Organic Peroxide Manufacturer &amp; Supplier | Sinomore\"},\"image\":{\"@id\":\"https:\/\/sinomorechem.com\/#\/schema\/logo\/image\/\"}}]}<\/script>\n<!-- \/ Yoast SEO plugin. -->","yoast_head_json":{"title":"per\u00f3xido org\u00e1nico, fabricante de per\u00f3xido org\u00e1nico, proveedor de per\u00f3xido org\u00e1nico, iniciador de polimerizaci\u00f3n, agente reticulante, agente de curado, productos qu\u00edmicos para caucho, aditivos para pl\u00e1sticos, agente reticulante para EVA, per\u00f3xido para cables, materiales fotovoltaicos","description":"per\u00f3xido org\u00e1nico, fabricante de per\u00f3xido org\u00e1nico, proveedor de per\u00f3xido org\u00e1nico, iniciador de polimerizaci\u00f3n, agente reticulante, agente de curado, productos qu\u00edmicos para caucho, aditivos para pl\u00e1sticos, agente reticulante para EVA, per\u00f3xido para cables, materiales fotovoltaicos","robots":{"index":"noindex","follow":"follow","max-snippet":"max-snippet:-1","max-image-preview":"max-image-preview:large","max-video-preview":"max-video-preview:-1"},"og_locale":"es_ES","og_type":"article","og_title":"organic peroxide, organic peroxide manufacturer, organic peroxide supplier, polymerization initiator, crosslinking agent, curing agent, rubber chemicals, plastic additives, EVA crosslinking agent, cable peroxide, photovoltaic materials","og_description":"organic peroxide, organic peroxide manufacturer, organic peroxide supplier, polymerization initiator, crosslinking agent, curing agent, rubber chemicals, plastic additives, EVA crosslinking agent, cable peroxide, photovoltaic materials","og_url":"https:\/\/sinomorechem.com\/es_ar\/product\/tert-amyl-peroxy-2-ethylhexanoate-tapo-\u8fc7\u6c27\u5316-2-\u4e59\u57fa\u5df1\u9178\u53d4\u620a\u916f\/","og_site_name":"Organic Peroxide Manufacturer &amp; Supplier | Sinomore","article_modified_time":"2026-01-19T05:42:26+00:00","og_image":[{"width":330,"height":320,"url":"https:\/\/sinomorechem.com\/wp-content\/uploads\/2026\/01\/5.-\u8fc7\u6c27\u5316-2-\u4e59\u57fa\u5df1\u9178\u53d4\u620a\u916fTAPO-1.png","type":"image\/png"}],"twitter_card":"summary_large_image","twitter_misc":{"Tiempo de lectura":"1 minuto"},"schema":{"@context":"https:\/\/schema.org","@graph":[{"@type":"WebPage","@id":"https:\/\/sinomorechem.com\/product\/tert-amyl-peroxy-2-ethylhexanoate-tapo-%e8%bf%87%e6%b0%a7%e5%8c%96-2-%e4%b9%99%e5%9f%ba%e5%b7%b1%e9%85%b8%e5%8f%94%e6%88%8a%e9%85%af","url":"https:\/\/sinomorechem.com\/product\/tert-amyl-peroxy-2-ethylhexanoate-tapo-%e8%bf%87%e6%b0%a7%e5%8c%96-2-%e4%b9%99%e5%9f%ba%e5%b7%b1%e9%85%b8%e5%8f%94%e6%88%8a%e9%85%af","name":"per\u00f3xido org\u00e1nico, fabricante de per\u00f3xido org\u00e1nico, proveedor de per\u00f3xido org\u00e1nico, iniciador de polimerizaci\u00f3n, agente reticulante, agente de curado, productos qu\u00edmicos para caucho, aditivos para pl\u00e1sticos, agente reticulante para EVA, per\u00f3xido para cables, materiales fotovoltaicos","isPartOf":{"@id":"https:\/\/sinomorechem.com\/#website"},"primaryImageOfPage":{"@id":"https:\/\/sinomorechem.com\/product\/tert-amyl-peroxy-2-ethylhexanoate-tapo-%e8%bf%87%e6%b0%a7%e5%8c%96-2-%e4%b9%99%e5%9f%ba%e5%b7%b1%e9%85%b8%e5%8f%94%e6%88%8a%e9%85%af#primaryimage"},"image":{"@id":"https:\/\/sinomorechem.com\/product\/tert-amyl-peroxy-2-ethylhexanoate-tapo-%e8%bf%87%e6%b0%a7%e5%8c%96-2-%e4%b9%99%e5%9f%ba%e5%b7%b1%e9%85%b8%e5%8f%94%e6%88%8a%e9%85%af#primaryimage"},"thumbnailUrl":"https:\/\/sinomorechem.com\/wp-content\/uploads\/2026\/01\/5.-\u8fc7\u6c27\u5316-2-\u4e59\u57fa\u5df1\u9178\u53d4\u620a\u916fTAPO-1.png","datePublished":"2026-01-13T08:59:30+00:00","dateModified":"2026-01-19T05:42:26+00:00","description":"per\u00f3xido org\u00e1nico, fabricante de per\u00f3xido org\u00e1nico, proveedor de per\u00f3xido org\u00e1nico, iniciador de polimerizaci\u00f3n, agente reticulante, agente de curado, productos qu\u00edmicos para caucho, aditivos para pl\u00e1sticos, agente reticulante para EVA, per\u00f3xido para cables, materiales fotovoltaicos","breadcrumb":{"@id":"https:\/\/sinomorechem.com\/product\/tert-amyl-peroxy-2-ethylhexanoate-tapo-%e8%bf%87%e6%b0%a7%e5%8c%96-2-%e4%b9%99%e5%9f%ba%e5%b7%b1%e9%85%b8%e5%8f%94%e6%88%8a%e9%85%af#breadcrumb"},"inLanguage":"es-AR","potentialAction":[{"@type":"ReadAction","target":["https:\/\/sinomorechem.com\/product\/tert-amyl-peroxy-2-ethylhexanoate-tapo-%e8%bf%87%e6%b0%a7%e5%8c%96-2-%e4%b9%99%e5%9f%ba%e5%b7%b1%e9%85%b8%e5%8f%94%e6%88%8a%e9%85%af"]}]},{"@type":"ImageObject","inLanguage":"es-AR","@id":"https:\/\/sinomorechem.com\/product\/tert-amyl-peroxy-2-ethylhexanoate-tapo-%e8%bf%87%e6%b0%a7%e5%8c%96-2-%e4%b9%99%e5%9f%ba%e5%b7%b1%e9%85%b8%e5%8f%94%e6%88%8a%e9%85%af#primaryimage","url":"https:\/\/sinomorechem.com\/wp-content\/uploads\/2026\/01\/5.-\u8fc7\u6c27\u5316-2-\u4e59\u57fa\u5df1\u9178\u53d4\u620a\u916fTAPO-1.png","contentUrl":"https:\/\/sinomorechem.com\/wp-content\/uploads\/2026\/01\/5.-\u8fc7\u6c27\u5316-2-\u4e59\u57fa\u5df1\u9178\u53d4\u620a\u916fTAPO-1.png","width":330,"height":320},{"@type":"BreadcrumbList","@id":"https:\/\/sinomorechem.com\/product\/tert-amyl-peroxy-2-ethylhexanoate-tapo-%e8%bf%87%e6%b0%a7%e5%8c%96-2-%e4%b9%99%e5%9f%ba%e5%b7%b1%e9%85%b8%e5%8f%94%e6%88%8a%e9%85%af#breadcrumb","itemListElement":[{"@type":"ListItem","position":1,"name":"Home","item":"https:\/\/sinomorechem.com\/"},{"@type":"ListItem","position":2,"name":"Products","item":"https:\/\/sinomorechem.com\/product"},{"@type":"ListItem","position":3,"name":"Tert-Amyl Peroxy-2-Ethylhexanoate (TAPO)"}]},{"@type":"WebSite","@id":"https:\/\/sinomorechem.com\/#website","url":"https:\/\/sinomorechem.com\/","name":"Fabricante y proveedor de per\u00f3xido org\u00e1nico | Sinomore","description":"Sinomore es un fabricante y proveedor profesional de per\u00f3xidos org\u00e1nicos que ofrece productos de alta calidad para aplicaciones de polimerizaci\u00f3n, reticulaci\u00f3n, curado y especialidades qu\u00edmicas. Nuestros productos se utilizan ampliamente en caucho, pl\u00e1sticos, EVA, cables e industrias fotovoltaicas, con una calidad fiable y capacidad de suministro global.","publisher":{"@id":"https:\/\/sinomorechem.com\/#organization"},"potentialAction":[{"@type":"SearchAction","target":{"@type":"EntryPoint","urlTemplate":"https:\/\/sinomorechem.com\/?s={search_term_string}"},"query-input":{"@type":"PropertyValueSpecification","valueRequired":true,"valueName":"search_term_string"}}],"inLanguage":"es-AR"},{"@type":"Organization","@id":"https:\/\/sinomorechem.com\/#organization","name":"Fabricante y proveedor de per\u00f3xido org\u00e1nico | Sinomore","url":"https:\/\/sinomorechem.com\/","logo":{"@type":"ImageObject","inLanguage":"es-AR","@id":"https:\/\/sinomorechem.com\/#\/schema\/logo\/image\/","url":"https:\/\/sinomorechem.com\/wp-content\/uploads\/2026\/01\/\u6700\u7ec8\u7248-01.png","contentUrl":"https:\/\/sinomorechem.com\/wp-content\/uploads\/2026\/01\/\u6700\u7ec8\u7248-01.png","width":1240,"height":1377,"caption":"Organic Peroxide Manufacturer &amp; Supplier | Sinomore"},"image":{"@id":"https:\/\/sinomorechem.com\/#\/schema\/logo\/image\/"}}]}},"_links":{"self":[{"href":"https:\/\/sinomorechem.com\/es_ar\/wp-json\/wp\/v2\/product\/1504","targetHints":{"allow":["GET"]}}],"collection":[{"href":"https:\/\/sinomorechem.com\/es_ar\/wp-json\/wp\/v2\/product"}],"about":[{"href":"https:\/\/sinomorechem.com\/es_ar\/wp-json\/wp\/v2\/types\/product"}],"wp:featuredmedia":[{"embeddable":true,"href":"https:\/\/sinomorechem.com\/es_ar\/wp-json\/wp\/v2\/media\/1638"}],"wp:attachment":[{"href":"https:\/\/sinomorechem.com\/es_ar\/wp-json\/wp\/v2\/media?parent=1504"}],"wp:term":[{"taxonomy":"post_tag","embeddable":true,"href":"https:\/\/sinomorechem.com\/es_ar\/wp-json\/wp\/v2\/tags?post=1504"},{"taxonomy":"products","embeddable":true,"href":"https:\/\/sinomorechem.com\/es_ar\/wp-json\/wp\/v2\/products?post=1504"}],"curies":[{"name":"wp","href":"https:\/\/api.w.org\/{rel}","templated":true}]}}