 {"id":1556,"date":"2026-01-15T15:44:22","date_gmt":"2026-01-15T07:44:22","guid":{"rendered":"https:\/\/sinomorechem.com\/?post_type=product&#038;p=1556"},"modified":"2026-01-15T15:44:22","modified_gmt":"2026-01-15T07:44:22","slug":"369-triethyl-369-trimethyl-147-triperoxynonane-301","status":"publish","type":"product","link":"https:\/\/sinomorechem.com\/es_ar\/product\/369-triethyl-369-trimethyl-147-triperoxynonane-301","title":{"rendered":"3,6,9-Trietil-3,6,9-trimetil-1,4,7-triperoxinonano"},"content":{"rendered":"<p><strong><b>Nombre qu\u00edmico<\/b><\/strong><\/p>\n<ul>\n<li>3,6,9-Trietil-3,6,9-trimetil-1,4,7-triperoxinonano<\/li>\n<li><strong><b>\u522b\u540d<\/b><\/strong>\uff1aTEMPO\uff0cTETMTPA<\/li>\n<\/ul>\n<p><strong><b>Estructura<\/b><\/strong><\/p>\n<ul>\n<li>\u5206\u5b50\u5f0f\uff1aC\u2081\u2082H\u2082\u2084O\u2086<\/li>\n<li>\u5206\u5b50\u91cf (MW)\uff1a264.3<\/li>\n<li>N\u00ba CAS: \uff1a24748-23-0<\/li>\n<\/ul>\n<p><strong><b>Introducci\u00f3n<\/b><\/strong><\/p>\n<ul>\n<li>301 es un l\u00edquido transparente incoloro. Pertenece a los per\u00f3xidos org\u00e1nicos triper\u00f3xidos multifuncionales. Se utiliza principalmente para <strong><b>polipropileno (PP) vis-breaking<\/b><\/strong>, permitiendo una reducci\u00f3n controlada del peso molecular durante el procesamiento por fusi\u00f3n a alta temperatura.<\/li>\n<\/ul>\n<p><strong><b>Especificaciones<\/b><\/strong><\/p>\n<ul>\n<li>Aspecto : L\u00edquido incoloro<\/li>\n<li>Ensayo (%) : \u2265 41,0<\/li>\n<li>Ox\u00edgeno activo (%) : 7,30 - 7,60<\/li>\n<\/ul>\n<p><strong><b>Propiedades<\/b><\/strong><\/p>\n<ul>\n<li>Estado : L\u00edquido<\/li>\n<li>Densidad (g\/cm\u00b3) : 0.875<\/li>\n<li>Punto de inflamaci\u00f3n (\u00b0C) : 74<\/li>\n<li>Punto de congelaci\u00f3n (\u00b0C) : 10<\/li>\n<li>Ox\u00edgeno activo (%) : 18.16<\/li>\n<\/ul>\n<p><strong><b>Datos de vida media<\/b><\/strong><\/p>\n<ul>\n<li>Ea (kJ\/mol) : 152.23<\/li>\n<li>10h Vida media (\u00b0C) : 125<\/li>\n<li>1h Vida media (\u00b0C) : 146<\/li>\n<li>1 min Vida media (\u00b0C) : 170<\/li>\n<\/ul>\n<p><strong><b>Solubilidad<\/b><\/strong><\/p>\n<ul>\n<li>Soluble en alcoholes, \u00e9steres, \u00e9teres, hidrocarburos y otros disolventes org\u00e1nicos, insoluble en agua.<\/li>\n<\/ul>\n<p><strong><b>Datos de seguridad<\/b><\/strong><\/p>\n<ul>\n<li>SADT (\u00b0C) : 110<\/li>\n<li>Temperatura de alarma (\u00b0C) : 105<\/li>\n<li>N\u00ba ONU : 3105<\/li>\n<\/ul>\n<p><strong><b>Embalaje<\/b><\/strong><\/p>\n<ul>\n<li>20 kg<\/li>\n<li>Envasado en cubos de PE<\/li>\n<\/ul>\n<p><strong><b>Almacenamiento<\/b><\/strong><\/p>\n<ul>\n<li>Conservar a 10-40\u00b0C en lugar fresco y ventilado.<\/li>\n<\/ul>","protected":false},"featured_media":1557,"template":"","meta":{"_acf_changed":false,"site-sidebar-layout":"default","site-content-layout":"","ast-site-content-layout":"default","site-content-style":"default","site-sidebar-style":"default","ast-global-header-display":"","ast-banner-title-visibility":"","ast-main-header-display":"","ast-hfb-above-header-display":"","ast-hfb-below-header-display":"","ast-hfb-mobile-header-display":"","site-post-title":"","ast-breadcrumbs-content":"","ast-featured-img":"","footer-sml-layout":"","theme-transparent-header-meta":"default","adv-header-id-meta":"","stick-header-meta":"default","header-above-stick-meta":"","header-main-stick-meta":"","header-below-stick-meta":"","astra-migrate-meta-layouts":"set","ast-page-background-enabled":"default","ast-page-background-meta":{"desktop":{"background-color":"var(--ast-global-color-4)","background-image":"","background-repeat":"repeat","background-position":"center center","background-size":"auto","background-attachment":"scroll","background-type":"","background-media":"","overlay-type":"","overlay-color":"","overlay-opacity":"","overlay-gradient":""},"tablet":{"background-color":"","background-image":"","background-repeat":"repeat","background-position":"center center","background-size":"auto","background-attachment":"scroll","background-type":"","background-media":"","overlay-type":"","overlay-color":"","overlay-opacity":"","overlay-gradient":""},"mobile":{"background-color":"","background-image":"","background-repeat":"repeat","background-position":"center center","background-size":"auto","background-attachment":"scroll","background-type":"","background-media":"","overlay-type":"","overlay-color":"","overlay-opacity":"","overlay-gradient":""}},"ast-content-background-meta":{"desktop":{"background-color":"var(--ast-global-color-5)","background-image":"","background-repeat":"repeat","background-position":"center center","background-size":"auto","background-attachment":"scroll","background-type":"","background-media":"","overlay-type":"","overlay-color":"","overlay-opacity":"","overlay-gradient":""},"tablet":{"background-color":"var(--ast-global-color-5)","background-image":"","background-repeat":"repeat","background-position":"center center","background-size":"auto","background-attachment":"scroll","background-type":"","background-media":"","overlay-type":"","overlay-color":"","overlay-opacity":"","overlay-gradient":""},"mobile":{"background-color":"var(--ast-global-color-5)","background-image":"","background-repeat":"repeat","background-position":"center center","background-size":"auto","background-attachment":"scroll","background-type":"","background-media":"","overlay-type":"","overlay-color":"","overlay-opacity":"","overlay-gradient":""}}},"tags":[],"products":[],"class_list":["post-1556","product","type-product","status-publish","has-post-thumbnail","hentry"],"acf":[],"yoast_head":"<!-- This site is optimized with the Yoast SEO plugin v26.7 - https:\/\/yoast.com\/wordpress\/plugins\/seo\/ -->\n<title>organic peroxide, organic peroxide manufacturer, organic peroxide supplier, polymerization initiator, crosslinking agent, curing agent, rubber chemicals, plastic additives, EVA crosslinking agent, cable peroxide, photovoltaic materials<\/title>\n<meta name=\"description\" content=\"organic peroxide, organic peroxide manufacturer, organic peroxide supplier, polymerization initiator, crosslinking agent, curing agent, rubber chemicals, plastic additives, EVA crosslinking agent, cable peroxide, photovoltaic materials\" \/>\n<meta name=\"robots\" content=\"noindex, follow, max-snippet:-1, max-image-preview:large, max-video-preview:-1\" \/>\n<meta property=\"og:locale\" content=\"es_ES\" \/>\n<meta property=\"og:type\" content=\"article\" \/>\n<meta property=\"og:title\" content=\"organic peroxide, organic peroxide manufacturer, organic peroxide supplier, polymerization initiator, crosslinking agent, curing agent, rubber chemicals, plastic additives, EVA crosslinking agent, cable peroxide, photovoltaic materials\" \/>\n<meta property=\"og:description\" content=\"organic peroxide, organic peroxide manufacturer, organic peroxide supplier, polymerization initiator, crosslinking agent, curing agent, rubber chemicals, plastic additives, EVA crosslinking agent, cable peroxide, photovoltaic materials\" \/>\n<meta property=\"og:url\" content=\"https:\/\/sinomorechem.com\/es_ar\/product\/369-triethyl-369-trimethyl-147-triperoxynonane-301\/\" \/>\n<meta property=\"og:site_name\" content=\"Organic Peroxide Manufacturer &amp; Supplier | Sinomore\" \/>\n<meta property=\"og:image\" content=\"https:\/\/sinomorechem.com\/wp-content\/uploads\/2026\/01\/17.-369-\u4e09\u4e59\u57fa-369-\u4e09\u7532\u57fa-147-\u4e09\u8fc7\u6c27\u58ec\u70f7-301.png\" \/>\n\t<meta property=\"og:image:width\" content=\"332\" \/>\n\t<meta property=\"og:image:height\" content=\"318\" \/>\n\t<meta property=\"og:image:type\" content=\"image\/png\" \/>\n<meta name=\"twitter:card\" content=\"summary_large_image\" \/>\n<meta name=\"twitter:label1\" content=\"Tiempo de lectura\" \/>\n\t<meta name=\"twitter:data1\" content=\"1 minuto\" \/>\n<script type=\"application\/ld+json\" class=\"yoast-schema-graph\">{\"@context\":\"https:\/\/schema.org\",\"@graph\":[{\"@type\":\"WebPage\",\"@id\":\"https:\/\/sinomorechem.com\/product\/369-triethyl-369-trimethyl-147-triperoxynonane-301\",\"url\":\"https:\/\/sinomorechem.com\/product\/369-triethyl-369-trimethyl-147-triperoxynonane-301\",\"name\":\"organic peroxide, organic peroxide manufacturer, organic peroxide supplier, polymerization initiator, crosslinking agent, curing agent, rubber chemicals, plastic additives, EVA crosslinking agent, cable peroxide, photovoltaic materials\",\"isPartOf\":{\"@id\":\"https:\/\/sinomorechem.com\/#website\"},\"primaryImageOfPage\":{\"@id\":\"https:\/\/sinomorechem.com\/product\/369-triethyl-369-trimethyl-147-triperoxynonane-301#primaryimage\"},\"image\":{\"@id\":\"https:\/\/sinomorechem.com\/product\/369-triethyl-369-trimethyl-147-triperoxynonane-301#primaryimage\"},\"thumbnailUrl\":\"https:\/\/sinomorechem.com\/wp-content\/uploads\/2026\/01\/17.-369-\u4e09\u4e59\u57fa-369-\u4e09\u7532\u57fa-147-\u4e09\u8fc7\u6c27\u58ec\u70f7-301.png\",\"datePublished\":\"2026-01-15T07:44:22+00:00\",\"description\":\"organic peroxide, organic peroxide manufacturer, organic peroxide supplier, polymerization initiator, crosslinking agent, curing agent, rubber chemicals, plastic additives, EVA crosslinking agent, cable peroxide, photovoltaic materials\",\"breadcrumb\":{\"@id\":\"https:\/\/sinomorechem.com\/product\/369-triethyl-369-trimethyl-147-triperoxynonane-301#breadcrumb\"},\"inLanguage\":\"es-AR\",\"potentialAction\":[{\"@type\":\"ReadAction\",\"target\":[\"https:\/\/sinomorechem.com\/product\/369-triethyl-369-trimethyl-147-triperoxynonane-301\"]}]},{\"@type\":\"ImageObject\",\"inLanguage\":\"es-AR\",\"@id\":\"https:\/\/sinomorechem.com\/product\/369-triethyl-369-trimethyl-147-triperoxynonane-301#primaryimage\",\"url\":\"https:\/\/sinomorechem.com\/wp-content\/uploads\/2026\/01\/17.-369-\u4e09\u4e59\u57fa-369-\u4e09\u7532\u57fa-147-\u4e09\u8fc7\u6c27\u58ec\u70f7-301.png\",\"contentUrl\":\"https:\/\/sinomorechem.com\/wp-content\/uploads\/2026\/01\/17.-369-\u4e09\u4e59\u57fa-369-\u4e09\u7532\u57fa-147-\u4e09\u8fc7\u6c27\u58ec\u70f7-301.png\",\"width\":332,\"height\":318},{\"@type\":\"BreadcrumbList\",\"@id\":\"https:\/\/sinomorechem.com\/product\/369-triethyl-369-trimethyl-147-triperoxynonane-301#breadcrumb\",\"itemListElement\":[{\"@type\":\"ListItem\",\"position\":1,\"name\":\"Home\",\"item\":\"https:\/\/sinomorechem.com\/\"},{\"@type\":\"ListItem\",\"position\":2,\"name\":\"Products\",\"item\":\"https:\/\/sinomorechem.com\/product\"},{\"@type\":\"ListItem\",\"position\":3,\"name\":\"3,6,9-Triethyl-3,6,9-Trimethyl-1,4,7-Triperoxynonane (301)\"}]},{\"@type\":\"WebSite\",\"@id\":\"https:\/\/sinomorechem.com\/#website\",\"url\":\"https:\/\/sinomorechem.com\/\",\"name\":\"Organic Peroxide Manufacturer &amp; Supplier | Sinomore\",\"description\":\"Sinomore is a professional manufacturer and supplier of organic peroxides, providing high-quality products for polymerization, crosslinking, curing, and specialty chemical applications. Our products are widely used in rubber, plastics, EVA, cable, and photovoltaic industries, with reliable quality and global supply capabilities.\",\"publisher\":{\"@id\":\"https:\/\/sinomorechem.com\/#organization\"},\"potentialAction\":[{\"@type\":\"SearchAction\",\"target\":{\"@type\":\"EntryPoint\",\"urlTemplate\":\"https:\/\/sinomorechem.com\/?s={search_term_string}\"},\"query-input\":{\"@type\":\"PropertyValueSpecification\",\"valueRequired\":true,\"valueName\":\"search_term_string\"}}],\"inLanguage\":\"es-AR\"},{\"@type\":\"Organization\",\"@id\":\"https:\/\/sinomorechem.com\/#organization\",\"name\":\"Organic Peroxide Manufacturer &amp; Supplier | Sinomore\",\"url\":\"https:\/\/sinomorechem.com\/\",\"logo\":{\"@type\":\"ImageObject\",\"inLanguage\":\"es-AR\",\"@id\":\"https:\/\/sinomorechem.com\/#\/schema\/logo\/image\/\",\"url\":\"https:\/\/sinomorechem.com\/wp-content\/uploads\/2026\/01\/\u6700\u7ec8\u7248-01.png\",\"contentUrl\":\"https:\/\/sinomorechem.com\/wp-content\/uploads\/2026\/01\/\u6700\u7ec8\u7248-01.png\",\"width\":1240,\"height\":1377,\"caption\":\"Organic Peroxide Manufacturer &amp; Supplier | Sinomore\"},\"image\":{\"@id\":\"https:\/\/sinomorechem.com\/#\/schema\/logo\/image\/\"}}]}<\/script>\n<!-- \/ Yoast SEO plugin. -->","yoast_head_json":{"title":"per\u00f3xido org\u00e1nico, fabricante de per\u00f3xido org\u00e1nico, proveedor de per\u00f3xido org\u00e1nico, iniciador de polimerizaci\u00f3n, agente reticulante, agente de curado, productos qu\u00edmicos para caucho, aditivos para pl\u00e1sticos, agente reticulante para EVA, per\u00f3xido para cables, materiales fotovoltaicos","description":"per\u00f3xido org\u00e1nico, fabricante de per\u00f3xido org\u00e1nico, proveedor de per\u00f3xido org\u00e1nico, iniciador de polimerizaci\u00f3n, agente reticulante, agente de curado, productos qu\u00edmicos para caucho, aditivos para pl\u00e1sticos, agente reticulante para EVA, per\u00f3xido para cables, materiales fotovoltaicos","robots":{"index":"noindex","follow":"follow","max-snippet":"max-snippet:-1","max-image-preview":"max-image-preview:large","max-video-preview":"max-video-preview:-1"},"og_locale":"es_ES","og_type":"article","og_title":"organic peroxide, organic peroxide manufacturer, organic peroxide supplier, polymerization initiator, crosslinking agent, curing agent, rubber chemicals, plastic additives, EVA crosslinking agent, cable peroxide, photovoltaic materials","og_description":"organic peroxide, organic peroxide manufacturer, organic peroxide supplier, polymerization initiator, crosslinking agent, curing agent, rubber chemicals, plastic additives, EVA crosslinking agent, cable peroxide, photovoltaic materials","og_url":"https:\/\/sinomorechem.com\/es_ar\/product\/369-triethyl-369-trimethyl-147-triperoxynonane-301\/","og_site_name":"Organic Peroxide Manufacturer &amp; Supplier | Sinomore","og_image":[{"width":332,"height":318,"url":"https:\/\/sinomorechem.com\/wp-content\/uploads\/2026\/01\/17.-369-\u4e09\u4e59\u57fa-369-\u4e09\u7532\u57fa-147-\u4e09\u8fc7\u6c27\u58ec\u70f7-301.png","type":"image\/png"}],"twitter_card":"summary_large_image","twitter_misc":{"Tiempo de lectura":"1 minuto"},"schema":{"@context":"https:\/\/schema.org","@graph":[{"@type":"WebPage","@id":"https:\/\/sinomorechem.com\/product\/369-triethyl-369-trimethyl-147-triperoxynonane-301","url":"https:\/\/sinomorechem.com\/product\/369-triethyl-369-trimethyl-147-triperoxynonane-301","name":"per\u00f3xido org\u00e1nico, fabricante de per\u00f3xido org\u00e1nico, proveedor de per\u00f3xido org\u00e1nico, iniciador de polimerizaci\u00f3n, agente reticulante, agente de curado, productos qu\u00edmicos para caucho, aditivos para pl\u00e1sticos, agente reticulante para EVA, per\u00f3xido para cables, materiales fotovoltaicos","isPartOf":{"@id":"https:\/\/sinomorechem.com\/#website"},"primaryImageOfPage":{"@id":"https:\/\/sinomorechem.com\/product\/369-triethyl-369-trimethyl-147-triperoxynonane-301#primaryimage"},"image":{"@id":"https:\/\/sinomorechem.com\/product\/369-triethyl-369-trimethyl-147-triperoxynonane-301#primaryimage"},"thumbnailUrl":"https:\/\/sinomorechem.com\/wp-content\/uploads\/2026\/01\/17.-369-\u4e09\u4e59\u57fa-369-\u4e09\u7532\u57fa-147-\u4e09\u8fc7\u6c27\u58ec\u70f7-301.png","datePublished":"2026-01-15T07:44:22+00:00","description":"per\u00f3xido org\u00e1nico, fabricante de per\u00f3xido org\u00e1nico, proveedor de per\u00f3xido org\u00e1nico, iniciador de polimerizaci\u00f3n, agente reticulante, agente de curado, productos qu\u00edmicos para caucho, aditivos para pl\u00e1sticos, agente reticulante para EVA, per\u00f3xido para cables, materiales fotovoltaicos","breadcrumb":{"@id":"https:\/\/sinomorechem.com\/product\/369-triethyl-369-trimethyl-147-triperoxynonane-301#breadcrumb"},"inLanguage":"es-AR","potentialAction":[{"@type":"ReadAction","target":["https:\/\/sinomorechem.com\/product\/369-triethyl-369-trimethyl-147-triperoxynonane-301"]}]},{"@type":"ImageObject","inLanguage":"es-AR","@id":"https:\/\/sinomorechem.com\/product\/369-triethyl-369-trimethyl-147-triperoxynonane-301#primaryimage","url":"https:\/\/sinomorechem.com\/wp-content\/uploads\/2026\/01\/17.-369-\u4e09\u4e59\u57fa-369-\u4e09\u7532\u57fa-147-\u4e09\u8fc7\u6c27\u58ec\u70f7-301.png","contentUrl":"https:\/\/sinomorechem.com\/wp-content\/uploads\/2026\/01\/17.-369-\u4e09\u4e59\u57fa-369-\u4e09\u7532\u57fa-147-\u4e09\u8fc7\u6c27\u58ec\u70f7-301.png","width":332,"height":318},{"@type":"BreadcrumbList","@id":"https:\/\/sinomorechem.com\/product\/369-triethyl-369-trimethyl-147-triperoxynonane-301#breadcrumb","itemListElement":[{"@type":"ListItem","position":1,"name":"Home","item":"https:\/\/sinomorechem.com\/"},{"@type":"ListItem","position":2,"name":"Products","item":"https:\/\/sinomorechem.com\/product"},{"@type":"ListItem","position":3,"name":"3,6,9-Triethyl-3,6,9-Trimethyl-1,4,7-Triperoxynonane (301)"}]},{"@type":"WebSite","@id":"https:\/\/sinomorechem.com\/#website","url":"https:\/\/sinomorechem.com\/","name":"Fabricante y proveedor de per\u00f3xido org\u00e1nico | Sinomore","description":"Sinomore es un fabricante y proveedor profesional de per\u00f3xidos org\u00e1nicos que ofrece productos de alta calidad para aplicaciones de polimerizaci\u00f3n, reticulaci\u00f3n, curado y especialidades qu\u00edmicas. Nuestros productos se utilizan ampliamente en caucho, pl\u00e1sticos, EVA, cables e industrias fotovoltaicas, con una calidad fiable y capacidad de suministro global.","publisher":{"@id":"https:\/\/sinomorechem.com\/#organization"},"potentialAction":[{"@type":"SearchAction","target":{"@type":"EntryPoint","urlTemplate":"https:\/\/sinomorechem.com\/?s={search_term_string}"},"query-input":{"@type":"PropertyValueSpecification","valueRequired":true,"valueName":"search_term_string"}}],"inLanguage":"es-AR"},{"@type":"Organization","@id":"https:\/\/sinomorechem.com\/#organization","name":"Fabricante y proveedor de per\u00f3xido org\u00e1nico | Sinomore","url":"https:\/\/sinomorechem.com\/","logo":{"@type":"ImageObject","inLanguage":"es-AR","@id":"https:\/\/sinomorechem.com\/#\/schema\/logo\/image\/","url":"https:\/\/sinomorechem.com\/wp-content\/uploads\/2026\/01\/\u6700\u7ec8\u7248-01.png","contentUrl":"https:\/\/sinomorechem.com\/wp-content\/uploads\/2026\/01\/\u6700\u7ec8\u7248-01.png","width":1240,"height":1377,"caption":"Organic Peroxide Manufacturer &amp; Supplier | Sinomore"},"image":{"@id":"https:\/\/sinomorechem.com\/#\/schema\/logo\/image\/"}}]}},"_links":{"self":[{"href":"https:\/\/sinomorechem.com\/es_ar\/wp-json\/wp\/v2\/product\/1556","targetHints":{"allow":["GET"]}}],"collection":[{"href":"https:\/\/sinomorechem.com\/es_ar\/wp-json\/wp\/v2\/product"}],"about":[{"href":"https:\/\/sinomorechem.com\/es_ar\/wp-json\/wp\/v2\/types\/product"}],"wp:featuredmedia":[{"embeddable":true,"href":"https:\/\/sinomorechem.com\/es_ar\/wp-json\/wp\/v2\/media\/1557"}],"wp:attachment":[{"href":"https:\/\/sinomorechem.com\/es_ar\/wp-json\/wp\/v2\/media?parent=1556"}],"wp:term":[{"taxonomy":"post_tag","embeddable":true,"href":"https:\/\/sinomorechem.com\/es_ar\/wp-json\/wp\/v2\/tags?post=1556"},{"taxonomy":"products","embeddable":true,"href":"https:\/\/sinomorechem.com\/es_ar\/wp-json\/wp\/v2\/products?post=1556"}],"curies":[{"name":"wp","href":"https:\/\/api.w.org\/{rel}","templated":true}]}}