 {"id":1580,"date":"2026-01-16T13:37:13","date_gmt":"2026-01-16T05:37:13","guid":{"rendered":"https:\/\/sinomorechem.com\/?post_type=product&#038;p=1580"},"modified":"2026-01-17T13:53:06","modified_gmt":"2026-01-17T05:53:06","slug":"di24-dichlorobenzoyl-peroxide-paste-50","status":"publish","type":"product","link":"https:\/\/sinomorechem.com\/es_ar\/product\/di24-dichlorobenzoyl-peroxide-paste-50","title":{"rendered":"Per\u00f3xido de di(2,4-diclorobenzoilo), pasta 50% (DCBP)"},"content":{"rendered":"<p><strong><b>Nombre qu\u00edmico<\/b><\/strong><\/p>\n<ul>\n<li>Per\u00f3xido de di(2,4-diclorobenzoilo)<\/li>\n<li><strong><b>Forma del producto<\/b><\/strong><br \/>\nPasta 50% (dispersa en aceite de silicona)<\/li>\n<\/ul>\n<p><strong><b>Estructura e informaci\u00f3n b\u00e1sica<\/b><\/strong><\/p>\n<ul>\n<li>\u5206\u5b50\u5f0f F\u00f3rmula molecular : C\u2081\u2084H\u2086Cl\u2084O\u2084<\/li>\n<li>\u5206\u5b50\u91cf Peso molecular : 380,0<\/li>\n<li>CAS \u53f7 N\u00ba CAS 133-14-2<\/li>\n<li>CE \/ EINECS n\u00ba 205-094-9<\/li>\n<li>Estado TSCA : Listado<\/li>\n<\/ul>\n<p><strong><b>Introducci\u00f3n<\/b><\/strong><\/p>\n<ul>\n<li>DCBP 50% es un per\u00f3xido diac\u00edlico org\u00e1nico de pasta blanca. Se utiliza principalmente como agente vulcanizante para caucho de silicona. Al calentarse, se descompone para generar radicales libres, lo que permite la reticulaci\u00f3n del caucho de silicona en procesos de moldeo, extrusi\u00f3n y otros procesos de curado.<\/li>\n<\/ul>\n<p><strong><b>Especificaciones<\/b><\/strong><\/p>\n<ul>\n<li>Aspecto : Pasta blanca<\/li>\n<li>Ensayo (%) : 49.0 - 51.0<\/li>\n<li>Agua (%) : \u2264 1,5<\/li>\n<li>Ox\u00edgeno activo (%) : 2,1 - 2,2<\/li>\n<\/ul>\n<p><strong><b>Propiedades<\/b><\/strong><\/p>\n<ul>\n<li>Estado : Pegar<\/li>\n<li>La forma en pasta mejora la seguridad de manipulaci\u00f3n y la dispersi\u00f3n en formulaciones de caucho de silicona<\/li>\n<\/ul>\n<p><strong><b>Datos de vida media<\/b><\/strong><\/p>\n<p><strong><b>Los datos de vida media del DCBP en clorobenceno son los siguientes:<\/b><\/strong><\/p>\n<ul>\n<li>0,1 h Vida media (\u00b0C) : 80<\/li>\n<li>1 h Vida media (\u00b0C) : 65<\/li>\n<li>10 h Vida media (\u00b0C) : 47<\/li>\n<li>Energ\u00eda de activaci\u00f3n Ea (kJ\/mol) : 122.35<\/li>\n<\/ul>\n<p><strong><b>Estabilidad t\u00e9rmica<\/b><\/strong><\/p>\n<ul>\n<li>Ts m\u00e1x (\u00b0C) : 30<\/li>\n<li>SADT (\u00b0C) : 60<\/li>\n<li>El producto presenta una buena estabilidad t\u00e9rmica en las condiciones de almacenamiento recomendadas<\/li>\n<\/ul>\n<p><strong><b>Principales productos de descomposici\u00f3n<\/b><\/strong><\/p>\n<ul>\n<li>Di\u00f3xido de carbono<\/li>\n<li>1,3-diclorobenceno<\/li>\n<li>2,4-diclorobenceno<\/li>\n<li>Trazas de bis(2,4-diclorobenceno)<\/li>\n<\/ul>\n<p><strong><b>Aplicaci\u00f3n<\/b><\/strong><\/p>\n<ul>\n<li>Aplicaci\u00f3n principal<br \/>\nVulcanizaci\u00f3n del caucho de silicona<\/li>\n<li>Temperatura de manipulaci\u00f3n segura : 75 \u00b0C<\/li>\n<li>Temperatura de curado recomendada : 90 \u00b0C<\/li>\n<li>Dosis recomendada : 1,1 - 2,3 %<\/li>\n<\/ul>\n<p><strong><b>Solubilidad<\/b><\/strong><\/p>\n<ul>\n<li>Insoluble en agua. Normalmente se utiliza como pasta dispersada directamente en formulaciones de caucho de silicona.<\/li>\n<\/ul>\n<p><strong><b>Datos de seguridad<\/b><\/strong><\/p>\n<ul>\n<li>Per\u00f3xido org\u00e1nico tipo D, s\u00f3lido : 5.2<\/li>\n<li>N\u00ba ONU : 3106<\/li>\n<\/ul>\n<p><strong><b>Embalaje<\/b><\/strong><\/p>\n<ul>\n<li>20 kg<br \/>\nCubo de PE con revestimiento interior de pl\u00e1stico<\/li>\n<\/ul>\n<p><strong><b>Almacenamiento<\/b><\/strong><\/p>\n<ul>\n<li>Conservar a temperatura inferior a 30 \u00b0C en lugar fresco y bien ventilado, alejado del calor y de la luz solar directa.<\/li>\n<\/ul>\n<p><strong><b>Precauciones de manipulaci\u00f3n<\/b><\/strong><\/p>\n<ul>\n<li>Mantener alejado del calor, chispas y llamas abiertas<\/li>\n<li>Evitar el contacto con agentes reductores, \u00e1cidos, bases y compuestos de metales pesados<\/li>\n<li>No pesar ni reenvasar en zonas de almacenamiento<\/li>\n<\/ul>\n<p>&nbsp;<\/p>","protected":false},"featured_media":1581,"template":"","meta":{"_acf_changed":false,"site-sidebar-layout":"default","site-content-layout":"","ast-site-content-layout":"default","site-content-style":"default","site-sidebar-style":"default","ast-global-header-display":"","ast-banner-title-visibility":"","ast-main-header-display":"","ast-hfb-above-header-display":"","ast-hfb-below-header-display":"","ast-hfb-mobile-header-display":"","site-post-title":"","ast-breadcrumbs-content":"","ast-featured-img":"","footer-sml-layout":"","theme-transparent-header-meta":"default","adv-header-id-meta":"","stick-header-meta":"default","header-above-stick-meta":"","header-main-stick-meta":"","header-below-stick-meta":"","astra-migrate-meta-layouts":"set","ast-page-background-enabled":"default","ast-page-background-meta":{"desktop":{"background-color":"var(--ast-global-color-4)","background-image":"","background-repeat":"repeat","background-position":"center center","background-size":"auto","background-attachment":"scroll","background-type":"","background-media":"","overlay-type":"","overlay-color":"","overlay-opacity":"","overlay-gradient":""},"tablet":{"background-color":"","background-image":"","background-repeat":"repeat","background-position":"center center","background-size":"auto","background-attachment":"scroll","background-type":"","background-media":"","overlay-type":"","overlay-color":"","overlay-opacity":"","overlay-gradient":""},"mobile":{"background-color":"","background-image":"","background-repeat":"repeat","background-position":"center center","background-size":"auto","background-attachment":"scroll","background-type":"","background-media":"","overlay-type":"","overlay-color":"","overlay-opacity":"","overlay-gradient":""}},"ast-content-background-meta":{"desktop":{"background-color":"var(--ast-global-color-5)","background-image":"","background-repeat":"repeat","background-position":"center center","background-size":"auto","background-attachment":"scroll","background-type":"","background-media":"","overlay-type":"","overlay-color":"","overlay-opacity":"","overlay-gradient":""},"tablet":{"background-color":"var(--ast-global-color-5)","background-image":"","background-repeat":"repeat","background-position":"center center","background-size":"auto","background-attachment":"scroll","background-type":"","background-media":"","overlay-type":"","overlay-color":"","overlay-opacity":"","overlay-gradient":""},"mobile":{"background-color":"var(--ast-global-color-5)","background-image":"","background-repeat":"repeat","background-position":"center center","background-size":"auto","background-attachment":"scroll","background-type":"","background-media":"","overlay-type":"","overlay-color":"","overlay-opacity":"","overlay-gradient":""}}},"tags":[],"products":[],"class_list":["post-1580","product","type-product","status-publish","has-post-thumbnail","hentry"],"acf":[],"yoast_head":"<!-- This site is optimized with the Yoast SEO plugin v26.7 - https:\/\/yoast.com\/wordpress\/plugins\/seo\/ -->\n<title>organic peroxide, organic peroxide manufacturer, organic peroxide supplier, polymerization initiator, crosslinking agent, curing agent, rubber chemicals, plastic additives, EVA crosslinking agent, cable peroxide, photovoltaic materials<\/title>\n<meta name=\"description\" content=\"organic peroxide, organic peroxide manufacturer, organic peroxide supplier, polymerization initiator, crosslinking agent, curing agent, rubber chemicals, plastic additives, EVA crosslinking agent, cable peroxide, photovoltaic materials\" \/>\n<meta name=\"robots\" content=\"noindex, follow, max-snippet:-1, max-image-preview:large, max-video-preview:-1\" \/>\n<meta property=\"og:locale\" content=\"es_ES\" \/>\n<meta property=\"og:type\" content=\"article\" \/>\n<meta property=\"og:title\" content=\"organic peroxide, organic peroxide manufacturer, organic peroxide supplier, polymerization initiator, crosslinking agent, curing agent, rubber chemicals, plastic additives, EVA crosslinking agent, cable peroxide, photovoltaic materials\" \/>\n<meta property=\"og:description\" content=\"organic peroxide, organic peroxide manufacturer, organic peroxide supplier, polymerization initiator, crosslinking agent, curing agent, rubber chemicals, plastic additives, EVA crosslinking agent, cable peroxide, photovoltaic materials\" \/>\n<meta property=\"og:url\" content=\"https:\/\/sinomorechem.com\/es_ar\/product\/di24-dichlorobenzoyl-peroxide-paste-50\/\" \/>\n<meta property=\"og:site_name\" content=\"Organic Peroxide Manufacturer &amp; Supplier | Sinomore\" \/>\n<meta property=\"article:modified_time\" content=\"2026-01-17T05:53:06+00:00\" \/>\n<meta property=\"og:image\" content=\"https:\/\/sinomorechem.com\/wp-content\/uploads\/2026\/01\/25.-\u8fc7\u6c27\u5316\u4e8c\uff0824-\u4e8c\u6c2f\u82ef\u7532\u9170\uff09DCBP.png\" \/>\n\t<meta property=\"og:image:width\" content=\"334\" \/>\n\t<meta property=\"og:image:height\" content=\"320\" \/>\n\t<meta property=\"og:image:type\" content=\"image\/png\" \/>\n<meta name=\"twitter:card\" content=\"summary_large_image\" \/>\n<meta name=\"twitter:label1\" content=\"Tiempo de lectura\" \/>\n\t<meta name=\"twitter:data1\" content=\"2 minutos\" \/>\n<script type=\"application\/ld+json\" class=\"yoast-schema-graph\">{\"@context\":\"https:\/\/schema.org\",\"@graph\":[{\"@type\":\"WebPage\",\"@id\":\"https:\/\/sinomorechem.com\/product\/di24-dichlorobenzoyl-peroxide-paste-50\",\"url\":\"https:\/\/sinomorechem.com\/product\/di24-dichlorobenzoyl-peroxide-paste-50\",\"name\":\"organic peroxide, organic peroxide manufacturer, organic peroxide supplier, polymerization initiator, crosslinking agent, curing agent, rubber chemicals, plastic additives, EVA crosslinking agent, cable peroxide, photovoltaic materials\",\"isPartOf\":{\"@id\":\"https:\/\/sinomorechem.com\/#website\"},\"primaryImageOfPage\":{\"@id\":\"https:\/\/sinomorechem.com\/product\/di24-dichlorobenzoyl-peroxide-paste-50#primaryimage\"},\"image\":{\"@id\":\"https:\/\/sinomorechem.com\/product\/di24-dichlorobenzoyl-peroxide-paste-50#primaryimage\"},\"thumbnailUrl\":\"https:\/\/sinomorechem.com\/wp-content\/uploads\/2026\/01\/25.-\u8fc7\u6c27\u5316\u4e8c\uff0824-\u4e8c\u6c2f\u82ef\u7532\u9170\uff09DCBP.png\",\"datePublished\":\"2026-01-16T05:37:13+00:00\",\"dateModified\":\"2026-01-17T05:53:06+00:00\",\"description\":\"organic peroxide, organic peroxide manufacturer, organic peroxide supplier, polymerization initiator, crosslinking agent, curing agent, rubber chemicals, plastic additives, EVA crosslinking agent, cable peroxide, photovoltaic materials\",\"breadcrumb\":{\"@id\":\"https:\/\/sinomorechem.com\/product\/di24-dichlorobenzoyl-peroxide-paste-50#breadcrumb\"},\"inLanguage\":\"es-AR\",\"potentialAction\":[{\"@type\":\"ReadAction\",\"target\":[\"https:\/\/sinomorechem.com\/product\/di24-dichlorobenzoyl-peroxide-paste-50\"]}]},{\"@type\":\"ImageObject\",\"inLanguage\":\"es-AR\",\"@id\":\"https:\/\/sinomorechem.com\/product\/di24-dichlorobenzoyl-peroxide-paste-50#primaryimage\",\"url\":\"https:\/\/sinomorechem.com\/wp-content\/uploads\/2026\/01\/25.-\u8fc7\u6c27\u5316\u4e8c\uff0824-\u4e8c\u6c2f\u82ef\u7532\u9170\uff09DCBP.png\",\"contentUrl\":\"https:\/\/sinomorechem.com\/wp-content\/uploads\/2026\/01\/25.-\u8fc7\u6c27\u5316\u4e8c\uff0824-\u4e8c\u6c2f\u82ef\u7532\u9170\uff09DCBP.png\",\"width\":334,\"height\":320},{\"@type\":\"BreadcrumbList\",\"@id\":\"https:\/\/sinomorechem.com\/product\/di24-dichlorobenzoyl-peroxide-paste-50#breadcrumb\",\"itemListElement\":[{\"@type\":\"ListItem\",\"position\":1,\"name\":\"Home\",\"item\":\"https:\/\/sinomorechem.com\/\"},{\"@type\":\"ListItem\",\"position\":2,\"name\":\"Products\",\"item\":\"https:\/\/sinomorechem.com\/product\"},{\"@type\":\"ListItem\",\"position\":3,\"name\":\"Di(2,4-Dichlorobenzoyl) Peroxide, Paste 50% (DCBP)\"}]},{\"@type\":\"WebSite\",\"@id\":\"https:\/\/sinomorechem.com\/#website\",\"url\":\"https:\/\/sinomorechem.com\/\",\"name\":\"Organic Peroxide Manufacturer &amp; Supplier | Sinomore\",\"description\":\"Sinomore is a professional manufacturer and supplier of organic peroxides, providing high-quality products for polymerization, crosslinking, curing, and specialty chemical applications. Our products are widely used in rubber, plastics, EVA, cable, and photovoltaic industries, with reliable quality and global supply capabilities.\",\"publisher\":{\"@id\":\"https:\/\/sinomorechem.com\/#organization\"},\"potentialAction\":[{\"@type\":\"SearchAction\",\"target\":{\"@type\":\"EntryPoint\",\"urlTemplate\":\"https:\/\/sinomorechem.com\/?s={search_term_string}\"},\"query-input\":{\"@type\":\"PropertyValueSpecification\",\"valueRequired\":true,\"valueName\":\"search_term_string\"}}],\"inLanguage\":\"es-AR\"},{\"@type\":\"Organization\",\"@id\":\"https:\/\/sinomorechem.com\/#organization\",\"name\":\"Organic Peroxide Manufacturer &amp; Supplier | Sinomore\",\"url\":\"https:\/\/sinomorechem.com\/\",\"logo\":{\"@type\":\"ImageObject\",\"inLanguage\":\"es-AR\",\"@id\":\"https:\/\/sinomorechem.com\/#\/schema\/logo\/image\/\",\"url\":\"https:\/\/sinomorechem.com\/wp-content\/uploads\/2026\/01\/\u6700\u7ec8\u7248-01.png\",\"contentUrl\":\"https:\/\/sinomorechem.com\/wp-content\/uploads\/2026\/01\/\u6700\u7ec8\u7248-01.png\",\"width\":1240,\"height\":1377,\"caption\":\"Organic Peroxide Manufacturer &amp; Supplier | Sinomore\"},\"image\":{\"@id\":\"https:\/\/sinomorechem.com\/#\/schema\/logo\/image\/\"}}]}<\/script>\n<!-- \/ Yoast SEO plugin. -->","yoast_head_json":{"title":"per\u00f3xido org\u00e1nico, fabricante de per\u00f3xido org\u00e1nico, proveedor de per\u00f3xido org\u00e1nico, iniciador de polimerizaci\u00f3n, agente reticulante, agente de curado, productos qu\u00edmicos para caucho, aditivos para pl\u00e1sticos, agente reticulante para EVA, per\u00f3xido para cables, materiales fotovoltaicos","description":"per\u00f3xido org\u00e1nico, fabricante de per\u00f3xido org\u00e1nico, proveedor de per\u00f3xido org\u00e1nico, iniciador de polimerizaci\u00f3n, agente reticulante, agente de curado, productos qu\u00edmicos para caucho, aditivos para pl\u00e1sticos, agente reticulante para EVA, per\u00f3xido para cables, materiales fotovoltaicos","robots":{"index":"noindex","follow":"follow","max-snippet":"max-snippet:-1","max-image-preview":"max-image-preview:large","max-video-preview":"max-video-preview:-1"},"og_locale":"es_ES","og_type":"article","og_title":"organic peroxide, organic peroxide manufacturer, organic peroxide supplier, polymerization initiator, crosslinking agent, curing agent, rubber chemicals, plastic additives, EVA crosslinking agent, cable peroxide, photovoltaic materials","og_description":"organic peroxide, organic peroxide manufacturer, organic peroxide supplier, polymerization initiator, crosslinking agent, curing agent, rubber chemicals, plastic additives, EVA crosslinking agent, cable peroxide, photovoltaic materials","og_url":"https:\/\/sinomorechem.com\/es_ar\/product\/di24-dichlorobenzoyl-peroxide-paste-50\/","og_site_name":"Organic Peroxide Manufacturer &amp; Supplier | Sinomore","article_modified_time":"2026-01-17T05:53:06+00:00","og_image":[{"width":334,"height":320,"url":"https:\/\/sinomorechem.com\/wp-content\/uploads\/2026\/01\/25.-\u8fc7\u6c27\u5316\u4e8c\uff0824-\u4e8c\u6c2f\u82ef\u7532\u9170\uff09DCBP.png","type":"image\/png"}],"twitter_card":"summary_large_image","twitter_misc":{"Tiempo de lectura":"2 minutos"},"schema":{"@context":"https:\/\/schema.org","@graph":[{"@type":"WebPage","@id":"https:\/\/sinomorechem.com\/product\/di24-dichlorobenzoyl-peroxide-paste-50","url":"https:\/\/sinomorechem.com\/product\/di24-dichlorobenzoyl-peroxide-paste-50","name":"per\u00f3xido org\u00e1nico, fabricante de per\u00f3xido org\u00e1nico, proveedor de per\u00f3xido org\u00e1nico, iniciador de polimerizaci\u00f3n, agente reticulante, agente de curado, productos qu\u00edmicos para caucho, aditivos para pl\u00e1sticos, agente reticulante para EVA, per\u00f3xido para cables, materiales fotovoltaicos","isPartOf":{"@id":"https:\/\/sinomorechem.com\/#website"},"primaryImageOfPage":{"@id":"https:\/\/sinomorechem.com\/product\/di24-dichlorobenzoyl-peroxide-paste-50#primaryimage"},"image":{"@id":"https:\/\/sinomorechem.com\/product\/di24-dichlorobenzoyl-peroxide-paste-50#primaryimage"},"thumbnailUrl":"https:\/\/sinomorechem.com\/wp-content\/uploads\/2026\/01\/25.-\u8fc7\u6c27\u5316\u4e8c\uff0824-\u4e8c\u6c2f\u82ef\u7532\u9170\uff09DCBP.png","datePublished":"2026-01-16T05:37:13+00:00","dateModified":"2026-01-17T05:53:06+00:00","description":"per\u00f3xido org\u00e1nico, fabricante de per\u00f3xido org\u00e1nico, proveedor de per\u00f3xido org\u00e1nico, iniciador de polimerizaci\u00f3n, agente reticulante, agente de curado, productos qu\u00edmicos para caucho, aditivos para pl\u00e1sticos, agente reticulante para EVA, per\u00f3xido para cables, materiales fotovoltaicos","breadcrumb":{"@id":"https:\/\/sinomorechem.com\/product\/di24-dichlorobenzoyl-peroxide-paste-50#breadcrumb"},"inLanguage":"es-AR","potentialAction":[{"@type":"ReadAction","target":["https:\/\/sinomorechem.com\/product\/di24-dichlorobenzoyl-peroxide-paste-50"]}]},{"@type":"ImageObject","inLanguage":"es-AR","@id":"https:\/\/sinomorechem.com\/product\/di24-dichlorobenzoyl-peroxide-paste-50#primaryimage","url":"https:\/\/sinomorechem.com\/wp-content\/uploads\/2026\/01\/25.-\u8fc7\u6c27\u5316\u4e8c\uff0824-\u4e8c\u6c2f\u82ef\u7532\u9170\uff09DCBP.png","contentUrl":"https:\/\/sinomorechem.com\/wp-content\/uploads\/2026\/01\/25.-\u8fc7\u6c27\u5316\u4e8c\uff0824-\u4e8c\u6c2f\u82ef\u7532\u9170\uff09DCBP.png","width":334,"height":320},{"@type":"BreadcrumbList","@id":"https:\/\/sinomorechem.com\/product\/di24-dichlorobenzoyl-peroxide-paste-50#breadcrumb","itemListElement":[{"@type":"ListItem","position":1,"name":"Home","item":"https:\/\/sinomorechem.com\/"},{"@type":"ListItem","position":2,"name":"Products","item":"https:\/\/sinomorechem.com\/product"},{"@type":"ListItem","position":3,"name":"Di(2,4-Dichlorobenzoyl) Peroxide, Paste 50% (DCBP)"}]},{"@type":"WebSite","@id":"https:\/\/sinomorechem.com\/#website","url":"https:\/\/sinomorechem.com\/","name":"Fabricante y proveedor de per\u00f3xido org\u00e1nico | Sinomore","description":"Sinomore es un fabricante y proveedor profesional de per\u00f3xidos org\u00e1nicos que ofrece productos de alta calidad para aplicaciones de polimerizaci\u00f3n, reticulaci\u00f3n, curado y especialidades qu\u00edmicas. Nuestros productos se utilizan ampliamente en caucho, pl\u00e1sticos, EVA, cables e industrias fotovoltaicas, con una calidad fiable y capacidad de suministro global.","publisher":{"@id":"https:\/\/sinomorechem.com\/#organization"},"potentialAction":[{"@type":"SearchAction","target":{"@type":"EntryPoint","urlTemplate":"https:\/\/sinomorechem.com\/?s={search_term_string}"},"query-input":{"@type":"PropertyValueSpecification","valueRequired":true,"valueName":"search_term_string"}}],"inLanguage":"es-AR"},{"@type":"Organization","@id":"https:\/\/sinomorechem.com\/#organization","name":"Fabricante y proveedor de per\u00f3xido org\u00e1nico | Sinomore","url":"https:\/\/sinomorechem.com\/","logo":{"@type":"ImageObject","inLanguage":"es-AR","@id":"https:\/\/sinomorechem.com\/#\/schema\/logo\/image\/","url":"https:\/\/sinomorechem.com\/wp-content\/uploads\/2026\/01\/\u6700\u7ec8\u7248-01.png","contentUrl":"https:\/\/sinomorechem.com\/wp-content\/uploads\/2026\/01\/\u6700\u7ec8\u7248-01.png","width":1240,"height":1377,"caption":"Organic Peroxide Manufacturer &amp; Supplier | Sinomore"},"image":{"@id":"https:\/\/sinomorechem.com\/#\/schema\/logo\/image\/"}}]}},"_links":{"self":[{"href":"https:\/\/sinomorechem.com\/es_ar\/wp-json\/wp\/v2\/product\/1580","targetHints":{"allow":["GET"]}}],"collection":[{"href":"https:\/\/sinomorechem.com\/es_ar\/wp-json\/wp\/v2\/product"}],"about":[{"href":"https:\/\/sinomorechem.com\/es_ar\/wp-json\/wp\/v2\/types\/product"}],"wp:featuredmedia":[{"embeddable":true,"href":"https:\/\/sinomorechem.com\/es_ar\/wp-json\/wp\/v2\/media\/1581"}],"wp:attachment":[{"href":"https:\/\/sinomorechem.com\/es_ar\/wp-json\/wp\/v2\/media?parent=1580"}],"wp:term":[{"taxonomy":"post_tag","embeddable":true,"href":"https:\/\/sinomorechem.com\/es_ar\/wp-json\/wp\/v2\/tags?post=1580"},{"taxonomy":"products","embeddable":true,"href":"https:\/\/sinomorechem.com\/es_ar\/wp-json\/wp\/v2\/products?post=1580"}],"curies":[{"name":"wp","href":"https:\/\/api.w.org\/{rel}","templated":true}]}}