 {"id":1560,"date":"2026-01-15T15:51:39","date_gmt":"2026-01-15T07:51:39","guid":{"rendered":"https:\/\/sinomorechem.com\/?post_type=product&#038;p=1560"},"modified":"2026-01-15T15:51:39","modified_gmt":"2026-01-15T07:51:39","slug":"ditert-butylperoxyisopropylbenzene-bibp","status":"publish","type":"product","link":"https:\/\/sinomorechem.com\/fr\/product\/ditert-butylperoxyisopropylbenzene-bibp","title":{"rendered":"Di(tert-butylperoxyisopropyl)benz\u00e8ne (BIBP)"},"content":{"rendered":"<p><strong><b>Nom chimique<\/b><\/strong><\/p>\n<ul>\n<li>Di(tert-butylperoxyisopropyl)benz\u00e8ne<\/li>\n<li><strong><b>\u522b\u540d<\/b><\/strong>\uff1aBIBP<\/li>\n<\/ul>\n<p><strong><b>Structure<\/b><\/strong><\/p>\n<ul>\n<li>\u5206\u5b50\u91cf (MW)\uff1a338.5<br \/>\nN\u00b0 CAS \uff1a25155-25-3<br \/>\nEINECS \/ ELINCS No.\uff1a218-664-7<br \/>\nStatut TSCA\uff1aList\u00e9<\/li>\n<\/ul>\n<p><strong><b>Introduction<\/b><\/strong><\/p>\n<ul>\n<li>Le BIBP est une fine poudre blanche. Il appartient aux peroxydes organiques dialkyles bifonctionnels. Il est principalement utilis\u00e9 pour la r\u00e9ticulation du caoutchouc naturel et des caoutchoucs synth\u00e9tiques, et est \u00e9galement largement appliqu\u00e9 dans la r\u00e9ticulation et la modification des polyol\u00e9fines, assurant une g\u00e9n\u00e9ration efficace de radicaux dans des conditions de traitement \u00e0 haute temp\u00e9rature.<\/li>\n<\/ul>\n<p><strong><b>Sp\u00e9cifications<\/b><\/strong><\/p>\n<ul>\n<li>Aspect : Poudre fine<\/li>\n<li>Essai (%) : \u2265 96,0<\/li>\n<li>Oxyg\u00e8ne actif (%) : 9,08<\/li>\n<li>Concentration (%) : \u2265 9,26<\/li>\n<\/ul>\n<p><strong><b>Propri\u00e9t\u00e9s<\/b><\/strong><\/p>\n<ul>\n<li>\u00c9tat : solide<\/li>\n<li>Oxyg\u00e8ne actif (%) : 9,45<\/li>\n<\/ul>\n<p><strong><b>Stabilit\u00e9 thermique<\/b><\/strong><\/p>\n<ul>\n<li>Les peroxydes organiques sont des substances thermiquement instables et peuvent subir une d\u00e9composition auto-acc\u00e9l\u00e9r\u00e9e dans certaines conditions.<\/li>\n<li>La temp\u00e9rature de d\u00e9composition auto-acc\u00e9l\u00e9r\u00e9e (TDAA) est la temp\u00e9rature la plus basse \u00e0 laquelle une substance peut subir une d\u00e9composition auto-acc\u00e9l\u00e9r\u00e9e dans les conditions de l'emballage de transport.<\/li>\n<li>La TDAA du BIBP est la suivante : TDAA (\u00b0C) : 80<\/li>\n<\/ul>\n<p><strong><b>Donn\u00e9es de s\u00e9curit\u00e9<\/b><\/strong><\/p>\n<ul>\n<li>N\u00b0 ONU : 3106 Peroxyde organique de type D, solide<br \/>\nDivision 5.2<\/li>\n<\/ul>\n<p><strong><b>Emballage<\/b><\/strong><\/p>\n<ul>\n<li>L'emballage et le transport sont conformes aux r\u00e9glementations internationales.<\/li>\n<\/ul>\n<p><strong><b>Stockage<\/b><\/strong><\/p>\n<p>Temp\u00e9rature de stockage maximale recommand\u00e9e (Ts max) : 30\u00b0C<\/p>\n<p>Dans les conditions de stockage recommand\u00e9es :<\/p>\n<ul>\n<li>\u2265 6 mois : Le produit reste conforme aux sp\u00e9cifications de Sinomore<\/li>\n<li>\u2265 12 mois dans des conditions strictement contr\u00f4l\u00e9es : Le produit reste conforme aux sp\u00e9cifications de Sinomore<\/li>\n<\/ul>\n<p>Conserver \u00e0 une temp\u00e9rature inf\u00e9rieure \u00e0 30\u00b0C dans un endroit frais, sec et bien ventil\u00e9.<\/p>\n<p><strong><b>Pr\u00e9cautions de manipulation<\/b><\/strong><\/p>\n<ul>\n<li>Conserver les r\u00e9cipients herm\u00e9tiquement ferm\u00e9s<\/li>\n<li>Tenir \u00e0 l'\u00e9cart des sources de chaleur, des sources d'inflammation et de la lumi\u00e8re directe du soleil.<\/li>\n<li>Ne pas peser ou ouvrir les conteneurs dans la zone de stockage<\/li>\n<li>\u00c9viter le contact avec les agents r\u00e9ducteurs (par exemple les amines), les acides, les alcalis et les compos\u00e9s de m\u00e9taux lourds (tels que les acc\u00e9l\u00e9rateurs et les savons m\u00e9talliques).<\/li>\n<\/ul>","protected":false},"featured_media":1561,"template":"","meta":{"_acf_changed":false,"site-sidebar-layout":"default","site-content-layout":"","ast-site-content-layout":"default","site-content-style":"default","site-sidebar-style":"default","ast-global-header-display":"","ast-banner-title-visibility":"","ast-main-header-display":"","ast-hfb-above-header-display":"","ast-hfb-below-header-display":"","ast-hfb-mobile-header-display":"","site-post-title":"","ast-breadcrumbs-content":"","ast-featured-img":"","footer-sml-layout":"","theme-transparent-header-meta":"default","adv-header-id-meta":"","stick-header-meta":"default","header-above-stick-meta":"","header-main-stick-meta":"","header-below-stick-meta":"","astra-migrate-meta-layouts":"set","ast-page-background-enabled":"default","ast-page-background-meta":{"desktop":{"background-color":"var(--ast-global-color-4)","background-image":"","background-repeat":"repeat","background-position":"center center","background-size":"auto","background-attachment":"scroll","background-type":"","background-media":"","overlay-type":"","overlay-color":"","overlay-opacity":"","overlay-gradient":""},"tablet":{"background-color":"","background-image":"","background-repeat":"repeat","background-position":"center center","background-size":"auto","background-attachment":"scroll","background-type":"","background-media":"","overlay-type":"","overlay-color":"","overlay-opacity":"","overlay-gradient":""},"mobile":{"background-color":"","background-image":"","background-repeat":"repeat","background-position":"center center","background-size":"auto","background-attachment":"scroll","background-type":"","background-media":"","overlay-type":"","overlay-color":"","overlay-opacity":"","overlay-gradient":""}},"ast-content-background-meta":{"desktop":{"background-color":"var(--ast-global-color-5)","background-image":"","background-repeat":"repeat","background-position":"center center","background-size":"auto","background-attachment":"scroll","background-type":"","background-media":"","overlay-type":"","overlay-color":"","overlay-opacity":"","overlay-gradient":""},"tablet":{"background-color":"var(--ast-global-color-5)","background-image":"","background-repeat":"repeat","background-position":"center center","background-size":"auto","background-attachment":"scroll","background-type":"","background-media":"","overlay-type":"","overlay-color":"","overlay-opacity":"","overlay-gradient":""},"mobile":{"background-color":"var(--ast-global-color-5)","background-image":"","background-repeat":"repeat","background-position":"center center","background-size":"auto","background-attachment":"scroll","background-type":"","background-media":"","overlay-type":"","overlay-color":"","overlay-opacity":"","overlay-gradient":""}}},"tags":[],"products":[],"class_list":["post-1560","product","type-product","status-publish","has-post-thumbnail","hentry"],"acf":[],"yoast_head":"<!-- This site is optimized with the Yoast SEO plugin v26.7 - https:\/\/yoast.com\/wordpress\/plugins\/seo\/ -->\n<title>organic peroxide, organic peroxide manufacturer, organic peroxide supplier, polymerization initiator, crosslinking agent, curing agent, rubber chemicals, plastic additives, EVA crosslinking agent, cable peroxide, photovoltaic materials<\/title>\n<meta name=\"description\" content=\"organic peroxide, organic peroxide manufacturer, organic peroxide supplier, polymerization initiator, crosslinking agent, curing agent, rubber chemicals, plastic additives, EVA crosslinking agent, cable peroxide, photovoltaic materials\" \/>\n<meta name=\"robots\" content=\"noindex, follow, max-snippet:-1, max-image-preview:large, max-video-preview:-1\" \/>\n<meta property=\"og:locale\" content=\"fr_CA\" \/>\n<meta property=\"og:type\" content=\"article\" \/>\n<meta property=\"og:title\" content=\"organic peroxide, organic peroxide manufacturer, organic peroxide supplier, polymerization initiator, crosslinking agent, curing agent, rubber chemicals, plastic additives, EVA crosslinking agent, cable peroxide, photovoltaic materials\" \/>\n<meta property=\"og:description\" content=\"organic peroxide, organic peroxide manufacturer, organic peroxide supplier, polymerization initiator, crosslinking agent, curing agent, rubber chemicals, plastic additives, EVA crosslinking agent, cable peroxide, photovoltaic materials\" \/>\n<meta property=\"og:url\" content=\"https:\/\/sinomorechem.com\/fr\/product\/ditert-butylperoxyisopropylbenzene-bibp\/\" \/>\n<meta property=\"og:site_name\" content=\"Organic Peroxide Manufacturer &amp; Supplier | Sinomore\" \/>\n<meta property=\"og:image\" content=\"https:\/\/sinomorechem.com\/wp-content\/uploads\/2026\/01\/19.-\u8fc7\u6c27\u5316\u4e8c\u53d4\u4e01\u57fa\u8fc7\u6c27\u5f02\u4e19\u57fa\u82ef-BIBP.png\" \/>\n\t<meta property=\"og:image:width\" content=\"332\" \/>\n\t<meta property=\"og:image:height\" content=\"320\" \/>\n\t<meta property=\"og:image:type\" content=\"image\/png\" \/>\n<meta name=\"twitter:card\" content=\"summary_large_image\" \/>\n<meta name=\"twitter:label1\" content=\"Estimation du temps de lecture\" \/>\n\t<meta name=\"twitter:data1\" content=\"2 minutes\" \/>\n<script type=\"application\/ld+json\" class=\"yoast-schema-graph\">{\"@context\":\"https:\/\/schema.org\",\"@graph\":[{\"@type\":\"WebPage\",\"@id\":\"https:\/\/sinomorechem.com\/product\/ditert-butylperoxyisopropylbenzene-bibp\",\"url\":\"https:\/\/sinomorechem.com\/product\/ditert-butylperoxyisopropylbenzene-bibp\",\"name\":\"organic peroxide, organic peroxide manufacturer, organic peroxide supplier, polymerization initiator, crosslinking agent, curing agent, rubber chemicals, plastic additives, EVA crosslinking agent, cable peroxide, photovoltaic materials\",\"isPartOf\":{\"@id\":\"https:\/\/sinomorechem.com\/#website\"},\"primaryImageOfPage\":{\"@id\":\"https:\/\/sinomorechem.com\/product\/ditert-butylperoxyisopropylbenzene-bibp#primaryimage\"},\"image\":{\"@id\":\"https:\/\/sinomorechem.com\/product\/ditert-butylperoxyisopropylbenzene-bibp#primaryimage\"},\"thumbnailUrl\":\"https:\/\/sinomorechem.com\/wp-content\/uploads\/2026\/01\/19.-\u8fc7\u6c27\u5316\u4e8c\u53d4\u4e01\u57fa\u8fc7\u6c27\u5f02\u4e19\u57fa\u82ef-BIBP.png\",\"datePublished\":\"2026-01-15T07:51:39+00:00\",\"description\":\"organic peroxide, organic peroxide manufacturer, organic peroxide supplier, polymerization initiator, crosslinking agent, curing agent, rubber chemicals, plastic additives, EVA crosslinking agent, cable peroxide, photovoltaic materials\",\"breadcrumb\":{\"@id\":\"https:\/\/sinomorechem.com\/product\/ditert-butylperoxyisopropylbenzene-bibp#breadcrumb\"},\"inLanguage\":\"fr-CA\",\"potentialAction\":[{\"@type\":\"ReadAction\",\"target\":[\"https:\/\/sinomorechem.com\/product\/ditert-butylperoxyisopropylbenzene-bibp\"]}]},{\"@type\":\"ImageObject\",\"inLanguage\":\"fr-CA\",\"@id\":\"https:\/\/sinomorechem.com\/product\/ditert-butylperoxyisopropylbenzene-bibp#primaryimage\",\"url\":\"https:\/\/sinomorechem.com\/wp-content\/uploads\/2026\/01\/19.-\u8fc7\u6c27\u5316\u4e8c\u53d4\u4e01\u57fa\u8fc7\u6c27\u5f02\u4e19\u57fa\u82ef-BIBP.png\",\"contentUrl\":\"https:\/\/sinomorechem.com\/wp-content\/uploads\/2026\/01\/19.-\u8fc7\u6c27\u5316\u4e8c\u53d4\u4e01\u57fa\u8fc7\u6c27\u5f02\u4e19\u57fa\u82ef-BIBP.png\",\"width\":332,\"height\":320},{\"@type\":\"BreadcrumbList\",\"@id\":\"https:\/\/sinomorechem.com\/product\/ditert-butylperoxyisopropylbenzene-bibp#breadcrumb\",\"itemListElement\":[{\"@type\":\"ListItem\",\"position\":1,\"name\":\"Home\",\"item\":\"https:\/\/sinomorechem.com\/\"},{\"@type\":\"ListItem\",\"position\":2,\"name\":\"Products\",\"item\":\"https:\/\/sinomorechem.com\/product\"},{\"@type\":\"ListItem\",\"position\":3,\"name\":\"Di(tert-butylperoxyisopropyl)benzene (BIBP)\"}]},{\"@type\":\"WebSite\",\"@id\":\"https:\/\/sinomorechem.com\/#website\",\"url\":\"https:\/\/sinomorechem.com\/\",\"name\":\"Organic Peroxide Manufacturer &amp; Supplier | Sinomore\",\"description\":\"Sinomore is a professional manufacturer and supplier of organic peroxides, providing high-quality products for polymerization, crosslinking, curing, and specialty chemical applications. Our products are widely used in rubber, plastics, EVA, cable, and photovoltaic industries, with reliable quality and global supply capabilities.\",\"publisher\":{\"@id\":\"https:\/\/sinomorechem.com\/#organization\"},\"potentialAction\":[{\"@type\":\"SearchAction\",\"target\":{\"@type\":\"EntryPoint\",\"urlTemplate\":\"https:\/\/sinomorechem.com\/?s={search_term_string}\"},\"query-input\":{\"@type\":\"PropertyValueSpecification\",\"valueRequired\":true,\"valueName\":\"search_term_string\"}}],\"inLanguage\":\"fr-CA\"},{\"@type\":\"Organization\",\"@id\":\"https:\/\/sinomorechem.com\/#organization\",\"name\":\"Organic Peroxide Manufacturer &amp; Supplier | Sinomore\",\"url\":\"https:\/\/sinomorechem.com\/\",\"logo\":{\"@type\":\"ImageObject\",\"inLanguage\":\"fr-CA\",\"@id\":\"https:\/\/sinomorechem.com\/#\/schema\/logo\/image\/\",\"url\":\"https:\/\/sinomorechem.com\/wp-content\/uploads\/2026\/01\/\u6700\u7ec8\u7248-01.png\",\"contentUrl\":\"https:\/\/sinomorechem.com\/wp-content\/uploads\/2026\/01\/\u6700\u7ec8\u7248-01.png\",\"width\":1240,\"height\":1377,\"caption\":\"Organic Peroxide Manufacturer &amp; Supplier | Sinomore\"},\"image\":{\"@id\":\"https:\/\/sinomorechem.com\/#\/schema\/logo\/image\/\"}}]}<\/script>\n<!-- \/ Yoast SEO plugin. -->","yoast_head_json":{"title":"peroxyde organique, fabricant de peroxyde organique, fournisseur de peroxyde organique, initiateur de polym\u00e9risation, agent de r\u00e9ticulation, agent de durcissement, produits chimiques pour le caoutchouc, additifs pour le plastique, agent de r\u00e9ticulation EVA, peroxyde pour c\u00e2ble, mat\u00e9riaux photovolta\u00efques","description":"peroxyde organique, fabricant de peroxyde organique, fournisseur de peroxyde organique, initiateur de polym\u00e9risation, agent de r\u00e9ticulation, agent de durcissement, produits chimiques pour le caoutchouc, additifs pour le plastique, agent de r\u00e9ticulation EVA, peroxyde pour c\u00e2ble, mat\u00e9riaux photovolta\u00efques","robots":{"index":"noindex","follow":"follow","max-snippet":"max-snippet:-1","max-image-preview":"max-image-preview:large","max-video-preview":"max-video-preview:-1"},"og_locale":"fr_CA","og_type":"article","og_title":"organic peroxide, organic peroxide manufacturer, organic peroxide supplier, polymerization initiator, crosslinking agent, curing agent, rubber chemicals, plastic additives, EVA crosslinking agent, cable peroxide, photovoltaic materials","og_description":"organic peroxide, organic peroxide manufacturer, organic peroxide supplier, polymerization initiator, crosslinking agent, curing agent, rubber chemicals, plastic additives, EVA crosslinking agent, cable peroxide, photovoltaic materials","og_url":"https:\/\/sinomorechem.com\/fr\/product\/ditert-butylperoxyisopropylbenzene-bibp\/","og_site_name":"Organic Peroxide Manufacturer &amp; Supplier | Sinomore","og_image":[{"width":332,"height":320,"url":"https:\/\/sinomorechem.com\/wp-content\/uploads\/2026\/01\/19.-\u8fc7\u6c27\u5316\u4e8c\u53d4\u4e01\u57fa\u8fc7\u6c27\u5f02\u4e19\u57fa\u82ef-BIBP.png","type":"image\/png"}],"twitter_card":"summary_large_image","twitter_misc":{"Estimation du temps de lecture":"2 minutes"},"schema":{"@context":"https:\/\/schema.org","@graph":[{"@type":"WebPage","@id":"https:\/\/sinomorechem.com\/product\/ditert-butylperoxyisopropylbenzene-bibp","url":"https:\/\/sinomorechem.com\/product\/ditert-butylperoxyisopropylbenzene-bibp","name":"peroxyde organique, fabricant de peroxyde organique, fournisseur de peroxyde organique, initiateur de polym\u00e9risation, agent de r\u00e9ticulation, agent de durcissement, produits chimiques pour le caoutchouc, additifs pour le plastique, agent de r\u00e9ticulation EVA, peroxyde pour c\u00e2ble, mat\u00e9riaux photovolta\u00efques","isPartOf":{"@id":"https:\/\/sinomorechem.com\/#website"},"primaryImageOfPage":{"@id":"https:\/\/sinomorechem.com\/product\/ditert-butylperoxyisopropylbenzene-bibp#primaryimage"},"image":{"@id":"https:\/\/sinomorechem.com\/product\/ditert-butylperoxyisopropylbenzene-bibp#primaryimage"},"thumbnailUrl":"https:\/\/sinomorechem.com\/wp-content\/uploads\/2026\/01\/19.-\u8fc7\u6c27\u5316\u4e8c\u53d4\u4e01\u57fa\u8fc7\u6c27\u5f02\u4e19\u57fa\u82ef-BIBP.png","datePublished":"2026-01-15T07:51:39+00:00","description":"peroxyde organique, fabricant de peroxyde organique, fournisseur de peroxyde organique, initiateur de polym\u00e9risation, agent de r\u00e9ticulation, agent de durcissement, produits chimiques pour le caoutchouc, additifs pour le plastique, agent de r\u00e9ticulation EVA, peroxyde pour c\u00e2ble, mat\u00e9riaux photovolta\u00efques","breadcrumb":{"@id":"https:\/\/sinomorechem.com\/product\/ditert-butylperoxyisopropylbenzene-bibp#breadcrumb"},"inLanguage":"fr-CA","potentialAction":[{"@type":"ReadAction","target":["https:\/\/sinomorechem.com\/product\/ditert-butylperoxyisopropylbenzene-bibp"]}]},{"@type":"ImageObject","inLanguage":"fr-CA","@id":"https:\/\/sinomorechem.com\/product\/ditert-butylperoxyisopropylbenzene-bibp#primaryimage","url":"https:\/\/sinomorechem.com\/wp-content\/uploads\/2026\/01\/19.-\u8fc7\u6c27\u5316\u4e8c\u53d4\u4e01\u57fa\u8fc7\u6c27\u5f02\u4e19\u57fa\u82ef-BIBP.png","contentUrl":"https:\/\/sinomorechem.com\/wp-content\/uploads\/2026\/01\/19.-\u8fc7\u6c27\u5316\u4e8c\u53d4\u4e01\u57fa\u8fc7\u6c27\u5f02\u4e19\u57fa\u82ef-BIBP.png","width":332,"height":320},{"@type":"BreadcrumbList","@id":"https:\/\/sinomorechem.com\/product\/ditert-butylperoxyisopropylbenzene-bibp#breadcrumb","itemListElement":[{"@type":"ListItem","position":1,"name":"Home","item":"https:\/\/sinomorechem.com\/"},{"@type":"ListItem","position":2,"name":"Products","item":"https:\/\/sinomorechem.com\/product"},{"@type":"ListItem","position":3,"name":"Di(tert-butylperoxyisopropyl)benzene (BIBP)"}]},{"@type":"WebSite","@id":"https:\/\/sinomorechem.com\/#website","url":"https:\/\/sinomorechem.com\/","name":"Fabricant et fournisseur de peroxyde organique | Sinomore","description":"Sinomore est un fabricant et fournisseur professionnel de peroxydes organiques, fournissant des produits de haute qualit\u00e9 pour la polym\u00e9risation, la r\u00e9ticulation, le durcissement et les applications chimiques sp\u00e9cialis\u00e9es. Nos produits sont largement utilis\u00e9s dans les industries du caoutchouc, du plastique, de l'EVA, du c\u00e2ble et du photovolta\u00efque, avec une qualit\u00e9 fiable et des capacit\u00e9s d'approvisionnement mondiales.","publisher":{"@id":"https:\/\/sinomorechem.com\/#organization"},"potentialAction":[{"@type":"SearchAction","target":{"@type":"EntryPoint","urlTemplate":"https:\/\/sinomorechem.com\/?s={search_term_string}"},"query-input":{"@type":"PropertyValueSpecification","valueRequired":true,"valueName":"search_term_string"}}],"inLanguage":"fr-CA"},{"@type":"Organization","@id":"https:\/\/sinomorechem.com\/#organization","name":"Fabricant et fournisseur de peroxyde organique | Sinomore","url":"https:\/\/sinomorechem.com\/","logo":{"@type":"ImageObject","inLanguage":"fr-CA","@id":"https:\/\/sinomorechem.com\/#\/schema\/logo\/image\/","url":"https:\/\/sinomorechem.com\/wp-content\/uploads\/2026\/01\/\u6700\u7ec8\u7248-01.png","contentUrl":"https:\/\/sinomorechem.com\/wp-content\/uploads\/2026\/01\/\u6700\u7ec8\u7248-01.png","width":1240,"height":1377,"caption":"Organic Peroxide Manufacturer &amp; Supplier | Sinomore"},"image":{"@id":"https:\/\/sinomorechem.com\/#\/schema\/logo\/image\/"}}]}},"_links":{"self":[{"href":"https:\/\/sinomorechem.com\/fr\/wp-json\/wp\/v2\/product\/1560","targetHints":{"allow":["GET"]}}],"collection":[{"href":"https:\/\/sinomorechem.com\/fr\/wp-json\/wp\/v2\/product"}],"about":[{"href":"https:\/\/sinomorechem.com\/fr\/wp-json\/wp\/v2\/types\/product"}],"wp:featuredmedia":[{"embeddable":true,"href":"https:\/\/sinomorechem.com\/fr\/wp-json\/wp\/v2\/media\/1561"}],"wp:attachment":[{"href":"https:\/\/sinomorechem.com\/fr\/wp-json\/wp\/v2\/media?parent=1560"}],"wp:term":[{"taxonomy":"post_tag","embeddable":true,"href":"https:\/\/sinomorechem.com\/fr\/wp-json\/wp\/v2\/tags?post=1560"},{"taxonomy":"products","embeddable":true,"href":"https:\/\/sinomorechem.com\/fr\/wp-json\/wp\/v2\/products?post=1560"}],"curies":[{"name":"wp","href":"https:\/\/api.w.org\/{rel}","templated":true}]}}