 {"id":1580,"date":"2026-01-16T13:37:13","date_gmt":"2026-01-16T05:37:13","guid":{"rendered":"https:\/\/sinomorechem.com\/?post_type=product&#038;p=1580"},"modified":"2026-01-17T13:53:06","modified_gmt":"2026-01-17T05:53:06","slug":"di24-dichlorobenzoyl-peroxide-paste-50","status":"publish","type":"product","link":"https:\/\/sinomorechem.com\/fr\/product\/di24-dichlorobenzoyl-peroxide-paste-50","title":{"rendered":"Peroxyde de di(2,4-dichlorobenzoyle), p\u00e2te 50% (DCBP)"},"content":{"rendered":"<p><strong><b>Nom chimique<\/b><\/strong><\/p>\n<ul>\n<li>Peroxyde de di(2,4-dichlorobenzoyle)<\/li>\n<li><strong><b>Forme du produit<\/b><\/strong><br \/>\nP\u00e2te 50% (dispers\u00e9e dans de l'huile de silicone)<\/li>\n<\/ul>\n<p><strong><b>Structure et informations de base<\/b><\/strong><\/p>\n<ul>\n<li>\u5206\u5b50\u5f0f Formule mol\u00e9culaire : C\u2081\u2084H\u2086Cl\u2084O\u2084<\/li>\n<li>\u5206\u5b50\u91cf Poids mol\u00e9culaire : 380,0<\/li>\n<li>CAS \u53f7 N\u00b0 CAS 133-14-2<\/li>\n<li>CE \/ EINECS No.205-094-9<\/li>\n<li>Statut TSCA : List\u00e9<\/li>\n<\/ul>\n<p><strong><b>Introduction<\/b><\/strong><\/p>\n<ul>\n<li>DCBP 50% est un peroxyde organique diacyle \u00e0 p\u00e2te blanche. Il est principalement utilis\u00e9 comme agent de vulcanisation pour le caoutchouc de silicone. Lorsqu'il est chauff\u00e9, il se d\u00e9compose pour g\u00e9n\u00e9rer des radicaux libres, ce qui permet la r\u00e9ticulation du caoutchouc de silicone lors du moulage, de l'extrusion et d'autres processus de durcissement.<\/li>\n<\/ul>\n<p><strong><b>Sp\u00e9cifications<\/b><\/strong><\/p>\n<ul>\n<li>Aspect : P\u00e2te blanche<\/li>\n<li>Essai (%) : 49.0 - 51.0<\/li>\n<li>Eau (%) : \u2264 1,5<\/li>\n<li>Oxyg\u00e8ne actif (%) : 2,1 - 2,2<\/li>\n<\/ul>\n<p><strong><b>Propri\u00e9t\u00e9s<\/b><\/strong><\/p>\n<ul>\n<li>\u00c9tat : Coller<\/li>\n<li>La forme p\u00e2teuse am\u00e9liore la s\u00e9curit\u00e9 de manipulation et la dispersion dans les formulations de caoutchouc silicone<\/li>\n<\/ul>\n<p><strong><b>Donn\u00e9es sur la demi-vie<\/b><\/strong><\/p>\n<p><strong><b>Les donn\u00e9es de demi-vie du DCBP dans le chlorobenz\u00e8ne sont les suivantes :<\/b><\/strong><\/p>\n<ul>\n<li>0,1 h Demi-vie (\u00b0C) : 80<\/li>\n<li>1 h Demi-vie (\u00b0C) : 65<\/li>\n<li>10 h Demi-vie (\u00b0C) : 47<\/li>\n<li>\u00c9nergie d'activation Ea (kJ\/mol) : 122.35<\/li>\n<\/ul>\n<p><strong><b>Stabilit\u00e9 thermique<\/b><\/strong><\/p>\n<ul>\n<li>Ts max (\u00b0C) : 30<\/li>\n<li>TDAA (\u00b0C) : 60<\/li>\n<li>Le produit pr\u00e9sente une bonne stabilit\u00e9 thermique dans les conditions de stockage recommand\u00e9es.<\/li>\n<\/ul>\n<p><strong><b>Principaux produits de d\u00e9composition<\/b><\/strong><\/p>\n<ul>\n<li>Dioxyde de carbone<\/li>\n<li>1,3-Dichlorobenz\u00e8ne<\/li>\n<li>2,4-Dichlorobenz\u00e8ne<\/li>\n<li>Trace bis(2,4-dichlorobenz\u00e8ne)<\/li>\n<\/ul>\n<p><strong><b>Application<\/b><\/strong><\/p>\n<ul>\n<li>Application principale<br \/>\nVulcanisation du caoutchouc de silicone<\/li>\n<li>Temp\u00e9rature de manipulation s\u00fbre : 75 \u00b0C<\/li>\n<li>Temp\u00e9rature de durcissement recommand\u00e9e : 90 \u00b0C<\/li>\n<li>Dosage recommand\u00e9 : 1,1 - 2,3 %<\/li>\n<\/ul>\n<p><strong><b>Solubilit\u00e9<\/b><\/strong><\/p>\n<ul>\n<li>Insoluble dans l'eau. Normalement utilis\u00e9 sous forme de p\u00e2te directement dispers\u00e9e dans les formulations de caoutchouc silicone.<\/li>\n<\/ul>\n<p><strong><b>Donn\u00e9es de s\u00e9curit\u00e9<\/b><\/strong><\/p>\n<ul>\n<li>Peroxyde organique de type D, solide : 5,2<\/li>\n<li>N\u00b0 ONU : 3106<\/li>\n<\/ul>\n<p><strong><b>Emballage<\/b><\/strong><\/p>\n<ul>\n<li>20 kg<br \/>\nSeau en PE avec rev\u00eatement int\u00e9rieur en plastique<\/li>\n<\/ul>\n<p><strong><b>Stockage<\/b><\/strong><\/p>\n<ul>\n<li>Conserver \u00e0 une temp\u00e9rature inf\u00e9rieure \u00e0 30 \u00b0C dans un endroit frais et bien ventil\u00e9, \u00e0 l'abri de la chaleur et de la lumi\u00e8re directe du soleil.<\/li>\n<\/ul>\n<p><strong><b>Pr\u00e9cautions de manipulation<\/b><\/strong><\/p>\n<ul>\n<li>Tenir \u00e0 l'\u00e9cart de la chaleur, des \u00e9tincelles et des flammes nues<\/li>\n<li>\u00c9viter le contact avec les agents r\u00e9ducteurs, les acides, les bases et les compos\u00e9s de m\u00e9taux lourds.<\/li>\n<li>Ne pas peser ou reconditionner dans les zones de stockage<\/li>\n<\/ul>\n<p>&nbsp;<\/p>","protected":false},"featured_media":1581,"template":"","meta":{"_acf_changed":false,"site-sidebar-layout":"default","site-content-layout":"","ast-site-content-layout":"default","site-content-style":"default","site-sidebar-style":"default","ast-global-header-display":"","ast-banner-title-visibility":"","ast-main-header-display":"","ast-hfb-above-header-display":"","ast-hfb-below-header-display":"","ast-hfb-mobile-header-display":"","site-post-title":"","ast-breadcrumbs-content":"","ast-featured-img":"","footer-sml-layout":"","theme-transparent-header-meta":"default","adv-header-id-meta":"","stick-header-meta":"default","header-above-stick-meta":"","header-main-stick-meta":"","header-below-stick-meta":"","astra-migrate-meta-layouts":"set","ast-page-background-enabled":"default","ast-page-background-meta":{"desktop":{"background-color":"var(--ast-global-color-4)","background-image":"","background-repeat":"repeat","background-position":"center center","background-size":"auto","background-attachment":"scroll","background-type":"","background-media":"","overlay-type":"","overlay-color":"","overlay-opacity":"","overlay-gradient":""},"tablet":{"background-color":"","background-image":"","background-repeat":"repeat","background-position":"center center","background-size":"auto","background-attachment":"scroll","background-type":"","background-media":"","overlay-type":"","overlay-color":"","overlay-opacity":"","overlay-gradient":""},"mobile":{"background-color":"","background-image":"","background-repeat":"repeat","background-position":"center center","background-size":"auto","background-attachment":"scroll","background-type":"","background-media":"","overlay-type":"","overlay-color":"","overlay-opacity":"","overlay-gradient":""}},"ast-content-background-meta":{"desktop":{"background-color":"var(--ast-global-color-5)","background-image":"","background-repeat":"repeat","background-position":"center center","background-size":"auto","background-attachment":"scroll","background-type":"","background-media":"","overlay-type":"","overlay-color":"","overlay-opacity":"","overlay-gradient":""},"tablet":{"background-color":"var(--ast-global-color-5)","background-image":"","background-repeat":"repeat","background-position":"center center","background-size":"auto","background-attachment":"scroll","background-type":"","background-media":"","overlay-type":"","overlay-color":"","overlay-opacity":"","overlay-gradient":""},"mobile":{"background-color":"var(--ast-global-color-5)","background-image":"","background-repeat":"repeat","background-position":"center center","background-size":"auto","background-attachment":"scroll","background-type":"","background-media":"","overlay-type":"","overlay-color":"","overlay-opacity":"","overlay-gradient":""}}},"tags":[],"products":[],"class_list":["post-1580","product","type-product","status-publish","has-post-thumbnail","hentry"],"acf":[],"yoast_head":"<!-- This site is optimized with the Yoast SEO plugin v26.7 - https:\/\/yoast.com\/wordpress\/plugins\/seo\/ -->\n<title>organic peroxide, organic peroxide manufacturer, organic peroxide supplier, polymerization initiator, crosslinking agent, curing agent, rubber chemicals, plastic additives, EVA crosslinking agent, cable peroxide, photovoltaic materials<\/title>\n<meta name=\"description\" content=\"organic peroxide, organic peroxide manufacturer, organic peroxide supplier, polymerization initiator, crosslinking agent, curing agent, rubber chemicals, plastic additives, EVA crosslinking agent, cable peroxide, photovoltaic materials\" \/>\n<meta name=\"robots\" content=\"noindex, follow, max-snippet:-1, max-image-preview:large, max-video-preview:-1\" \/>\n<meta property=\"og:locale\" content=\"fr_CA\" \/>\n<meta property=\"og:type\" content=\"article\" \/>\n<meta property=\"og:title\" content=\"organic peroxide, organic peroxide manufacturer, organic peroxide supplier, polymerization initiator, crosslinking agent, curing agent, rubber chemicals, plastic additives, EVA crosslinking agent, cable peroxide, photovoltaic materials\" \/>\n<meta property=\"og:description\" content=\"organic peroxide, organic peroxide manufacturer, organic peroxide supplier, polymerization initiator, crosslinking agent, curing agent, rubber chemicals, plastic additives, EVA crosslinking agent, cable peroxide, photovoltaic materials\" \/>\n<meta property=\"og:url\" content=\"https:\/\/sinomorechem.com\/fr\/product\/di24-dichlorobenzoyl-peroxide-paste-50\/\" \/>\n<meta property=\"og:site_name\" content=\"Organic Peroxide Manufacturer &amp; Supplier | Sinomore\" \/>\n<meta property=\"article:modified_time\" content=\"2026-01-17T05:53:06+00:00\" \/>\n<meta property=\"og:image\" content=\"https:\/\/sinomorechem.com\/wp-content\/uploads\/2026\/01\/25.-\u8fc7\u6c27\u5316\u4e8c\uff0824-\u4e8c\u6c2f\u82ef\u7532\u9170\uff09DCBP.png\" \/>\n\t<meta property=\"og:image:width\" content=\"334\" \/>\n\t<meta property=\"og:image:height\" content=\"320\" \/>\n\t<meta property=\"og:image:type\" content=\"image\/png\" \/>\n<meta name=\"twitter:card\" content=\"summary_large_image\" \/>\n<meta name=\"twitter:label1\" content=\"Estimation du temps de lecture\" \/>\n\t<meta name=\"twitter:data1\" content=\"2 minutes\" \/>\n<script type=\"application\/ld+json\" class=\"yoast-schema-graph\">{\"@context\":\"https:\/\/schema.org\",\"@graph\":[{\"@type\":\"WebPage\",\"@id\":\"https:\/\/sinomorechem.com\/product\/di24-dichlorobenzoyl-peroxide-paste-50\",\"url\":\"https:\/\/sinomorechem.com\/product\/di24-dichlorobenzoyl-peroxide-paste-50\",\"name\":\"organic peroxide, organic peroxide manufacturer, organic peroxide supplier, polymerization initiator, crosslinking agent, curing agent, rubber chemicals, plastic additives, EVA crosslinking agent, cable peroxide, photovoltaic materials\",\"isPartOf\":{\"@id\":\"https:\/\/sinomorechem.com\/#website\"},\"primaryImageOfPage\":{\"@id\":\"https:\/\/sinomorechem.com\/product\/di24-dichlorobenzoyl-peroxide-paste-50#primaryimage\"},\"image\":{\"@id\":\"https:\/\/sinomorechem.com\/product\/di24-dichlorobenzoyl-peroxide-paste-50#primaryimage\"},\"thumbnailUrl\":\"https:\/\/sinomorechem.com\/wp-content\/uploads\/2026\/01\/25.-\u8fc7\u6c27\u5316\u4e8c\uff0824-\u4e8c\u6c2f\u82ef\u7532\u9170\uff09DCBP.png\",\"datePublished\":\"2026-01-16T05:37:13+00:00\",\"dateModified\":\"2026-01-17T05:53:06+00:00\",\"description\":\"organic peroxide, organic peroxide manufacturer, organic peroxide supplier, polymerization initiator, crosslinking agent, curing agent, rubber chemicals, plastic additives, EVA crosslinking agent, cable peroxide, photovoltaic materials\",\"breadcrumb\":{\"@id\":\"https:\/\/sinomorechem.com\/product\/di24-dichlorobenzoyl-peroxide-paste-50#breadcrumb\"},\"inLanguage\":\"fr-CA\",\"potentialAction\":[{\"@type\":\"ReadAction\",\"target\":[\"https:\/\/sinomorechem.com\/product\/di24-dichlorobenzoyl-peroxide-paste-50\"]}]},{\"@type\":\"ImageObject\",\"inLanguage\":\"fr-CA\",\"@id\":\"https:\/\/sinomorechem.com\/product\/di24-dichlorobenzoyl-peroxide-paste-50#primaryimage\",\"url\":\"https:\/\/sinomorechem.com\/wp-content\/uploads\/2026\/01\/25.-\u8fc7\u6c27\u5316\u4e8c\uff0824-\u4e8c\u6c2f\u82ef\u7532\u9170\uff09DCBP.png\",\"contentUrl\":\"https:\/\/sinomorechem.com\/wp-content\/uploads\/2026\/01\/25.-\u8fc7\u6c27\u5316\u4e8c\uff0824-\u4e8c\u6c2f\u82ef\u7532\u9170\uff09DCBP.png\",\"width\":334,\"height\":320},{\"@type\":\"BreadcrumbList\",\"@id\":\"https:\/\/sinomorechem.com\/product\/di24-dichlorobenzoyl-peroxide-paste-50#breadcrumb\",\"itemListElement\":[{\"@type\":\"ListItem\",\"position\":1,\"name\":\"Home\",\"item\":\"https:\/\/sinomorechem.com\/\"},{\"@type\":\"ListItem\",\"position\":2,\"name\":\"Products\",\"item\":\"https:\/\/sinomorechem.com\/product\"},{\"@type\":\"ListItem\",\"position\":3,\"name\":\"Di(2,4-Dichlorobenzoyl) Peroxide, Paste 50% (DCBP)\"}]},{\"@type\":\"WebSite\",\"@id\":\"https:\/\/sinomorechem.com\/#website\",\"url\":\"https:\/\/sinomorechem.com\/\",\"name\":\"Organic Peroxide Manufacturer &amp; Supplier | Sinomore\",\"description\":\"Sinomore is a professional manufacturer and supplier of organic peroxides, providing high-quality products for polymerization, crosslinking, curing, and specialty chemical applications. Our products are widely used in rubber, plastics, EVA, cable, and photovoltaic industries, with reliable quality and global supply capabilities.\",\"publisher\":{\"@id\":\"https:\/\/sinomorechem.com\/#organization\"},\"potentialAction\":[{\"@type\":\"SearchAction\",\"target\":{\"@type\":\"EntryPoint\",\"urlTemplate\":\"https:\/\/sinomorechem.com\/?s={search_term_string}\"},\"query-input\":{\"@type\":\"PropertyValueSpecification\",\"valueRequired\":true,\"valueName\":\"search_term_string\"}}],\"inLanguage\":\"fr-CA\"},{\"@type\":\"Organization\",\"@id\":\"https:\/\/sinomorechem.com\/#organization\",\"name\":\"Organic Peroxide Manufacturer &amp; Supplier | Sinomore\",\"url\":\"https:\/\/sinomorechem.com\/\",\"logo\":{\"@type\":\"ImageObject\",\"inLanguage\":\"fr-CA\",\"@id\":\"https:\/\/sinomorechem.com\/#\/schema\/logo\/image\/\",\"url\":\"https:\/\/sinomorechem.com\/wp-content\/uploads\/2026\/01\/\u6700\u7ec8\u7248-01.png\",\"contentUrl\":\"https:\/\/sinomorechem.com\/wp-content\/uploads\/2026\/01\/\u6700\u7ec8\u7248-01.png\",\"width\":1240,\"height\":1377,\"caption\":\"Organic Peroxide Manufacturer &amp; Supplier | Sinomore\"},\"image\":{\"@id\":\"https:\/\/sinomorechem.com\/#\/schema\/logo\/image\/\"}}]}<\/script>\n<!-- \/ Yoast SEO plugin. -->","yoast_head_json":{"title":"peroxyde organique, fabricant de peroxyde organique, fournisseur de peroxyde organique, initiateur de polym\u00e9risation, agent de r\u00e9ticulation, agent de durcissement, produits chimiques pour le caoutchouc, additifs pour le plastique, agent de r\u00e9ticulation EVA, peroxyde pour c\u00e2ble, mat\u00e9riaux photovolta\u00efques","description":"peroxyde organique, fabricant de peroxyde organique, fournisseur de peroxyde organique, initiateur de polym\u00e9risation, agent de r\u00e9ticulation, agent de durcissement, produits chimiques pour le caoutchouc, additifs pour le plastique, agent de r\u00e9ticulation EVA, peroxyde pour c\u00e2ble, mat\u00e9riaux photovolta\u00efques","robots":{"index":"noindex","follow":"follow","max-snippet":"max-snippet:-1","max-image-preview":"max-image-preview:large","max-video-preview":"max-video-preview:-1"},"og_locale":"fr_CA","og_type":"article","og_title":"organic peroxide, organic peroxide manufacturer, organic peroxide supplier, polymerization initiator, crosslinking agent, curing agent, rubber chemicals, plastic additives, EVA crosslinking agent, cable peroxide, photovoltaic materials","og_description":"organic peroxide, organic peroxide manufacturer, organic peroxide supplier, polymerization initiator, crosslinking agent, curing agent, rubber chemicals, plastic additives, EVA crosslinking agent, cable peroxide, photovoltaic materials","og_url":"https:\/\/sinomorechem.com\/fr\/product\/di24-dichlorobenzoyl-peroxide-paste-50\/","og_site_name":"Organic Peroxide Manufacturer &amp; Supplier | Sinomore","article_modified_time":"2026-01-17T05:53:06+00:00","og_image":[{"width":334,"height":320,"url":"https:\/\/sinomorechem.com\/wp-content\/uploads\/2026\/01\/25.-\u8fc7\u6c27\u5316\u4e8c\uff0824-\u4e8c\u6c2f\u82ef\u7532\u9170\uff09DCBP.png","type":"image\/png"}],"twitter_card":"summary_large_image","twitter_misc":{"Estimation du temps de lecture":"2 minutes"},"schema":{"@context":"https:\/\/schema.org","@graph":[{"@type":"WebPage","@id":"https:\/\/sinomorechem.com\/product\/di24-dichlorobenzoyl-peroxide-paste-50","url":"https:\/\/sinomorechem.com\/product\/di24-dichlorobenzoyl-peroxide-paste-50","name":"peroxyde organique, fabricant de peroxyde organique, fournisseur de peroxyde organique, initiateur de polym\u00e9risation, agent de r\u00e9ticulation, agent de durcissement, produits chimiques pour le caoutchouc, additifs pour le plastique, agent de r\u00e9ticulation EVA, peroxyde pour c\u00e2ble, mat\u00e9riaux photovolta\u00efques","isPartOf":{"@id":"https:\/\/sinomorechem.com\/#website"},"primaryImageOfPage":{"@id":"https:\/\/sinomorechem.com\/product\/di24-dichlorobenzoyl-peroxide-paste-50#primaryimage"},"image":{"@id":"https:\/\/sinomorechem.com\/product\/di24-dichlorobenzoyl-peroxide-paste-50#primaryimage"},"thumbnailUrl":"https:\/\/sinomorechem.com\/wp-content\/uploads\/2026\/01\/25.-\u8fc7\u6c27\u5316\u4e8c\uff0824-\u4e8c\u6c2f\u82ef\u7532\u9170\uff09DCBP.png","datePublished":"2026-01-16T05:37:13+00:00","dateModified":"2026-01-17T05:53:06+00:00","description":"peroxyde organique, fabricant de peroxyde organique, fournisseur de peroxyde organique, initiateur de polym\u00e9risation, agent de r\u00e9ticulation, agent de durcissement, produits chimiques pour le caoutchouc, additifs pour le plastique, agent de r\u00e9ticulation EVA, peroxyde pour c\u00e2ble, mat\u00e9riaux photovolta\u00efques","breadcrumb":{"@id":"https:\/\/sinomorechem.com\/product\/di24-dichlorobenzoyl-peroxide-paste-50#breadcrumb"},"inLanguage":"fr-CA","potentialAction":[{"@type":"ReadAction","target":["https:\/\/sinomorechem.com\/product\/di24-dichlorobenzoyl-peroxide-paste-50"]}]},{"@type":"ImageObject","inLanguage":"fr-CA","@id":"https:\/\/sinomorechem.com\/product\/di24-dichlorobenzoyl-peroxide-paste-50#primaryimage","url":"https:\/\/sinomorechem.com\/wp-content\/uploads\/2026\/01\/25.-\u8fc7\u6c27\u5316\u4e8c\uff0824-\u4e8c\u6c2f\u82ef\u7532\u9170\uff09DCBP.png","contentUrl":"https:\/\/sinomorechem.com\/wp-content\/uploads\/2026\/01\/25.-\u8fc7\u6c27\u5316\u4e8c\uff0824-\u4e8c\u6c2f\u82ef\u7532\u9170\uff09DCBP.png","width":334,"height":320},{"@type":"BreadcrumbList","@id":"https:\/\/sinomorechem.com\/product\/di24-dichlorobenzoyl-peroxide-paste-50#breadcrumb","itemListElement":[{"@type":"ListItem","position":1,"name":"Home","item":"https:\/\/sinomorechem.com\/"},{"@type":"ListItem","position":2,"name":"Products","item":"https:\/\/sinomorechem.com\/product"},{"@type":"ListItem","position":3,"name":"Di(2,4-Dichlorobenzoyl) Peroxide, Paste 50% (DCBP)"}]},{"@type":"WebSite","@id":"https:\/\/sinomorechem.com\/#website","url":"https:\/\/sinomorechem.com\/","name":"Fabricant et fournisseur de peroxyde organique | Sinomore","description":"Sinomore est un fabricant et fournisseur professionnel de peroxydes organiques, fournissant des produits de haute qualit\u00e9 pour la polym\u00e9risation, la r\u00e9ticulation, le durcissement et les applications chimiques sp\u00e9cialis\u00e9es. Nos produits sont largement utilis\u00e9s dans les industries du caoutchouc, du plastique, de l'EVA, du c\u00e2ble et du photovolta\u00efque, avec une qualit\u00e9 fiable et des capacit\u00e9s d'approvisionnement mondiales.","publisher":{"@id":"https:\/\/sinomorechem.com\/#organization"},"potentialAction":[{"@type":"SearchAction","target":{"@type":"EntryPoint","urlTemplate":"https:\/\/sinomorechem.com\/?s={search_term_string}"},"query-input":{"@type":"PropertyValueSpecification","valueRequired":true,"valueName":"search_term_string"}}],"inLanguage":"fr-CA"},{"@type":"Organization","@id":"https:\/\/sinomorechem.com\/#organization","name":"Fabricant et fournisseur de peroxyde organique | Sinomore","url":"https:\/\/sinomorechem.com\/","logo":{"@type":"ImageObject","inLanguage":"fr-CA","@id":"https:\/\/sinomorechem.com\/#\/schema\/logo\/image\/","url":"https:\/\/sinomorechem.com\/wp-content\/uploads\/2026\/01\/\u6700\u7ec8\u7248-01.png","contentUrl":"https:\/\/sinomorechem.com\/wp-content\/uploads\/2026\/01\/\u6700\u7ec8\u7248-01.png","width":1240,"height":1377,"caption":"Organic Peroxide Manufacturer &amp; Supplier | Sinomore"},"image":{"@id":"https:\/\/sinomorechem.com\/#\/schema\/logo\/image\/"}}]}},"_links":{"self":[{"href":"https:\/\/sinomorechem.com\/fr\/wp-json\/wp\/v2\/product\/1580","targetHints":{"allow":["GET"]}}],"collection":[{"href":"https:\/\/sinomorechem.com\/fr\/wp-json\/wp\/v2\/product"}],"about":[{"href":"https:\/\/sinomorechem.com\/fr\/wp-json\/wp\/v2\/types\/product"}],"wp:featuredmedia":[{"embeddable":true,"href":"https:\/\/sinomorechem.com\/fr\/wp-json\/wp\/v2\/media\/1581"}],"wp:attachment":[{"href":"https:\/\/sinomorechem.com\/fr\/wp-json\/wp\/v2\/media?parent=1580"}],"wp:term":[{"taxonomy":"post_tag","embeddable":true,"href":"https:\/\/sinomorechem.com\/fr\/wp-json\/wp\/v2\/tags?post=1580"},{"taxonomy":"products","embeddable":true,"href":"https:\/\/sinomorechem.com\/fr\/wp-json\/wp\/v2\/products?post=1580"}],"curies":[{"name":"wp","href":"https:\/\/api.w.org\/{rel}","templated":true}]}}