 {"id":1499,"date":"2026-01-13T16:57:34","date_gmt":"2026-01-13T08:57:34","guid":{"rendered":"https:\/\/ttt.linshengsl.com\/?post_type=product&#038;p=1499"},"modified":"2026-01-19T13:42:01","modified_gmt":"2026-01-19T05:42:01","slug":"tert-butyl-peroxy-2-ethylhexanoate-tbpo-%e8%bf%87%e6%b0%a7%e5%8c%96-2-%e4%b9%99%e5%9f%ba%e5%b7%b1%e9%85%b8%e5%8f%94%e4%b8%81%e9%85%af","status":"publish","type":"product","link":"https:\/\/sinomorechem.com\/fr_be\/product\/tert-butyl-peroxy-2-ethylhexanoate-tbpo-%e8%bf%87%e6%b0%a7%e5%8c%96-2-%e4%b9%99%e5%9f%ba%e5%b7%b1%e9%85%b8%e5%8f%94%e4%b8%81%e9%85%af","title":{"rendered":"Carbonate de tert-amyle et de peroxy 2-\u00e9thylhexyle (TAEC)"},"content":{"rendered":"<p><strong><b>Nom chimique<\/b><\/strong><\/p>\n<ul>\n<li>Carbonate de tert-amyle et de peroxy 2-\u00e9thylhexyle (TAEC)<\/li>\n<li><strong><b>\u522b\u540d<\/b><\/strong>\uff1aTBPO\uff0cOT\uff0cTBPEH<\/li>\n<\/ul>\n<p><strong><b>Structure<\/b><\/strong><\/p>\n<ul>\n<li>\u5206\u5b50\u5f0f\uff1aC\u2081\u2082H\u2082\u2084O\u2083<\/li>\n<li>\u5206\u5b50\u91cf (MW)\uff1a216.3<\/li>\n<li>No CAS \uff1a3006-82-4<\/li>\n<\/ul>\n<p><strong><b>Introduction<\/b><\/strong><\/p>\n<ul>\n<li>Le TBHP est un liquide transparent, volatil, incolore \u00e0 l\u00e9g\u00e8rement jaune. Il appartient \u00e0 la cat\u00e9gorie des hydroperoxydes d'alkyle. Il est principalement utilis\u00e9 comme initiateur de radicaux libres pour la polym\u00e9risation et la copolym\u00e9risation du styr\u00e8ne, de l'acrylonitrile, de l'acrylate et du m\u00e9thacrylate d'\u00e9thyle. Il est \u00e9galement largement utilis\u00e9 comme mati\u00e8re premi\u00e8re importante pour la synth\u00e8se d'autres peroxydes organiques.<\/li>\n<\/ul>\n<p><strong><b>Sp\u00e9cifications<\/b><\/strong><\/p>\n<ul>\n<li>Apparence : liquide incolore<\/li>\n<li>Teneur (%): \u2265 98,0<\/li>\n<li>Oxyg\u00e8ne actif (%): \u2265 7,26<\/li>\n<\/ul>\n<p><strong><b>Propri\u00e9t\u00e9s<\/b><\/strong><\/p>\n<ul>\n<li>\u00c9tat : Liquide<\/li>\n<li>Densit\u00e9 (g\/cm\u00b3): 0,900<\/li>\n<li>Point de cong\u00e9lation (\u00b0C) : -30<\/li>\n<li>Oxyg\u00e8ne actif (%): 7,41<\/li>\n<\/ul>\n<p><strong><b>Donn\u00e9es sur la demi-vie<\/b><\/strong><\/p>\n<ul>\n<li>Ea (kJ\/mol): 124,90<\/li>\n<li>Demi-vie de 10 h (\u00b0C): 77<\/li>\n<li>Demi-vie de 1 h (\u00b0C): 94<\/li>\n<li>1 min Demi-vie (\u00b0C) : 128<\/li>\n<\/ul>\n<p><strong><b>Solubilit\u00e9<\/b><\/strong><\/p>\n<ul>\n<li>Soluble dans les alcools, esters, \u00e9thers, hydrocarbures et autres solvants organiques, insoluble dans l'eau.<\/li>\n<\/ul>\n<p><strong><b>Donn\u00e9es de s\u00e9curit\u00e9<\/b><\/strong><\/p>\n<ul>\n<li>TDAA (\u00b0C) : 35<\/li>\n<li>Temp\u00e9rature d'alarme (\u00b0C) : 25<\/li>\n<li>N\u00b0 ONU : 3113<\/li>\n<\/ul>\n<p><strong><b>Paquet<\/b><\/strong><\/p>\n<ul>\n<li>25 kg \/ tambour<\/li>\n<\/ul>\n<p><strong><b>Stockage<\/b><\/strong><\/p>\n<ul>\n<li>Stock\u00e9 \u00e0 une temp\u00e9rature inf\u00e9rieure \u00e0 10\u00b0C en chambre froide.<\/li>\n<\/ul>","protected":false},"featured_media":1637,"template":"","meta":{"_acf_changed":false,"site-sidebar-layout":"default","site-content-layout":"","ast-site-content-layout":"default","site-content-style":"default","site-sidebar-style":"default","ast-global-header-display":"","ast-banner-title-visibility":"","ast-main-header-display":"","ast-hfb-above-header-display":"","ast-hfb-below-header-display":"","ast-hfb-mobile-header-display":"","site-post-title":"","ast-breadcrumbs-content":"","ast-featured-img":"","footer-sml-layout":"","theme-transparent-header-meta":"default","adv-header-id-meta":"","stick-header-meta":"default","header-above-stick-meta":"","header-main-stick-meta":"","header-below-stick-meta":"","astra-migrate-meta-layouts":"set","ast-page-background-enabled":"default","ast-page-background-meta":{"desktop":{"background-color":"var(--ast-global-color-4)","background-image":"","background-repeat":"repeat","background-position":"center center","background-size":"auto","background-attachment":"scroll","background-type":"","background-media":"","overlay-type":"","overlay-color":"","overlay-opacity":"","overlay-gradient":""},"tablet":{"background-color":"","background-image":"","background-repeat":"repeat","background-position":"center center","background-size":"auto","background-attachment":"scroll","background-type":"","background-media":"","overlay-type":"","overlay-color":"","overlay-opacity":"","overlay-gradient":""},"mobile":{"background-color":"","background-image":"","background-repeat":"repeat","background-position":"center center","background-size":"auto","background-attachment":"scroll","background-type":"","background-media":"","overlay-type":"","overlay-color":"","overlay-opacity":"","overlay-gradient":""}},"ast-content-background-meta":{"desktop":{"background-color":"var(--ast-global-color-5)","background-image":"","background-repeat":"repeat","background-position":"center center","background-size":"auto","background-attachment":"scroll","background-type":"","background-media":"","overlay-type":"","overlay-color":"","overlay-opacity":"","overlay-gradient":""},"tablet":{"background-color":"var(--ast-global-color-5)","background-image":"","background-repeat":"repeat","background-position":"center center","background-size":"auto","background-attachment":"scroll","background-type":"","background-media":"","overlay-type":"","overlay-color":"","overlay-opacity":"","overlay-gradient":""},"mobile":{"background-color":"var(--ast-global-color-5)","background-image":"","background-repeat":"repeat","background-position":"center center","background-size":"auto","background-attachment":"scroll","background-type":"","background-media":"","overlay-type":"","overlay-color":"","overlay-opacity":"","overlay-gradient":""}}},"tags":[],"products":[],"class_list":["post-1499","product","type-product","status-publish","has-post-thumbnail","hentry"],"acf":[],"yoast_head":"<!-- This site is optimized with the Yoast SEO plugin v26.7 - https:\/\/yoast.com\/wordpress\/plugins\/seo\/ -->\n<title>organic peroxide, organic peroxide manufacturer, organic peroxide supplier, polymerization initiator, crosslinking agent, curing agent, rubber chemicals, plastic additives, EVA crosslinking agent, cable peroxide, photovoltaic materials<\/title>\n<meta name=\"description\" content=\"organic peroxide, organic peroxide manufacturer, organic peroxide supplier, polymerization initiator, crosslinking agent, curing agent, rubber chemicals, plastic additives, EVA crosslinking agent, cable peroxide, photovoltaic materials\" \/>\n<meta name=\"robots\" content=\"noindex, follow, max-snippet:-1, max-image-preview:large, max-video-preview:-1\" \/>\n<meta property=\"og:locale\" content=\"fr_FR\" \/>\n<meta property=\"og:type\" content=\"article\" \/>\n<meta property=\"og:title\" content=\"organic peroxide, organic peroxide manufacturer, organic peroxide supplier, polymerization initiator, crosslinking agent, curing agent, rubber chemicals, plastic additives, EVA crosslinking agent, cable peroxide, photovoltaic materials\" \/>\n<meta property=\"og:description\" content=\"organic peroxide, organic peroxide manufacturer, organic peroxide supplier, polymerization initiator, crosslinking agent, curing agent, rubber chemicals, plastic additives, EVA crosslinking agent, cable peroxide, photovoltaic materials\" \/>\n<meta property=\"og:url\" content=\"https:\/\/sinomorechem.com\/fr_be\/product\/tert-butyl-peroxy-2-ethylhexanoate-tbpo-\u8fc7\u6c27\u5316-2-\u4e59\u57fa\u5df1\u9178\u53d4\u4e01\u916f\/\" \/>\n<meta property=\"og:site_name\" content=\"Organic Peroxide Manufacturer &amp; Supplier | Sinomore\" \/>\n<meta property=\"article:modified_time\" content=\"2026-01-19T05:42:01+00:00\" \/>\n<meta property=\"og:image\" content=\"https:\/\/sinomorechem.com\/wp-content\/uploads\/2026\/01\/4.-\u8fc7\u6c27\u5316-2-\u4e59\u57fa\u5df1\u9178\u53d4\u4e01\u916fTBPO-1.png\" \/>\n\t<meta property=\"og:image:width\" content=\"336\" \/>\n\t<meta property=\"og:image:height\" content=\"320\" \/>\n\t<meta property=\"og:image:type\" content=\"image\/png\" \/>\n<meta name=\"twitter:card\" content=\"summary_large_image\" \/>\n<meta name=\"twitter:label1\" content=\"Dur\u00e9e de lecture est.\" \/>\n\t<meta name=\"twitter:data1\" content=\"1 minute\" \/>\n<script type=\"application\/ld+json\" class=\"yoast-schema-graph\">{\"@context\":\"https:\/\/schema.org\",\"@graph\":[{\"@type\":\"WebPage\",\"@id\":\"https:\/\/sinomorechem.com\/product\/tert-butyl-peroxy-2-ethylhexanoate-tbpo-%e8%bf%87%e6%b0%a7%e5%8c%96-2-%e4%b9%99%e5%9f%ba%e5%b7%b1%e9%85%b8%e5%8f%94%e4%b8%81%e9%85%af\",\"url\":\"https:\/\/sinomorechem.com\/product\/tert-butyl-peroxy-2-ethylhexanoate-tbpo-%e8%bf%87%e6%b0%a7%e5%8c%96-2-%e4%b9%99%e5%9f%ba%e5%b7%b1%e9%85%b8%e5%8f%94%e4%b8%81%e9%85%af\",\"name\":\"organic peroxide, organic peroxide manufacturer, organic peroxide supplier, polymerization initiator, crosslinking agent, curing agent, rubber chemicals, plastic additives, EVA crosslinking agent, cable peroxide, photovoltaic materials\",\"isPartOf\":{\"@id\":\"https:\/\/sinomorechem.com\/#website\"},\"primaryImageOfPage\":{\"@id\":\"https:\/\/sinomorechem.com\/product\/tert-butyl-peroxy-2-ethylhexanoate-tbpo-%e8%bf%87%e6%b0%a7%e5%8c%96-2-%e4%b9%99%e5%9f%ba%e5%b7%b1%e9%85%b8%e5%8f%94%e4%b8%81%e9%85%af#primaryimage\"},\"image\":{\"@id\":\"https:\/\/sinomorechem.com\/product\/tert-butyl-peroxy-2-ethylhexanoate-tbpo-%e8%bf%87%e6%b0%a7%e5%8c%96-2-%e4%b9%99%e5%9f%ba%e5%b7%b1%e9%85%b8%e5%8f%94%e4%b8%81%e9%85%af#primaryimage\"},\"thumbnailUrl\":\"https:\/\/sinomorechem.com\/wp-content\/uploads\/2026\/01\/4.-\u8fc7\u6c27\u5316-2-\u4e59\u57fa\u5df1\u9178\u53d4\u4e01\u916fTBPO-1.png\",\"datePublished\":\"2026-01-13T08:57:34+00:00\",\"dateModified\":\"2026-01-19T05:42:01+00:00\",\"description\":\"organic peroxide, organic peroxide manufacturer, organic peroxide supplier, polymerization initiator, crosslinking agent, curing agent, rubber chemicals, plastic additives, EVA crosslinking agent, cable peroxide, photovoltaic materials\",\"breadcrumb\":{\"@id\":\"https:\/\/sinomorechem.com\/product\/tert-butyl-peroxy-2-ethylhexanoate-tbpo-%e8%bf%87%e6%b0%a7%e5%8c%96-2-%e4%b9%99%e5%9f%ba%e5%b7%b1%e9%85%b8%e5%8f%94%e4%b8%81%e9%85%af#breadcrumb\"},\"inLanguage\":\"fr-BE\",\"potentialAction\":[{\"@type\":\"ReadAction\",\"target\":[\"https:\/\/sinomorechem.com\/product\/tert-butyl-peroxy-2-ethylhexanoate-tbpo-%e8%bf%87%e6%b0%a7%e5%8c%96-2-%e4%b9%99%e5%9f%ba%e5%b7%b1%e9%85%b8%e5%8f%94%e4%b8%81%e9%85%af\"]}]},{\"@type\":\"ImageObject\",\"inLanguage\":\"fr-BE\",\"@id\":\"https:\/\/sinomorechem.com\/product\/tert-butyl-peroxy-2-ethylhexanoate-tbpo-%e8%bf%87%e6%b0%a7%e5%8c%96-2-%e4%b9%99%e5%9f%ba%e5%b7%b1%e9%85%b8%e5%8f%94%e4%b8%81%e9%85%af#primaryimage\",\"url\":\"https:\/\/sinomorechem.com\/wp-content\/uploads\/2026\/01\/4.-\u8fc7\u6c27\u5316-2-\u4e59\u57fa\u5df1\u9178\u53d4\u4e01\u916fTBPO-1.png\",\"contentUrl\":\"https:\/\/sinomorechem.com\/wp-content\/uploads\/2026\/01\/4.-\u8fc7\u6c27\u5316-2-\u4e59\u57fa\u5df1\u9178\u53d4\u4e01\u916fTBPO-1.png\",\"width\":336,\"height\":320},{\"@type\":\"BreadcrumbList\",\"@id\":\"https:\/\/sinomorechem.com\/product\/tert-butyl-peroxy-2-ethylhexanoate-tbpo-%e8%bf%87%e6%b0%a7%e5%8c%96-2-%e4%b9%99%e5%9f%ba%e5%b7%b1%e9%85%b8%e5%8f%94%e4%b8%81%e9%85%af#breadcrumb\",\"itemListElement\":[{\"@type\":\"ListItem\",\"position\":1,\"name\":\"Home\",\"item\":\"https:\/\/sinomorechem.com\/\"},{\"@type\":\"ListItem\",\"position\":2,\"name\":\"Products\",\"item\":\"https:\/\/sinomorechem.com\/product\"},{\"@type\":\"ListItem\",\"position\":3,\"name\":\"Tert-Butyl Peroxy 2-Ethylhexanoate (TBPO)\"}]},{\"@type\":\"WebSite\",\"@id\":\"https:\/\/sinomorechem.com\/#website\",\"url\":\"https:\/\/sinomorechem.com\/\",\"name\":\"Organic Peroxide Manufacturer &amp; Supplier | Sinomore\",\"description\":\"Sinomore is a professional manufacturer and supplier of organic peroxides, providing high-quality products for polymerization, crosslinking, curing, and specialty chemical applications. Our products are widely used in rubber, plastics, EVA, cable, and photovoltaic industries, with reliable quality and global supply capabilities.\",\"publisher\":{\"@id\":\"https:\/\/sinomorechem.com\/#organization\"},\"potentialAction\":[{\"@type\":\"SearchAction\",\"target\":{\"@type\":\"EntryPoint\",\"urlTemplate\":\"https:\/\/sinomorechem.com\/?s={search_term_string}\"},\"query-input\":{\"@type\":\"PropertyValueSpecification\",\"valueRequired\":true,\"valueName\":\"search_term_string\"}}],\"inLanguage\":\"fr-BE\"},{\"@type\":\"Organization\",\"@id\":\"https:\/\/sinomorechem.com\/#organization\",\"name\":\"Organic Peroxide Manufacturer &amp; Supplier | Sinomore\",\"url\":\"https:\/\/sinomorechem.com\/\",\"logo\":{\"@type\":\"ImageObject\",\"inLanguage\":\"fr-BE\",\"@id\":\"https:\/\/sinomorechem.com\/#\/schema\/logo\/image\/\",\"url\":\"https:\/\/sinomorechem.com\/wp-content\/uploads\/2026\/01\/\u6700\u7ec8\u7248-01.png\",\"contentUrl\":\"https:\/\/sinomorechem.com\/wp-content\/uploads\/2026\/01\/\u6700\u7ec8\u7248-01.png\",\"width\":1240,\"height\":1377,\"caption\":\"Organic Peroxide Manufacturer &amp; Supplier | Sinomore\"},\"image\":{\"@id\":\"https:\/\/sinomorechem.com\/#\/schema\/logo\/image\/\"}}]}<\/script>\n<!-- \/ Yoast SEO plugin. -->","yoast_head_json":{"title":"peroxyde organique, fabricant de peroxyde organique, fournisseur de peroxyde organique, initiateur de polym\u00e9risation, agent de r\u00e9ticulation, agent de durcissement, produits chimiques pour le caoutchouc, additifs pour le plastique, agent de r\u00e9ticulation EVA, peroxyde pour c\u00e2ble, mat\u00e9riaux photovolta\u00efques","description":"peroxyde organique, fabricant de peroxyde organique, fournisseur de peroxyde organique, initiateur de polym\u00e9risation, agent de r\u00e9ticulation, agent de durcissement, produits chimiques pour le caoutchouc, additifs pour le plastique, agent de r\u00e9ticulation EVA, peroxyde pour c\u00e2ble, mat\u00e9riaux photovolta\u00efques","robots":{"index":"noindex","follow":"follow","max-snippet":"max-snippet:-1","max-image-preview":"max-image-preview:large","max-video-preview":"max-video-preview:-1"},"og_locale":"fr_FR","og_type":"article","og_title":"organic peroxide, organic peroxide manufacturer, organic peroxide supplier, polymerization initiator, crosslinking agent, curing agent, rubber chemicals, plastic additives, EVA crosslinking agent, cable peroxide, photovoltaic materials","og_description":"organic peroxide, organic peroxide manufacturer, organic peroxide supplier, polymerization initiator, crosslinking agent, curing agent, rubber chemicals, plastic additives, EVA crosslinking agent, cable peroxide, photovoltaic materials","og_url":"https:\/\/sinomorechem.com\/fr_be\/product\/tert-butyl-peroxy-2-ethylhexanoate-tbpo-\u8fc7\u6c27\u5316-2-\u4e59\u57fa\u5df1\u9178\u53d4\u4e01\u916f\/","og_site_name":"Organic Peroxide Manufacturer &amp; Supplier | Sinomore","article_modified_time":"2026-01-19T05:42:01+00:00","og_image":[{"width":336,"height":320,"url":"https:\/\/sinomorechem.com\/wp-content\/uploads\/2026\/01\/4.-\u8fc7\u6c27\u5316-2-\u4e59\u57fa\u5df1\u9178\u53d4\u4e01\u916fTBPO-1.png","type":"image\/png"}],"twitter_card":"summary_large_image","twitter_misc":{"Dur\u00e9e de lecture est.":"1 minute"},"schema":{"@context":"https:\/\/schema.org","@graph":[{"@type":"WebPage","@id":"https:\/\/sinomorechem.com\/product\/tert-butyl-peroxy-2-ethylhexanoate-tbpo-%e8%bf%87%e6%b0%a7%e5%8c%96-2-%e4%b9%99%e5%9f%ba%e5%b7%b1%e9%85%b8%e5%8f%94%e4%b8%81%e9%85%af","url":"https:\/\/sinomorechem.com\/product\/tert-butyl-peroxy-2-ethylhexanoate-tbpo-%e8%bf%87%e6%b0%a7%e5%8c%96-2-%e4%b9%99%e5%9f%ba%e5%b7%b1%e9%85%b8%e5%8f%94%e4%b8%81%e9%85%af","name":"peroxyde organique, fabricant de peroxyde organique, fournisseur de peroxyde organique, initiateur de polym\u00e9risation, agent de r\u00e9ticulation, agent de durcissement, produits chimiques pour le caoutchouc, additifs pour le plastique, agent de r\u00e9ticulation EVA, peroxyde pour c\u00e2ble, mat\u00e9riaux photovolta\u00efques","isPartOf":{"@id":"https:\/\/sinomorechem.com\/#website"},"primaryImageOfPage":{"@id":"https:\/\/sinomorechem.com\/product\/tert-butyl-peroxy-2-ethylhexanoate-tbpo-%e8%bf%87%e6%b0%a7%e5%8c%96-2-%e4%b9%99%e5%9f%ba%e5%b7%b1%e9%85%b8%e5%8f%94%e4%b8%81%e9%85%af#primaryimage"},"image":{"@id":"https:\/\/sinomorechem.com\/product\/tert-butyl-peroxy-2-ethylhexanoate-tbpo-%e8%bf%87%e6%b0%a7%e5%8c%96-2-%e4%b9%99%e5%9f%ba%e5%b7%b1%e9%85%b8%e5%8f%94%e4%b8%81%e9%85%af#primaryimage"},"thumbnailUrl":"https:\/\/sinomorechem.com\/wp-content\/uploads\/2026\/01\/4.-\u8fc7\u6c27\u5316-2-\u4e59\u57fa\u5df1\u9178\u53d4\u4e01\u916fTBPO-1.png","datePublished":"2026-01-13T08:57:34+00:00","dateModified":"2026-01-19T05:42:01+00:00","description":"peroxyde organique, fabricant de peroxyde organique, fournisseur de peroxyde organique, initiateur de polym\u00e9risation, agent de r\u00e9ticulation, agent de durcissement, produits chimiques pour le caoutchouc, additifs pour le plastique, agent de r\u00e9ticulation EVA, peroxyde pour c\u00e2ble, mat\u00e9riaux photovolta\u00efques","breadcrumb":{"@id":"https:\/\/sinomorechem.com\/product\/tert-butyl-peroxy-2-ethylhexanoate-tbpo-%e8%bf%87%e6%b0%a7%e5%8c%96-2-%e4%b9%99%e5%9f%ba%e5%b7%b1%e9%85%b8%e5%8f%94%e4%b8%81%e9%85%af#breadcrumb"},"inLanguage":"fr-BE","potentialAction":[{"@type":"ReadAction","target":["https:\/\/sinomorechem.com\/product\/tert-butyl-peroxy-2-ethylhexanoate-tbpo-%e8%bf%87%e6%b0%a7%e5%8c%96-2-%e4%b9%99%e5%9f%ba%e5%b7%b1%e9%85%b8%e5%8f%94%e4%b8%81%e9%85%af"]}]},{"@type":"ImageObject","inLanguage":"fr-BE","@id":"https:\/\/sinomorechem.com\/product\/tert-butyl-peroxy-2-ethylhexanoate-tbpo-%e8%bf%87%e6%b0%a7%e5%8c%96-2-%e4%b9%99%e5%9f%ba%e5%b7%b1%e9%85%b8%e5%8f%94%e4%b8%81%e9%85%af#primaryimage","url":"https:\/\/sinomorechem.com\/wp-content\/uploads\/2026\/01\/4.-\u8fc7\u6c27\u5316-2-\u4e59\u57fa\u5df1\u9178\u53d4\u4e01\u916fTBPO-1.png","contentUrl":"https:\/\/sinomorechem.com\/wp-content\/uploads\/2026\/01\/4.-\u8fc7\u6c27\u5316-2-\u4e59\u57fa\u5df1\u9178\u53d4\u4e01\u916fTBPO-1.png","width":336,"height":320},{"@type":"BreadcrumbList","@id":"https:\/\/sinomorechem.com\/product\/tert-butyl-peroxy-2-ethylhexanoate-tbpo-%e8%bf%87%e6%b0%a7%e5%8c%96-2-%e4%b9%99%e5%9f%ba%e5%b7%b1%e9%85%b8%e5%8f%94%e4%b8%81%e9%85%af#breadcrumb","itemListElement":[{"@type":"ListItem","position":1,"name":"Home","item":"https:\/\/sinomorechem.com\/"},{"@type":"ListItem","position":2,"name":"Products","item":"https:\/\/sinomorechem.com\/product"},{"@type":"ListItem","position":3,"name":"Tert-Butyl Peroxy 2-Ethylhexanoate (TBPO)"}]},{"@type":"WebSite","@id":"https:\/\/sinomorechem.com\/#website","url":"https:\/\/sinomorechem.com\/","name":"Fabricant et fournisseur de peroxyde organique | Sinomore","description":"Sinomore est un fabricant et fournisseur professionnel de peroxydes organiques, fournissant des produits de haute qualit\u00e9 pour la polym\u00e9risation, la r\u00e9ticulation, le durcissement et les applications chimiques sp\u00e9cialis\u00e9es. Nos produits sont largement utilis\u00e9s dans les industries du caoutchouc, du plastique, de l'EVA, du c\u00e2ble et du photovolta\u00efque, avec une qualit\u00e9 fiable et des capacit\u00e9s d'approvisionnement mondiales.","publisher":{"@id":"https:\/\/sinomorechem.com\/#organization"},"potentialAction":[{"@type":"SearchAction","target":{"@type":"EntryPoint","urlTemplate":"https:\/\/sinomorechem.com\/?s={search_term_string}"},"query-input":{"@type":"PropertyValueSpecification","valueRequired":true,"valueName":"search_term_string"}}],"inLanguage":"fr-BE"},{"@type":"Organization","@id":"https:\/\/sinomorechem.com\/#organization","name":"Fabricant et fournisseur de peroxyde organique | Sinomore","url":"https:\/\/sinomorechem.com\/","logo":{"@type":"ImageObject","inLanguage":"fr-BE","@id":"https:\/\/sinomorechem.com\/#\/schema\/logo\/image\/","url":"https:\/\/sinomorechem.com\/wp-content\/uploads\/2026\/01\/\u6700\u7ec8\u7248-01.png","contentUrl":"https:\/\/sinomorechem.com\/wp-content\/uploads\/2026\/01\/\u6700\u7ec8\u7248-01.png","width":1240,"height":1377,"caption":"Organic Peroxide Manufacturer &amp; Supplier | Sinomore"},"image":{"@id":"https:\/\/sinomorechem.com\/#\/schema\/logo\/image\/"}}]}},"_links":{"self":[{"href":"https:\/\/sinomorechem.com\/fr_be\/wp-json\/wp\/v2\/product\/1499","targetHints":{"allow":["GET"]}}],"collection":[{"href":"https:\/\/sinomorechem.com\/fr_be\/wp-json\/wp\/v2\/product"}],"about":[{"href":"https:\/\/sinomorechem.com\/fr_be\/wp-json\/wp\/v2\/types\/product"}],"wp:featuredmedia":[{"embeddable":true,"href":"https:\/\/sinomorechem.com\/fr_be\/wp-json\/wp\/v2\/media\/1637"}],"wp:attachment":[{"href":"https:\/\/sinomorechem.com\/fr_be\/wp-json\/wp\/v2\/media?parent=1499"}],"wp:term":[{"taxonomy":"post_tag","embeddable":true,"href":"https:\/\/sinomorechem.com\/fr_be\/wp-json\/wp\/v2\/tags?post=1499"},{"taxonomy":"products","embeddable":true,"href":"https:\/\/sinomorechem.com\/fr_be\/wp-json\/wp\/v2\/products?post=1499"}],"curies":[{"name":"wp","href":"https:\/\/api.w.org\/{rel}","templated":true}]}}