 {"id":1569,"date":"2026-01-15T17:12:21","date_gmt":"2026-01-15T09:12:21","guid":{"rendered":"https:\/\/sinomorechem.com\/?post_type=product&#038;p=1569"},"modified":"2026-01-15T17:12:21","modified_gmt":"2026-01-15T09:12:21","slug":"tert-butyl-peroxyneodecanoate-tbpnd","status":"publish","type":"product","link":"https:\/\/sinomorechem.com\/fr_be\/product\/tert-butyl-peroxyneodecanoate-tbpnd","title":{"rendered":"Tert-Butyl Peroxyneodecanoate (TBPND)"},"content":{"rendered":"<p><strong><b>Nom chimique<\/b><\/strong><\/p>\n<ul>\n<li>Peroxyneod\u00e9canoate de tert-butyle<\/li>\n<li><strong><b>\u522b\u540d<\/b><\/strong>\uff1aTBPND<\/li>\n<\/ul>\n<p><strong><b>Structure<\/b><\/strong><\/p>\n<ul>\n<li>\u5206\u5b50\u91cf (MW)\uff1a244.4<br \/>\nNo CAS \uff1a26748-41-4<br \/>\nEINECS \/ ELINCS No.\uff1a247-955-1<br \/>\nStatut TSCA\uff1aList\u00e9<\/li>\n<\/ul>\n<p><strong><b>Introduction<\/b><\/strong><\/p>\n<ul>\n<li>Le TBPND est un liquide transparent incolore. Il appartient aux peroxydes organiques de type ester. Il est principalement utilis\u00e9 comme initiateur pour la polym\u00e9risation et la copolym\u00e9risation des acrylates, des m\u00e9thacrylates, de l'\u00e9thyl\u00e8ne et du styr\u00e8ne, offrant un comportement d'initiation doux et contr\u00f4l\u00e9.<\/li>\n<\/ul>\n<p><strong><b>Sp\u00e9cifications<\/b><\/strong><\/p>\n<ul>\n<li>Apparence : liquide clair<\/li>\n<li>Couleur : \u2264 30 Pt-Co<\/li>\n<li>Essai (%) : 74,0 - 76,0<\/li>\n<li>Oxyg\u00e8ne actif (%) : 4.84 - 4.98<\/li>\n<li>Hydroperoxydes comme TBHP (%) : \u2264 0,10<\/li>\n<li>Chlorure inorganique + organique hydrolysable : \u2264 200 mg\/kg<\/li>\n<\/ul>\n<p><strong><b>Propri\u00e9t\u00e9s<\/b><\/strong><\/p>\n<ul>\n<li>\u00c9tat : Liquide<\/li>\n<li>Densit\u00e9 (20\u00b0C, g\/cm\u00b3) : 0.92<\/li>\n<\/ul>\n<p><strong><b>Donn\u00e9es sur la demi-vie<\/b><\/strong><\/p>\n<ul>\n<li>Les donn\u00e9es de demi-vie du TBPND dans le chlorobenz\u00e8ne sont les suivantes :<\/li>\n<li>10 h Demi-vie (\u00b0C) : 46<\/li>\n<li>1 h Demi-vie (\u00b0C) : 64<\/li>\n<li>0,1 h Demi-vie (\u00b0C) : 84<\/li>\n<li>\u00c9nergie d'activation Ea (kJ\/mol) : 115.47<\/li>\n<\/ul>\n<p><strong><b>Stabilit\u00e9 thermique<\/b><\/strong><\/p>\n<ul>\n<li>Temp\u00e9rature de stockage maximale recommand\u00e9e Ts max (\u00b0C) : -10<\/li>\n<li>Temp\u00e9rature de stockage minimale recommand\u00e9e Ts min (\u00b0C) : -30<\/li>\n<li>Temp\u00e9rature de d\u00e9composition auto-acc\u00e9l\u00e9r\u00e9e SADT (\u00b0C) : 15<\/li>\n<\/ul>\n<p><strong><b>Donn\u00e9es de s\u00e9curit\u00e9<\/b><\/strong><\/p>\n<ul>\n<li>Peroxyde organique de type C, liquide, \u00e0 temp\u00e9rature contr\u00f4l\u00e9eDivision 5.2<\/li>\n<li>N\u00b0 ONU : 3115<\/li>\n<\/ul>\n<p><strong><b>Emballage<\/b><\/strong><\/p>\n<ul>\n<li>25 L<\/li>\n<li>HDPE \u6876\u88c5<\/li>\n<\/ul>\n<p><strong><b>Stockage<\/b><\/strong><\/p>\n<ul>\n<li>Stock\u00e9 entre -30\u00b0C et -10\u00b0C dans un endroit frais et ventil\u00e9.<\/li>\n<\/ul>\n<p><strong><b>Pr\u00e9cautions de manipulation<\/b><\/strong><\/p>\n<ul>\n<li>Conserver les r\u00e9cipients herm\u00e9tiquement ferm\u00e9s<\/li>\n<li>Tenir \u00e0 l'\u00e9cart des sources de chaleur, des sources d'inflammation et de la lumi\u00e8re directe du soleil.<\/li>\n<li>Ne pas peser ou reconditionner dans les zones de stockage<\/li>\n<li>\u00c9viter le contact avec les agents r\u00e9ducteurs (tels que les amines), les acides, les bases et les compos\u00e9s de m\u00e9taux lourds (acc\u00e9l\u00e9rateurs, savons m\u00e9talliques, etc.).<\/li>\n<\/ul>","protected":false},"featured_media":1570,"template":"","meta":{"_acf_changed":false,"site-sidebar-layout":"default","site-content-layout":"","ast-site-content-layout":"default","site-content-style":"default","site-sidebar-style":"default","ast-global-header-display":"","ast-banner-title-visibility":"","ast-main-header-display":"","ast-hfb-above-header-display":"","ast-hfb-below-header-display":"","ast-hfb-mobile-header-display":"","site-post-title":"","ast-breadcrumbs-content":"","ast-featured-img":"","footer-sml-layout":"","theme-transparent-header-meta":"default","adv-header-id-meta":"","stick-header-meta":"default","header-above-stick-meta":"","header-main-stick-meta":"","header-below-stick-meta":"","astra-migrate-meta-layouts":"set","ast-page-background-enabled":"default","ast-page-background-meta":{"desktop":{"background-color":"var(--ast-global-color-4)","background-image":"","background-repeat":"repeat","background-position":"center center","background-size":"auto","background-attachment":"scroll","background-type":"","background-media":"","overlay-type":"","overlay-color":"","overlay-opacity":"","overlay-gradient":""},"tablet":{"background-color":"","background-image":"","background-repeat":"repeat","background-position":"center center","background-size":"auto","background-attachment":"scroll","background-type":"","background-media":"","overlay-type":"","overlay-color":"","overlay-opacity":"","overlay-gradient":""},"mobile":{"background-color":"","background-image":"","background-repeat":"repeat","background-position":"center center","background-size":"auto","background-attachment":"scroll","background-type":"","background-media":"","overlay-type":"","overlay-color":"","overlay-opacity":"","overlay-gradient":""}},"ast-content-background-meta":{"desktop":{"background-color":"var(--ast-global-color-5)","background-image":"","background-repeat":"repeat","background-position":"center center","background-size":"auto","background-attachment":"scroll","background-type":"","background-media":"","overlay-type":"","overlay-color":"","overlay-opacity":"","overlay-gradient":""},"tablet":{"background-color":"var(--ast-global-color-5)","background-image":"","background-repeat":"repeat","background-position":"center center","background-size":"auto","background-attachment":"scroll","background-type":"","background-media":"","overlay-type":"","overlay-color":"","overlay-opacity":"","overlay-gradient":""},"mobile":{"background-color":"var(--ast-global-color-5)","background-image":"","background-repeat":"repeat","background-position":"center center","background-size":"auto","background-attachment":"scroll","background-type":"","background-media":"","overlay-type":"","overlay-color":"","overlay-opacity":"","overlay-gradient":""}}},"tags":[],"products":[],"class_list":["post-1569","product","type-product","status-publish","has-post-thumbnail","hentry"],"acf":[],"yoast_head":"<!-- This site is optimized with the Yoast SEO plugin v26.7 - https:\/\/yoast.com\/wordpress\/plugins\/seo\/ -->\n<title>organic peroxide, organic peroxide manufacturer, organic peroxide supplier, polymerization initiator, crosslinking agent, curing agent, rubber chemicals, plastic additives, EVA crosslinking agent, cable peroxide, photovoltaic materials<\/title>\n<meta name=\"description\" content=\"organic peroxide, organic peroxide manufacturer, organic peroxide supplier, polymerization initiator, crosslinking agent, curing agent, rubber chemicals, plastic additives, EVA crosslinking agent, cable peroxide, photovoltaic materials\" \/>\n<meta name=\"robots\" content=\"noindex, follow, max-snippet:-1, max-image-preview:large, max-video-preview:-1\" \/>\n<meta property=\"og:locale\" content=\"fr_FR\" \/>\n<meta property=\"og:type\" content=\"article\" \/>\n<meta property=\"og:title\" content=\"organic peroxide, organic peroxide manufacturer, organic peroxide supplier, polymerization initiator, crosslinking agent, curing agent, rubber chemicals, plastic additives, EVA crosslinking agent, cable peroxide, photovoltaic materials\" \/>\n<meta property=\"og:description\" content=\"organic peroxide, organic peroxide manufacturer, organic peroxide supplier, polymerization initiator, crosslinking agent, curing agent, rubber chemicals, plastic additives, EVA crosslinking agent, cable peroxide, photovoltaic materials\" \/>\n<meta property=\"og:url\" content=\"https:\/\/sinomorechem.com\/fr_be\/product\/tert-butyl-peroxyneodecanoate-tbpnd\/\" \/>\n<meta property=\"og:site_name\" content=\"Organic Peroxide Manufacturer &amp; Supplier | Sinomore\" \/>\n<meta property=\"og:image\" content=\"https:\/\/sinomorechem.com\/wp-content\/uploads\/2026\/01\/22.-\u8fc7\u6c27\u5316\u65b0\u7678\u9178\u53d4\u4e01\u916f-TBPND.png\" \/>\n\t<meta property=\"og:image:width\" content=\"332\" \/>\n\t<meta property=\"og:image:height\" content=\"320\" \/>\n\t<meta property=\"og:image:type\" content=\"image\/png\" \/>\n<meta name=\"twitter:card\" content=\"summary_large_image\" \/>\n<meta name=\"twitter:label1\" content=\"Dur\u00e9e de lecture est.\" \/>\n\t<meta name=\"twitter:data1\" content=\"2 minutes\" \/>\n<script type=\"application\/ld+json\" class=\"yoast-schema-graph\">{\"@context\":\"https:\/\/schema.org\",\"@graph\":[{\"@type\":\"WebPage\",\"@id\":\"https:\/\/sinomorechem.com\/product\/tert-butyl-peroxyneodecanoate-tbpnd\",\"url\":\"https:\/\/sinomorechem.com\/product\/tert-butyl-peroxyneodecanoate-tbpnd\",\"name\":\"organic peroxide, organic peroxide manufacturer, organic peroxide supplier, polymerization initiator, crosslinking agent, curing agent, rubber chemicals, plastic additives, EVA crosslinking agent, cable peroxide, photovoltaic materials\",\"isPartOf\":{\"@id\":\"https:\/\/sinomorechem.com\/#website\"},\"primaryImageOfPage\":{\"@id\":\"https:\/\/sinomorechem.com\/product\/tert-butyl-peroxyneodecanoate-tbpnd#primaryimage\"},\"image\":{\"@id\":\"https:\/\/sinomorechem.com\/product\/tert-butyl-peroxyneodecanoate-tbpnd#primaryimage\"},\"thumbnailUrl\":\"https:\/\/sinomorechem.com\/wp-content\/uploads\/2026\/01\/22.-\u8fc7\u6c27\u5316\u65b0\u7678\u9178\u53d4\u4e01\u916f-TBPND.png\",\"datePublished\":\"2026-01-15T09:12:21+00:00\",\"description\":\"organic peroxide, organic peroxide manufacturer, organic peroxide supplier, polymerization initiator, crosslinking agent, curing agent, rubber chemicals, plastic additives, EVA crosslinking agent, cable peroxide, photovoltaic materials\",\"breadcrumb\":{\"@id\":\"https:\/\/sinomorechem.com\/product\/tert-butyl-peroxyneodecanoate-tbpnd#breadcrumb\"},\"inLanguage\":\"fr-BE\",\"potentialAction\":[{\"@type\":\"ReadAction\",\"target\":[\"https:\/\/sinomorechem.com\/product\/tert-butyl-peroxyneodecanoate-tbpnd\"]}]},{\"@type\":\"ImageObject\",\"inLanguage\":\"fr-BE\",\"@id\":\"https:\/\/sinomorechem.com\/product\/tert-butyl-peroxyneodecanoate-tbpnd#primaryimage\",\"url\":\"https:\/\/sinomorechem.com\/wp-content\/uploads\/2026\/01\/22.-\u8fc7\u6c27\u5316\u65b0\u7678\u9178\u53d4\u4e01\u916f-TBPND.png\",\"contentUrl\":\"https:\/\/sinomorechem.com\/wp-content\/uploads\/2026\/01\/22.-\u8fc7\u6c27\u5316\u65b0\u7678\u9178\u53d4\u4e01\u916f-TBPND.png\",\"width\":332,\"height\":320},{\"@type\":\"BreadcrumbList\",\"@id\":\"https:\/\/sinomorechem.com\/product\/tert-butyl-peroxyneodecanoate-tbpnd#breadcrumb\",\"itemListElement\":[{\"@type\":\"ListItem\",\"position\":1,\"name\":\"Home\",\"item\":\"https:\/\/sinomorechem.com\/\"},{\"@type\":\"ListItem\",\"position\":2,\"name\":\"Products\",\"item\":\"https:\/\/sinomorechem.com\/product\"},{\"@type\":\"ListItem\",\"position\":3,\"name\":\"Tert-Butyl Peroxyneodecanoate (TBPND)\"}]},{\"@type\":\"WebSite\",\"@id\":\"https:\/\/sinomorechem.com\/#website\",\"url\":\"https:\/\/sinomorechem.com\/\",\"name\":\"Organic Peroxide Manufacturer &amp; Supplier | Sinomore\",\"description\":\"Sinomore is a professional manufacturer and supplier of organic peroxides, providing high-quality products for polymerization, crosslinking, curing, and specialty chemical applications. Our products are widely used in rubber, plastics, EVA, cable, and photovoltaic industries, with reliable quality and global supply capabilities.\",\"publisher\":{\"@id\":\"https:\/\/sinomorechem.com\/#organization\"},\"potentialAction\":[{\"@type\":\"SearchAction\",\"target\":{\"@type\":\"EntryPoint\",\"urlTemplate\":\"https:\/\/sinomorechem.com\/?s={search_term_string}\"},\"query-input\":{\"@type\":\"PropertyValueSpecification\",\"valueRequired\":true,\"valueName\":\"search_term_string\"}}],\"inLanguage\":\"fr-BE\"},{\"@type\":\"Organization\",\"@id\":\"https:\/\/sinomorechem.com\/#organization\",\"name\":\"Organic Peroxide Manufacturer &amp; Supplier | Sinomore\",\"url\":\"https:\/\/sinomorechem.com\/\",\"logo\":{\"@type\":\"ImageObject\",\"inLanguage\":\"fr-BE\",\"@id\":\"https:\/\/sinomorechem.com\/#\/schema\/logo\/image\/\",\"url\":\"https:\/\/sinomorechem.com\/wp-content\/uploads\/2026\/01\/\u6700\u7ec8\u7248-01.png\",\"contentUrl\":\"https:\/\/sinomorechem.com\/wp-content\/uploads\/2026\/01\/\u6700\u7ec8\u7248-01.png\",\"width\":1240,\"height\":1377,\"caption\":\"Organic Peroxide Manufacturer &amp; Supplier | Sinomore\"},\"image\":{\"@id\":\"https:\/\/sinomorechem.com\/#\/schema\/logo\/image\/\"}}]}<\/script>\n<!-- \/ Yoast SEO plugin. -->","yoast_head_json":{"title":"peroxyde organique, fabricant de peroxyde organique, fournisseur de peroxyde organique, initiateur de polym\u00e9risation, agent de r\u00e9ticulation, agent de durcissement, produits chimiques pour le caoutchouc, additifs pour le plastique, agent de r\u00e9ticulation EVA, peroxyde pour c\u00e2ble, mat\u00e9riaux photovolta\u00efques","description":"peroxyde organique, fabricant de peroxyde organique, fournisseur de peroxyde organique, initiateur de polym\u00e9risation, agent de r\u00e9ticulation, agent de durcissement, produits chimiques pour le caoutchouc, additifs pour le plastique, agent de r\u00e9ticulation EVA, peroxyde pour c\u00e2ble, mat\u00e9riaux photovolta\u00efques","robots":{"index":"noindex","follow":"follow","max-snippet":"max-snippet:-1","max-image-preview":"max-image-preview:large","max-video-preview":"max-video-preview:-1"},"og_locale":"fr_FR","og_type":"article","og_title":"organic peroxide, organic peroxide manufacturer, organic peroxide supplier, polymerization initiator, crosslinking agent, curing agent, rubber chemicals, plastic additives, EVA crosslinking agent, cable peroxide, photovoltaic materials","og_description":"organic peroxide, organic peroxide manufacturer, organic peroxide supplier, polymerization initiator, crosslinking agent, curing agent, rubber chemicals, plastic additives, EVA crosslinking agent, cable peroxide, photovoltaic materials","og_url":"https:\/\/sinomorechem.com\/fr_be\/product\/tert-butyl-peroxyneodecanoate-tbpnd\/","og_site_name":"Organic Peroxide Manufacturer &amp; Supplier | Sinomore","og_image":[{"width":332,"height":320,"url":"https:\/\/sinomorechem.com\/wp-content\/uploads\/2026\/01\/22.-\u8fc7\u6c27\u5316\u65b0\u7678\u9178\u53d4\u4e01\u916f-TBPND.png","type":"image\/png"}],"twitter_card":"summary_large_image","twitter_misc":{"Dur\u00e9e de lecture est.":"2 minutes"},"schema":{"@context":"https:\/\/schema.org","@graph":[{"@type":"WebPage","@id":"https:\/\/sinomorechem.com\/product\/tert-butyl-peroxyneodecanoate-tbpnd","url":"https:\/\/sinomorechem.com\/product\/tert-butyl-peroxyneodecanoate-tbpnd","name":"peroxyde organique, fabricant de peroxyde organique, fournisseur de peroxyde organique, initiateur de polym\u00e9risation, agent de r\u00e9ticulation, agent de durcissement, produits chimiques pour le caoutchouc, additifs pour le plastique, agent de r\u00e9ticulation EVA, peroxyde pour c\u00e2ble, mat\u00e9riaux photovolta\u00efques","isPartOf":{"@id":"https:\/\/sinomorechem.com\/#website"},"primaryImageOfPage":{"@id":"https:\/\/sinomorechem.com\/product\/tert-butyl-peroxyneodecanoate-tbpnd#primaryimage"},"image":{"@id":"https:\/\/sinomorechem.com\/product\/tert-butyl-peroxyneodecanoate-tbpnd#primaryimage"},"thumbnailUrl":"https:\/\/sinomorechem.com\/wp-content\/uploads\/2026\/01\/22.-\u8fc7\u6c27\u5316\u65b0\u7678\u9178\u53d4\u4e01\u916f-TBPND.png","datePublished":"2026-01-15T09:12:21+00:00","description":"peroxyde organique, fabricant de peroxyde organique, fournisseur de peroxyde organique, initiateur de polym\u00e9risation, agent de r\u00e9ticulation, agent de durcissement, produits chimiques pour le caoutchouc, additifs pour le plastique, agent de r\u00e9ticulation EVA, peroxyde pour c\u00e2ble, mat\u00e9riaux photovolta\u00efques","breadcrumb":{"@id":"https:\/\/sinomorechem.com\/product\/tert-butyl-peroxyneodecanoate-tbpnd#breadcrumb"},"inLanguage":"fr-BE","potentialAction":[{"@type":"ReadAction","target":["https:\/\/sinomorechem.com\/product\/tert-butyl-peroxyneodecanoate-tbpnd"]}]},{"@type":"ImageObject","inLanguage":"fr-BE","@id":"https:\/\/sinomorechem.com\/product\/tert-butyl-peroxyneodecanoate-tbpnd#primaryimage","url":"https:\/\/sinomorechem.com\/wp-content\/uploads\/2026\/01\/22.-\u8fc7\u6c27\u5316\u65b0\u7678\u9178\u53d4\u4e01\u916f-TBPND.png","contentUrl":"https:\/\/sinomorechem.com\/wp-content\/uploads\/2026\/01\/22.-\u8fc7\u6c27\u5316\u65b0\u7678\u9178\u53d4\u4e01\u916f-TBPND.png","width":332,"height":320},{"@type":"BreadcrumbList","@id":"https:\/\/sinomorechem.com\/product\/tert-butyl-peroxyneodecanoate-tbpnd#breadcrumb","itemListElement":[{"@type":"ListItem","position":1,"name":"Home","item":"https:\/\/sinomorechem.com\/"},{"@type":"ListItem","position":2,"name":"Products","item":"https:\/\/sinomorechem.com\/product"},{"@type":"ListItem","position":3,"name":"Tert-Butyl Peroxyneodecanoate (TBPND)"}]},{"@type":"WebSite","@id":"https:\/\/sinomorechem.com\/#website","url":"https:\/\/sinomorechem.com\/","name":"Fabricant et fournisseur de peroxyde organique | Sinomore","description":"Sinomore est un fabricant et fournisseur professionnel de peroxydes organiques, fournissant des produits de haute qualit\u00e9 pour la polym\u00e9risation, la r\u00e9ticulation, le durcissement et les applications chimiques sp\u00e9cialis\u00e9es. Nos produits sont largement utilis\u00e9s dans les industries du caoutchouc, du plastique, de l'EVA, du c\u00e2ble et du photovolta\u00efque, avec une qualit\u00e9 fiable et des capacit\u00e9s d'approvisionnement mondiales.","publisher":{"@id":"https:\/\/sinomorechem.com\/#organization"},"potentialAction":[{"@type":"SearchAction","target":{"@type":"EntryPoint","urlTemplate":"https:\/\/sinomorechem.com\/?s={search_term_string}"},"query-input":{"@type":"PropertyValueSpecification","valueRequired":true,"valueName":"search_term_string"}}],"inLanguage":"fr-BE"},{"@type":"Organization","@id":"https:\/\/sinomorechem.com\/#organization","name":"Fabricant et fournisseur de peroxyde organique | Sinomore","url":"https:\/\/sinomorechem.com\/","logo":{"@type":"ImageObject","inLanguage":"fr-BE","@id":"https:\/\/sinomorechem.com\/#\/schema\/logo\/image\/","url":"https:\/\/sinomorechem.com\/wp-content\/uploads\/2026\/01\/\u6700\u7ec8\u7248-01.png","contentUrl":"https:\/\/sinomorechem.com\/wp-content\/uploads\/2026\/01\/\u6700\u7ec8\u7248-01.png","width":1240,"height":1377,"caption":"Organic Peroxide Manufacturer &amp; Supplier | Sinomore"},"image":{"@id":"https:\/\/sinomorechem.com\/#\/schema\/logo\/image\/"}}]}},"_links":{"self":[{"href":"https:\/\/sinomorechem.com\/fr_be\/wp-json\/wp\/v2\/product\/1569","targetHints":{"allow":["GET"]}}],"collection":[{"href":"https:\/\/sinomorechem.com\/fr_be\/wp-json\/wp\/v2\/product"}],"about":[{"href":"https:\/\/sinomorechem.com\/fr_be\/wp-json\/wp\/v2\/types\/product"}],"wp:featuredmedia":[{"embeddable":true,"href":"https:\/\/sinomorechem.com\/fr_be\/wp-json\/wp\/v2\/media\/1570"}],"wp:attachment":[{"href":"https:\/\/sinomorechem.com\/fr_be\/wp-json\/wp\/v2\/media?parent=1569"}],"wp:term":[{"taxonomy":"post_tag","embeddable":true,"href":"https:\/\/sinomorechem.com\/fr_be\/wp-json\/wp\/v2\/tags?post=1569"},{"taxonomy":"products","embeddable":true,"href":"https:\/\/sinomorechem.com\/fr_be\/wp-json\/wp\/v2\/products?post=1569"}],"curies":[{"name":"wp","href":"https:\/\/api.w.org\/{rel}","templated":true}]}}