 {"id":1714,"date":"2026-02-05T13:52:58","date_gmt":"2026-02-05T05:52:58","guid":{"rendered":"https:\/\/sinomorechem.com\/?post_type=product&#038;p=1714"},"modified":"2026-02-05T13:52:58","modified_gmt":"2026-02-05T05:52:58","slug":"di-lauroyl-peroxide-lpo","status":"publish","type":"product","link":"https:\/\/sinomorechem.com\/fr_be\/product\/di-lauroyl-peroxide-lpo","title":{"rendered":"Peroxyde de di-lauroyle (LPO)"},"content":{"rendered":"<p><strong>Nom chimique<\/strong><\/p>\n<p>Peroxyde de di-lauroyle<\/p>\n<p><strong>Autre nom<\/strong>\uff1aLPO<\/p>\n<p><strong>Structure<\/strong><\/p>\n<p>MW\uff1a398.6<br \/>\nN\u00b0 CAS \uff1a105-74-8<br \/>\nEINECS \/ ELINCS No.\uff1a203-326-3<br \/>\nStatut TSCA\uff1aList\u00e9<\/p>\n<p><strong>Introduction<\/strong><\/p>\n<p>Le LPO est une poudre blanche. Il fait partie des peroxydes organiques diacyl\u00e9s. Il est principalement utilis\u00e9 comme initiateur pour la polym\u00e9risation du styr\u00e8ne, de l'\u00e9thyl\u00e8ne, du chlorure de vinyle, du chlorure de vinylid\u00e8ne, de l'acrylate et du m\u00e9thacrylate. Dans la polym\u00e9risation du m\u00e9thacrylate, le LPO est souvent utilis\u00e9 en remplacement de l'AIBN.<\/p>\n<p><strong>Sp\u00e9cifications<\/strong><\/p>\n<p>Aspect : Poudre blanche pure<\/p>\n<p>Essai (%) : \u2265 98,0<\/p>\n<p>Oxyg\u00e8ne actif (%) : \u2265 3,93<\/p>\n<p>Densit\u00e9 apparente : 460 kg\/m\u00b3<\/p>\n<p><strong>Propri\u00e9t\u00e9s<\/strong><\/p>\n<p>\u00c9tat : Solide<\/p>\n<p>Point de fusion (\u00b0C) : 54<\/p>\n<p>Oxyg\u00e8ne actif (%) : 4.01<\/p>\n<p><strong>Donn\u00e9es sur la demi-vie<\/strong><\/p>\n<p>Les donn\u00e9es de demi-vie de la LPO dans le chlorobenz\u00e8ne sont les suivantes :<br \/>\n10 h Demi-vie (\u00b0C) : 61<br \/>\n1 h Demi-vie (\u00b0C) : 81<br \/>\n0,1 h Demi-vie (\u00b0C) : 99<br \/>\nEa (kJ\/mol) : \u00c9nergie d'activation Ea (kJ\/mol) : 123.37<\/p>\n<p><strong>Stabilit\u00e9 thermique<\/strong><\/p>\n<p>Temp\u00e9rature de stockage maximale recommand\u00e9e Ts max (\u00b0C) : 30<\/p>\n<p>SADT (\u00b0C) : 50<\/p>\n<p><strong>Donn\u00e9es de s\u00e9curit\u00e9<\/strong><\/p>\n<p>Peroxyde organique de type D, solide<\/p>\n<p>Division 5.2<\/p>\n<p>N\u00b0 ONU : 3106<\/p>\n<p><strong>Emballage : <\/strong>25 kg \/ bo\u00eete en carton<\/p>\n<p><strong>Stockage<\/strong><\/p>\n<p>Stock\u00e9 \u00e0 une temp\u00e9rature inf\u00e9rieure \u00e0 30\u00b0C dans un endroit frais, sec et bien ventil\u00e9.<\/p>\n<p><strong>Pr\u00e9cautions de manipulation<\/strong><\/p>\n<ul>\n<li>Conserver les r\u00e9cipients herm\u00e9tiquement ferm\u00e9s<\/li>\n<li>Tenir \u00e0 l'\u00e9cart des sources de chaleur, des sources d'inflammation et de la lumi\u00e8re directe du soleil.<\/li>\n<li>\u00c9viter le pesage ou le reconditionnement dans les zones de stockage<\/li>\n<li>\u00c9viter le contact avec les agents r\u00e9ducteurs (tels que les amines), les acides, les bases et les compos\u00e9s de m\u00e9taux lourds (acc\u00e9l\u00e9rateurs, savons m\u00e9talliques, etc.).<\/li>\n<\/ul>","protected":false},"featured_media":1715,"template":"","meta":{"_acf_changed":false,"site-sidebar-layout":"default","site-content-layout":"","ast-site-content-layout":"default","site-content-style":"default","site-sidebar-style":"default","ast-global-header-display":"","ast-banner-title-visibility":"","ast-main-header-display":"","ast-hfb-above-header-display":"","ast-hfb-below-header-display":"","ast-hfb-mobile-header-display":"","site-post-title":"","ast-breadcrumbs-content":"","ast-featured-img":"","footer-sml-layout":"","theme-transparent-header-meta":"default","adv-header-id-meta":"","stick-header-meta":"default","header-above-stick-meta":"","header-main-stick-meta":"","header-below-stick-meta":"","astra-migrate-meta-layouts":"set","ast-page-background-enabled":"default","ast-page-background-meta":{"desktop":{"background-color":"var(--ast-global-color-4)","background-image":"","background-repeat":"repeat","background-position":"center center","background-size":"auto","background-attachment":"scroll","background-type":"","background-media":"","overlay-type":"","overlay-color":"","overlay-opacity":"","overlay-gradient":""},"tablet":{"background-color":"","background-image":"","background-repeat":"repeat","background-position":"center center","background-size":"auto","background-attachment":"scroll","background-type":"","background-media":"","overlay-type":"","overlay-color":"","overlay-opacity":"","overlay-gradient":""},"mobile":{"background-color":"","background-image":"","background-repeat":"repeat","background-position":"center center","background-size":"auto","background-attachment":"scroll","background-type":"","background-media":"","overlay-type":"","overlay-color":"","overlay-opacity":"","overlay-gradient":""}},"ast-content-background-meta":{"desktop":{"background-color":"var(--ast-global-color-5)","background-image":"","background-repeat":"repeat","background-position":"center center","background-size":"auto","background-attachment":"scroll","background-type":"","background-media":"","overlay-type":"","overlay-color":"","overlay-opacity":"","overlay-gradient":""},"tablet":{"background-color":"var(--ast-global-color-5)","background-image":"","background-repeat":"repeat","background-position":"center center","background-size":"auto","background-attachment":"scroll","background-type":"","background-media":"","overlay-type":"","overlay-color":"","overlay-opacity":"","overlay-gradient":""},"mobile":{"background-color":"var(--ast-global-color-5)","background-image":"","background-repeat":"repeat","background-position":"center center","background-size":"auto","background-attachment":"scroll","background-type":"","background-media":"","overlay-type":"","overlay-color":"","overlay-opacity":"","overlay-gradient":""}}},"tags":[],"products":[],"class_list":["post-1714","product","type-product","status-publish","has-post-thumbnail","hentry"],"acf":[],"yoast_head":"<!-- This site is optimized with the Yoast SEO plugin v26.7 - https:\/\/yoast.com\/wordpress\/plugins\/seo\/ -->\n<title>organic peroxide, organic peroxide manufacturer, organic peroxide supplier, polymerization initiator, crosslinking agent, curing agent, rubber chemicals, plastic additives, EVA crosslinking agent, cable peroxide, photovoltaic materials<\/title>\n<meta name=\"description\" content=\"organic peroxide, organic peroxide manufacturer, organic peroxide supplier, polymerization initiator, crosslinking agent, curing agent, rubber chemicals, plastic additives, EVA crosslinking agent, cable peroxide, photovoltaic materials\" \/>\n<meta name=\"robots\" content=\"noindex, follow, max-snippet:-1, max-image-preview:large, max-video-preview:-1\" \/>\n<meta property=\"og:locale\" content=\"fr_FR\" \/>\n<meta property=\"og:type\" content=\"article\" \/>\n<meta property=\"og:title\" content=\"organic peroxide, organic peroxide manufacturer, organic peroxide supplier, polymerization initiator, crosslinking agent, curing agent, rubber chemicals, plastic additives, EVA crosslinking agent, cable peroxide, photovoltaic materials\" \/>\n<meta property=\"og:description\" content=\"organic peroxide, organic peroxide manufacturer, organic peroxide supplier, polymerization initiator, crosslinking agent, curing agent, rubber chemicals, plastic additives, EVA crosslinking agent, cable peroxide, photovoltaic materials\" \/>\n<meta property=\"og:url\" content=\"https:\/\/sinomorechem.com\/fr_be\/product\/di-lauroyl-peroxide-lpo\/\" \/>\n<meta property=\"og:site_name\" content=\"Organic Peroxide Manufacturer &amp; Supplier | Sinomore\" \/>\n<meta property=\"og:image\" content=\"https:\/\/sinomorechem.com\/wp-content\/uploads\/2026\/02\/20.-\u8fc7\u6c27\u5316\u4e8c\u6708\u6842\u9170-LPO.png\" \/>\n\t<meta property=\"og:image:width\" content=\"330\" \/>\n\t<meta property=\"og:image:height\" content=\"320\" \/>\n\t<meta property=\"og:image:type\" content=\"image\/png\" \/>\n<meta name=\"twitter:card\" content=\"summary_large_image\" \/>\n<meta name=\"twitter:label1\" content=\"Dur\u00e9e de lecture est.\" \/>\n\t<meta name=\"twitter:data1\" content=\"2 minutes\" \/>\n<script type=\"application\/ld+json\" class=\"yoast-schema-graph\">{\"@context\":\"https:\/\/schema.org\",\"@graph\":[{\"@type\":\"WebPage\",\"@id\":\"https:\/\/sinomorechem.com\/product\/di-lauroyl-peroxide-lpo\",\"url\":\"https:\/\/sinomorechem.com\/product\/di-lauroyl-peroxide-lpo\",\"name\":\"organic peroxide, organic peroxide manufacturer, organic peroxide supplier, polymerization initiator, crosslinking agent, curing agent, rubber chemicals, plastic additives, EVA crosslinking agent, cable peroxide, photovoltaic materials\",\"isPartOf\":{\"@id\":\"https:\/\/sinomorechem.com\/#website\"},\"primaryImageOfPage\":{\"@id\":\"https:\/\/sinomorechem.com\/product\/di-lauroyl-peroxide-lpo#primaryimage\"},\"image\":{\"@id\":\"https:\/\/sinomorechem.com\/product\/di-lauroyl-peroxide-lpo#primaryimage\"},\"thumbnailUrl\":\"https:\/\/sinomorechem.com\/wp-content\/uploads\/2026\/02\/20.-\u8fc7\u6c27\u5316\u4e8c\u6708\u6842\u9170-LPO.png\",\"datePublished\":\"2026-02-05T05:52:58+00:00\",\"description\":\"organic peroxide, organic peroxide manufacturer, organic peroxide supplier, polymerization initiator, crosslinking agent, curing agent, rubber chemicals, plastic additives, EVA crosslinking agent, cable peroxide, photovoltaic materials\",\"breadcrumb\":{\"@id\":\"https:\/\/sinomorechem.com\/product\/di-lauroyl-peroxide-lpo#breadcrumb\"},\"inLanguage\":\"fr-BE\",\"potentialAction\":[{\"@type\":\"ReadAction\",\"target\":[\"https:\/\/sinomorechem.com\/product\/di-lauroyl-peroxide-lpo\"]}]},{\"@type\":\"ImageObject\",\"inLanguage\":\"fr-BE\",\"@id\":\"https:\/\/sinomorechem.com\/product\/di-lauroyl-peroxide-lpo#primaryimage\",\"url\":\"https:\/\/sinomorechem.com\/wp-content\/uploads\/2026\/02\/20.-\u8fc7\u6c27\u5316\u4e8c\u6708\u6842\u9170-LPO.png\",\"contentUrl\":\"https:\/\/sinomorechem.com\/wp-content\/uploads\/2026\/02\/20.-\u8fc7\u6c27\u5316\u4e8c\u6708\u6842\u9170-LPO.png\",\"width\":330,\"height\":320},{\"@type\":\"BreadcrumbList\",\"@id\":\"https:\/\/sinomorechem.com\/product\/di-lauroyl-peroxide-lpo#breadcrumb\",\"itemListElement\":[{\"@type\":\"ListItem\",\"position\":1,\"name\":\"Home\",\"item\":\"https:\/\/sinomorechem.com\/\"},{\"@type\":\"ListItem\",\"position\":2,\"name\":\"Products\",\"item\":\"https:\/\/sinomorechem.com\/product\"},{\"@type\":\"ListItem\",\"position\":3,\"name\":\"Di-Lauroyl Peroxide (LPO)\"}]},{\"@type\":\"WebSite\",\"@id\":\"https:\/\/sinomorechem.com\/#website\",\"url\":\"https:\/\/sinomorechem.com\/\",\"name\":\"Organic Peroxide Manufacturer &amp; Supplier | Sinomore\",\"description\":\"Sinomore is a professional manufacturer and supplier of organic peroxides, providing high-quality products for polymerization, crosslinking, curing, and specialty chemical applications. Our products are widely used in rubber, plastics, EVA, cable, and photovoltaic industries, with reliable quality and global supply capabilities.\",\"publisher\":{\"@id\":\"https:\/\/sinomorechem.com\/#organization\"},\"potentialAction\":[{\"@type\":\"SearchAction\",\"target\":{\"@type\":\"EntryPoint\",\"urlTemplate\":\"https:\/\/sinomorechem.com\/?s={search_term_string}\"},\"query-input\":{\"@type\":\"PropertyValueSpecification\",\"valueRequired\":true,\"valueName\":\"search_term_string\"}}],\"inLanguage\":\"fr-BE\"},{\"@type\":\"Organization\",\"@id\":\"https:\/\/sinomorechem.com\/#organization\",\"name\":\"Organic Peroxide Manufacturer &amp; Supplier | Sinomore\",\"url\":\"https:\/\/sinomorechem.com\/\",\"logo\":{\"@type\":\"ImageObject\",\"inLanguage\":\"fr-BE\",\"@id\":\"https:\/\/sinomorechem.com\/#\/schema\/logo\/image\/\",\"url\":\"https:\/\/sinomorechem.com\/wp-content\/uploads\/2026\/01\/\u6700\u7ec8\u7248-01.png\",\"contentUrl\":\"https:\/\/sinomorechem.com\/wp-content\/uploads\/2026\/01\/\u6700\u7ec8\u7248-01.png\",\"width\":1240,\"height\":1377,\"caption\":\"Organic Peroxide Manufacturer &amp; Supplier | Sinomore\"},\"image\":{\"@id\":\"https:\/\/sinomorechem.com\/#\/schema\/logo\/image\/\"}}]}<\/script>\n<!-- \/ Yoast SEO plugin. -->","yoast_head_json":{"title":"peroxyde organique, fabricant de peroxyde organique, fournisseur de peroxyde organique, initiateur de polym\u00e9risation, agent de r\u00e9ticulation, agent de durcissement, produits chimiques pour le caoutchouc, additifs pour le plastique, agent de r\u00e9ticulation EVA, peroxyde pour c\u00e2ble, mat\u00e9riaux photovolta\u00efques","description":"peroxyde organique, fabricant de peroxyde organique, fournisseur de peroxyde organique, initiateur de polym\u00e9risation, agent de r\u00e9ticulation, agent de durcissement, produits chimiques pour le caoutchouc, additifs pour le plastique, agent de r\u00e9ticulation EVA, peroxyde pour c\u00e2ble, mat\u00e9riaux photovolta\u00efques","robots":{"index":"noindex","follow":"follow","max-snippet":"max-snippet:-1","max-image-preview":"max-image-preview:large","max-video-preview":"max-video-preview:-1"},"og_locale":"fr_FR","og_type":"article","og_title":"organic peroxide, organic peroxide manufacturer, organic peroxide supplier, polymerization initiator, crosslinking agent, curing agent, rubber chemicals, plastic additives, EVA crosslinking agent, cable peroxide, photovoltaic materials","og_description":"organic peroxide, organic peroxide manufacturer, organic peroxide supplier, polymerization initiator, crosslinking agent, curing agent, rubber chemicals, plastic additives, EVA crosslinking agent, cable peroxide, photovoltaic materials","og_url":"https:\/\/sinomorechem.com\/fr_be\/product\/di-lauroyl-peroxide-lpo\/","og_site_name":"Organic Peroxide Manufacturer &amp; Supplier | Sinomore","og_image":[{"width":330,"height":320,"url":"https:\/\/sinomorechem.com\/wp-content\/uploads\/2026\/02\/20.-\u8fc7\u6c27\u5316\u4e8c\u6708\u6842\u9170-LPO.png","type":"image\/png"}],"twitter_card":"summary_large_image","twitter_misc":{"Dur\u00e9e de lecture est.":"2 minutes"},"schema":{"@context":"https:\/\/schema.org","@graph":[{"@type":"WebPage","@id":"https:\/\/sinomorechem.com\/product\/di-lauroyl-peroxide-lpo","url":"https:\/\/sinomorechem.com\/product\/di-lauroyl-peroxide-lpo","name":"peroxyde organique, fabricant de peroxyde organique, fournisseur de peroxyde organique, initiateur de polym\u00e9risation, agent de r\u00e9ticulation, agent de durcissement, produits chimiques pour le caoutchouc, additifs pour le plastique, agent de r\u00e9ticulation EVA, peroxyde pour c\u00e2ble, mat\u00e9riaux photovolta\u00efques","isPartOf":{"@id":"https:\/\/sinomorechem.com\/#website"},"primaryImageOfPage":{"@id":"https:\/\/sinomorechem.com\/product\/di-lauroyl-peroxide-lpo#primaryimage"},"image":{"@id":"https:\/\/sinomorechem.com\/product\/di-lauroyl-peroxide-lpo#primaryimage"},"thumbnailUrl":"https:\/\/sinomorechem.com\/wp-content\/uploads\/2026\/02\/20.-\u8fc7\u6c27\u5316\u4e8c\u6708\u6842\u9170-LPO.png","datePublished":"2026-02-05T05:52:58+00:00","description":"peroxyde organique, fabricant de peroxyde organique, fournisseur de peroxyde organique, initiateur de polym\u00e9risation, agent de r\u00e9ticulation, agent de durcissement, produits chimiques pour le caoutchouc, additifs pour le plastique, agent de r\u00e9ticulation EVA, peroxyde pour c\u00e2ble, mat\u00e9riaux photovolta\u00efques","breadcrumb":{"@id":"https:\/\/sinomorechem.com\/product\/di-lauroyl-peroxide-lpo#breadcrumb"},"inLanguage":"fr-BE","potentialAction":[{"@type":"ReadAction","target":["https:\/\/sinomorechem.com\/product\/di-lauroyl-peroxide-lpo"]}]},{"@type":"ImageObject","inLanguage":"fr-BE","@id":"https:\/\/sinomorechem.com\/product\/di-lauroyl-peroxide-lpo#primaryimage","url":"https:\/\/sinomorechem.com\/wp-content\/uploads\/2026\/02\/20.-\u8fc7\u6c27\u5316\u4e8c\u6708\u6842\u9170-LPO.png","contentUrl":"https:\/\/sinomorechem.com\/wp-content\/uploads\/2026\/02\/20.-\u8fc7\u6c27\u5316\u4e8c\u6708\u6842\u9170-LPO.png","width":330,"height":320},{"@type":"BreadcrumbList","@id":"https:\/\/sinomorechem.com\/product\/di-lauroyl-peroxide-lpo#breadcrumb","itemListElement":[{"@type":"ListItem","position":1,"name":"Home","item":"https:\/\/sinomorechem.com\/"},{"@type":"ListItem","position":2,"name":"Products","item":"https:\/\/sinomorechem.com\/product"},{"@type":"ListItem","position":3,"name":"Di-Lauroyl Peroxide (LPO)"}]},{"@type":"WebSite","@id":"https:\/\/sinomorechem.com\/#website","url":"https:\/\/sinomorechem.com\/","name":"Fabricant et fournisseur de peroxyde organique | Sinomore","description":"Sinomore est un fabricant et fournisseur professionnel de peroxydes organiques, fournissant des produits de haute qualit\u00e9 pour la polym\u00e9risation, la r\u00e9ticulation, le durcissement et les applications chimiques sp\u00e9cialis\u00e9es. Nos produits sont largement utilis\u00e9s dans les industries du caoutchouc, du plastique, de l'EVA, du c\u00e2ble et du photovolta\u00efque, avec une qualit\u00e9 fiable et des capacit\u00e9s d'approvisionnement mondiales.","publisher":{"@id":"https:\/\/sinomorechem.com\/#organization"},"potentialAction":[{"@type":"SearchAction","target":{"@type":"EntryPoint","urlTemplate":"https:\/\/sinomorechem.com\/?s={search_term_string}"},"query-input":{"@type":"PropertyValueSpecification","valueRequired":true,"valueName":"search_term_string"}}],"inLanguage":"fr-BE"},{"@type":"Organization","@id":"https:\/\/sinomorechem.com\/#organization","name":"Fabricant et fournisseur de peroxyde organique | Sinomore","url":"https:\/\/sinomorechem.com\/","logo":{"@type":"ImageObject","inLanguage":"fr-BE","@id":"https:\/\/sinomorechem.com\/#\/schema\/logo\/image\/","url":"https:\/\/sinomorechem.com\/wp-content\/uploads\/2026\/01\/\u6700\u7ec8\u7248-01.png","contentUrl":"https:\/\/sinomorechem.com\/wp-content\/uploads\/2026\/01\/\u6700\u7ec8\u7248-01.png","width":1240,"height":1377,"caption":"Organic Peroxide Manufacturer &amp; Supplier | Sinomore"},"image":{"@id":"https:\/\/sinomorechem.com\/#\/schema\/logo\/image\/"}}]}},"_links":{"self":[{"href":"https:\/\/sinomorechem.com\/fr_be\/wp-json\/wp\/v2\/product\/1714","targetHints":{"allow":["GET"]}}],"collection":[{"href":"https:\/\/sinomorechem.com\/fr_be\/wp-json\/wp\/v2\/product"}],"about":[{"href":"https:\/\/sinomorechem.com\/fr_be\/wp-json\/wp\/v2\/types\/product"}],"wp:featuredmedia":[{"embeddable":true,"href":"https:\/\/sinomorechem.com\/fr_be\/wp-json\/wp\/v2\/media\/1715"}],"wp:attachment":[{"href":"https:\/\/sinomorechem.com\/fr_be\/wp-json\/wp\/v2\/media?parent=1714"}],"wp:term":[{"taxonomy":"post_tag","embeddable":true,"href":"https:\/\/sinomorechem.com\/fr_be\/wp-json\/wp\/v2\/tags?post=1714"},{"taxonomy":"products","embeddable":true,"href":"https:\/\/sinomorechem.com\/fr_be\/wp-json\/wp\/v2\/products?post=1714"}],"curies":[{"name":"wp","href":"https:\/\/api.w.org\/{rel}","templated":true}]}}