 {"id":3,"date":"2023-03-30T10:47:32","date_gmt":"2023-03-30T02:47:32","guid":{"rendered":"https:\/\/ttt.linshengsl.com\/?page_id=3"},"modified":"2026-01-20T02:44:38","modified_gmt":"2026-01-19T18:44:38","slug":"privacy-policy","status":"publish","type":"page","link":"https:\/\/sinomorechem.com\/tr\/privacy-policy","title":{"rendered":"Gizlilik Politikas\u0131"},"content":{"rendered":"<h2 data-start=\"289\" data-end=\"302\">Biz Kimiz<\/h2>\n<p data-start=\"304\" data-end=\"455\">Web sitesi adresimiz: <strong data-start=\"328\" data-end=\"360\"><a class=\"decorated-link\" href=\"https:\/\/sinomorechem.com\/tr\/\" target=\"_new\" rel=\"noopener\" data-start=\"330\" data-end=\"358\">https:\/\/www.sinomorechem.com<\/a><\/strong>.<br data-start=\"361\" data-end=\"364\" \/>Bu web sitesi taraf\u0131ndan i\u015fletilmektedir <strong data-start=\"392\" data-end=\"404\">Sinomore<\/strong>, profesyonel bir organik peroksit \u00fcreticisidir.<\/p>\n<p>&nbsp;<\/p>\n<h2 data-start=\"462\" data-end=\"473\">Yorumlar<\/h2>\n<p data-start=\"475\" data-end=\"651\">Ziyaret\u00e7iler siteye yorum b\u0131rakt\u0131\u011f\u0131nda, spam tespitine yard\u0131mc\u0131 olmak i\u00e7in yorum formunda g\u00f6sterilen verilerin yan\u0131 s\u0131ra ziyaret\u00e7inin IP adresini ve taray\u0131c\u0131 kullan\u0131c\u0131 arac\u0131s\u0131 dizesini toplar\u0131z.<\/p>\n<p data-start=\"653\" data-end=\"1002\">E-posta adresinizden olu\u015fturulan anonimle\u015ftirilmi\u015f bir dize (hash olarak da adland\u0131r\u0131l\u0131r) <strong data-start=\"750\" data-end=\"762\">Gravatar<\/strong> hizmetini kullan\u0131p kullanmad\u0131\u011f\u0131n\u0131z\u0131 belirlemek i\u00e7in. Gravatar hizmeti gizlilik politikas\u0131 \u015fu adreste mevcuttur: <a class=\"decorated-link\" href=\"https:\/\/automattic.com\/privacy\/\" target=\"_new\" rel=\"noopener\" data-start=\"858\" data-end=\"889\">https:\/\/automattic.com\/privacy\/<\/a>.<br data-start=\"890\" data-end=\"893\" \/>Yorumunuz onayland\u0131ktan sonra, profil resminiz yorumunuz ba\u011flam\u0131nda herkese g\u00f6r\u00fcn\u00fcr.<\/p>\n<p>&nbsp;<\/p>\n<h2 data-start=\"1009\" data-end=\"1017\">Medya<\/h2>\n<p data-start=\"1019\" data-end=\"1225\">Web sitesine g\u00f6r\u00fcnt\u00fc y\u00fcklerseniz, g\u00f6m\u00fcl\u00fc konum verileri (EXIF GPS) i\u00e7eren g\u00f6r\u00fcnt\u00fcleri y\u00fcklemekten ka\u00e7\u0131nmal\u0131s\u0131n\u0131z. Web sitesinin ziyaret\u00e7ileri sitedeki resimlerden konum verilerini indirebilir ve \u00e7\u0131karabilir.<\/p>\n<h2 data-start=\"1232\" data-end=\"1242\">Kurabiye<\/h2>\n<p data-start=\"1244\" data-end=\"1519\">Sitemize bir yorum b\u0131rak\u0131rsan\u0131z, ad\u0131n\u0131z\u0131, e-posta adresinizi ve web sitenizi \u00e7erezlere kaydetmeyi se\u00e7ebilirsiniz. Bu \u00e7erezler size kolayl\u0131k sa\u011flamak i\u00e7indir, b\u00f6ylece ba\u015fka bir yorum b\u0131rak\u0131rken bilgilerinizi tekrar doldurman\u0131z gerekmez. Bu \u00e7erezler \u015fu s\u00fcreyle kal\u0131c\u0131d\u0131r <strong data-start=\"1506\" data-end=\"1518\">bir y\u0131l<\/strong>.<\/p>\n<p data-start=\"1521\" data-end=\"1715\">Giri\u015f sayfam\u0131z\u0131 ziyaret ederseniz, taray\u0131c\u0131n\u0131z\u0131n \u00e7erezleri kabul edip etmedi\u011fini belirlemek i\u00e7in ge\u00e7ici bir \u00e7erez ayarlayaca\u011f\u0131z. Bu \u00e7erez hi\u00e7bir ki\u015fisel veri i\u00e7ermez ve taray\u0131c\u0131n\u0131z\u0131 kapatt\u0131\u011f\u0131n\u0131zda at\u0131l\u0131r.<\/p>\n<p data-start=\"1717\" data-end=\"1831\">Giri\u015f yapt\u0131\u011f\u0131n\u0131zda, giri\u015f bilgilerinizi ve ekran g\u00f6r\u00fcnt\u00fcleme tercihlerinizi kaydetmek i\u00e7in birka\u00e7 \u00e7erez de ayarlayaca\u011f\u0131z.<\/p>\n<ul data-start=\"1832\" data-end=\"1993\">\n<li data-start=\"1832\" data-end=\"1871\">\n<p data-start=\"1834\" data-end=\"1871\">Oturum a\u00e7ma \u00e7erezleri <strong data-start=\"1857\" data-end=\"1869\">iki g\u00fcn<\/strong><\/p>\n<\/li>\n<li data-start=\"1872\" data-end=\"1920\">\n<p data-start=\"1874\" data-end=\"1920\">Ekran se\u00e7enekleri \u00e7erezleri <strong data-start=\"1906\" data-end=\"1918\">bir y\u0131l<\/strong><\/p>\n<\/li>\n<li data-start=\"1921\" data-end=\"1993\">\n<p data-start=\"1923\" data-end=\"1993\">\u201cBeni Hat\u0131rla\u201d se\u00e7ene\u011fini belirlerseniz, oturum a\u00e7ma i\u015fleminiz \u015fu s\u00fcre boyunca devam edecektir <strong data-start=\"1980\" data-end=\"1993\">iki hafta<\/strong><\/p>\n<\/li>\n<\/ul>\n<p data-start=\"1995\" data-end=\"2061\">Hesab\u0131n\u0131zdan \u00e7\u0131k\u0131\u015f yaparsan\u0131z, giri\u015f \u00e7erezleri kald\u0131r\u0131lacakt\u0131r.<\/p>\n<p data-start=\"2063\" data-end=\"2282\">Bir makaleyi d\u00fczenledi\u011finizde veya yay\u0131nlad\u0131\u011f\u0131n\u0131zda, taray\u0131c\u0131n\u0131za ek bir \u00e7erez kaydedilecektir. Bu \u00e7erez hi\u00e7bir ki\u015fisel veri i\u00e7ermez ve sadece d\u00fczenledi\u011finiz makalenin g\u00f6nderi kimli\u011fini g\u00f6sterir. S\u00fcresi \u015fu tarihten sonra dolar <strong data-start=\"2270\" data-end=\"2281\">bir g\u00fcn<\/strong>.<\/p>\n<h2 data-start=\"2289\" data-end=\"2328\">Di\u011fer Web Sitelerinden G\u00f6m\u00fcl\u00fc \u0130\u00e7erik<\/h2>\n<p data-start=\"2330\" data-end=\"2532\">Bu sitedeki makaleler g\u00f6m\u00fcl\u00fc i\u00e7erik (\u00f6rne\u011fin videolar, resimler, makaleler) i\u00e7erebilir. Di\u011fer web sitelerinden g\u00f6m\u00fcl\u00fc i\u00e7erik, ziyaret\u00e7i di\u011fer web sitesini do\u011frudan ziyaret etmi\u015f gibi ayn\u0131 \u015fekilde davran\u0131r.<\/p>\n<p data-start=\"2534\" data-end=\"2779\">Bu web siteleri hakk\u0131n\u0131zda veri toplayabilir, \u00e7erez kullanabilir, ek \u00fc\u00e7\u00fcnc\u00fc taraf izleme yerle\u015ftirebilir ve bir hesab\u0131n\u0131z varsa ve bu web sitesinde oturum a\u00e7t\u0131ysan\u0131z etkile\u015fiminizi izlemek de dahil olmak \u00fczere bu g\u00f6m\u00fcl\u00fc i\u00e7erikle etkile\u015fiminizi izleyebilir.<\/p>\n<h2 data-start=\"2786\" data-end=\"2816\">Verilerinizi Kiminle Payla\u015f\u0131yoruz<\/h2>\n<p data-start=\"2818\" data-end=\"2912\">Parola s\u0131f\u0131rlama talebinde bulunursan\u0131z, IP adresiniz parola s\u0131f\u0131rlama e-postas\u0131na dahil edilecektir.<\/p>\n<h2 data-start=\"2919\" data-end=\"2950\">Verilerinizi Ne Kadar S\u00fcre Sakl\u0131yoruz<\/h2>\n<p data-start=\"2952\" data-end=\"3155\">Bir yorum b\u0131rak\u0131rsan\u0131z, yorum ve meta verileri saklan\u0131r <strong data-start=\"3018\" data-end=\"3034\">s\u00fcresiz olarak<\/strong>. Bu sayede takip yorumlar\u0131n\u0131 moderasyon kuyru\u011funda bekletmek yerine otomatik olarak tan\u0131y\u0131p onaylayabiliyoruz.<\/p>\n<p data-start=\"3157\" data-end=\"3465\">Web sitemize kaydolan kullan\u0131c\u0131lar i\u00e7in (varsa), sa\u011flad\u0131klar\u0131 ki\u015fisel bilgileri kullan\u0131c\u0131 profillerinde de saklar\u0131z.<br data-start=\"3280\" data-end=\"3283\" \/>T\u00fcm kullan\u0131c\u0131lar ki\u015fisel bilgilerini istedikleri zaman g\u00f6rebilir, d\u00fczenleyebilir veya silebilirler (kullan\u0131c\u0131 adlar\u0131n\u0131 de\u011fi\u015ftirememeleri hari\u00e7).<br data-start=\"3400\" data-end=\"3403\" \/>Web sitesi y\u00f6neticileri de bu bilgileri g\u00f6rebilir ve d\u00fczenleyebilir.<\/p>\n<h2 data-start=\"3472\" data-end=\"3510\">Verileriniz \u00dczerinde Sahip Oldu\u011funuz Haklar<\/h2>\n<p data-start=\"3512\" data-end=\"3698\">Bu sitede bir hesab\u0131n\u0131z varsa veya yorum b\u0131rakt\u0131ysan\u0131z, bize sa\u011flad\u0131\u011f\u0131n\u0131z veriler de dahil olmak \u00fczere hakk\u0131n\u0131zda tuttu\u011fumuz ki\u015fisel verilerin d\u0131\u015fa aktar\u0131lm\u0131\u015f bir dosyas\u0131n\u0131 almay\u0131 talep edebilirsiniz.<\/p>\n<p data-start=\"3700\" data-end=\"3876\">Ayr\u0131ca hakk\u0131n\u0131zda tuttu\u011fumuz t\u00fcm ki\u015fisel verileri silmemizi de talep edebilirsiniz.<br data-start=\"3771\" data-end=\"3774\" \/>Bu, idari, yasal veya g\u00fcvenlik ama\u00e7lar\u0131 i\u00e7in saklamak zorunda oldu\u011fumuz verileri i\u00e7ermez.<\/p>\n<h2 data-start=\"3883\" data-end=\"3909\">Verilerinizin G\u00f6nderildi\u011fi Yerler<\/h2>\n<p data-start=\"3911\" data-end=\"3987\">Ziyaret\u00e7i yorumlar\u0131 otomatik bir spam alg\u0131lama hizmeti arac\u0131l\u0131\u011f\u0131yla kontrol edilebilir.<\/p>","protected":false},"excerpt":{"rendered":"<p>Who We Are Our website address is: https:\/\/www.sinomorechem.com.This website is operated by Sinomore, a professional manufacturer of organic peroxides. &nbsp; Comments When visitors leave comments on the site, we collect the data shown in the comments form, as well as the visitor\u2019s IP address and browser user agent string to help detect spam. An anonymized [&hellip;]<\/p>","protected":false},"author":1,"featured_media":0,"parent":0,"menu_order":0,"comment_status":"closed","ping_status":"open","template":"","meta":{"_acf_changed":false,"site-sidebar-layout":"default","site-content-layout":"","ast-site-content-layout":"default","site-content-style":"default","site-sidebar-style":"default","ast-global-header-display":"","ast-banner-title-visibility":"","ast-main-header-display":"","ast-hfb-above-header-display":"","ast-hfb-below-header-display":"","ast-hfb-mobile-header-display":"","site-post-title":"","ast-breadcrumbs-content":"","ast-featured-img":"","footer-sml-layout":"","theme-transparent-header-meta":"default","adv-header-id-meta":"","stick-header-meta":"default","header-above-stick-meta":"","header-main-stick-meta":"","header-below-stick-meta":"","astra-migrate-meta-layouts":"set","ast-page-background-enabled":"default","ast-page-background-meta":{"desktop":{"background-color":"var(--ast-global-color-4)","background-image":"","background-repeat":"repeat","background-position":"center center","background-size":"auto","background-attachment":"scroll","background-type":"","background-media":"","overlay-type":"","overlay-color":"","overlay-opacity":"","overlay-gradient":""},"tablet":{"background-color":"","background-image":"","background-repeat":"repeat","background-position":"center center","background-size":"auto","background-attachment":"scroll","background-type":"","background-media":"","overlay-type":"","overlay-color":"","overlay-opacity":"","overlay-gradient":""},"mobile":{"background-color":"","background-image":"","background-repeat":"repeat","background-position":"center center","background-size":"auto","background-attachment":"scroll","background-type":"","background-media":"","overlay-type":"","overlay-color":"","overlay-opacity":"","overlay-gradient":""}},"ast-content-background-meta":{"desktop":{"background-color":"var(--ast-global-color-5)","background-image":"","background-repeat":"repeat","background-position":"center center","background-size":"auto","background-attachment":"scroll","background-type":"","background-media":"","overlay-type":"","overlay-color":"","overlay-opacity":"","overlay-gradient":""},"tablet":{"background-color":"var(--ast-global-color-5)","background-image":"","background-repeat":"repeat","background-position":"center center","background-size":"auto","background-attachment":"scroll","background-type":"","background-media":"","overlay-type":"","overlay-color":"","overlay-opacity":"","overlay-gradient":""},"mobile":{"background-color":"var(--ast-global-color-5)","background-image":"","background-repeat":"repeat","background-position":"center center","background-size":"auto","background-attachment":"scroll","background-type":"","background-media":"","overlay-type":"","overlay-color":"","overlay-opacity":"","overlay-gradient":""}},"footnotes":""},"class_list":["post-3","page","type-page","status-publish","hentry"],"acf":[],"yoast_head":"<!-- This site is optimized with the Yoast SEO plugin v26.7 - https:\/\/yoast.com\/wordpress\/plugins\/seo\/ -->\n<title>organic peroxide, organic peroxide manufacturer, organic peroxide supplier, polymerization initiator, crosslinking agent, curing agent, rubber chemicals, plastic additives, EVA crosslinking agent, cable peroxide, photovoltaic materials<\/title>\n<meta name=\"description\" content=\"organic peroxide, organic peroxide manufacturer, organic peroxide supplier, polymerization initiator, crosslinking agent, curing agent, rubber chemicals, plastic additives, EVA crosslinking agent, cable peroxide, photovoltaic materials\" \/>\n<meta name=\"robots\" content=\"noindex, follow, max-snippet:-1, max-image-preview:large, max-video-preview:-1\" \/>\n<meta property=\"og:locale\" content=\"tr_TR\" \/>\n<meta property=\"og:type\" content=\"article\" \/>\n<meta property=\"og:title\" content=\"organic peroxide, organic peroxide manufacturer, organic peroxide supplier, polymerization initiator, crosslinking agent, curing agent, rubber chemicals, plastic additives, EVA crosslinking agent, cable peroxide, photovoltaic materials\" \/>\n<meta property=\"og:description\" content=\"organic peroxide, organic peroxide manufacturer, organic peroxide supplier, polymerization initiator, crosslinking agent, curing agent, rubber chemicals, plastic additives, EVA crosslinking agent, cable peroxide, photovoltaic materials\" \/>\n<meta property=\"og:url\" content=\"https:\/\/sinomorechem.com\/tr\/privacy-policy\/\" \/>\n<meta property=\"og:site_name\" content=\"Organic Peroxide Manufacturer &amp; Supplier | Sinomore\" \/>\n<meta property=\"article:modified_time\" content=\"2026-01-19T18:44:38+00:00\" \/>\n<meta name=\"twitter:card\" content=\"summary_large_image\" \/>\n<meta name=\"twitter:label1\" content=\"Tahmini okuma s\u00fcresi\" \/>\n\t<meta name=\"twitter:data1\" content=\"3 dakika\" \/>\n<script type=\"application\/ld+json\" class=\"yoast-schema-graph\">{\"@context\":\"https:\/\/schema.org\",\"@graph\":[{\"@type\":\"WebPage\",\"@id\":\"https:\/\/sinomorechem.com\/privacy-policy\",\"url\":\"https:\/\/sinomorechem.com\/privacy-policy\",\"name\":\"organic peroxide, organic peroxide manufacturer, organic peroxide supplier, polymerization initiator, crosslinking agent, curing agent, rubber chemicals, plastic additives, EVA crosslinking agent, cable peroxide, photovoltaic materials\",\"isPartOf\":{\"@id\":\"https:\/\/sinomorechem.com\/#website\"},\"datePublished\":\"2023-03-30T02:47:32+00:00\",\"dateModified\":\"2026-01-19T18:44:38+00:00\",\"description\":\"organic peroxide, organic peroxide manufacturer, organic peroxide supplier, polymerization initiator, crosslinking agent, curing agent, rubber chemicals, plastic additives, EVA crosslinking agent, cable peroxide, photovoltaic materials\",\"breadcrumb\":{\"@id\":\"https:\/\/sinomorechem.com\/privacy-policy#breadcrumb\"},\"inLanguage\":\"tr\",\"potentialAction\":[{\"@type\":\"ReadAction\",\"target\":[\"https:\/\/sinomorechem.com\/privacy-policy\"]}]},{\"@type\":\"BreadcrumbList\",\"@id\":\"https:\/\/sinomorechem.com\/privacy-policy#breadcrumb\",\"itemListElement\":[{\"@type\":\"ListItem\",\"position\":1,\"name\":\"Home\",\"item\":\"https:\/\/sinomorechem.com\/\"},{\"@type\":\"ListItem\",\"position\":2,\"name\":\"Private Policy\"}]},{\"@type\":\"WebSite\",\"@id\":\"https:\/\/sinomorechem.com\/#website\",\"url\":\"https:\/\/sinomorechem.com\/\",\"name\":\"Organic Peroxide Manufacturer &amp; Supplier | Sinomore\",\"description\":\"Sinomore is a professional manufacturer and supplier of organic peroxides, providing high-quality products for polymerization, crosslinking, curing, and specialty chemical applications. Our products are widely used in rubber, plastics, EVA, cable, and photovoltaic industries, with reliable quality and global supply capabilities.\",\"publisher\":{\"@id\":\"https:\/\/sinomorechem.com\/#organization\"},\"potentialAction\":[{\"@type\":\"SearchAction\",\"target\":{\"@type\":\"EntryPoint\",\"urlTemplate\":\"https:\/\/sinomorechem.com\/?s={search_term_string}\"},\"query-input\":{\"@type\":\"PropertyValueSpecification\",\"valueRequired\":true,\"valueName\":\"search_term_string\"}}],\"inLanguage\":\"tr\"},{\"@type\":\"Organization\",\"@id\":\"https:\/\/sinomorechem.com\/#organization\",\"name\":\"Organic Peroxide Manufacturer &amp; Supplier | Sinomore\",\"url\":\"https:\/\/sinomorechem.com\/\",\"logo\":{\"@type\":\"ImageObject\",\"inLanguage\":\"tr\",\"@id\":\"https:\/\/sinomorechem.com\/#\/schema\/logo\/image\/\",\"url\":\"https:\/\/sinomorechem.com\/wp-content\/uploads\/2026\/01\/\u6700\u7ec8\u7248-01.png\",\"contentUrl\":\"https:\/\/sinomorechem.com\/wp-content\/uploads\/2026\/01\/\u6700\u7ec8\u7248-01.png\",\"width\":1240,\"height\":1377,\"caption\":\"Organic Peroxide Manufacturer &amp; Supplier | Sinomore\"},\"image\":{\"@id\":\"https:\/\/sinomorechem.com\/#\/schema\/logo\/image\/\"}}]}<\/script>\n<!-- \/ Yoast SEO plugin. -->","yoast_head_json":{"title":"organik peroksit, organik peroksit \u00fcreticisi, organik peroksit tedarik\u00e7isi, polimerizasyon ba\u015flat\u0131c\u0131, \u00e7apraz ba\u011flama maddesi, k\u00fcrleme maddesi, kau\u00e7uk kimyasallar\u0131, plastik katk\u0131 maddeleri, EVA \u00e7apraz ba\u011flama maddesi, kablo peroksit, fotovoltaik malzemeler","description":"organik peroksit, organik peroksit \u00fcreticisi, organik peroksit tedarik\u00e7isi, polimerizasyon ba\u015flat\u0131c\u0131, \u00e7apraz ba\u011flama maddesi, k\u00fcrleme maddesi, kau\u00e7uk kimyasallar\u0131, plastik katk\u0131 maddeleri, EVA \u00e7apraz ba\u011flama maddesi, kablo peroksit, fotovoltaik malzemeler","robots":{"index":"noindex","follow":"follow","max-snippet":"max-snippet:-1","max-image-preview":"max-image-preview:large","max-video-preview":"max-video-preview:-1"},"og_locale":"tr_TR","og_type":"article","og_title":"organic peroxide, organic peroxide manufacturer, organic peroxide supplier, polymerization initiator, crosslinking agent, curing agent, rubber chemicals, plastic additives, EVA crosslinking agent, cable peroxide, photovoltaic materials","og_description":"organic peroxide, organic peroxide manufacturer, organic peroxide supplier, polymerization initiator, crosslinking agent, curing agent, rubber chemicals, plastic additives, EVA crosslinking agent, cable peroxide, photovoltaic materials","og_url":"https:\/\/sinomorechem.com\/tr\/privacy-policy\/","og_site_name":"Organic Peroxide Manufacturer &amp; Supplier | Sinomore","article_modified_time":"2026-01-19T18:44:38+00:00","twitter_card":"summary_large_image","twitter_misc":{"Tahmini okuma s\u00fcresi":"3 dakika"},"schema":{"@context":"https:\/\/schema.org","@graph":[{"@type":"WebPage","@id":"https:\/\/sinomorechem.com\/privacy-policy","url":"https:\/\/sinomorechem.com\/privacy-policy","name":"organik peroksit, organik peroksit \u00fcreticisi, organik peroksit tedarik\u00e7isi, polimerizasyon ba\u015flat\u0131c\u0131, \u00e7apraz ba\u011flama maddesi, k\u00fcrleme maddesi, kau\u00e7uk kimyasallar\u0131, plastik katk\u0131 maddeleri, EVA \u00e7apraz ba\u011flama maddesi, kablo peroksit, fotovoltaik malzemeler","isPartOf":{"@id":"https:\/\/sinomorechem.com\/#website"},"datePublished":"2023-03-30T02:47:32+00:00","dateModified":"2026-01-19T18:44:38+00:00","description":"organik peroksit, organik peroksit \u00fcreticisi, organik peroksit tedarik\u00e7isi, polimerizasyon ba\u015flat\u0131c\u0131, \u00e7apraz ba\u011flama maddesi, k\u00fcrleme maddesi, kau\u00e7uk kimyasallar\u0131, plastik katk\u0131 maddeleri, EVA \u00e7apraz ba\u011flama maddesi, kablo peroksit, fotovoltaik malzemeler","breadcrumb":{"@id":"https:\/\/sinomorechem.com\/privacy-policy#breadcrumb"},"inLanguage":"tr","potentialAction":[{"@type":"ReadAction","target":["https:\/\/sinomorechem.com\/privacy-policy"]}]},{"@type":"BreadcrumbList","@id":"https:\/\/sinomorechem.com\/privacy-policy#breadcrumb","itemListElement":[{"@type":"ListItem","position":1,"name":"Home","item":"https:\/\/sinomorechem.com\/"},{"@type":"ListItem","position":2,"name":"Private Policy"}]},{"@type":"WebSite","@id":"https:\/\/sinomorechem.com\/#website","url":"https:\/\/sinomorechem.com\/","name":"Organik Peroksit \u00dcretici ve Tedarik\u00e7i | Sinomore","description":"Sinomore, polimerizasyon, \u00e7apraz ba\u011flama, k\u00fcrleme ve \u00f6zel kimyasal uygulamalar i\u00e7in y\u00fcksek kaliteli \u00fcr\u00fcnler sa\u011flayan profesyonel bir organik peroksit \u00fcreticisi ve tedarik\u00e7isidir. \u00dcr\u00fcnlerimiz g\u00fcvenilir kalite ve k\u00fcresel tedarik yetenekleri ile kau\u00e7uk, plastik, EVA, kablo ve fotovoltaik end\u00fcstrilerinde yayg\u0131n olarak kullan\u0131lmaktad\u0131r.","publisher":{"@id":"https:\/\/sinomorechem.com\/#organization"},"potentialAction":[{"@type":"SearchAction","target":{"@type":"EntryPoint","urlTemplate":"https:\/\/sinomorechem.com\/?s={search_term_string}"},"query-input":{"@type":"PropertyValueSpecification","valueRequired":true,"valueName":"search_term_string"}}],"inLanguage":"tr"},{"@type":"Organization","@id":"https:\/\/sinomorechem.com\/#organization","name":"Organik Peroksit \u00dcretici ve Tedarik\u00e7i | Sinomore","url":"https:\/\/sinomorechem.com\/","logo":{"@type":"ImageObject","inLanguage":"tr","@id":"https:\/\/sinomorechem.com\/#\/schema\/logo\/image\/","url":"https:\/\/sinomorechem.com\/wp-content\/uploads\/2026\/01\/\u6700\u7ec8\u7248-01.png","contentUrl":"https:\/\/sinomorechem.com\/wp-content\/uploads\/2026\/01\/\u6700\u7ec8\u7248-01.png","width":1240,"height":1377,"caption":"Organic Peroxide Manufacturer &amp; Supplier | Sinomore"},"image":{"@id":"https:\/\/sinomorechem.com\/#\/schema\/logo\/image\/"}}]}},"_hostinger_reach_plugin_has_subscription_block":false,"_hostinger_reach_plugin_is_elementor":false,"_links":{"self":[{"href":"https:\/\/sinomorechem.com\/tr\/wp-json\/wp\/v2\/pages\/3","targetHints":{"allow":["GET"]}}],"collection":[{"href":"https:\/\/sinomorechem.com\/tr\/wp-json\/wp\/v2\/pages"}],"about":[{"href":"https:\/\/sinomorechem.com\/tr\/wp-json\/wp\/v2\/types\/page"}],"author":[{"embeddable":true,"href":"https:\/\/sinomorechem.com\/tr\/wp-json\/wp\/v2\/users\/1"}],"replies":[{"embeddable":true,"href":"https:\/\/sinomorechem.com\/tr\/wp-json\/wp\/v2\/comments?post=3"}],"version-history":[{"count":1,"href":"https:\/\/sinomorechem.com\/tr\/wp-json\/wp\/v2\/pages\/3\/revisions"}],"predecessor-version":[{"id":1660,"href":"https:\/\/sinomorechem.com\/tr\/wp-json\/wp\/v2\/pages\/3\/revisions\/1660"}],"wp:attachment":[{"href":"https:\/\/sinomorechem.com\/tr\/wp-json\/wp\/v2\/media?parent=3"}],"curies":[{"name":"wp","href":"https:\/\/api.w.org\/{rel}","templated":true}]}}