 {"id":1540,"date":"2026-01-15T14:11:45","date_gmt":"2026-01-15T06:11:45","guid":{"rendered":"https:\/\/sinomorechem.com\/?post_type=product&#038;p=1540"},"modified":"2026-02-05T13:37:28","modified_gmt":"2026-02-05T05:37:28","slug":"tert-amyl-peroxy-2-ethylhexyl-carbonate-taec","status":"publish","type":"product","link":"https:\/\/sinomorechem.com\/tr\/product\/tert-amyl-peroxy-2-ethylhexyl-carbonate-taec","title":{"rendered":"Tert-Amil Peroksi 2-Etilheksil Karbonat (TAEC)"},"content":{"rendered":"<p><strong><b>Kimyasal Ad\u0131<\/b><\/strong><\/p>\n<ul>\n<li>Tert-amil peroksi 2-etilheksil karbonat<\/li>\n<li>Di\u011fer ad\u0131\uff1aTAEC\uff0cTAPEHC<\/li>\n<\/ul>\n<p><strong><b>Yap\u0131<\/b><\/strong><\/p>\n<ul>\n<li>Form\u00fcl\uff1aC\u2081\u2084H\u2082\u2088O<\/li>\n<li>MW\uff1a260,4<\/li>\n<li>CAS No.\uff1a70833-40-8<\/li>\n<\/ul>\n<p><strong><b>Giri\u015f<\/b><\/strong><\/p>\n<ul>\n<li>TAEC renksiz \u015feffaf bir s\u0131v\u0131d\u0131r. Peroksi karbonat tipi organik peroksite aittir. Esas olarak stiren, akrilonitril, akrilat ve metil akrilat\u0131n polimerizasyonu ve kopolimerizasyonu i\u00e7in bir ba\u015flat\u0131c\u0131 olarak kullan\u0131l\u0131r. Hafif bozunma davran\u0131\u015f\u0131 ve d\u00fc\u015f\u00fck kokusu nedeniyle, \u00f6zellikle EVA ve POE kaps\u00fclleyici filmler ve ilgili \u00e7apraz ba\u011flama sistemleri i\u00e7in uygundur.<\/li>\n<\/ul>\n<p><strong><b>Teknik \u00d6zellikler<\/b><\/strong><\/p>\n<ul>\n<li>G\u00f6r\u00fcn\u00fc\u015f : Renksiz \u015feffaf s\u0131v\u0131<\/li>\n<li>Test (%) : \u2265 97,0<\/li>\n<li>Aktif Oksijen (%): \u2265 5,77<\/li>\n<\/ul>\n<p><strong><b>M\u00fclkler<\/b><\/strong><\/p>\n<ul>\n<li>Devlet : S\u0131v\u0131<\/li>\n<li>Yo\u011funluk (g\/cm\u00b3) : 0.925<\/li>\n<li>Aktif Oksijen (%) : 6,14<\/li>\n<\/ul>\n<p><strong><b>Yar\u0131lanma \u00d6mr\u00fc Verileri<\/b><\/strong><\/p>\n<ul>\n<li>Ea (kJ\/mol) : 148.40<\/li>\n<li>10 saat Yar\u0131lanma \u00f6mr\u00fc (\u00b0C) : 99<\/li>\n<li>1 saat Yar\u0131lanma \u00f6mr\u00fc (\u00b0C) : 117<\/li>\n<li>1 dakika Yar\u0131lanma \u00f6mr\u00fc (\u00b0C) : 155<\/li>\n<\/ul>\n<p><strong><b>\u00c7\u00f6z\u00fcn\u00fcrl\u00fck<\/b><\/strong><\/p>\n<ul>\n<li>Alkollerde, esterlerde, eterlerde, hidrokarbonlarda ve di\u011fer organik \u00e7\u00f6z\u00fcc\u00fclerde \u00e7\u00f6z\u00fcn\u00fcr, suda \u00e7\u00f6z\u00fcnmez.<\/li>\n<\/ul>\n<p><strong><b>G\u00fcvenlik Verileri<\/b><\/strong><\/p>\n<ul>\n<li>SADT (\u00b0C) : 55<\/li>\n<li>Alarm S\u0131cakl\u0131\u011f\u0131 (\u00b0C) : 50<\/li>\n<\/ul>\n<p><strong><b>Paketleme<\/b><\/strong><\/p>\n<ul>\n<li>20 kg<\/li>\n<li>PE kova ambalaj\u0131<\/li>\n<\/ul>\n<p><strong><b>Depolama<\/b><\/strong><\/p>\n<ul>\n<li>Serin ve havaland\u0131r\u0131lm\u0131\u015f bir yerde 30\u00b0C'nin alt\u0131nda saklanmal\u0131d\u0131r.<\/li>\n<\/ul>\n<p>&nbsp;<\/p>","protected":false},"featured_media":1541,"template":"","meta":{"_acf_changed":false,"site-sidebar-layout":"default","site-content-layout":"","ast-site-content-layout":"default","site-content-style":"default","site-sidebar-style":"default","ast-global-header-display":"","ast-banner-title-visibility":"","ast-main-header-display":"","ast-hfb-above-header-display":"","ast-hfb-below-header-display":"","ast-hfb-mobile-header-display":"","site-post-title":"","ast-breadcrumbs-content":"","ast-featured-img":"","footer-sml-layout":"","theme-transparent-header-meta":"default","adv-header-id-meta":"","stick-header-meta":"default","header-above-stick-meta":"","header-main-stick-meta":"","header-below-stick-meta":"","astra-migrate-meta-layouts":"set","ast-page-background-enabled":"default","ast-page-background-meta":{"desktop":{"background-color":"var(--ast-global-color-4)","background-image":"","background-repeat":"repeat","background-position":"center center","background-size":"auto","background-attachment":"scroll","background-type":"","background-media":"","overlay-type":"","overlay-color":"","overlay-opacity":"","overlay-gradient":""},"tablet":{"background-color":"","background-image":"","background-repeat":"repeat","background-position":"center center","background-size":"auto","background-attachment":"scroll","background-type":"","background-media":"","overlay-type":"","overlay-color":"","overlay-opacity":"","overlay-gradient":""},"mobile":{"background-color":"","background-image":"","background-repeat":"repeat","background-position":"center center","background-size":"auto","background-attachment":"scroll","background-type":"","background-media":"","overlay-type":"","overlay-color":"","overlay-opacity":"","overlay-gradient":""}},"ast-content-background-meta":{"desktop":{"background-color":"var(--ast-global-color-5)","background-image":"","background-repeat":"repeat","background-position":"center center","background-size":"auto","background-attachment":"scroll","background-type":"","background-media":"","overlay-type":"","overlay-color":"","overlay-opacity":"","overlay-gradient":""},"tablet":{"background-color":"var(--ast-global-color-5)","background-image":"","background-repeat":"repeat","background-position":"center center","background-size":"auto","background-attachment":"scroll","background-type":"","background-media":"","overlay-type":"","overlay-color":"","overlay-opacity":"","overlay-gradient":""},"mobile":{"background-color":"var(--ast-global-color-5)","background-image":"","background-repeat":"repeat","background-position":"center center","background-size":"auto","background-attachment":"scroll","background-type":"","background-media":"","overlay-type":"","overlay-color":"","overlay-opacity":"","overlay-gradient":""}}},"tags":[],"products":[],"class_list":["post-1540","product","type-product","status-publish","has-post-thumbnail","hentry"],"acf":[],"yoast_head":"<!-- This site is optimized with the Yoast SEO plugin v26.7 - https:\/\/yoast.com\/wordpress\/plugins\/seo\/ -->\n<title>organic peroxide, organic peroxide manufacturer, organic peroxide supplier, polymerization initiator, crosslinking agent, curing agent, rubber chemicals, plastic additives, EVA crosslinking agent, cable peroxide, photovoltaic materials<\/title>\n<meta name=\"description\" content=\"organic peroxide, organic peroxide manufacturer, organic peroxide supplier, polymerization initiator, crosslinking agent, curing agent, rubber chemicals, plastic additives, EVA crosslinking agent, cable peroxide, photovoltaic materials\" \/>\n<meta name=\"robots\" content=\"noindex, follow, max-snippet:-1, max-image-preview:large, max-video-preview:-1\" \/>\n<meta property=\"og:locale\" content=\"tr_TR\" \/>\n<meta property=\"og:type\" content=\"article\" \/>\n<meta property=\"og:title\" content=\"organic peroxide, organic peroxide manufacturer, organic peroxide supplier, polymerization initiator, crosslinking agent, curing agent, rubber chemicals, plastic additives, EVA crosslinking agent, cable peroxide, photovoltaic materials\" \/>\n<meta property=\"og:description\" content=\"organic peroxide, organic peroxide manufacturer, organic peroxide supplier, polymerization initiator, crosslinking agent, curing agent, rubber chemicals, plastic additives, EVA crosslinking agent, cable peroxide, photovoltaic materials\" \/>\n<meta property=\"og:url\" content=\"https:\/\/sinomorechem.com\/tr\/product\/tert-amyl-peroxy-2-ethylhexyl-carbonate-taec\/\" \/>\n<meta property=\"og:site_name\" content=\"Organic Peroxide Manufacturer &amp; Supplier | Sinomore\" \/>\n<meta property=\"article:modified_time\" content=\"2026-02-05T05:37:28+00:00\" \/>\n<meta property=\"og:image\" content=\"https:\/\/sinomorechem.com\/wp-content\/uploads\/2026\/01\/13.-\u8fc7\u6c27\u5316-2-\u4e59\u57fa\u5df1\u57fa\u78b3\u9178\u53d4\u620a\u916f-TAEC.png\" \/>\n\t<meta property=\"og:image:width\" content=\"334\" \/>\n\t<meta property=\"og:image:height\" content=\"320\" \/>\n\t<meta property=\"og:image:type\" content=\"image\/png\" \/>\n<meta name=\"twitter:card\" content=\"summary_large_image\" \/>\n<meta name=\"twitter:label1\" content=\"Tahmini okuma s\u00fcresi\" \/>\n\t<meta name=\"twitter:data1\" content=\"1 dakika\" \/>\n<script type=\"application\/ld+json\" class=\"yoast-schema-graph\">{\"@context\":\"https:\/\/schema.org\",\"@graph\":[{\"@type\":\"WebPage\",\"@id\":\"https:\/\/sinomorechem.com\/product\/tert-amyl-peroxy-2-ethylhexyl-carbonate-taec\",\"url\":\"https:\/\/sinomorechem.com\/product\/tert-amyl-peroxy-2-ethylhexyl-carbonate-taec\",\"name\":\"organic peroxide, organic peroxide manufacturer, organic peroxide supplier, polymerization initiator, crosslinking agent, curing agent, rubber chemicals, plastic additives, EVA crosslinking agent, cable peroxide, photovoltaic materials\",\"isPartOf\":{\"@id\":\"https:\/\/sinomorechem.com\/#website\"},\"primaryImageOfPage\":{\"@id\":\"https:\/\/sinomorechem.com\/product\/tert-amyl-peroxy-2-ethylhexyl-carbonate-taec#primaryimage\"},\"image\":{\"@id\":\"https:\/\/sinomorechem.com\/product\/tert-amyl-peroxy-2-ethylhexyl-carbonate-taec#primaryimage\"},\"thumbnailUrl\":\"https:\/\/sinomorechem.com\/wp-content\/uploads\/2026\/01\/13.-\u8fc7\u6c27\u5316-2-\u4e59\u57fa\u5df1\u57fa\u78b3\u9178\u53d4\u620a\u916f-TAEC.png\",\"datePublished\":\"2026-01-15T06:11:45+00:00\",\"dateModified\":\"2026-02-05T05:37:28+00:00\",\"description\":\"organic peroxide, organic peroxide manufacturer, organic peroxide supplier, polymerization initiator, crosslinking agent, curing agent, rubber chemicals, plastic additives, EVA crosslinking agent, cable peroxide, photovoltaic materials\",\"breadcrumb\":{\"@id\":\"https:\/\/sinomorechem.com\/product\/tert-amyl-peroxy-2-ethylhexyl-carbonate-taec#breadcrumb\"},\"inLanguage\":\"tr\",\"potentialAction\":[{\"@type\":\"ReadAction\",\"target\":[\"https:\/\/sinomorechem.com\/product\/tert-amyl-peroxy-2-ethylhexyl-carbonate-taec\"]}]},{\"@type\":\"ImageObject\",\"inLanguage\":\"tr\",\"@id\":\"https:\/\/sinomorechem.com\/product\/tert-amyl-peroxy-2-ethylhexyl-carbonate-taec#primaryimage\",\"url\":\"https:\/\/sinomorechem.com\/wp-content\/uploads\/2026\/01\/13.-\u8fc7\u6c27\u5316-2-\u4e59\u57fa\u5df1\u57fa\u78b3\u9178\u53d4\u620a\u916f-TAEC.png\",\"contentUrl\":\"https:\/\/sinomorechem.com\/wp-content\/uploads\/2026\/01\/13.-\u8fc7\u6c27\u5316-2-\u4e59\u57fa\u5df1\u57fa\u78b3\u9178\u53d4\u620a\u916f-TAEC.png\",\"width\":334,\"height\":320},{\"@type\":\"BreadcrumbList\",\"@id\":\"https:\/\/sinomorechem.com\/product\/tert-amyl-peroxy-2-ethylhexyl-carbonate-taec#breadcrumb\",\"itemListElement\":[{\"@type\":\"ListItem\",\"position\":1,\"name\":\"Home\",\"item\":\"https:\/\/sinomorechem.com\/\"},{\"@type\":\"ListItem\",\"position\":2,\"name\":\"Products\",\"item\":\"https:\/\/sinomorechem.com\/product\"},{\"@type\":\"ListItem\",\"position\":3,\"name\":\"Tert-Amyl Peroxy 2-Ethylhexyl Carbonate (TAEC)\"}]},{\"@type\":\"WebSite\",\"@id\":\"https:\/\/sinomorechem.com\/#website\",\"url\":\"https:\/\/sinomorechem.com\/\",\"name\":\"Organic Peroxide Manufacturer &amp; Supplier | Sinomore\",\"description\":\"Sinomore is a professional manufacturer and supplier of organic peroxides, providing high-quality products for polymerization, crosslinking, curing, and specialty chemical applications. Our products are widely used in rubber, plastics, EVA, cable, and photovoltaic industries, with reliable quality and global supply capabilities.\",\"publisher\":{\"@id\":\"https:\/\/sinomorechem.com\/#organization\"},\"potentialAction\":[{\"@type\":\"SearchAction\",\"target\":{\"@type\":\"EntryPoint\",\"urlTemplate\":\"https:\/\/sinomorechem.com\/?s={search_term_string}\"},\"query-input\":{\"@type\":\"PropertyValueSpecification\",\"valueRequired\":true,\"valueName\":\"search_term_string\"}}],\"inLanguage\":\"tr\"},{\"@type\":\"Organization\",\"@id\":\"https:\/\/sinomorechem.com\/#organization\",\"name\":\"Organic Peroxide Manufacturer &amp; Supplier | Sinomore\",\"url\":\"https:\/\/sinomorechem.com\/\",\"logo\":{\"@type\":\"ImageObject\",\"inLanguage\":\"tr\",\"@id\":\"https:\/\/sinomorechem.com\/#\/schema\/logo\/image\/\",\"url\":\"https:\/\/sinomorechem.com\/wp-content\/uploads\/2026\/01\/\u6700\u7ec8\u7248-01.png\",\"contentUrl\":\"https:\/\/sinomorechem.com\/wp-content\/uploads\/2026\/01\/\u6700\u7ec8\u7248-01.png\",\"width\":1240,\"height\":1377,\"caption\":\"Organic Peroxide Manufacturer &amp; Supplier | Sinomore\"},\"image\":{\"@id\":\"https:\/\/sinomorechem.com\/#\/schema\/logo\/image\/\"}}]}<\/script>\n<!-- \/ Yoast SEO plugin. -->","yoast_head_json":{"title":"organik peroksit, organik peroksit \u00fcreticisi, organik peroksit tedarik\u00e7isi, polimerizasyon ba\u015flat\u0131c\u0131, \u00e7apraz ba\u011flama maddesi, k\u00fcrleme maddesi, kau\u00e7uk kimyasallar\u0131, plastik katk\u0131 maddeleri, EVA \u00e7apraz ba\u011flama maddesi, kablo peroksit, fotovoltaik malzemeler","description":"organik peroksit, organik peroksit \u00fcreticisi, organik peroksit tedarik\u00e7isi, polimerizasyon ba\u015flat\u0131c\u0131, \u00e7apraz ba\u011flama maddesi, k\u00fcrleme maddesi, kau\u00e7uk kimyasallar\u0131, plastik katk\u0131 maddeleri, EVA \u00e7apraz ba\u011flama maddesi, kablo peroksit, fotovoltaik malzemeler","robots":{"index":"noindex","follow":"follow","max-snippet":"max-snippet:-1","max-image-preview":"max-image-preview:large","max-video-preview":"max-video-preview:-1"},"og_locale":"tr_TR","og_type":"article","og_title":"organic peroxide, organic peroxide manufacturer, organic peroxide supplier, polymerization initiator, crosslinking agent, curing agent, rubber chemicals, plastic additives, EVA crosslinking agent, cable peroxide, photovoltaic materials","og_description":"organic peroxide, organic peroxide manufacturer, organic peroxide supplier, polymerization initiator, crosslinking agent, curing agent, rubber chemicals, plastic additives, EVA crosslinking agent, cable peroxide, photovoltaic materials","og_url":"https:\/\/sinomorechem.com\/tr\/product\/tert-amyl-peroxy-2-ethylhexyl-carbonate-taec\/","og_site_name":"Organic Peroxide Manufacturer &amp; Supplier | Sinomore","article_modified_time":"2026-02-05T05:37:28+00:00","og_image":[{"width":334,"height":320,"url":"https:\/\/sinomorechem.com\/wp-content\/uploads\/2026\/01\/13.-\u8fc7\u6c27\u5316-2-\u4e59\u57fa\u5df1\u57fa\u78b3\u9178\u53d4\u620a\u916f-TAEC.png","type":"image\/png"}],"twitter_card":"summary_large_image","twitter_misc":{"Tahmini okuma s\u00fcresi":"1 dakika"},"schema":{"@context":"https:\/\/schema.org","@graph":[{"@type":"WebPage","@id":"https:\/\/sinomorechem.com\/product\/tert-amyl-peroxy-2-ethylhexyl-carbonate-taec","url":"https:\/\/sinomorechem.com\/product\/tert-amyl-peroxy-2-ethylhexyl-carbonate-taec","name":"organik peroksit, organik peroksit \u00fcreticisi, organik peroksit tedarik\u00e7isi, polimerizasyon ba\u015flat\u0131c\u0131, \u00e7apraz ba\u011flama maddesi, k\u00fcrleme maddesi, kau\u00e7uk kimyasallar\u0131, plastik katk\u0131 maddeleri, EVA \u00e7apraz ba\u011flama maddesi, kablo peroksit, fotovoltaik malzemeler","isPartOf":{"@id":"https:\/\/sinomorechem.com\/#website"},"primaryImageOfPage":{"@id":"https:\/\/sinomorechem.com\/product\/tert-amyl-peroxy-2-ethylhexyl-carbonate-taec#primaryimage"},"image":{"@id":"https:\/\/sinomorechem.com\/product\/tert-amyl-peroxy-2-ethylhexyl-carbonate-taec#primaryimage"},"thumbnailUrl":"https:\/\/sinomorechem.com\/wp-content\/uploads\/2026\/01\/13.-\u8fc7\u6c27\u5316-2-\u4e59\u57fa\u5df1\u57fa\u78b3\u9178\u53d4\u620a\u916f-TAEC.png","datePublished":"2026-01-15T06:11:45+00:00","dateModified":"2026-02-05T05:37:28+00:00","description":"organik peroksit, organik peroksit \u00fcreticisi, organik peroksit tedarik\u00e7isi, polimerizasyon ba\u015flat\u0131c\u0131, \u00e7apraz ba\u011flama maddesi, k\u00fcrleme maddesi, kau\u00e7uk kimyasallar\u0131, plastik katk\u0131 maddeleri, EVA \u00e7apraz ba\u011flama maddesi, kablo peroksit, fotovoltaik malzemeler","breadcrumb":{"@id":"https:\/\/sinomorechem.com\/product\/tert-amyl-peroxy-2-ethylhexyl-carbonate-taec#breadcrumb"},"inLanguage":"tr","potentialAction":[{"@type":"ReadAction","target":["https:\/\/sinomorechem.com\/product\/tert-amyl-peroxy-2-ethylhexyl-carbonate-taec"]}]},{"@type":"ImageObject","inLanguage":"tr","@id":"https:\/\/sinomorechem.com\/product\/tert-amyl-peroxy-2-ethylhexyl-carbonate-taec#primaryimage","url":"https:\/\/sinomorechem.com\/wp-content\/uploads\/2026\/01\/13.-\u8fc7\u6c27\u5316-2-\u4e59\u57fa\u5df1\u57fa\u78b3\u9178\u53d4\u620a\u916f-TAEC.png","contentUrl":"https:\/\/sinomorechem.com\/wp-content\/uploads\/2026\/01\/13.-\u8fc7\u6c27\u5316-2-\u4e59\u57fa\u5df1\u57fa\u78b3\u9178\u53d4\u620a\u916f-TAEC.png","width":334,"height":320},{"@type":"BreadcrumbList","@id":"https:\/\/sinomorechem.com\/product\/tert-amyl-peroxy-2-ethylhexyl-carbonate-taec#breadcrumb","itemListElement":[{"@type":"ListItem","position":1,"name":"Home","item":"https:\/\/sinomorechem.com\/"},{"@type":"ListItem","position":2,"name":"Products","item":"https:\/\/sinomorechem.com\/product"},{"@type":"ListItem","position":3,"name":"Tert-Amyl Peroxy 2-Ethylhexyl Carbonate (TAEC)"}]},{"@type":"WebSite","@id":"https:\/\/sinomorechem.com\/#website","url":"https:\/\/sinomorechem.com\/","name":"Organik Peroksit \u00dcretici ve Tedarik\u00e7i | Sinomore","description":"Sinomore, polimerizasyon, \u00e7apraz ba\u011flama, k\u00fcrleme ve \u00f6zel kimyasal uygulamalar i\u00e7in y\u00fcksek kaliteli \u00fcr\u00fcnler sa\u011flayan profesyonel bir organik peroksit \u00fcreticisi ve tedarik\u00e7isidir. \u00dcr\u00fcnlerimiz g\u00fcvenilir kalite ve k\u00fcresel tedarik yetenekleri ile kau\u00e7uk, plastik, EVA, kablo ve fotovoltaik end\u00fcstrilerinde yayg\u0131n olarak kullan\u0131lmaktad\u0131r.","publisher":{"@id":"https:\/\/sinomorechem.com\/#organization"},"potentialAction":[{"@type":"SearchAction","target":{"@type":"EntryPoint","urlTemplate":"https:\/\/sinomorechem.com\/?s={search_term_string}"},"query-input":{"@type":"PropertyValueSpecification","valueRequired":true,"valueName":"search_term_string"}}],"inLanguage":"tr"},{"@type":"Organization","@id":"https:\/\/sinomorechem.com\/#organization","name":"Organik Peroksit \u00dcretici ve Tedarik\u00e7i | Sinomore","url":"https:\/\/sinomorechem.com\/","logo":{"@type":"ImageObject","inLanguage":"tr","@id":"https:\/\/sinomorechem.com\/#\/schema\/logo\/image\/","url":"https:\/\/sinomorechem.com\/wp-content\/uploads\/2026\/01\/\u6700\u7ec8\u7248-01.png","contentUrl":"https:\/\/sinomorechem.com\/wp-content\/uploads\/2026\/01\/\u6700\u7ec8\u7248-01.png","width":1240,"height":1377,"caption":"Organic Peroxide Manufacturer &amp; Supplier | Sinomore"},"image":{"@id":"https:\/\/sinomorechem.com\/#\/schema\/logo\/image\/"}}]}},"_links":{"self":[{"href":"https:\/\/sinomorechem.com\/tr\/wp-json\/wp\/v2\/product\/1540","targetHints":{"allow":["GET"]}}],"collection":[{"href":"https:\/\/sinomorechem.com\/tr\/wp-json\/wp\/v2\/product"}],"about":[{"href":"https:\/\/sinomorechem.com\/tr\/wp-json\/wp\/v2\/types\/product"}],"wp:featuredmedia":[{"embeddable":true,"href":"https:\/\/sinomorechem.com\/tr\/wp-json\/wp\/v2\/media\/1541"}],"wp:attachment":[{"href":"https:\/\/sinomorechem.com\/tr\/wp-json\/wp\/v2\/media?parent=1540"}],"wp:term":[{"taxonomy":"post_tag","embeddable":true,"href":"https:\/\/sinomorechem.com\/tr\/wp-json\/wp\/v2\/tags?post=1540"},{"taxonomy":"products","embeddable":true,"href":"https:\/\/sinomorechem.com\/tr\/wp-json\/wp\/v2\/products?post=1540"}],"curies":[{"name":"wp","href":"https:\/\/api.w.org\/{rel}","templated":true}]}}