 {"id":1558,"date":"2026-01-15T15:47:45","date_gmt":"2026-01-15T07:47:45","guid":{"rendered":"https:\/\/sinomorechem.com\/?post_type=product&#038;p=1558"},"modified":"2026-01-15T15:47:45","modified_gmt":"2026-01-15T07:47:45","slug":"tert-butyl-monoperoxymaleate-tbma","status":"publish","type":"product","link":"https:\/\/sinomorechem.com\/tr\/product\/tert-butyl-monoperoxymaleate-tbma","title":{"rendered":"Tert-B\u00fctil Monoperoksimaleat (TBMA)"},"content":{"rendered":"<p><strong><b>Kimyasal Ad\u0131<\/b><\/strong><\/p>\n<ul>\n<li>Tert-b\u00fctil monoperoksimaleat<\/li>\n<li><strong><b>\u522b\u540d<\/b><\/strong>\uff1a\u8fc7\u6c27\u5316\u987a\u4e01\u70ef\u4e8c\u9178\u53d4\u4e01\u916f<\/li>\n<\/ul>\n<p><strong><b>Yap\u0131<\/b><\/strong><\/p>\n<ul>\n<li>\u5206\u5b50\u5f0f\uff1aC\u2088H\u2081\u2082O\u2085<\/li>\n<li>\u5206\u5b50\u91cf (MW)\uff1a188,2<\/li>\n<li>CAS No.\uff1a1931-62-0<\/li>\n<\/ul>\n<p><strong><b>Giri\u015f<\/b><\/strong><\/p>\n<ul>\n<li>TBMA beyaz ila s\u00fct beyaz\u0131 bir macundur. Ester tipi organik peroksite aittir. Esas olarak stiren, akrilonitril, akrilat ve metil akrilat\u0131n polimerizasyonu ve kopolimerizasyonu i\u00e7in bir ba\u015flat\u0131c\u0131 olarak kullan\u0131l\u0131r, hafif ba\u015flatma davran\u0131\u015f\u0131 ve iyi kontrol edilebilirlik sunar.<\/li>\n<\/ul>\n<p><strong><b>Teknik \u00d6zellikler<\/b><\/strong><\/p>\n<ul>\n<li>G\u00f6r\u00fcn\u00fcm : Beyaz macun<\/li>\n<li>Test (%) : 39.0 - 41.0<\/li>\n<li>Aktif Oksijen (%) : 3.35 - 3.49<\/li>\n<li>Dib\u00fctil maleat (%) : 45.0 - 50.0<\/li>\n<\/ul>\n<p><strong><b>M\u00fclkler<\/b><\/strong><\/p>\n<ul>\n<li>Devlet : Yap\u0131\u015ft\u0131r<\/li>\n<li>Yo\u011funluk (g\/cm\u00b3) : 0.85<\/li>\n<li>Aktif Oksijen (%) : 8,50<\/li>\n<\/ul>\n<p><strong><b>Yar\u0131lanma \u00d6mr\u00fc Verileri<\/b><\/strong><\/p>\n<ul>\n<li>10 saat Yar\u0131lanma \u00f6mr\u00fc (\u00b0C) : 82<\/li>\n<li>1 saat Yar\u0131lanma \u00f6mr\u00fc (\u00b0C) : 104<\/li>\n<li>1 dakika Yar\u0131lanma \u00f6mr\u00fc (\u00b0C) : 150<\/li>\n<\/ul>\n<p><strong><b>\u00c7\u00f6z\u00fcn\u00fcrl\u00fck<\/b><\/strong><\/p>\n<ul>\n<li>Alkollerde, esterlerde, eterlerde, hidrokarbonlarda ve di\u011fer organik \u00e7\u00f6z\u00fcc\u00fclerde \u00e7\u00f6z\u00fcn\u00fcr, suda \u00e7\u00f6z\u00fcnmez.<\/li>\n<\/ul>\n<p><strong><b>G\u00fcvenlik Verileri<\/b><\/strong><\/p>\n<ul>\n<li>Kendili\u011finden H\u0131zlanan Bozunma S\u0131cakl\u0131\u011f\u0131 (SADT) (\u00b0C)<br \/>\nSADT\uff08\u00b0C\uff09\uff1a60<\/li>\n<li>Alarm S\u0131cakl\u0131\u011f\u0131 (\u00b0C) : 55<\/li>\n<li>BM Numaras\u0131 : 3108<\/li>\n<\/ul>\n<p><strong><b>Paketleme<\/b><\/strong><\/p>\n<ul>\n<li>20 kg<\/li>\n<li>PE kova ambalaj\u0131<\/li>\n<\/ul>\n<p><strong><b>Depolama<\/b><\/strong><\/p>\n<ul>\n<li>Serin ve havaland\u0131r\u0131lm\u0131\u015f bir yerde 0-30\u00b0C'de saklan\u0131r.<\/li>\n<\/ul>","protected":false},"featured_media":1559,"template":"","meta":{"_acf_changed":false,"site-sidebar-layout":"default","site-content-layout":"","ast-site-content-layout":"default","site-content-style":"default","site-sidebar-style":"default","ast-global-header-display":"","ast-banner-title-visibility":"","ast-main-header-display":"","ast-hfb-above-header-display":"","ast-hfb-below-header-display":"","ast-hfb-mobile-header-display":"","site-post-title":"","ast-breadcrumbs-content":"","ast-featured-img":"","footer-sml-layout":"","theme-transparent-header-meta":"default","adv-header-id-meta":"","stick-header-meta":"default","header-above-stick-meta":"","header-main-stick-meta":"","header-below-stick-meta":"","astra-migrate-meta-layouts":"set","ast-page-background-enabled":"default","ast-page-background-meta":{"desktop":{"background-color":"var(--ast-global-color-4)","background-image":"","background-repeat":"repeat","background-position":"center center","background-size":"auto","background-attachment":"scroll","background-type":"","background-media":"","overlay-type":"","overlay-color":"","overlay-opacity":"","overlay-gradient":""},"tablet":{"background-color":"","background-image":"","background-repeat":"repeat","background-position":"center center","background-size":"auto","background-attachment":"scroll","background-type":"","background-media":"","overlay-type":"","overlay-color":"","overlay-opacity":"","overlay-gradient":""},"mobile":{"background-color":"","background-image":"","background-repeat":"repeat","background-position":"center center","background-size":"auto","background-attachment":"scroll","background-type":"","background-media":"","overlay-type":"","overlay-color":"","overlay-opacity":"","overlay-gradient":""}},"ast-content-background-meta":{"desktop":{"background-color":"var(--ast-global-color-5)","background-image":"","background-repeat":"repeat","background-position":"center center","background-size":"auto","background-attachment":"scroll","background-type":"","background-media":"","overlay-type":"","overlay-color":"","overlay-opacity":"","overlay-gradient":""},"tablet":{"background-color":"var(--ast-global-color-5)","background-image":"","background-repeat":"repeat","background-position":"center center","background-size":"auto","background-attachment":"scroll","background-type":"","background-media":"","overlay-type":"","overlay-color":"","overlay-opacity":"","overlay-gradient":""},"mobile":{"background-color":"var(--ast-global-color-5)","background-image":"","background-repeat":"repeat","background-position":"center center","background-size":"auto","background-attachment":"scroll","background-type":"","background-media":"","overlay-type":"","overlay-color":"","overlay-opacity":"","overlay-gradient":""}}},"tags":[],"products":[],"class_list":["post-1558","product","type-product","status-publish","has-post-thumbnail","hentry"],"acf":[],"yoast_head":"<!-- This site is optimized with the Yoast SEO plugin v26.7 - https:\/\/yoast.com\/wordpress\/plugins\/seo\/ -->\n<title>organic peroxide, organic peroxide manufacturer, organic peroxide supplier, polymerization initiator, crosslinking agent, curing agent, rubber chemicals, plastic additives, EVA crosslinking agent, cable peroxide, photovoltaic materials<\/title>\n<meta name=\"description\" content=\"organic peroxide, organic peroxide manufacturer, organic peroxide supplier, polymerization initiator, crosslinking agent, curing agent, rubber chemicals, plastic additives, EVA crosslinking agent, cable peroxide, photovoltaic materials\" \/>\n<meta name=\"robots\" content=\"noindex, follow, max-snippet:-1, max-image-preview:large, max-video-preview:-1\" \/>\n<meta property=\"og:locale\" content=\"tr_TR\" \/>\n<meta property=\"og:type\" content=\"article\" \/>\n<meta property=\"og:title\" content=\"organic peroxide, organic peroxide manufacturer, organic peroxide supplier, polymerization initiator, crosslinking agent, curing agent, rubber chemicals, plastic additives, EVA crosslinking agent, cable peroxide, photovoltaic materials\" \/>\n<meta property=\"og:description\" content=\"organic peroxide, organic peroxide manufacturer, organic peroxide supplier, polymerization initiator, crosslinking agent, curing agent, rubber chemicals, plastic additives, EVA crosslinking agent, cable peroxide, photovoltaic materials\" \/>\n<meta property=\"og:url\" content=\"https:\/\/sinomorechem.com\/tr\/product\/tert-butyl-monoperoxymaleate-tbma\/\" \/>\n<meta property=\"og:site_name\" content=\"Organic Peroxide Manufacturer &amp; Supplier | Sinomore\" \/>\n<meta property=\"og:image\" content=\"https:\/\/sinomorechem.com\/wp-content\/uploads\/2026\/01\/18.-\u8fc7\u6c27\u5316\u9a6c\u6765\u9178\u53d4\u4e01\u916f-TBMA.png\" \/>\n\t<meta property=\"og:image:width\" content=\"332\" \/>\n\t<meta property=\"og:image:height\" content=\"318\" \/>\n\t<meta property=\"og:image:type\" content=\"image\/png\" \/>\n<meta name=\"twitter:card\" content=\"summary_large_image\" \/>\n<meta name=\"twitter:label1\" content=\"Tahmini okuma s\u00fcresi\" \/>\n\t<meta name=\"twitter:data1\" content=\"1 dakika\" \/>\n<script type=\"application\/ld+json\" class=\"yoast-schema-graph\">{\"@context\":\"https:\/\/schema.org\",\"@graph\":[{\"@type\":\"WebPage\",\"@id\":\"https:\/\/sinomorechem.com\/product\/tert-butyl-monoperoxymaleate-tbma\",\"url\":\"https:\/\/sinomorechem.com\/product\/tert-butyl-monoperoxymaleate-tbma\",\"name\":\"organic peroxide, organic peroxide manufacturer, organic peroxide supplier, polymerization initiator, crosslinking agent, curing agent, rubber chemicals, plastic additives, EVA crosslinking agent, cable peroxide, photovoltaic materials\",\"isPartOf\":{\"@id\":\"https:\/\/sinomorechem.com\/#website\"},\"primaryImageOfPage\":{\"@id\":\"https:\/\/sinomorechem.com\/product\/tert-butyl-monoperoxymaleate-tbma#primaryimage\"},\"image\":{\"@id\":\"https:\/\/sinomorechem.com\/product\/tert-butyl-monoperoxymaleate-tbma#primaryimage\"},\"thumbnailUrl\":\"https:\/\/sinomorechem.com\/wp-content\/uploads\/2026\/01\/18.-\u8fc7\u6c27\u5316\u9a6c\u6765\u9178\u53d4\u4e01\u916f-TBMA.png\",\"datePublished\":\"2026-01-15T07:47:45+00:00\",\"description\":\"organic peroxide, organic peroxide manufacturer, organic peroxide supplier, polymerization initiator, crosslinking agent, curing agent, rubber chemicals, plastic additives, EVA crosslinking agent, cable peroxide, photovoltaic materials\",\"breadcrumb\":{\"@id\":\"https:\/\/sinomorechem.com\/product\/tert-butyl-monoperoxymaleate-tbma#breadcrumb\"},\"inLanguage\":\"tr\",\"potentialAction\":[{\"@type\":\"ReadAction\",\"target\":[\"https:\/\/sinomorechem.com\/product\/tert-butyl-monoperoxymaleate-tbma\"]}]},{\"@type\":\"ImageObject\",\"inLanguage\":\"tr\",\"@id\":\"https:\/\/sinomorechem.com\/product\/tert-butyl-monoperoxymaleate-tbma#primaryimage\",\"url\":\"https:\/\/sinomorechem.com\/wp-content\/uploads\/2026\/01\/18.-\u8fc7\u6c27\u5316\u9a6c\u6765\u9178\u53d4\u4e01\u916f-TBMA.png\",\"contentUrl\":\"https:\/\/sinomorechem.com\/wp-content\/uploads\/2026\/01\/18.-\u8fc7\u6c27\u5316\u9a6c\u6765\u9178\u53d4\u4e01\u916f-TBMA.png\",\"width\":332,\"height\":318},{\"@type\":\"BreadcrumbList\",\"@id\":\"https:\/\/sinomorechem.com\/product\/tert-butyl-monoperoxymaleate-tbma#breadcrumb\",\"itemListElement\":[{\"@type\":\"ListItem\",\"position\":1,\"name\":\"Home\",\"item\":\"https:\/\/sinomorechem.com\/\"},{\"@type\":\"ListItem\",\"position\":2,\"name\":\"Products\",\"item\":\"https:\/\/sinomorechem.com\/product\"},{\"@type\":\"ListItem\",\"position\":3,\"name\":\"Tert-Butyl Monoperoxymaleate (TBMA)\"}]},{\"@type\":\"WebSite\",\"@id\":\"https:\/\/sinomorechem.com\/#website\",\"url\":\"https:\/\/sinomorechem.com\/\",\"name\":\"Organic Peroxide Manufacturer &amp; Supplier | Sinomore\",\"description\":\"Sinomore is a professional manufacturer and supplier of organic peroxides, providing high-quality products for polymerization, crosslinking, curing, and specialty chemical applications. Our products are widely used in rubber, plastics, EVA, cable, and photovoltaic industries, with reliable quality and global supply capabilities.\",\"publisher\":{\"@id\":\"https:\/\/sinomorechem.com\/#organization\"},\"potentialAction\":[{\"@type\":\"SearchAction\",\"target\":{\"@type\":\"EntryPoint\",\"urlTemplate\":\"https:\/\/sinomorechem.com\/?s={search_term_string}\"},\"query-input\":{\"@type\":\"PropertyValueSpecification\",\"valueRequired\":true,\"valueName\":\"search_term_string\"}}],\"inLanguage\":\"tr\"},{\"@type\":\"Organization\",\"@id\":\"https:\/\/sinomorechem.com\/#organization\",\"name\":\"Organic Peroxide Manufacturer &amp; Supplier | Sinomore\",\"url\":\"https:\/\/sinomorechem.com\/\",\"logo\":{\"@type\":\"ImageObject\",\"inLanguage\":\"tr\",\"@id\":\"https:\/\/sinomorechem.com\/#\/schema\/logo\/image\/\",\"url\":\"https:\/\/sinomorechem.com\/wp-content\/uploads\/2026\/01\/\u6700\u7ec8\u7248-01.png\",\"contentUrl\":\"https:\/\/sinomorechem.com\/wp-content\/uploads\/2026\/01\/\u6700\u7ec8\u7248-01.png\",\"width\":1240,\"height\":1377,\"caption\":\"Organic Peroxide Manufacturer &amp; Supplier | Sinomore\"},\"image\":{\"@id\":\"https:\/\/sinomorechem.com\/#\/schema\/logo\/image\/\"}}]}<\/script>\n<!-- \/ Yoast SEO plugin. -->","yoast_head_json":{"title":"organik peroksit, organik peroksit \u00fcreticisi, organik peroksit tedarik\u00e7isi, polimerizasyon ba\u015flat\u0131c\u0131, \u00e7apraz ba\u011flama maddesi, k\u00fcrleme maddesi, kau\u00e7uk kimyasallar\u0131, plastik katk\u0131 maddeleri, EVA \u00e7apraz ba\u011flama maddesi, kablo peroksit, fotovoltaik malzemeler","description":"organik peroksit, organik peroksit \u00fcreticisi, organik peroksit tedarik\u00e7isi, polimerizasyon ba\u015flat\u0131c\u0131, \u00e7apraz ba\u011flama maddesi, k\u00fcrleme maddesi, kau\u00e7uk kimyasallar\u0131, plastik katk\u0131 maddeleri, EVA \u00e7apraz ba\u011flama maddesi, kablo peroksit, fotovoltaik malzemeler","robots":{"index":"noindex","follow":"follow","max-snippet":"max-snippet:-1","max-image-preview":"max-image-preview:large","max-video-preview":"max-video-preview:-1"},"og_locale":"tr_TR","og_type":"article","og_title":"organic peroxide, organic peroxide manufacturer, organic peroxide supplier, polymerization initiator, crosslinking agent, curing agent, rubber chemicals, plastic additives, EVA crosslinking agent, cable peroxide, photovoltaic materials","og_description":"organic peroxide, organic peroxide manufacturer, organic peroxide supplier, polymerization initiator, crosslinking agent, curing agent, rubber chemicals, plastic additives, EVA crosslinking agent, cable peroxide, photovoltaic materials","og_url":"https:\/\/sinomorechem.com\/tr\/product\/tert-butyl-monoperoxymaleate-tbma\/","og_site_name":"Organic Peroxide Manufacturer &amp; Supplier | Sinomore","og_image":[{"width":332,"height":318,"url":"https:\/\/sinomorechem.com\/wp-content\/uploads\/2026\/01\/18.-\u8fc7\u6c27\u5316\u9a6c\u6765\u9178\u53d4\u4e01\u916f-TBMA.png","type":"image\/png"}],"twitter_card":"summary_large_image","twitter_misc":{"Tahmini okuma s\u00fcresi":"1 dakika"},"schema":{"@context":"https:\/\/schema.org","@graph":[{"@type":"WebPage","@id":"https:\/\/sinomorechem.com\/product\/tert-butyl-monoperoxymaleate-tbma","url":"https:\/\/sinomorechem.com\/product\/tert-butyl-monoperoxymaleate-tbma","name":"organik peroksit, organik peroksit \u00fcreticisi, organik peroksit tedarik\u00e7isi, polimerizasyon ba\u015flat\u0131c\u0131, \u00e7apraz ba\u011flama maddesi, k\u00fcrleme maddesi, kau\u00e7uk kimyasallar\u0131, plastik katk\u0131 maddeleri, EVA \u00e7apraz ba\u011flama maddesi, kablo peroksit, fotovoltaik malzemeler","isPartOf":{"@id":"https:\/\/sinomorechem.com\/#website"},"primaryImageOfPage":{"@id":"https:\/\/sinomorechem.com\/product\/tert-butyl-monoperoxymaleate-tbma#primaryimage"},"image":{"@id":"https:\/\/sinomorechem.com\/product\/tert-butyl-monoperoxymaleate-tbma#primaryimage"},"thumbnailUrl":"https:\/\/sinomorechem.com\/wp-content\/uploads\/2026\/01\/18.-\u8fc7\u6c27\u5316\u9a6c\u6765\u9178\u53d4\u4e01\u916f-TBMA.png","datePublished":"2026-01-15T07:47:45+00:00","description":"organik peroksit, organik peroksit \u00fcreticisi, organik peroksit tedarik\u00e7isi, polimerizasyon ba\u015flat\u0131c\u0131, \u00e7apraz ba\u011flama maddesi, k\u00fcrleme maddesi, kau\u00e7uk kimyasallar\u0131, plastik katk\u0131 maddeleri, EVA \u00e7apraz ba\u011flama maddesi, kablo peroksit, fotovoltaik malzemeler","breadcrumb":{"@id":"https:\/\/sinomorechem.com\/product\/tert-butyl-monoperoxymaleate-tbma#breadcrumb"},"inLanguage":"tr","potentialAction":[{"@type":"ReadAction","target":["https:\/\/sinomorechem.com\/product\/tert-butyl-monoperoxymaleate-tbma"]}]},{"@type":"ImageObject","inLanguage":"tr","@id":"https:\/\/sinomorechem.com\/product\/tert-butyl-monoperoxymaleate-tbma#primaryimage","url":"https:\/\/sinomorechem.com\/wp-content\/uploads\/2026\/01\/18.-\u8fc7\u6c27\u5316\u9a6c\u6765\u9178\u53d4\u4e01\u916f-TBMA.png","contentUrl":"https:\/\/sinomorechem.com\/wp-content\/uploads\/2026\/01\/18.-\u8fc7\u6c27\u5316\u9a6c\u6765\u9178\u53d4\u4e01\u916f-TBMA.png","width":332,"height":318},{"@type":"BreadcrumbList","@id":"https:\/\/sinomorechem.com\/product\/tert-butyl-monoperoxymaleate-tbma#breadcrumb","itemListElement":[{"@type":"ListItem","position":1,"name":"Home","item":"https:\/\/sinomorechem.com\/"},{"@type":"ListItem","position":2,"name":"Products","item":"https:\/\/sinomorechem.com\/product"},{"@type":"ListItem","position":3,"name":"Tert-Butyl Monoperoxymaleate (TBMA)"}]},{"@type":"WebSite","@id":"https:\/\/sinomorechem.com\/#website","url":"https:\/\/sinomorechem.com\/","name":"Organik Peroksit \u00dcretici ve Tedarik\u00e7i | Sinomore","description":"Sinomore, polimerizasyon, \u00e7apraz ba\u011flama, k\u00fcrleme ve \u00f6zel kimyasal uygulamalar i\u00e7in y\u00fcksek kaliteli \u00fcr\u00fcnler sa\u011flayan profesyonel bir organik peroksit \u00fcreticisi ve tedarik\u00e7isidir. \u00dcr\u00fcnlerimiz g\u00fcvenilir kalite ve k\u00fcresel tedarik yetenekleri ile kau\u00e7uk, plastik, EVA, kablo ve fotovoltaik end\u00fcstrilerinde yayg\u0131n olarak kullan\u0131lmaktad\u0131r.","publisher":{"@id":"https:\/\/sinomorechem.com\/#organization"},"potentialAction":[{"@type":"SearchAction","target":{"@type":"EntryPoint","urlTemplate":"https:\/\/sinomorechem.com\/?s={search_term_string}"},"query-input":{"@type":"PropertyValueSpecification","valueRequired":true,"valueName":"search_term_string"}}],"inLanguage":"tr"},{"@type":"Organization","@id":"https:\/\/sinomorechem.com\/#organization","name":"Organik Peroksit \u00dcretici ve Tedarik\u00e7i | Sinomore","url":"https:\/\/sinomorechem.com\/","logo":{"@type":"ImageObject","inLanguage":"tr","@id":"https:\/\/sinomorechem.com\/#\/schema\/logo\/image\/","url":"https:\/\/sinomorechem.com\/wp-content\/uploads\/2026\/01\/\u6700\u7ec8\u7248-01.png","contentUrl":"https:\/\/sinomorechem.com\/wp-content\/uploads\/2026\/01\/\u6700\u7ec8\u7248-01.png","width":1240,"height":1377,"caption":"Organic Peroxide Manufacturer &amp; Supplier | Sinomore"},"image":{"@id":"https:\/\/sinomorechem.com\/#\/schema\/logo\/image\/"}}]}},"_links":{"self":[{"href":"https:\/\/sinomorechem.com\/tr\/wp-json\/wp\/v2\/product\/1558","targetHints":{"allow":["GET"]}}],"collection":[{"href":"https:\/\/sinomorechem.com\/tr\/wp-json\/wp\/v2\/product"}],"about":[{"href":"https:\/\/sinomorechem.com\/tr\/wp-json\/wp\/v2\/types\/product"}],"wp:featuredmedia":[{"embeddable":true,"href":"https:\/\/sinomorechem.com\/tr\/wp-json\/wp\/v2\/media\/1559"}],"wp:attachment":[{"href":"https:\/\/sinomorechem.com\/tr\/wp-json\/wp\/v2\/media?parent=1558"}],"wp:term":[{"taxonomy":"post_tag","embeddable":true,"href":"https:\/\/sinomorechem.com\/tr\/wp-json\/wp\/v2\/tags?post=1558"},{"taxonomy":"products","embeddable":true,"href":"https:\/\/sinomorechem.com\/tr\/wp-json\/wp\/v2\/products?post=1558"}],"curies":[{"name":"wp","href":"https:\/\/api.w.org\/{rel}","templated":true}]}}