 {"id":1560,"date":"2026-01-15T15:51:39","date_gmt":"2026-01-15T07:51:39","guid":{"rendered":"https:\/\/sinomorechem.com\/?post_type=product&#038;p=1560"},"modified":"2026-01-15T15:51:39","modified_gmt":"2026-01-15T07:51:39","slug":"ditert-butylperoxyisopropylbenzene-bibp","status":"publish","type":"product","link":"https:\/\/sinomorechem.com\/tr\/product\/ditert-butylperoxyisopropylbenzene-bibp","title":{"rendered":"Di(tert-butilperoksiizopropil)benzen (BIBP)"},"content":{"rendered":"<p><strong><b>Kimyasal Ad\u0131<\/b><\/strong><\/p>\n<ul>\n<li>Di(tert-butilperoksiizopropil)benzen<\/li>\n<li><strong><b>\u522b\u540d<\/b><\/strong>\uff1a BIBP<\/li>\n<\/ul>\n<p><strong><b>Yap\u0131<\/b><\/strong><\/p>\n<ul>\n<li>\u5206\u5b50\u91cf (MW)\uff1a338,5<br \/>\nCAS No.\uff1a25155-25-3<br \/>\nEINECS \/ ELINCS No.\uff1a218-664-7<br \/>\nTSCA Durumu\uff1aListelenmi\u015ftir<\/li>\n<\/ul>\n<p><strong><b>Giri\u015f<\/b><\/strong><\/p>\n<ul>\n<li>BIBP ince beyaz bir tozdur. Bifonksiyonel dialkil organik peroksitlere aittir. Esas olarak do\u011fal kau\u00e7uk ve sentetik kau\u00e7uklar\u0131n \u00e7apraz ba\u011flanmas\u0131 i\u00e7in kullan\u0131l\u0131r ve ayr\u0131ca poliolefinlerin \u00e7apraz ba\u011flanmas\u0131 ve modifikasyonunda yayg\u0131n olarak uygulan\u0131r ve y\u00fcksek s\u0131cakl\u0131kta i\u015fleme ko\u015fullar\u0131 alt\u0131nda verimli radikal \u00fcretimi sa\u011flar.<\/li>\n<\/ul>\n<p><strong><b>Teknik \u00d6zellikler<\/b><\/strong><\/p>\n<ul>\n<li>G\u00f6r\u00fcn\u00fcm : \u0130nce toz<\/li>\n<li>Test (%): \u2265 96,0<\/li>\n<li>Aktif Oksijen (%) : 9,08<\/li>\n<li>Konsantrasyon (%) : \u2265 9,26<\/li>\n<\/ul>\n<p><strong><b>M\u00fclkler<\/b><\/strong><\/p>\n<ul>\n<li>Durum : Kat\u0131<\/li>\n<li>Aktif Oksijen (%) : 9,45<\/li>\n<\/ul>\n<p><strong><b>Termal Kararl\u0131l\u0131k<\/b><\/strong><\/p>\n<ul>\n<li>Organik peroksitler termal olarak karars\u0131z maddelerdir ve belirli ko\u015fullar alt\u0131nda kendili\u011finden h\u0131zlanan ayr\u0131\u015fmaya u\u011frayabilirler.<\/li>\n<li>Kendili\u011finden H\u0131zlanan Bozunma S\u0131cakl\u0131\u011f\u0131 (SADT), bir maddenin nakliye ambalaj\u0131 ko\u015fullar\u0131 alt\u0131nda kendili\u011finden h\u0131zlanan bozunmaya u\u011frayabilece\u011fi en d\u00fc\u015f\u00fck s\u0131cakl\u0131\u011f\u0131 ifade eder.<\/li>\n<li>BIBP'nin SADT de\u011feri \u015f\u00f6yledir: SADT (\u00b0C): 80<\/li>\n<\/ul>\n<p><strong><b>G\u00fcvenlik Verileri<\/b><\/strong><\/p>\n<ul>\n<li>UN No. : 3106O rganik Peroksit Tip D, Kat\u0131<br \/>\nB\u00f6l\u00fcm 5.2<\/li>\n<\/ul>\n<p><strong><b>Paketleme<\/b><\/strong><\/p>\n<ul>\n<li>Ambalajlama ve nakliye uluslararas\u0131 y\u00f6netmeliklere uygundur.<\/li>\n<\/ul>\n<p><strong><b>Depolama<\/b><\/strong><\/p>\n<p>\u00d6nerilen maksimum depolama s\u0131cakl\u0131\u011f\u0131 (Ts max) : 30\u00b0C<\/p>\n<p>\u00d6nerilen saklama ko\u015fullar\u0131 alt\u0131nda:<\/p>\n<ul>\n<li>\u2265 6 ay: \u00dcr\u00fcn Sinomore spesifikasyonlar\u0131 dahilinde kal\u0131r<\/li>\n<li>S\u0131k\u0131 kontrol edilen ko\u015fullar alt\u0131nda \u2265 12 ay: \u00dcr\u00fcn Sinomore spesifikasyonlar\u0131 dahilinde kal\u0131r<\/li>\n<\/ul>\n<p>30\u00b0C'nin alt\u0131nda serin, kuru ve iyi havaland\u0131r\u0131lan bir yerde saklay\u0131n.<\/p>\n<p><strong><b>Kullan\u0131m \u00d6nlemleri<\/b><\/strong><\/p>\n<ul>\n<li>Kaplar\u0131 s\u0131k\u0131ca kapal\u0131 tutun<\/li>\n<li>Is\u0131 kaynaklar\u0131ndan, tutu\u015fturucu kaynaklardan ve do\u011frudan g\u00fcne\u015f \u0131\u015f\u0131\u011f\u0131ndan uzak tutun<\/li>\n<li>Depolama alan\u0131nda tartmay\u0131n veya kaplar\u0131 a\u00e7may\u0131n<\/li>\n<li>\u0130ndirgeyici maddeler (\u00f6rn. aminler), asitler, alkaliler ve a\u011f\u0131r metal bile\u015fikleri (h\u0131zland\u0131r\u0131c\u0131lar ve metal sabunlar\u0131 gibi) ile temastan ka\u00e7\u0131n\u0131n<\/li>\n<\/ul>","protected":false},"featured_media":1561,"template":"","meta":{"_acf_changed":false,"site-sidebar-layout":"default","site-content-layout":"","ast-site-content-layout":"default","site-content-style":"default","site-sidebar-style":"default","ast-global-header-display":"","ast-banner-title-visibility":"","ast-main-header-display":"","ast-hfb-above-header-display":"","ast-hfb-below-header-display":"","ast-hfb-mobile-header-display":"","site-post-title":"","ast-breadcrumbs-content":"","ast-featured-img":"","footer-sml-layout":"","theme-transparent-header-meta":"default","adv-header-id-meta":"","stick-header-meta":"default","header-above-stick-meta":"","header-main-stick-meta":"","header-below-stick-meta":"","astra-migrate-meta-layouts":"set","ast-page-background-enabled":"default","ast-page-background-meta":{"desktop":{"background-color":"var(--ast-global-color-4)","background-image":"","background-repeat":"repeat","background-position":"center center","background-size":"auto","background-attachment":"scroll","background-type":"","background-media":"","overlay-type":"","overlay-color":"","overlay-opacity":"","overlay-gradient":""},"tablet":{"background-color":"","background-image":"","background-repeat":"repeat","background-position":"center center","background-size":"auto","background-attachment":"scroll","background-type":"","background-media":"","overlay-type":"","overlay-color":"","overlay-opacity":"","overlay-gradient":""},"mobile":{"background-color":"","background-image":"","background-repeat":"repeat","background-position":"center center","background-size":"auto","background-attachment":"scroll","background-type":"","background-media":"","overlay-type":"","overlay-color":"","overlay-opacity":"","overlay-gradient":""}},"ast-content-background-meta":{"desktop":{"background-color":"var(--ast-global-color-5)","background-image":"","background-repeat":"repeat","background-position":"center center","background-size":"auto","background-attachment":"scroll","background-type":"","background-media":"","overlay-type":"","overlay-color":"","overlay-opacity":"","overlay-gradient":""},"tablet":{"background-color":"var(--ast-global-color-5)","background-image":"","background-repeat":"repeat","background-position":"center center","background-size":"auto","background-attachment":"scroll","background-type":"","background-media":"","overlay-type":"","overlay-color":"","overlay-opacity":"","overlay-gradient":""},"mobile":{"background-color":"var(--ast-global-color-5)","background-image":"","background-repeat":"repeat","background-position":"center center","background-size":"auto","background-attachment":"scroll","background-type":"","background-media":"","overlay-type":"","overlay-color":"","overlay-opacity":"","overlay-gradient":""}}},"tags":[],"products":[],"class_list":["post-1560","product","type-product","status-publish","has-post-thumbnail","hentry"],"acf":[],"yoast_head":"<!-- This site is optimized with the Yoast SEO plugin v26.7 - https:\/\/yoast.com\/wordpress\/plugins\/seo\/ -->\n<title>organic peroxide, organic peroxide manufacturer, organic peroxide supplier, polymerization initiator, crosslinking agent, curing agent, rubber chemicals, plastic additives, EVA crosslinking agent, cable peroxide, photovoltaic materials<\/title>\n<meta name=\"description\" content=\"organic peroxide, organic peroxide manufacturer, organic peroxide supplier, polymerization initiator, crosslinking agent, curing agent, rubber chemicals, plastic additives, EVA crosslinking agent, cable peroxide, photovoltaic materials\" \/>\n<meta name=\"robots\" content=\"noindex, follow, max-snippet:-1, max-image-preview:large, max-video-preview:-1\" \/>\n<meta property=\"og:locale\" content=\"tr_TR\" \/>\n<meta property=\"og:type\" content=\"article\" \/>\n<meta property=\"og:title\" content=\"organic peroxide, organic peroxide manufacturer, organic peroxide supplier, polymerization initiator, crosslinking agent, curing agent, rubber chemicals, plastic additives, EVA crosslinking agent, cable peroxide, photovoltaic materials\" \/>\n<meta property=\"og:description\" content=\"organic peroxide, organic peroxide manufacturer, organic peroxide supplier, polymerization initiator, crosslinking agent, curing agent, rubber chemicals, plastic additives, EVA crosslinking agent, cable peroxide, photovoltaic materials\" \/>\n<meta property=\"og:url\" content=\"https:\/\/sinomorechem.com\/tr\/product\/ditert-butylperoxyisopropylbenzene-bibp\/\" \/>\n<meta property=\"og:site_name\" content=\"Organic Peroxide Manufacturer &amp; Supplier | Sinomore\" \/>\n<meta property=\"og:image\" content=\"https:\/\/sinomorechem.com\/wp-content\/uploads\/2026\/01\/19.-\u8fc7\u6c27\u5316\u4e8c\u53d4\u4e01\u57fa\u8fc7\u6c27\u5f02\u4e19\u57fa\u82ef-BIBP.png\" \/>\n\t<meta property=\"og:image:width\" content=\"332\" \/>\n\t<meta property=\"og:image:height\" content=\"320\" \/>\n\t<meta property=\"og:image:type\" content=\"image\/png\" \/>\n<meta name=\"twitter:card\" content=\"summary_large_image\" \/>\n<meta name=\"twitter:label1\" content=\"Tahmini okuma s\u00fcresi\" \/>\n\t<meta name=\"twitter:data1\" content=\"2 dakika\" \/>\n<script type=\"application\/ld+json\" class=\"yoast-schema-graph\">{\"@context\":\"https:\/\/schema.org\",\"@graph\":[{\"@type\":\"WebPage\",\"@id\":\"https:\/\/sinomorechem.com\/product\/ditert-butylperoxyisopropylbenzene-bibp\",\"url\":\"https:\/\/sinomorechem.com\/product\/ditert-butylperoxyisopropylbenzene-bibp\",\"name\":\"organic peroxide, organic peroxide manufacturer, organic peroxide supplier, polymerization initiator, crosslinking agent, curing agent, rubber chemicals, plastic additives, EVA crosslinking agent, cable peroxide, photovoltaic materials\",\"isPartOf\":{\"@id\":\"https:\/\/sinomorechem.com\/#website\"},\"primaryImageOfPage\":{\"@id\":\"https:\/\/sinomorechem.com\/product\/ditert-butylperoxyisopropylbenzene-bibp#primaryimage\"},\"image\":{\"@id\":\"https:\/\/sinomorechem.com\/product\/ditert-butylperoxyisopropylbenzene-bibp#primaryimage\"},\"thumbnailUrl\":\"https:\/\/sinomorechem.com\/wp-content\/uploads\/2026\/01\/19.-\u8fc7\u6c27\u5316\u4e8c\u53d4\u4e01\u57fa\u8fc7\u6c27\u5f02\u4e19\u57fa\u82ef-BIBP.png\",\"datePublished\":\"2026-01-15T07:51:39+00:00\",\"description\":\"organic peroxide, organic peroxide manufacturer, organic peroxide supplier, polymerization initiator, crosslinking agent, curing agent, rubber chemicals, plastic additives, EVA crosslinking agent, cable peroxide, photovoltaic materials\",\"breadcrumb\":{\"@id\":\"https:\/\/sinomorechem.com\/product\/ditert-butylperoxyisopropylbenzene-bibp#breadcrumb\"},\"inLanguage\":\"tr\",\"potentialAction\":[{\"@type\":\"ReadAction\",\"target\":[\"https:\/\/sinomorechem.com\/product\/ditert-butylperoxyisopropylbenzene-bibp\"]}]},{\"@type\":\"ImageObject\",\"inLanguage\":\"tr\",\"@id\":\"https:\/\/sinomorechem.com\/product\/ditert-butylperoxyisopropylbenzene-bibp#primaryimage\",\"url\":\"https:\/\/sinomorechem.com\/wp-content\/uploads\/2026\/01\/19.-\u8fc7\u6c27\u5316\u4e8c\u53d4\u4e01\u57fa\u8fc7\u6c27\u5f02\u4e19\u57fa\u82ef-BIBP.png\",\"contentUrl\":\"https:\/\/sinomorechem.com\/wp-content\/uploads\/2026\/01\/19.-\u8fc7\u6c27\u5316\u4e8c\u53d4\u4e01\u57fa\u8fc7\u6c27\u5f02\u4e19\u57fa\u82ef-BIBP.png\",\"width\":332,\"height\":320},{\"@type\":\"BreadcrumbList\",\"@id\":\"https:\/\/sinomorechem.com\/product\/ditert-butylperoxyisopropylbenzene-bibp#breadcrumb\",\"itemListElement\":[{\"@type\":\"ListItem\",\"position\":1,\"name\":\"Home\",\"item\":\"https:\/\/sinomorechem.com\/\"},{\"@type\":\"ListItem\",\"position\":2,\"name\":\"Products\",\"item\":\"https:\/\/sinomorechem.com\/product\"},{\"@type\":\"ListItem\",\"position\":3,\"name\":\"Di(tert-butylperoxyisopropyl)benzene (BIBP)\"}]},{\"@type\":\"WebSite\",\"@id\":\"https:\/\/sinomorechem.com\/#website\",\"url\":\"https:\/\/sinomorechem.com\/\",\"name\":\"Organic Peroxide Manufacturer &amp; Supplier | Sinomore\",\"description\":\"Sinomore is a professional manufacturer and supplier of organic peroxides, providing high-quality products for polymerization, crosslinking, curing, and specialty chemical applications. Our products are widely used in rubber, plastics, EVA, cable, and photovoltaic industries, with reliable quality and global supply capabilities.\",\"publisher\":{\"@id\":\"https:\/\/sinomorechem.com\/#organization\"},\"potentialAction\":[{\"@type\":\"SearchAction\",\"target\":{\"@type\":\"EntryPoint\",\"urlTemplate\":\"https:\/\/sinomorechem.com\/?s={search_term_string}\"},\"query-input\":{\"@type\":\"PropertyValueSpecification\",\"valueRequired\":true,\"valueName\":\"search_term_string\"}}],\"inLanguage\":\"tr\"},{\"@type\":\"Organization\",\"@id\":\"https:\/\/sinomorechem.com\/#organization\",\"name\":\"Organic Peroxide Manufacturer &amp; Supplier | Sinomore\",\"url\":\"https:\/\/sinomorechem.com\/\",\"logo\":{\"@type\":\"ImageObject\",\"inLanguage\":\"tr\",\"@id\":\"https:\/\/sinomorechem.com\/#\/schema\/logo\/image\/\",\"url\":\"https:\/\/sinomorechem.com\/wp-content\/uploads\/2026\/01\/\u6700\u7ec8\u7248-01.png\",\"contentUrl\":\"https:\/\/sinomorechem.com\/wp-content\/uploads\/2026\/01\/\u6700\u7ec8\u7248-01.png\",\"width\":1240,\"height\":1377,\"caption\":\"Organic Peroxide Manufacturer &amp; Supplier | Sinomore\"},\"image\":{\"@id\":\"https:\/\/sinomorechem.com\/#\/schema\/logo\/image\/\"}}]}<\/script>\n<!-- \/ Yoast SEO plugin. -->","yoast_head_json":{"title":"organik peroksit, organik peroksit \u00fcreticisi, organik peroksit tedarik\u00e7isi, polimerizasyon ba\u015flat\u0131c\u0131, \u00e7apraz ba\u011flama maddesi, k\u00fcrleme maddesi, kau\u00e7uk kimyasallar\u0131, plastik katk\u0131 maddeleri, EVA \u00e7apraz ba\u011flama maddesi, kablo peroksit, fotovoltaik malzemeler","description":"organik peroksit, organik peroksit \u00fcreticisi, organik peroksit tedarik\u00e7isi, polimerizasyon ba\u015flat\u0131c\u0131, \u00e7apraz ba\u011flama maddesi, k\u00fcrleme maddesi, kau\u00e7uk kimyasallar\u0131, plastik katk\u0131 maddeleri, EVA \u00e7apraz ba\u011flama maddesi, kablo peroksit, fotovoltaik malzemeler","robots":{"index":"noindex","follow":"follow","max-snippet":"max-snippet:-1","max-image-preview":"max-image-preview:large","max-video-preview":"max-video-preview:-1"},"og_locale":"tr_TR","og_type":"article","og_title":"organic peroxide, organic peroxide manufacturer, organic peroxide supplier, polymerization initiator, crosslinking agent, curing agent, rubber chemicals, plastic additives, EVA crosslinking agent, cable peroxide, photovoltaic materials","og_description":"organic peroxide, organic peroxide manufacturer, organic peroxide supplier, polymerization initiator, crosslinking agent, curing agent, rubber chemicals, plastic additives, EVA crosslinking agent, cable peroxide, photovoltaic materials","og_url":"https:\/\/sinomorechem.com\/tr\/product\/ditert-butylperoxyisopropylbenzene-bibp\/","og_site_name":"Organic Peroxide Manufacturer &amp; Supplier | Sinomore","og_image":[{"width":332,"height":320,"url":"https:\/\/sinomorechem.com\/wp-content\/uploads\/2026\/01\/19.-\u8fc7\u6c27\u5316\u4e8c\u53d4\u4e01\u57fa\u8fc7\u6c27\u5f02\u4e19\u57fa\u82ef-BIBP.png","type":"image\/png"}],"twitter_card":"summary_large_image","twitter_misc":{"Tahmini okuma s\u00fcresi":"2 dakika"},"schema":{"@context":"https:\/\/schema.org","@graph":[{"@type":"WebPage","@id":"https:\/\/sinomorechem.com\/product\/ditert-butylperoxyisopropylbenzene-bibp","url":"https:\/\/sinomorechem.com\/product\/ditert-butylperoxyisopropylbenzene-bibp","name":"organik peroksit, organik peroksit \u00fcreticisi, organik peroksit tedarik\u00e7isi, polimerizasyon ba\u015flat\u0131c\u0131, \u00e7apraz ba\u011flama maddesi, k\u00fcrleme maddesi, kau\u00e7uk kimyasallar\u0131, plastik katk\u0131 maddeleri, EVA \u00e7apraz ba\u011flama maddesi, kablo peroksit, fotovoltaik malzemeler","isPartOf":{"@id":"https:\/\/sinomorechem.com\/#website"},"primaryImageOfPage":{"@id":"https:\/\/sinomorechem.com\/product\/ditert-butylperoxyisopropylbenzene-bibp#primaryimage"},"image":{"@id":"https:\/\/sinomorechem.com\/product\/ditert-butylperoxyisopropylbenzene-bibp#primaryimage"},"thumbnailUrl":"https:\/\/sinomorechem.com\/wp-content\/uploads\/2026\/01\/19.-\u8fc7\u6c27\u5316\u4e8c\u53d4\u4e01\u57fa\u8fc7\u6c27\u5f02\u4e19\u57fa\u82ef-BIBP.png","datePublished":"2026-01-15T07:51:39+00:00","description":"organik peroksit, organik peroksit \u00fcreticisi, organik peroksit tedarik\u00e7isi, polimerizasyon ba\u015flat\u0131c\u0131, \u00e7apraz ba\u011flama maddesi, k\u00fcrleme maddesi, kau\u00e7uk kimyasallar\u0131, plastik katk\u0131 maddeleri, EVA \u00e7apraz ba\u011flama maddesi, kablo peroksit, fotovoltaik malzemeler","breadcrumb":{"@id":"https:\/\/sinomorechem.com\/product\/ditert-butylperoxyisopropylbenzene-bibp#breadcrumb"},"inLanguage":"tr","potentialAction":[{"@type":"ReadAction","target":["https:\/\/sinomorechem.com\/product\/ditert-butylperoxyisopropylbenzene-bibp"]}]},{"@type":"ImageObject","inLanguage":"tr","@id":"https:\/\/sinomorechem.com\/product\/ditert-butylperoxyisopropylbenzene-bibp#primaryimage","url":"https:\/\/sinomorechem.com\/wp-content\/uploads\/2026\/01\/19.-\u8fc7\u6c27\u5316\u4e8c\u53d4\u4e01\u57fa\u8fc7\u6c27\u5f02\u4e19\u57fa\u82ef-BIBP.png","contentUrl":"https:\/\/sinomorechem.com\/wp-content\/uploads\/2026\/01\/19.-\u8fc7\u6c27\u5316\u4e8c\u53d4\u4e01\u57fa\u8fc7\u6c27\u5f02\u4e19\u57fa\u82ef-BIBP.png","width":332,"height":320},{"@type":"BreadcrumbList","@id":"https:\/\/sinomorechem.com\/product\/ditert-butylperoxyisopropylbenzene-bibp#breadcrumb","itemListElement":[{"@type":"ListItem","position":1,"name":"Home","item":"https:\/\/sinomorechem.com\/"},{"@type":"ListItem","position":2,"name":"Products","item":"https:\/\/sinomorechem.com\/product"},{"@type":"ListItem","position":3,"name":"Di(tert-butylperoxyisopropyl)benzene (BIBP)"}]},{"@type":"WebSite","@id":"https:\/\/sinomorechem.com\/#website","url":"https:\/\/sinomorechem.com\/","name":"Organik Peroksit \u00dcretici ve Tedarik\u00e7i | Sinomore","description":"Sinomore, polimerizasyon, \u00e7apraz ba\u011flama, k\u00fcrleme ve \u00f6zel kimyasal uygulamalar i\u00e7in y\u00fcksek kaliteli \u00fcr\u00fcnler sa\u011flayan profesyonel bir organik peroksit \u00fcreticisi ve tedarik\u00e7isidir. \u00dcr\u00fcnlerimiz g\u00fcvenilir kalite ve k\u00fcresel tedarik yetenekleri ile kau\u00e7uk, plastik, EVA, kablo ve fotovoltaik end\u00fcstrilerinde yayg\u0131n olarak kullan\u0131lmaktad\u0131r.","publisher":{"@id":"https:\/\/sinomorechem.com\/#organization"},"potentialAction":[{"@type":"SearchAction","target":{"@type":"EntryPoint","urlTemplate":"https:\/\/sinomorechem.com\/?s={search_term_string}"},"query-input":{"@type":"PropertyValueSpecification","valueRequired":true,"valueName":"search_term_string"}}],"inLanguage":"tr"},{"@type":"Organization","@id":"https:\/\/sinomorechem.com\/#organization","name":"Organik Peroksit \u00dcretici ve Tedarik\u00e7i | Sinomore","url":"https:\/\/sinomorechem.com\/","logo":{"@type":"ImageObject","inLanguage":"tr","@id":"https:\/\/sinomorechem.com\/#\/schema\/logo\/image\/","url":"https:\/\/sinomorechem.com\/wp-content\/uploads\/2026\/01\/\u6700\u7ec8\u7248-01.png","contentUrl":"https:\/\/sinomorechem.com\/wp-content\/uploads\/2026\/01\/\u6700\u7ec8\u7248-01.png","width":1240,"height":1377,"caption":"Organic Peroxide Manufacturer &amp; Supplier | Sinomore"},"image":{"@id":"https:\/\/sinomorechem.com\/#\/schema\/logo\/image\/"}}]}},"_links":{"self":[{"href":"https:\/\/sinomorechem.com\/tr\/wp-json\/wp\/v2\/product\/1560","targetHints":{"allow":["GET"]}}],"collection":[{"href":"https:\/\/sinomorechem.com\/tr\/wp-json\/wp\/v2\/product"}],"about":[{"href":"https:\/\/sinomorechem.com\/tr\/wp-json\/wp\/v2\/types\/product"}],"wp:featuredmedia":[{"embeddable":true,"href":"https:\/\/sinomorechem.com\/tr\/wp-json\/wp\/v2\/media\/1561"}],"wp:attachment":[{"href":"https:\/\/sinomorechem.com\/tr\/wp-json\/wp\/v2\/media?parent=1560"}],"wp:term":[{"taxonomy":"post_tag","embeddable":true,"href":"https:\/\/sinomorechem.com\/tr\/wp-json\/wp\/v2\/tags?post=1560"},{"taxonomy":"products","embeddable":true,"href":"https:\/\/sinomorechem.com\/tr\/wp-json\/wp\/v2\/products?post=1560"}],"curies":[{"name":"wp","href":"https:\/\/api.w.org\/{rel}","templated":true}]}}