 {"id":1580,"date":"2026-01-16T13:37:13","date_gmt":"2026-01-16T05:37:13","guid":{"rendered":"https:\/\/sinomorechem.com\/?post_type=product&#038;p=1580"},"modified":"2026-01-17T13:53:06","modified_gmt":"2026-01-17T05:53:06","slug":"di24-dichlorobenzoyl-peroxide-paste-50","status":"publish","type":"product","link":"https:\/\/sinomorechem.com\/tr\/product\/di24-dichlorobenzoyl-peroxide-paste-50","title":{"rendered":"Di(2,4-Diklorobenzoil) Peroksit, Macun 50% (DCBP)"},"content":{"rendered":"<p><strong><b>Kimyasal Ad\u0131<\/b><\/strong><\/p>\n<ul>\n<li>Di(2,4-diklorobenzoil) peroksit<\/li>\n<li><strong><b>\u00dcr\u00fcn Formu<\/b><\/strong><br \/>\n50% macun (silikon ya\u011f\u0131 i\u00e7inde da\u011f\u0131lm\u0131\u015f)<\/li>\n<\/ul>\n<p><strong><b>Yap\u0131 ve Temel Bilgiler<\/b><\/strong><\/p>\n<ul>\n<li>\u5206\u5b50\u5f0f Molek\u00fcler Form\u00fcl: C\u2081\u2084H\u2086Cl\u2084O\u2084<\/li>\n<li>\u5206\u5b50\u91cf Molek\u00fcl A\u011f\u0131rl\u0131\u011f\u0131 : 380.0<\/li>\n<li>CAS \u53f7 CAS No.133-14-2<\/li>\n<li>EC \/ EINECS No.205-094-9<\/li>\n<li>TSCA Durumu : Listelenmi\u015ftir<\/li>\n<\/ul>\n<p><strong><b>Giri\u015f<\/b><\/strong><\/p>\n<ul>\n<li>DCBP 50% beyaz bir macun diasil organik peroksittir. Esas olarak silikon kau\u00e7uk i\u00e7in vulkanize edici bir ajan olarak kullan\u0131l\u0131r. Is\u0131t\u0131ld\u0131\u011f\u0131nda, serbest radikaller olu\u015fturmak i\u00e7in ayr\u0131\u015f\u0131r ve kal\u0131plama, ekstr\u00fczyon ve di\u011fer k\u00fcrleme i\u015flemlerinde silikon kau\u00e7u\u011fun \u00e7apraz ba\u011flanmas\u0131n\u0131 sa\u011flar.<\/li>\n<\/ul>\n<p><strong><b>Teknik \u00d6zellikler<\/b><\/strong><\/p>\n<ul>\n<li>G\u00f6r\u00fcn\u00fcm : Beyaz macun<\/li>\n<li>Test (%) : 49.0 - 51.0<\/li>\n<li>Su (%) : \u2264 1,5<\/li>\n<li>Aktif Oksijen (%): 2,1 - 2,2<\/li>\n<\/ul>\n<p><strong><b>M\u00fclkler<\/b><\/strong><\/p>\n<ul>\n<li>Devlet : Yap\u0131\u015ft\u0131r<\/li>\n<li>Macun formu, silikon kau\u00e7uk form\u00fclasyonlar\u0131nda kullan\u0131m g\u00fcvenli\u011fini ve dispersiyonu iyile\u015ftirir<\/li>\n<\/ul>\n<p><strong><b>Yar\u0131lanma \u00d6mr\u00fc Verileri<\/b><\/strong><\/p>\n<p><strong><b>DCBP'nin klorobenzen i\u00e7indeki yar\u0131lanma \u00f6mr\u00fc verileri a\u015fa\u011f\u0131daki gibidir:<\/b><\/strong><\/p>\n<ul>\n<li>0,1 saat Yar\u0131lanma \u00f6mr\u00fc (\u00b0C) : 80<\/li>\n<li>1 saat Yar\u0131lanma \u00f6mr\u00fc (\u00b0C) : 65<\/li>\n<li>10 saat Yar\u0131lanma \u00f6mr\u00fc (\u00b0C) : 47<\/li>\n<li>Aktivasyon Enerjisi Ea (kJ\/mol) : 122.35<\/li>\n<\/ul>\n<p><strong><b>Termal Kararl\u0131l\u0131k<\/b><\/strong><\/p>\n<ul>\n<li>Ts maks (\u00b0C) : 30<\/li>\n<li>SADT (\u00b0C) : 60<\/li>\n<li>\u00dcr\u00fcn, \u00f6nerilen depolama ko\u015fullar\u0131 alt\u0131nda iyi termal stabilite g\u00f6sterir<\/li>\n<\/ul>\n<p><strong><b>Ba\u015fl\u0131ca Ayr\u0131\u015fma \u00dcr\u00fcnleri<\/b><\/strong><\/p>\n<ul>\n<li>Karbondioksit<\/li>\n<li>1,3-Diklorobenzen<\/li>\n<li>2,4-Diklorobenzen<\/li>\n<li>Eser miktarda bis(2,4-diklorobenzen)<\/li>\n<\/ul>\n<p><strong><b>Uygulama<\/b><\/strong><\/p>\n<ul>\n<li>Ana uygulama<br \/>\nSilikon kau\u00e7uk vulkanizasyonu<\/li>\n<li>G\u00fcvenli kullan\u0131m s\u0131cakl\u0131\u011f\u0131 : 75 \u00b0C<\/li>\n<li>\u00d6nerilen k\u00fcrlenme s\u0131cakl\u0131\u011f\u0131 : 90 \u00b0C<\/li>\n<li>\u00d6nerilen dozaj: 1,1 - 2,3 %<\/li>\n<\/ul>\n<p><strong><b>\u00c7\u00f6z\u00fcn\u00fcrl\u00fck<\/b><\/strong><\/p>\n<ul>\n<li>Suda \u00e7\u00f6z\u00fcnmez. Normalde silikon kau\u00e7uk form\u00fclasyonlar\u0131na do\u011frudan da\u011f\u0131t\u0131lan bir macun olarak kullan\u0131l\u0131r.<\/li>\n<\/ul>\n<p><strong><b>G\u00fcvenlik Verileri<\/b><\/strong><\/p>\n<ul>\n<li>Organik Peroksit Tip D, Kat\u0131 : 5.2<\/li>\n<li>BM No. : 3106<\/li>\n<\/ul>\n<p><strong><b>Paketleme<\/b><\/strong><\/p>\n<ul>\n<li>20 kg<br \/>\n\u0130\u00e7 plastik astarl\u0131 PE kova<\/li>\n<\/ul>\n<p><strong><b>Depolama<\/b><\/strong><\/p>\n<ul>\n<li>30 \u00b0C'nin alt\u0131nda, serin ve iyi havaland\u0131r\u0131lan bir yerde, s\u0131caktan ve do\u011frudan g\u00fcne\u015f \u0131\u015f\u0131\u011f\u0131ndan uzakta saklay\u0131n.<\/li>\n<\/ul>\n<p><strong><b>Kullan\u0131m \u00d6nlemleri<\/b><\/strong><\/p>\n<ul>\n<li>Is\u0131, k\u0131v\u0131lc\u0131m ve a\u00e7\u0131k alevden uzak tutun<\/li>\n<li>\u0130ndirgeyici maddeler, asitler, bazlar ve a\u011f\u0131r metal bile\u015fikleri ile temastan ka\u00e7\u0131n\u0131n<\/li>\n<li>Depolama alanlar\u0131nda tartmay\u0131n veya yeniden paketlemeyin<\/li>\n<\/ul>\n<p>&nbsp;<\/p>","protected":false},"featured_media":1581,"template":"","meta":{"_acf_changed":false,"site-sidebar-layout":"default","site-content-layout":"","ast-site-content-layout":"default","site-content-style":"default","site-sidebar-style":"default","ast-global-header-display":"","ast-banner-title-visibility":"","ast-main-header-display":"","ast-hfb-above-header-display":"","ast-hfb-below-header-display":"","ast-hfb-mobile-header-display":"","site-post-title":"","ast-breadcrumbs-content":"","ast-featured-img":"","footer-sml-layout":"","theme-transparent-header-meta":"default","adv-header-id-meta":"","stick-header-meta":"default","header-above-stick-meta":"","header-main-stick-meta":"","header-below-stick-meta":"","astra-migrate-meta-layouts":"set","ast-page-background-enabled":"default","ast-page-background-meta":{"desktop":{"background-color":"var(--ast-global-color-4)","background-image":"","background-repeat":"repeat","background-position":"center center","background-size":"auto","background-attachment":"scroll","background-type":"","background-media":"","overlay-type":"","overlay-color":"","overlay-opacity":"","overlay-gradient":""},"tablet":{"background-color":"","background-image":"","background-repeat":"repeat","background-position":"center center","background-size":"auto","background-attachment":"scroll","background-type":"","background-media":"","overlay-type":"","overlay-color":"","overlay-opacity":"","overlay-gradient":""},"mobile":{"background-color":"","background-image":"","background-repeat":"repeat","background-position":"center center","background-size":"auto","background-attachment":"scroll","background-type":"","background-media":"","overlay-type":"","overlay-color":"","overlay-opacity":"","overlay-gradient":""}},"ast-content-background-meta":{"desktop":{"background-color":"var(--ast-global-color-5)","background-image":"","background-repeat":"repeat","background-position":"center center","background-size":"auto","background-attachment":"scroll","background-type":"","background-media":"","overlay-type":"","overlay-color":"","overlay-opacity":"","overlay-gradient":""},"tablet":{"background-color":"var(--ast-global-color-5)","background-image":"","background-repeat":"repeat","background-position":"center center","background-size":"auto","background-attachment":"scroll","background-type":"","background-media":"","overlay-type":"","overlay-color":"","overlay-opacity":"","overlay-gradient":""},"mobile":{"background-color":"var(--ast-global-color-5)","background-image":"","background-repeat":"repeat","background-position":"center center","background-size":"auto","background-attachment":"scroll","background-type":"","background-media":"","overlay-type":"","overlay-color":"","overlay-opacity":"","overlay-gradient":""}}},"tags":[],"products":[],"class_list":["post-1580","product","type-product","status-publish","has-post-thumbnail","hentry"],"acf":[],"yoast_head":"<!-- This site is optimized with the Yoast SEO plugin v26.7 - https:\/\/yoast.com\/wordpress\/plugins\/seo\/ -->\n<title>organic peroxide, organic peroxide manufacturer, organic peroxide supplier, polymerization initiator, crosslinking agent, curing agent, rubber chemicals, plastic additives, EVA crosslinking agent, cable peroxide, photovoltaic materials<\/title>\n<meta name=\"description\" content=\"organic peroxide, organic peroxide manufacturer, organic peroxide supplier, polymerization initiator, crosslinking agent, curing agent, rubber chemicals, plastic additives, EVA crosslinking agent, cable peroxide, photovoltaic materials\" \/>\n<meta name=\"robots\" content=\"noindex, follow, max-snippet:-1, max-image-preview:large, max-video-preview:-1\" \/>\n<meta property=\"og:locale\" content=\"tr_TR\" \/>\n<meta property=\"og:type\" content=\"article\" \/>\n<meta property=\"og:title\" content=\"organic peroxide, organic peroxide manufacturer, organic peroxide supplier, polymerization initiator, crosslinking agent, curing agent, rubber chemicals, plastic additives, EVA crosslinking agent, cable peroxide, photovoltaic materials\" \/>\n<meta property=\"og:description\" content=\"organic peroxide, organic peroxide manufacturer, organic peroxide supplier, polymerization initiator, crosslinking agent, curing agent, rubber chemicals, plastic additives, EVA crosslinking agent, cable peroxide, photovoltaic materials\" \/>\n<meta property=\"og:url\" content=\"https:\/\/sinomorechem.com\/tr\/product\/di24-dichlorobenzoyl-peroxide-paste-50\/\" \/>\n<meta property=\"og:site_name\" content=\"Organic Peroxide Manufacturer &amp; Supplier | Sinomore\" \/>\n<meta property=\"article:modified_time\" content=\"2026-01-17T05:53:06+00:00\" \/>\n<meta property=\"og:image\" content=\"https:\/\/sinomorechem.com\/wp-content\/uploads\/2026\/01\/25.-\u8fc7\u6c27\u5316\u4e8c\uff0824-\u4e8c\u6c2f\u82ef\u7532\u9170\uff09DCBP.png\" \/>\n\t<meta property=\"og:image:width\" content=\"334\" \/>\n\t<meta property=\"og:image:height\" content=\"320\" \/>\n\t<meta property=\"og:image:type\" content=\"image\/png\" \/>\n<meta name=\"twitter:card\" content=\"summary_large_image\" \/>\n<meta name=\"twitter:label1\" content=\"Tahmini okuma s\u00fcresi\" \/>\n\t<meta name=\"twitter:data1\" content=\"2 dakika\" \/>\n<script type=\"application\/ld+json\" class=\"yoast-schema-graph\">{\"@context\":\"https:\/\/schema.org\",\"@graph\":[{\"@type\":\"WebPage\",\"@id\":\"https:\/\/sinomorechem.com\/product\/di24-dichlorobenzoyl-peroxide-paste-50\",\"url\":\"https:\/\/sinomorechem.com\/product\/di24-dichlorobenzoyl-peroxide-paste-50\",\"name\":\"organic peroxide, organic peroxide manufacturer, organic peroxide supplier, polymerization initiator, crosslinking agent, curing agent, rubber chemicals, plastic additives, EVA crosslinking agent, cable peroxide, photovoltaic materials\",\"isPartOf\":{\"@id\":\"https:\/\/sinomorechem.com\/#website\"},\"primaryImageOfPage\":{\"@id\":\"https:\/\/sinomorechem.com\/product\/di24-dichlorobenzoyl-peroxide-paste-50#primaryimage\"},\"image\":{\"@id\":\"https:\/\/sinomorechem.com\/product\/di24-dichlorobenzoyl-peroxide-paste-50#primaryimage\"},\"thumbnailUrl\":\"https:\/\/sinomorechem.com\/wp-content\/uploads\/2026\/01\/25.-\u8fc7\u6c27\u5316\u4e8c\uff0824-\u4e8c\u6c2f\u82ef\u7532\u9170\uff09DCBP.png\",\"datePublished\":\"2026-01-16T05:37:13+00:00\",\"dateModified\":\"2026-01-17T05:53:06+00:00\",\"description\":\"organic peroxide, organic peroxide manufacturer, organic peroxide supplier, polymerization initiator, crosslinking agent, curing agent, rubber chemicals, plastic additives, EVA crosslinking agent, cable peroxide, photovoltaic materials\",\"breadcrumb\":{\"@id\":\"https:\/\/sinomorechem.com\/product\/di24-dichlorobenzoyl-peroxide-paste-50#breadcrumb\"},\"inLanguage\":\"tr\",\"potentialAction\":[{\"@type\":\"ReadAction\",\"target\":[\"https:\/\/sinomorechem.com\/product\/di24-dichlorobenzoyl-peroxide-paste-50\"]}]},{\"@type\":\"ImageObject\",\"inLanguage\":\"tr\",\"@id\":\"https:\/\/sinomorechem.com\/product\/di24-dichlorobenzoyl-peroxide-paste-50#primaryimage\",\"url\":\"https:\/\/sinomorechem.com\/wp-content\/uploads\/2026\/01\/25.-\u8fc7\u6c27\u5316\u4e8c\uff0824-\u4e8c\u6c2f\u82ef\u7532\u9170\uff09DCBP.png\",\"contentUrl\":\"https:\/\/sinomorechem.com\/wp-content\/uploads\/2026\/01\/25.-\u8fc7\u6c27\u5316\u4e8c\uff0824-\u4e8c\u6c2f\u82ef\u7532\u9170\uff09DCBP.png\",\"width\":334,\"height\":320},{\"@type\":\"BreadcrumbList\",\"@id\":\"https:\/\/sinomorechem.com\/product\/di24-dichlorobenzoyl-peroxide-paste-50#breadcrumb\",\"itemListElement\":[{\"@type\":\"ListItem\",\"position\":1,\"name\":\"Home\",\"item\":\"https:\/\/sinomorechem.com\/\"},{\"@type\":\"ListItem\",\"position\":2,\"name\":\"Products\",\"item\":\"https:\/\/sinomorechem.com\/product\"},{\"@type\":\"ListItem\",\"position\":3,\"name\":\"Di(2,4-Dichlorobenzoyl) Peroxide, Paste 50% (DCBP)\"}]},{\"@type\":\"WebSite\",\"@id\":\"https:\/\/sinomorechem.com\/#website\",\"url\":\"https:\/\/sinomorechem.com\/\",\"name\":\"Organic Peroxide Manufacturer &amp; Supplier | Sinomore\",\"description\":\"Sinomore is a professional manufacturer and supplier of organic peroxides, providing high-quality products for polymerization, crosslinking, curing, and specialty chemical applications. Our products are widely used in rubber, plastics, EVA, cable, and photovoltaic industries, with reliable quality and global supply capabilities.\",\"publisher\":{\"@id\":\"https:\/\/sinomorechem.com\/#organization\"},\"potentialAction\":[{\"@type\":\"SearchAction\",\"target\":{\"@type\":\"EntryPoint\",\"urlTemplate\":\"https:\/\/sinomorechem.com\/?s={search_term_string}\"},\"query-input\":{\"@type\":\"PropertyValueSpecification\",\"valueRequired\":true,\"valueName\":\"search_term_string\"}}],\"inLanguage\":\"tr\"},{\"@type\":\"Organization\",\"@id\":\"https:\/\/sinomorechem.com\/#organization\",\"name\":\"Organic Peroxide Manufacturer &amp; Supplier | Sinomore\",\"url\":\"https:\/\/sinomorechem.com\/\",\"logo\":{\"@type\":\"ImageObject\",\"inLanguage\":\"tr\",\"@id\":\"https:\/\/sinomorechem.com\/#\/schema\/logo\/image\/\",\"url\":\"https:\/\/sinomorechem.com\/wp-content\/uploads\/2026\/01\/\u6700\u7ec8\u7248-01.png\",\"contentUrl\":\"https:\/\/sinomorechem.com\/wp-content\/uploads\/2026\/01\/\u6700\u7ec8\u7248-01.png\",\"width\":1240,\"height\":1377,\"caption\":\"Organic Peroxide Manufacturer &amp; Supplier | Sinomore\"},\"image\":{\"@id\":\"https:\/\/sinomorechem.com\/#\/schema\/logo\/image\/\"}}]}<\/script>\n<!-- \/ Yoast SEO plugin. -->","yoast_head_json":{"title":"organik peroksit, organik peroksit \u00fcreticisi, organik peroksit tedarik\u00e7isi, polimerizasyon ba\u015flat\u0131c\u0131, \u00e7apraz ba\u011flama maddesi, k\u00fcrleme maddesi, kau\u00e7uk kimyasallar\u0131, plastik katk\u0131 maddeleri, EVA \u00e7apraz ba\u011flama maddesi, kablo peroksit, fotovoltaik malzemeler","description":"organik peroksit, organik peroksit \u00fcreticisi, organik peroksit tedarik\u00e7isi, polimerizasyon ba\u015flat\u0131c\u0131, \u00e7apraz ba\u011flama maddesi, k\u00fcrleme maddesi, kau\u00e7uk kimyasallar\u0131, plastik katk\u0131 maddeleri, EVA \u00e7apraz ba\u011flama maddesi, kablo peroksit, fotovoltaik malzemeler","robots":{"index":"noindex","follow":"follow","max-snippet":"max-snippet:-1","max-image-preview":"max-image-preview:large","max-video-preview":"max-video-preview:-1"},"og_locale":"tr_TR","og_type":"article","og_title":"organic peroxide, organic peroxide manufacturer, organic peroxide supplier, polymerization initiator, crosslinking agent, curing agent, rubber chemicals, plastic additives, EVA crosslinking agent, cable peroxide, photovoltaic materials","og_description":"organic peroxide, organic peroxide manufacturer, organic peroxide supplier, polymerization initiator, crosslinking agent, curing agent, rubber chemicals, plastic additives, EVA crosslinking agent, cable peroxide, photovoltaic materials","og_url":"https:\/\/sinomorechem.com\/tr\/product\/di24-dichlorobenzoyl-peroxide-paste-50\/","og_site_name":"Organic Peroxide Manufacturer &amp; Supplier | Sinomore","article_modified_time":"2026-01-17T05:53:06+00:00","og_image":[{"width":334,"height":320,"url":"https:\/\/sinomorechem.com\/wp-content\/uploads\/2026\/01\/25.-\u8fc7\u6c27\u5316\u4e8c\uff0824-\u4e8c\u6c2f\u82ef\u7532\u9170\uff09DCBP.png","type":"image\/png"}],"twitter_card":"summary_large_image","twitter_misc":{"Tahmini okuma s\u00fcresi":"2 dakika"},"schema":{"@context":"https:\/\/schema.org","@graph":[{"@type":"WebPage","@id":"https:\/\/sinomorechem.com\/product\/di24-dichlorobenzoyl-peroxide-paste-50","url":"https:\/\/sinomorechem.com\/product\/di24-dichlorobenzoyl-peroxide-paste-50","name":"organik peroksit, organik peroksit \u00fcreticisi, organik peroksit tedarik\u00e7isi, polimerizasyon ba\u015flat\u0131c\u0131, \u00e7apraz ba\u011flama maddesi, k\u00fcrleme maddesi, kau\u00e7uk kimyasallar\u0131, plastik katk\u0131 maddeleri, EVA \u00e7apraz ba\u011flama maddesi, kablo peroksit, fotovoltaik malzemeler","isPartOf":{"@id":"https:\/\/sinomorechem.com\/#website"},"primaryImageOfPage":{"@id":"https:\/\/sinomorechem.com\/product\/di24-dichlorobenzoyl-peroxide-paste-50#primaryimage"},"image":{"@id":"https:\/\/sinomorechem.com\/product\/di24-dichlorobenzoyl-peroxide-paste-50#primaryimage"},"thumbnailUrl":"https:\/\/sinomorechem.com\/wp-content\/uploads\/2026\/01\/25.-\u8fc7\u6c27\u5316\u4e8c\uff0824-\u4e8c\u6c2f\u82ef\u7532\u9170\uff09DCBP.png","datePublished":"2026-01-16T05:37:13+00:00","dateModified":"2026-01-17T05:53:06+00:00","description":"organik peroksit, organik peroksit \u00fcreticisi, organik peroksit tedarik\u00e7isi, polimerizasyon ba\u015flat\u0131c\u0131, \u00e7apraz ba\u011flama maddesi, k\u00fcrleme maddesi, kau\u00e7uk kimyasallar\u0131, plastik katk\u0131 maddeleri, EVA \u00e7apraz ba\u011flama maddesi, kablo peroksit, fotovoltaik malzemeler","breadcrumb":{"@id":"https:\/\/sinomorechem.com\/product\/di24-dichlorobenzoyl-peroxide-paste-50#breadcrumb"},"inLanguage":"tr","potentialAction":[{"@type":"ReadAction","target":["https:\/\/sinomorechem.com\/product\/di24-dichlorobenzoyl-peroxide-paste-50"]}]},{"@type":"ImageObject","inLanguage":"tr","@id":"https:\/\/sinomorechem.com\/product\/di24-dichlorobenzoyl-peroxide-paste-50#primaryimage","url":"https:\/\/sinomorechem.com\/wp-content\/uploads\/2026\/01\/25.-\u8fc7\u6c27\u5316\u4e8c\uff0824-\u4e8c\u6c2f\u82ef\u7532\u9170\uff09DCBP.png","contentUrl":"https:\/\/sinomorechem.com\/wp-content\/uploads\/2026\/01\/25.-\u8fc7\u6c27\u5316\u4e8c\uff0824-\u4e8c\u6c2f\u82ef\u7532\u9170\uff09DCBP.png","width":334,"height":320},{"@type":"BreadcrumbList","@id":"https:\/\/sinomorechem.com\/product\/di24-dichlorobenzoyl-peroxide-paste-50#breadcrumb","itemListElement":[{"@type":"ListItem","position":1,"name":"Home","item":"https:\/\/sinomorechem.com\/"},{"@type":"ListItem","position":2,"name":"Products","item":"https:\/\/sinomorechem.com\/product"},{"@type":"ListItem","position":3,"name":"Di(2,4-Dichlorobenzoyl) Peroxide, Paste 50% (DCBP)"}]},{"@type":"WebSite","@id":"https:\/\/sinomorechem.com\/#website","url":"https:\/\/sinomorechem.com\/","name":"Organik Peroksit \u00dcretici ve Tedarik\u00e7i | Sinomore","description":"Sinomore, polimerizasyon, \u00e7apraz ba\u011flama, k\u00fcrleme ve \u00f6zel kimyasal uygulamalar i\u00e7in y\u00fcksek kaliteli \u00fcr\u00fcnler sa\u011flayan profesyonel bir organik peroksit \u00fcreticisi ve tedarik\u00e7isidir. \u00dcr\u00fcnlerimiz g\u00fcvenilir kalite ve k\u00fcresel tedarik yetenekleri ile kau\u00e7uk, plastik, EVA, kablo ve fotovoltaik end\u00fcstrilerinde yayg\u0131n olarak kullan\u0131lmaktad\u0131r.","publisher":{"@id":"https:\/\/sinomorechem.com\/#organization"},"potentialAction":[{"@type":"SearchAction","target":{"@type":"EntryPoint","urlTemplate":"https:\/\/sinomorechem.com\/?s={search_term_string}"},"query-input":{"@type":"PropertyValueSpecification","valueRequired":true,"valueName":"search_term_string"}}],"inLanguage":"tr"},{"@type":"Organization","@id":"https:\/\/sinomorechem.com\/#organization","name":"Organik Peroksit \u00dcretici ve Tedarik\u00e7i | Sinomore","url":"https:\/\/sinomorechem.com\/","logo":{"@type":"ImageObject","inLanguage":"tr","@id":"https:\/\/sinomorechem.com\/#\/schema\/logo\/image\/","url":"https:\/\/sinomorechem.com\/wp-content\/uploads\/2026\/01\/\u6700\u7ec8\u7248-01.png","contentUrl":"https:\/\/sinomorechem.com\/wp-content\/uploads\/2026\/01\/\u6700\u7ec8\u7248-01.png","width":1240,"height":1377,"caption":"Organic Peroxide Manufacturer &amp; Supplier | Sinomore"},"image":{"@id":"https:\/\/sinomorechem.com\/#\/schema\/logo\/image\/"}}]}},"_links":{"self":[{"href":"https:\/\/sinomorechem.com\/tr\/wp-json\/wp\/v2\/product\/1580","targetHints":{"allow":["GET"]}}],"collection":[{"href":"https:\/\/sinomorechem.com\/tr\/wp-json\/wp\/v2\/product"}],"about":[{"href":"https:\/\/sinomorechem.com\/tr\/wp-json\/wp\/v2\/types\/product"}],"wp:featuredmedia":[{"embeddable":true,"href":"https:\/\/sinomorechem.com\/tr\/wp-json\/wp\/v2\/media\/1581"}],"wp:attachment":[{"href":"https:\/\/sinomorechem.com\/tr\/wp-json\/wp\/v2\/media?parent=1580"}],"wp:term":[{"taxonomy":"post_tag","embeddable":true,"href":"https:\/\/sinomorechem.com\/tr\/wp-json\/wp\/v2\/tags?post=1580"},{"taxonomy":"products","embeddable":true,"href":"https:\/\/sinomorechem.com\/tr\/wp-json\/wp\/v2\/products?post=1580"}],"curies":[{"name":"wp","href":"https:\/\/api.w.org\/{rel}","templated":true}]}}