 {"id":1582,"date":"2026-01-16T13:43:35","date_gmt":"2026-01-16T05:43:35","guid":{"rendered":"https:\/\/sinomorechem.com\/?post_type=product&#038;p=1582"},"modified":"2026-01-16T13:43:35","modified_gmt":"2026-01-16T05:43:35","slug":"dihexadecyl-peroxodicarbonate-cepc","status":"publish","type":"product","link":"https:\/\/sinomorechem.com\/tr\/product\/dihexadecyl-peroxodicarbonate-cepc","title":{"rendered":"Diheksadesil Peroksodikarbonat CEPC"},"content":{"rendered":"<p><strong><b>Kimyasal Ad\u0131<\/b><\/strong><\/p>\n<ul>\n<li>Diheksadesil peroksodikarbonat<\/li>\n<\/ul>\n<p><strong><b>Yap\u0131<\/b><\/strong><\/p>\n<ul>\n<li>\u5206\u5b50\u5f0f\uff1aC\u2083\u2084H\u2086\u2086O\u2086<br \/>\n\u5206\u5b50\u91cf MW\uff1a570,9<\/li>\n<\/ul>\n<p><strong><b>Giri\u015f<\/b><\/strong><\/p>\n<ul>\n<li>CEPC, peroksidikarbonat yap\u0131s\u0131na sahip ester tipi bir organik peroksittir. Is\u0131t\u0131ld\u0131\u011f\u0131nda, serbest radikaller olu\u015fturmak i\u00e7in ayr\u0131\u015f\u0131r ve esas olarak polimerizasyon reaksiyonlar\u0131nda ve end\u00fcstriyel ve ara\u015ft\u0131rma ama\u00e7l\u0131 ilgili malzeme i\u015fleme uygulamalar\u0131nda kullan\u0131l\u0131r.<br \/>\n\u00d6nerilen ko\u015fullar alt\u0131nda, CEPC iyi bir stabilite g\u00f6sterir; ancak, organik bir peroksit olarak, \u0131s\u0131t\u0131ld\u0131\u011f\u0131nda tutu\u015fabilir. G\u00fcvenlik kurallar\u0131na uygun depolama ve kullan\u0131m gereklidir.<\/li>\n<\/ul>\n<p><strong><b>Spec.<\/b><\/strong><\/p>\n<ul>\n<li>G\u00f6r\u00fcn\u00fc\u015f : Beyaz ila kirli beyaz kat\u0131<\/li>\n<\/ul>\n<p><strong><b>M\u00fclkler<\/b><\/strong><\/p>\n<ul>\n<li>Durum : Kat\u0131<\/li>\n<\/ul>\n<p><strong><b>Yar\u0131 \u00f6m\u00fcr s\u0131cakl\u0131\u011f\u0131.<\/b><\/strong><\/p>\n<ul>\n<li>CEPC'nin yar\u0131lanma \u00f6mr\u00fc verileri \u00f6zel uygulama sistemine ve test ko\u015fullar\u0131na ba\u011fl\u0131d\u0131r.<\/li>\n<\/ul>\n<p><strong><b>\u00c7\u00f6z\u00fcn\u00fcrl\u00fck<\/b><\/strong><\/p>\n<ul>\n<li>Suda \u00e7\u00f6z\u00fcnmez.<\/li>\n<\/ul>\n<p><strong><b>G\u00fcvenlik Verileri<\/b><\/strong><\/p>\n<ul>\n<li>Is\u0131tma yang\u0131na neden olabilir.<\/li>\n<li>Organik Peroksit, Tip F<\/li>\n<\/ul>\n<p><strong><b>Paket<\/b><\/strong><\/p>\n<ul>\n<li>20KG \uff0c\u7eb8\u7bb1\u88c5<\/li>\n<\/ul>\n<p><strong><b>Depolama<\/b><\/strong><\/p>\n<ul>\n<li>G\u00fcvenlik Bilgi Formuna g\u00f6re serin, iyi havaland\u0131r\u0131lan bir yerde, d\u00fc\u015f\u00fck s\u0131cakl\u0131kta, \u0131s\u0131 kaynaklar\u0131ndan uzakta saklay\u0131n.<\/li>\n<\/ul>\n<p>&nbsp;<\/p>","protected":false},"featured_media":1583,"template":"","meta":{"_acf_changed":false,"site-sidebar-layout":"default","site-content-layout":"","ast-site-content-layout":"default","site-content-style":"default","site-sidebar-style":"default","ast-global-header-display":"","ast-banner-title-visibility":"","ast-main-header-display":"","ast-hfb-above-header-display":"","ast-hfb-below-header-display":"","ast-hfb-mobile-header-display":"","site-post-title":"","ast-breadcrumbs-content":"","ast-featured-img":"","footer-sml-layout":"","theme-transparent-header-meta":"default","adv-header-id-meta":"","stick-header-meta":"default","header-above-stick-meta":"","header-main-stick-meta":"","header-below-stick-meta":"","astra-migrate-meta-layouts":"set","ast-page-background-enabled":"default","ast-page-background-meta":{"desktop":{"background-color":"var(--ast-global-color-4)","background-image":"","background-repeat":"repeat","background-position":"center center","background-size":"auto","background-attachment":"scroll","background-type":"","background-media":"","overlay-type":"","overlay-color":"","overlay-opacity":"","overlay-gradient":""},"tablet":{"background-color":"","background-image":"","background-repeat":"repeat","background-position":"center center","background-size":"auto","background-attachment":"scroll","background-type":"","background-media":"","overlay-type":"","overlay-color":"","overlay-opacity":"","overlay-gradient":""},"mobile":{"background-color":"","background-image":"","background-repeat":"repeat","background-position":"center center","background-size":"auto","background-attachment":"scroll","background-type":"","background-media":"","overlay-type":"","overlay-color":"","overlay-opacity":"","overlay-gradient":""}},"ast-content-background-meta":{"desktop":{"background-color":"var(--ast-global-color-5)","background-image":"","background-repeat":"repeat","background-position":"center center","background-size":"auto","background-attachment":"scroll","background-type":"","background-media":"","overlay-type":"","overlay-color":"","overlay-opacity":"","overlay-gradient":""},"tablet":{"background-color":"var(--ast-global-color-5)","background-image":"","background-repeat":"repeat","background-position":"center center","background-size":"auto","background-attachment":"scroll","background-type":"","background-media":"","overlay-type":"","overlay-color":"","overlay-opacity":"","overlay-gradient":""},"mobile":{"background-color":"var(--ast-global-color-5)","background-image":"","background-repeat":"repeat","background-position":"center center","background-size":"auto","background-attachment":"scroll","background-type":"","background-media":"","overlay-type":"","overlay-color":"","overlay-opacity":"","overlay-gradient":""}}},"tags":[],"products":[],"class_list":["post-1582","product","type-product","status-publish","has-post-thumbnail","hentry"],"acf":[],"yoast_head":"<!-- This site is optimized with the Yoast SEO plugin v26.7 - https:\/\/yoast.com\/wordpress\/plugins\/seo\/ -->\n<title>organic peroxide, organic peroxide manufacturer, organic peroxide supplier, polymerization initiator, crosslinking agent, curing agent, rubber chemicals, plastic additives, EVA crosslinking agent, cable peroxide, photovoltaic materials<\/title>\n<meta name=\"description\" content=\"organic peroxide, organic peroxide manufacturer, organic peroxide supplier, polymerization initiator, crosslinking agent, curing agent, rubber chemicals, plastic additives, EVA crosslinking agent, cable peroxide, photovoltaic materials\" \/>\n<meta name=\"robots\" content=\"noindex, follow, max-snippet:-1, max-image-preview:large, max-video-preview:-1\" \/>\n<meta property=\"og:locale\" content=\"tr_TR\" \/>\n<meta property=\"og:type\" content=\"article\" \/>\n<meta property=\"og:title\" content=\"organic peroxide, organic peroxide manufacturer, organic peroxide supplier, polymerization initiator, crosslinking agent, curing agent, rubber chemicals, plastic additives, EVA crosslinking agent, cable peroxide, photovoltaic materials\" \/>\n<meta property=\"og:description\" content=\"organic peroxide, organic peroxide manufacturer, organic peroxide supplier, polymerization initiator, crosslinking agent, curing agent, rubber chemicals, plastic additives, EVA crosslinking agent, cable peroxide, photovoltaic materials\" \/>\n<meta property=\"og:url\" content=\"https:\/\/sinomorechem.com\/tr\/product\/dihexadecyl-peroxodicarbonate-cepc\/\" \/>\n<meta property=\"og:site_name\" content=\"Organic Peroxide Manufacturer &amp; Supplier | Sinomore\" \/>\n<meta property=\"og:image\" content=\"https:\/\/sinomorechem.com\/wp-content\/uploads\/2026\/01\/26.-\u8fc7\u6c27\u5316\u4e8c\uff08\u5341\u516d\u70f7\u57fa\uff09\u4e8c\u78b3\u9178\u916f-CEPC.png\" \/>\n\t<meta property=\"og:image:width\" content=\"330\" \/>\n\t<meta property=\"og:image:height\" content=\"320\" \/>\n\t<meta property=\"og:image:type\" content=\"image\/png\" \/>\n<meta name=\"twitter:card\" content=\"summary_large_image\" \/>\n<meta name=\"twitter:label1\" content=\"Tahmini okuma s\u00fcresi\" \/>\n\t<meta name=\"twitter:data1\" content=\"1 dakika\" \/>\n<script type=\"application\/ld+json\" class=\"yoast-schema-graph\">{\"@context\":\"https:\/\/schema.org\",\"@graph\":[{\"@type\":\"WebPage\",\"@id\":\"https:\/\/sinomorechem.com\/product\/dihexadecyl-peroxodicarbonate-cepc\",\"url\":\"https:\/\/sinomorechem.com\/product\/dihexadecyl-peroxodicarbonate-cepc\",\"name\":\"organic peroxide, organic peroxide manufacturer, organic peroxide supplier, polymerization initiator, crosslinking agent, curing agent, rubber chemicals, plastic additives, EVA crosslinking agent, cable peroxide, photovoltaic materials\",\"isPartOf\":{\"@id\":\"https:\/\/sinomorechem.com\/#website\"},\"primaryImageOfPage\":{\"@id\":\"https:\/\/sinomorechem.com\/product\/dihexadecyl-peroxodicarbonate-cepc#primaryimage\"},\"image\":{\"@id\":\"https:\/\/sinomorechem.com\/product\/dihexadecyl-peroxodicarbonate-cepc#primaryimage\"},\"thumbnailUrl\":\"https:\/\/sinomorechem.com\/wp-content\/uploads\/2026\/01\/26.-\u8fc7\u6c27\u5316\u4e8c\uff08\u5341\u516d\u70f7\u57fa\uff09\u4e8c\u78b3\u9178\u916f-CEPC.png\",\"datePublished\":\"2026-01-16T05:43:35+00:00\",\"description\":\"organic peroxide, organic peroxide manufacturer, organic peroxide supplier, polymerization initiator, crosslinking agent, curing agent, rubber chemicals, plastic additives, EVA crosslinking agent, cable peroxide, photovoltaic materials\",\"breadcrumb\":{\"@id\":\"https:\/\/sinomorechem.com\/product\/dihexadecyl-peroxodicarbonate-cepc#breadcrumb\"},\"inLanguage\":\"tr\",\"potentialAction\":[{\"@type\":\"ReadAction\",\"target\":[\"https:\/\/sinomorechem.com\/product\/dihexadecyl-peroxodicarbonate-cepc\"]}]},{\"@type\":\"ImageObject\",\"inLanguage\":\"tr\",\"@id\":\"https:\/\/sinomorechem.com\/product\/dihexadecyl-peroxodicarbonate-cepc#primaryimage\",\"url\":\"https:\/\/sinomorechem.com\/wp-content\/uploads\/2026\/01\/26.-\u8fc7\u6c27\u5316\u4e8c\uff08\u5341\u516d\u70f7\u57fa\uff09\u4e8c\u78b3\u9178\u916f-CEPC.png\",\"contentUrl\":\"https:\/\/sinomorechem.com\/wp-content\/uploads\/2026\/01\/26.-\u8fc7\u6c27\u5316\u4e8c\uff08\u5341\u516d\u70f7\u57fa\uff09\u4e8c\u78b3\u9178\u916f-CEPC.png\",\"width\":330,\"height\":320},{\"@type\":\"BreadcrumbList\",\"@id\":\"https:\/\/sinomorechem.com\/product\/dihexadecyl-peroxodicarbonate-cepc#breadcrumb\",\"itemListElement\":[{\"@type\":\"ListItem\",\"position\":1,\"name\":\"Home\",\"item\":\"https:\/\/sinomorechem.com\/\"},{\"@type\":\"ListItem\",\"position\":2,\"name\":\"Products\",\"item\":\"https:\/\/sinomorechem.com\/product\"},{\"@type\":\"ListItem\",\"position\":3,\"name\":\"Dihexadecyl Peroxodicarbonate CEPC\"}]},{\"@type\":\"WebSite\",\"@id\":\"https:\/\/sinomorechem.com\/#website\",\"url\":\"https:\/\/sinomorechem.com\/\",\"name\":\"Organic Peroxide Manufacturer &amp; Supplier | Sinomore\",\"description\":\"Sinomore is a professional manufacturer and supplier of organic peroxides, providing high-quality products for polymerization, crosslinking, curing, and specialty chemical applications. Our products are widely used in rubber, plastics, EVA, cable, and photovoltaic industries, with reliable quality and global supply capabilities.\",\"publisher\":{\"@id\":\"https:\/\/sinomorechem.com\/#organization\"},\"potentialAction\":[{\"@type\":\"SearchAction\",\"target\":{\"@type\":\"EntryPoint\",\"urlTemplate\":\"https:\/\/sinomorechem.com\/?s={search_term_string}\"},\"query-input\":{\"@type\":\"PropertyValueSpecification\",\"valueRequired\":true,\"valueName\":\"search_term_string\"}}],\"inLanguage\":\"tr\"},{\"@type\":\"Organization\",\"@id\":\"https:\/\/sinomorechem.com\/#organization\",\"name\":\"Organic Peroxide Manufacturer &amp; Supplier | Sinomore\",\"url\":\"https:\/\/sinomorechem.com\/\",\"logo\":{\"@type\":\"ImageObject\",\"inLanguage\":\"tr\",\"@id\":\"https:\/\/sinomorechem.com\/#\/schema\/logo\/image\/\",\"url\":\"https:\/\/sinomorechem.com\/wp-content\/uploads\/2026\/01\/\u6700\u7ec8\u7248-01.png\",\"contentUrl\":\"https:\/\/sinomorechem.com\/wp-content\/uploads\/2026\/01\/\u6700\u7ec8\u7248-01.png\",\"width\":1240,\"height\":1377,\"caption\":\"Organic Peroxide Manufacturer &amp; Supplier | Sinomore\"},\"image\":{\"@id\":\"https:\/\/sinomorechem.com\/#\/schema\/logo\/image\/\"}}]}<\/script>\n<!-- \/ Yoast SEO plugin. -->","yoast_head_json":{"title":"organik peroksit, organik peroksit \u00fcreticisi, organik peroksit tedarik\u00e7isi, polimerizasyon ba\u015flat\u0131c\u0131, \u00e7apraz ba\u011flama maddesi, k\u00fcrleme maddesi, kau\u00e7uk kimyasallar\u0131, plastik katk\u0131 maddeleri, EVA \u00e7apraz ba\u011flama maddesi, kablo peroksit, fotovoltaik malzemeler","description":"organik peroksit, organik peroksit \u00fcreticisi, organik peroksit tedarik\u00e7isi, polimerizasyon ba\u015flat\u0131c\u0131, \u00e7apraz ba\u011flama maddesi, k\u00fcrleme maddesi, kau\u00e7uk kimyasallar\u0131, plastik katk\u0131 maddeleri, EVA \u00e7apraz ba\u011flama maddesi, kablo peroksit, fotovoltaik malzemeler","robots":{"index":"noindex","follow":"follow","max-snippet":"max-snippet:-1","max-image-preview":"max-image-preview:large","max-video-preview":"max-video-preview:-1"},"og_locale":"tr_TR","og_type":"article","og_title":"organic peroxide, organic peroxide manufacturer, organic peroxide supplier, polymerization initiator, crosslinking agent, curing agent, rubber chemicals, plastic additives, EVA crosslinking agent, cable peroxide, photovoltaic materials","og_description":"organic peroxide, organic peroxide manufacturer, organic peroxide supplier, polymerization initiator, crosslinking agent, curing agent, rubber chemicals, plastic additives, EVA crosslinking agent, cable peroxide, photovoltaic materials","og_url":"https:\/\/sinomorechem.com\/tr\/product\/dihexadecyl-peroxodicarbonate-cepc\/","og_site_name":"Organic Peroxide Manufacturer &amp; Supplier | Sinomore","og_image":[{"width":330,"height":320,"url":"https:\/\/sinomorechem.com\/wp-content\/uploads\/2026\/01\/26.-\u8fc7\u6c27\u5316\u4e8c\uff08\u5341\u516d\u70f7\u57fa\uff09\u4e8c\u78b3\u9178\u916f-CEPC.png","type":"image\/png"}],"twitter_card":"summary_large_image","twitter_misc":{"Tahmini okuma s\u00fcresi":"1 dakika"},"schema":{"@context":"https:\/\/schema.org","@graph":[{"@type":"WebPage","@id":"https:\/\/sinomorechem.com\/product\/dihexadecyl-peroxodicarbonate-cepc","url":"https:\/\/sinomorechem.com\/product\/dihexadecyl-peroxodicarbonate-cepc","name":"organik peroksit, organik peroksit \u00fcreticisi, organik peroksit tedarik\u00e7isi, polimerizasyon ba\u015flat\u0131c\u0131, \u00e7apraz ba\u011flama maddesi, k\u00fcrleme maddesi, kau\u00e7uk kimyasallar\u0131, plastik katk\u0131 maddeleri, EVA \u00e7apraz ba\u011flama maddesi, kablo peroksit, fotovoltaik malzemeler","isPartOf":{"@id":"https:\/\/sinomorechem.com\/#website"},"primaryImageOfPage":{"@id":"https:\/\/sinomorechem.com\/product\/dihexadecyl-peroxodicarbonate-cepc#primaryimage"},"image":{"@id":"https:\/\/sinomorechem.com\/product\/dihexadecyl-peroxodicarbonate-cepc#primaryimage"},"thumbnailUrl":"https:\/\/sinomorechem.com\/wp-content\/uploads\/2026\/01\/26.-\u8fc7\u6c27\u5316\u4e8c\uff08\u5341\u516d\u70f7\u57fa\uff09\u4e8c\u78b3\u9178\u916f-CEPC.png","datePublished":"2026-01-16T05:43:35+00:00","description":"organik peroksit, organik peroksit \u00fcreticisi, organik peroksit tedarik\u00e7isi, polimerizasyon ba\u015flat\u0131c\u0131, \u00e7apraz ba\u011flama maddesi, k\u00fcrleme maddesi, kau\u00e7uk kimyasallar\u0131, plastik katk\u0131 maddeleri, EVA \u00e7apraz ba\u011flama maddesi, kablo peroksit, fotovoltaik malzemeler","breadcrumb":{"@id":"https:\/\/sinomorechem.com\/product\/dihexadecyl-peroxodicarbonate-cepc#breadcrumb"},"inLanguage":"tr","potentialAction":[{"@type":"ReadAction","target":["https:\/\/sinomorechem.com\/product\/dihexadecyl-peroxodicarbonate-cepc"]}]},{"@type":"ImageObject","inLanguage":"tr","@id":"https:\/\/sinomorechem.com\/product\/dihexadecyl-peroxodicarbonate-cepc#primaryimage","url":"https:\/\/sinomorechem.com\/wp-content\/uploads\/2026\/01\/26.-\u8fc7\u6c27\u5316\u4e8c\uff08\u5341\u516d\u70f7\u57fa\uff09\u4e8c\u78b3\u9178\u916f-CEPC.png","contentUrl":"https:\/\/sinomorechem.com\/wp-content\/uploads\/2026\/01\/26.-\u8fc7\u6c27\u5316\u4e8c\uff08\u5341\u516d\u70f7\u57fa\uff09\u4e8c\u78b3\u9178\u916f-CEPC.png","width":330,"height":320},{"@type":"BreadcrumbList","@id":"https:\/\/sinomorechem.com\/product\/dihexadecyl-peroxodicarbonate-cepc#breadcrumb","itemListElement":[{"@type":"ListItem","position":1,"name":"Home","item":"https:\/\/sinomorechem.com\/"},{"@type":"ListItem","position":2,"name":"Products","item":"https:\/\/sinomorechem.com\/product"},{"@type":"ListItem","position":3,"name":"Dihexadecyl Peroxodicarbonate CEPC"}]},{"@type":"WebSite","@id":"https:\/\/sinomorechem.com\/#website","url":"https:\/\/sinomorechem.com\/","name":"Organik Peroksit \u00dcretici ve Tedarik\u00e7i | Sinomore","description":"Sinomore, polimerizasyon, \u00e7apraz ba\u011flama, k\u00fcrleme ve \u00f6zel kimyasal uygulamalar i\u00e7in y\u00fcksek kaliteli \u00fcr\u00fcnler sa\u011flayan profesyonel bir organik peroksit \u00fcreticisi ve tedarik\u00e7isidir. \u00dcr\u00fcnlerimiz g\u00fcvenilir kalite ve k\u00fcresel tedarik yetenekleri ile kau\u00e7uk, plastik, EVA, kablo ve fotovoltaik end\u00fcstrilerinde yayg\u0131n olarak kullan\u0131lmaktad\u0131r.","publisher":{"@id":"https:\/\/sinomorechem.com\/#organization"},"potentialAction":[{"@type":"SearchAction","target":{"@type":"EntryPoint","urlTemplate":"https:\/\/sinomorechem.com\/?s={search_term_string}"},"query-input":{"@type":"PropertyValueSpecification","valueRequired":true,"valueName":"search_term_string"}}],"inLanguage":"tr"},{"@type":"Organization","@id":"https:\/\/sinomorechem.com\/#organization","name":"Organik Peroksit \u00dcretici ve Tedarik\u00e7i | Sinomore","url":"https:\/\/sinomorechem.com\/","logo":{"@type":"ImageObject","inLanguage":"tr","@id":"https:\/\/sinomorechem.com\/#\/schema\/logo\/image\/","url":"https:\/\/sinomorechem.com\/wp-content\/uploads\/2026\/01\/\u6700\u7ec8\u7248-01.png","contentUrl":"https:\/\/sinomorechem.com\/wp-content\/uploads\/2026\/01\/\u6700\u7ec8\u7248-01.png","width":1240,"height":1377,"caption":"Organic Peroxide Manufacturer &amp; Supplier | Sinomore"},"image":{"@id":"https:\/\/sinomorechem.com\/#\/schema\/logo\/image\/"}}]}},"_links":{"self":[{"href":"https:\/\/sinomorechem.com\/tr\/wp-json\/wp\/v2\/product\/1582","targetHints":{"allow":["GET"]}}],"collection":[{"href":"https:\/\/sinomorechem.com\/tr\/wp-json\/wp\/v2\/product"}],"about":[{"href":"https:\/\/sinomorechem.com\/tr\/wp-json\/wp\/v2\/types\/product"}],"wp:featuredmedia":[{"embeddable":true,"href":"https:\/\/sinomorechem.com\/tr\/wp-json\/wp\/v2\/media\/1583"}],"wp:attachment":[{"href":"https:\/\/sinomorechem.com\/tr\/wp-json\/wp\/v2\/media?parent=1582"}],"wp:term":[{"taxonomy":"post_tag","embeddable":true,"href":"https:\/\/sinomorechem.com\/tr\/wp-json\/wp\/v2\/tags?post=1582"},{"taxonomy":"products","embeddable":true,"href":"https:\/\/sinomorechem.com\/tr\/wp-json\/wp\/v2\/products?post=1582"}],"curies":[{"name":"wp","href":"https:\/\/api.w.org\/{rel}","templated":true}]}}