 {"id":1714,"date":"2026-02-05T13:52:58","date_gmt":"2026-02-05T05:52:58","guid":{"rendered":"https:\/\/sinomorechem.com\/?post_type=product&#038;p=1714"},"modified":"2026-02-05T13:52:58","modified_gmt":"2026-02-05T05:52:58","slug":"di-lauroyl-peroxide-lpo","status":"publish","type":"product","link":"https:\/\/sinomorechem.com\/tr\/product\/di-lauroyl-peroxide-lpo","title":{"rendered":"Di-Lauroil Peroksit (LPO)"},"content":{"rendered":"<p><strong>Kimyasal Ad\u0131<\/strong><\/p>\n<p>Di-lauroil peroksit<\/p>\n<p><strong>Di\u011fer ad\u0131<\/strong>\uff1aLPO<\/p>\n<p><strong>Yap\u0131<\/strong><\/p>\n<p>MW\uff1a398,6<br \/>\nCAS No.\uff1a105-74-8<br \/>\nEINECS \/ ELINCS No.\uff1a203-326-3<br \/>\nTSCA Durumu\uff1aListelenmi\u015ftir<\/p>\n<p><strong>Giri\u015f<\/strong><\/p>\n<p>LPO beyaz bir tozdur. Diasil organik peroksite aittir. Esas olarak stiren, etilen, vinil klor\u00fcr, viniliden klor\u00fcr, akrilat ve metakrilat\u0131n polimerizasyonu i\u00e7in bir ba\u015flat\u0131c\u0131 olarak kullan\u0131l\u0131r. Metakrilat polimerizasyonunda, LPO genellikle AIBN'nin yerine kullan\u0131l\u0131r.<\/p>\n<p><strong>Teknik \u00d6zellikler<\/strong><\/p>\n<p>G\u00f6r\u00fcn\u00fc\u015f: Saf beyaz toz<\/p>\n<p>Test (%): \u2265 98,0<\/p>\n<p>Aktif Oksijen (%): \u2265 3,93<\/p>\n<p>G\u00f6r\u00fcn\u00fcr Yo\u011funluk: 460 kg\/m\u00b3<\/p>\n<p><strong>M\u00fclkler<\/strong><\/p>\n<p>Durum: Kat\u0131<\/p>\n<p>Erime Noktas\u0131 (\u00b0C): 54<\/p>\n<p>Aktif Oksijen (%): 4.01<\/p>\n<p><strong>Yar\u0131lanma \u00d6mr\u00fc Verileri<\/strong><\/p>\n<p>LPO'nun klorobenzen i\u00e7indeki yar\u0131lanma \u00f6mr\u00fc verileri a\u015fa\u011f\u0131daki gibidir:<br \/>\n10 saat Yar\u0131lanma \u00f6mr\u00fc (\u00b0C): 61<br \/>\n1 saat Yar\u0131lanma \u00f6mr\u00fc (\u00b0C): 81<br \/>\n0,1 saat Yar\u0131lanma \u00f6mr\u00fc (\u00b0C): 99<br \/>\nEa (kJ\/mol): Aktivasyon Enerjisi Ea (kJ\/mol): 123.37<\/p>\n<p><strong>Termal Kararl\u0131l\u0131k<\/strong><\/p>\n<p>\u00d6nerilen maksimum depolama s\u0131cakl\u0131\u011f\u0131 Ts max (\u00b0C): 30<\/p>\n<p>SADT (\u00b0C): 50<\/p>\n<p><strong>G\u00fcvenlik Verileri<\/strong><\/p>\n<p>Organik Peroksit Tip D, Kat\u0131<\/p>\n<p>B\u00f6l\u00fcm 5.2<\/p>\n<p>BM No.: 3106<\/p>\n<p><strong>Paketleme: <\/strong>25 kg \/ karton kutu<\/p>\n<p><strong>Depolama<\/strong><\/p>\n<p>Serin, kuru ve iyi havaland\u0131r\u0131lan bir yerde 30\u00b0C'nin alt\u0131nda saklanmal\u0131d\u0131r.<\/p>\n<p><strong>Kullan\u0131m \u00d6nlemleri<\/strong><\/p>\n<ul>\n<li>Kaplar\u0131 s\u0131k\u0131ca kapal\u0131 tutun<\/li>\n<li>Is\u0131 kaynaklar\u0131ndan, tutu\u015fturucu kaynaklardan ve do\u011frudan g\u00fcne\u015f \u0131\u015f\u0131\u011f\u0131ndan uzak tutun<\/li>\n<li>Depolama alanlar\u0131nda tartmaktan veya yeniden paketlemekten ka\u00e7\u0131n\u0131n<\/li>\n<li>\u0130ndirgeyici maddeler (aminler gibi), asitler, bazlar ve a\u011f\u0131r metal bile\u015fikleriyle (h\u0131zland\u0131r\u0131c\u0131lar, metal sabunlar\u0131, vb.) temastan ka\u00e7\u0131n\u0131n.<\/li>\n<\/ul>","protected":false},"featured_media":1715,"template":"","meta":{"_acf_changed":false,"site-sidebar-layout":"default","site-content-layout":"","ast-site-content-layout":"default","site-content-style":"default","site-sidebar-style":"default","ast-global-header-display":"","ast-banner-title-visibility":"","ast-main-header-display":"","ast-hfb-above-header-display":"","ast-hfb-below-header-display":"","ast-hfb-mobile-header-display":"","site-post-title":"","ast-breadcrumbs-content":"","ast-featured-img":"","footer-sml-layout":"","theme-transparent-header-meta":"default","adv-header-id-meta":"","stick-header-meta":"default","header-above-stick-meta":"","header-main-stick-meta":"","header-below-stick-meta":"","astra-migrate-meta-layouts":"set","ast-page-background-enabled":"default","ast-page-background-meta":{"desktop":{"background-color":"var(--ast-global-color-4)","background-image":"","background-repeat":"repeat","background-position":"center center","background-size":"auto","background-attachment":"scroll","background-type":"","background-media":"","overlay-type":"","overlay-color":"","overlay-opacity":"","overlay-gradient":""},"tablet":{"background-color":"","background-image":"","background-repeat":"repeat","background-position":"center center","background-size":"auto","background-attachment":"scroll","background-type":"","background-media":"","overlay-type":"","overlay-color":"","overlay-opacity":"","overlay-gradient":""},"mobile":{"background-color":"","background-image":"","background-repeat":"repeat","background-position":"center center","background-size":"auto","background-attachment":"scroll","background-type":"","background-media":"","overlay-type":"","overlay-color":"","overlay-opacity":"","overlay-gradient":""}},"ast-content-background-meta":{"desktop":{"background-color":"var(--ast-global-color-5)","background-image":"","background-repeat":"repeat","background-position":"center center","background-size":"auto","background-attachment":"scroll","background-type":"","background-media":"","overlay-type":"","overlay-color":"","overlay-opacity":"","overlay-gradient":""},"tablet":{"background-color":"var(--ast-global-color-5)","background-image":"","background-repeat":"repeat","background-position":"center center","background-size":"auto","background-attachment":"scroll","background-type":"","background-media":"","overlay-type":"","overlay-color":"","overlay-opacity":"","overlay-gradient":""},"mobile":{"background-color":"var(--ast-global-color-5)","background-image":"","background-repeat":"repeat","background-position":"center center","background-size":"auto","background-attachment":"scroll","background-type":"","background-media":"","overlay-type":"","overlay-color":"","overlay-opacity":"","overlay-gradient":""}}},"tags":[],"products":[],"class_list":["post-1714","product","type-product","status-publish","has-post-thumbnail","hentry"],"acf":[],"yoast_head":"<!-- This site is optimized with the Yoast SEO plugin v26.7 - https:\/\/yoast.com\/wordpress\/plugins\/seo\/ -->\n<title>organic peroxide, organic peroxide manufacturer, organic peroxide supplier, polymerization initiator, crosslinking agent, curing agent, rubber chemicals, plastic additives, EVA crosslinking agent, cable peroxide, photovoltaic materials<\/title>\n<meta name=\"description\" content=\"organic peroxide, organic peroxide manufacturer, organic peroxide supplier, polymerization initiator, crosslinking agent, curing agent, rubber chemicals, plastic additives, EVA crosslinking agent, cable peroxide, photovoltaic materials\" \/>\n<meta name=\"robots\" content=\"noindex, follow, max-snippet:-1, max-image-preview:large, max-video-preview:-1\" \/>\n<meta property=\"og:locale\" content=\"tr_TR\" \/>\n<meta property=\"og:type\" content=\"article\" \/>\n<meta property=\"og:title\" content=\"organic peroxide, organic peroxide manufacturer, organic peroxide supplier, polymerization initiator, crosslinking agent, curing agent, rubber chemicals, plastic additives, EVA crosslinking agent, cable peroxide, photovoltaic materials\" \/>\n<meta property=\"og:description\" content=\"organic peroxide, organic peroxide manufacturer, organic peroxide supplier, polymerization initiator, crosslinking agent, curing agent, rubber chemicals, plastic additives, EVA crosslinking agent, cable peroxide, photovoltaic materials\" \/>\n<meta property=\"og:url\" content=\"https:\/\/sinomorechem.com\/tr\/product\/di-lauroyl-peroxide-lpo\/\" \/>\n<meta property=\"og:site_name\" content=\"Organic Peroxide Manufacturer &amp; Supplier | Sinomore\" \/>\n<meta property=\"og:image\" content=\"https:\/\/sinomorechem.com\/wp-content\/uploads\/2026\/02\/20.-\u8fc7\u6c27\u5316\u4e8c\u6708\u6842\u9170-LPO.png\" \/>\n\t<meta property=\"og:image:width\" content=\"330\" \/>\n\t<meta property=\"og:image:height\" content=\"320\" \/>\n\t<meta property=\"og:image:type\" content=\"image\/png\" \/>\n<meta name=\"twitter:card\" content=\"summary_large_image\" \/>\n<meta name=\"twitter:label1\" content=\"Tahmini okuma s\u00fcresi\" \/>\n\t<meta name=\"twitter:data1\" content=\"2 dakika\" \/>\n<script type=\"application\/ld+json\" class=\"yoast-schema-graph\">{\"@context\":\"https:\/\/schema.org\",\"@graph\":[{\"@type\":\"WebPage\",\"@id\":\"https:\/\/sinomorechem.com\/product\/di-lauroyl-peroxide-lpo\",\"url\":\"https:\/\/sinomorechem.com\/product\/di-lauroyl-peroxide-lpo\",\"name\":\"organic peroxide, organic peroxide manufacturer, organic peroxide supplier, polymerization initiator, crosslinking agent, curing agent, rubber chemicals, plastic additives, EVA crosslinking agent, cable peroxide, photovoltaic materials\",\"isPartOf\":{\"@id\":\"https:\/\/sinomorechem.com\/#website\"},\"primaryImageOfPage\":{\"@id\":\"https:\/\/sinomorechem.com\/product\/di-lauroyl-peroxide-lpo#primaryimage\"},\"image\":{\"@id\":\"https:\/\/sinomorechem.com\/product\/di-lauroyl-peroxide-lpo#primaryimage\"},\"thumbnailUrl\":\"https:\/\/sinomorechem.com\/wp-content\/uploads\/2026\/02\/20.-\u8fc7\u6c27\u5316\u4e8c\u6708\u6842\u9170-LPO.png\",\"datePublished\":\"2026-02-05T05:52:58+00:00\",\"description\":\"organic peroxide, organic peroxide manufacturer, organic peroxide supplier, polymerization initiator, crosslinking agent, curing agent, rubber chemicals, plastic additives, EVA crosslinking agent, cable peroxide, photovoltaic materials\",\"breadcrumb\":{\"@id\":\"https:\/\/sinomorechem.com\/product\/di-lauroyl-peroxide-lpo#breadcrumb\"},\"inLanguage\":\"tr\",\"potentialAction\":[{\"@type\":\"ReadAction\",\"target\":[\"https:\/\/sinomorechem.com\/product\/di-lauroyl-peroxide-lpo\"]}]},{\"@type\":\"ImageObject\",\"inLanguage\":\"tr\",\"@id\":\"https:\/\/sinomorechem.com\/product\/di-lauroyl-peroxide-lpo#primaryimage\",\"url\":\"https:\/\/sinomorechem.com\/wp-content\/uploads\/2026\/02\/20.-\u8fc7\u6c27\u5316\u4e8c\u6708\u6842\u9170-LPO.png\",\"contentUrl\":\"https:\/\/sinomorechem.com\/wp-content\/uploads\/2026\/02\/20.-\u8fc7\u6c27\u5316\u4e8c\u6708\u6842\u9170-LPO.png\",\"width\":330,\"height\":320},{\"@type\":\"BreadcrumbList\",\"@id\":\"https:\/\/sinomorechem.com\/product\/di-lauroyl-peroxide-lpo#breadcrumb\",\"itemListElement\":[{\"@type\":\"ListItem\",\"position\":1,\"name\":\"Home\",\"item\":\"https:\/\/sinomorechem.com\/\"},{\"@type\":\"ListItem\",\"position\":2,\"name\":\"Products\",\"item\":\"https:\/\/sinomorechem.com\/product\"},{\"@type\":\"ListItem\",\"position\":3,\"name\":\"Di-Lauroyl Peroxide (LPO)\"}]},{\"@type\":\"WebSite\",\"@id\":\"https:\/\/sinomorechem.com\/#website\",\"url\":\"https:\/\/sinomorechem.com\/\",\"name\":\"Organic Peroxide Manufacturer &amp; Supplier | Sinomore\",\"description\":\"Sinomore is a professional manufacturer and supplier of organic peroxides, providing high-quality products for polymerization, crosslinking, curing, and specialty chemical applications. Our products are widely used in rubber, plastics, EVA, cable, and photovoltaic industries, with reliable quality and global supply capabilities.\",\"publisher\":{\"@id\":\"https:\/\/sinomorechem.com\/#organization\"},\"potentialAction\":[{\"@type\":\"SearchAction\",\"target\":{\"@type\":\"EntryPoint\",\"urlTemplate\":\"https:\/\/sinomorechem.com\/?s={search_term_string}\"},\"query-input\":{\"@type\":\"PropertyValueSpecification\",\"valueRequired\":true,\"valueName\":\"search_term_string\"}}],\"inLanguage\":\"tr\"},{\"@type\":\"Organization\",\"@id\":\"https:\/\/sinomorechem.com\/#organization\",\"name\":\"Organic Peroxide Manufacturer &amp; Supplier | Sinomore\",\"url\":\"https:\/\/sinomorechem.com\/\",\"logo\":{\"@type\":\"ImageObject\",\"inLanguage\":\"tr\",\"@id\":\"https:\/\/sinomorechem.com\/#\/schema\/logo\/image\/\",\"url\":\"https:\/\/sinomorechem.com\/wp-content\/uploads\/2026\/01\/\u6700\u7ec8\u7248-01.png\",\"contentUrl\":\"https:\/\/sinomorechem.com\/wp-content\/uploads\/2026\/01\/\u6700\u7ec8\u7248-01.png\",\"width\":1240,\"height\":1377,\"caption\":\"Organic Peroxide Manufacturer &amp; Supplier | Sinomore\"},\"image\":{\"@id\":\"https:\/\/sinomorechem.com\/#\/schema\/logo\/image\/\"}}]}<\/script>\n<!-- \/ Yoast SEO plugin. -->","yoast_head_json":{"title":"organik peroksit, organik peroksit \u00fcreticisi, organik peroksit tedarik\u00e7isi, polimerizasyon ba\u015flat\u0131c\u0131, \u00e7apraz ba\u011flama maddesi, k\u00fcrleme maddesi, kau\u00e7uk kimyasallar\u0131, plastik katk\u0131 maddeleri, EVA \u00e7apraz ba\u011flama maddesi, kablo peroksit, fotovoltaik malzemeler","description":"organik peroksit, organik peroksit \u00fcreticisi, organik peroksit tedarik\u00e7isi, polimerizasyon ba\u015flat\u0131c\u0131, \u00e7apraz ba\u011flama maddesi, k\u00fcrleme maddesi, kau\u00e7uk kimyasallar\u0131, plastik katk\u0131 maddeleri, EVA \u00e7apraz ba\u011flama maddesi, kablo peroksit, fotovoltaik malzemeler","robots":{"index":"noindex","follow":"follow","max-snippet":"max-snippet:-1","max-image-preview":"max-image-preview:large","max-video-preview":"max-video-preview:-1"},"og_locale":"tr_TR","og_type":"article","og_title":"organic peroxide, organic peroxide manufacturer, organic peroxide supplier, polymerization initiator, crosslinking agent, curing agent, rubber chemicals, plastic additives, EVA crosslinking agent, cable peroxide, photovoltaic materials","og_description":"organic peroxide, organic peroxide manufacturer, organic peroxide supplier, polymerization initiator, crosslinking agent, curing agent, rubber chemicals, plastic additives, EVA crosslinking agent, cable peroxide, photovoltaic materials","og_url":"https:\/\/sinomorechem.com\/tr\/product\/di-lauroyl-peroxide-lpo\/","og_site_name":"Organic Peroxide Manufacturer &amp; Supplier | Sinomore","og_image":[{"width":330,"height":320,"url":"https:\/\/sinomorechem.com\/wp-content\/uploads\/2026\/02\/20.-\u8fc7\u6c27\u5316\u4e8c\u6708\u6842\u9170-LPO.png","type":"image\/png"}],"twitter_card":"summary_large_image","twitter_misc":{"Tahmini okuma s\u00fcresi":"2 dakika"},"schema":{"@context":"https:\/\/schema.org","@graph":[{"@type":"WebPage","@id":"https:\/\/sinomorechem.com\/product\/di-lauroyl-peroxide-lpo","url":"https:\/\/sinomorechem.com\/product\/di-lauroyl-peroxide-lpo","name":"organik peroksit, organik peroksit \u00fcreticisi, organik peroksit tedarik\u00e7isi, polimerizasyon ba\u015flat\u0131c\u0131, \u00e7apraz ba\u011flama maddesi, k\u00fcrleme maddesi, kau\u00e7uk kimyasallar\u0131, plastik katk\u0131 maddeleri, EVA \u00e7apraz ba\u011flama maddesi, kablo peroksit, fotovoltaik malzemeler","isPartOf":{"@id":"https:\/\/sinomorechem.com\/#website"},"primaryImageOfPage":{"@id":"https:\/\/sinomorechem.com\/product\/di-lauroyl-peroxide-lpo#primaryimage"},"image":{"@id":"https:\/\/sinomorechem.com\/product\/di-lauroyl-peroxide-lpo#primaryimage"},"thumbnailUrl":"https:\/\/sinomorechem.com\/wp-content\/uploads\/2026\/02\/20.-\u8fc7\u6c27\u5316\u4e8c\u6708\u6842\u9170-LPO.png","datePublished":"2026-02-05T05:52:58+00:00","description":"organik peroksit, organik peroksit \u00fcreticisi, organik peroksit tedarik\u00e7isi, polimerizasyon ba\u015flat\u0131c\u0131, \u00e7apraz ba\u011flama maddesi, k\u00fcrleme maddesi, kau\u00e7uk kimyasallar\u0131, plastik katk\u0131 maddeleri, EVA \u00e7apraz ba\u011flama maddesi, kablo peroksit, fotovoltaik malzemeler","breadcrumb":{"@id":"https:\/\/sinomorechem.com\/product\/di-lauroyl-peroxide-lpo#breadcrumb"},"inLanguage":"tr","potentialAction":[{"@type":"ReadAction","target":["https:\/\/sinomorechem.com\/product\/di-lauroyl-peroxide-lpo"]}]},{"@type":"ImageObject","inLanguage":"tr","@id":"https:\/\/sinomorechem.com\/product\/di-lauroyl-peroxide-lpo#primaryimage","url":"https:\/\/sinomorechem.com\/wp-content\/uploads\/2026\/02\/20.-\u8fc7\u6c27\u5316\u4e8c\u6708\u6842\u9170-LPO.png","contentUrl":"https:\/\/sinomorechem.com\/wp-content\/uploads\/2026\/02\/20.-\u8fc7\u6c27\u5316\u4e8c\u6708\u6842\u9170-LPO.png","width":330,"height":320},{"@type":"BreadcrumbList","@id":"https:\/\/sinomorechem.com\/product\/di-lauroyl-peroxide-lpo#breadcrumb","itemListElement":[{"@type":"ListItem","position":1,"name":"Home","item":"https:\/\/sinomorechem.com\/"},{"@type":"ListItem","position":2,"name":"Products","item":"https:\/\/sinomorechem.com\/product"},{"@type":"ListItem","position":3,"name":"Di-Lauroyl Peroxide (LPO)"}]},{"@type":"WebSite","@id":"https:\/\/sinomorechem.com\/#website","url":"https:\/\/sinomorechem.com\/","name":"Organik Peroksit \u00dcretici ve Tedarik\u00e7i | Sinomore","description":"Sinomore, polimerizasyon, \u00e7apraz ba\u011flama, k\u00fcrleme ve \u00f6zel kimyasal uygulamalar i\u00e7in y\u00fcksek kaliteli \u00fcr\u00fcnler sa\u011flayan profesyonel bir organik peroksit \u00fcreticisi ve tedarik\u00e7isidir. \u00dcr\u00fcnlerimiz g\u00fcvenilir kalite ve k\u00fcresel tedarik yetenekleri ile kau\u00e7uk, plastik, EVA, kablo ve fotovoltaik end\u00fcstrilerinde yayg\u0131n olarak kullan\u0131lmaktad\u0131r.","publisher":{"@id":"https:\/\/sinomorechem.com\/#organization"},"potentialAction":[{"@type":"SearchAction","target":{"@type":"EntryPoint","urlTemplate":"https:\/\/sinomorechem.com\/?s={search_term_string}"},"query-input":{"@type":"PropertyValueSpecification","valueRequired":true,"valueName":"search_term_string"}}],"inLanguage":"tr"},{"@type":"Organization","@id":"https:\/\/sinomorechem.com\/#organization","name":"Organik Peroksit \u00dcretici ve Tedarik\u00e7i | Sinomore","url":"https:\/\/sinomorechem.com\/","logo":{"@type":"ImageObject","inLanguage":"tr","@id":"https:\/\/sinomorechem.com\/#\/schema\/logo\/image\/","url":"https:\/\/sinomorechem.com\/wp-content\/uploads\/2026\/01\/\u6700\u7ec8\u7248-01.png","contentUrl":"https:\/\/sinomorechem.com\/wp-content\/uploads\/2026\/01\/\u6700\u7ec8\u7248-01.png","width":1240,"height":1377,"caption":"Organic Peroxide Manufacturer &amp; Supplier | Sinomore"},"image":{"@id":"https:\/\/sinomorechem.com\/#\/schema\/logo\/image\/"}}]}},"_links":{"self":[{"href":"https:\/\/sinomorechem.com\/tr\/wp-json\/wp\/v2\/product\/1714","targetHints":{"allow":["GET"]}}],"collection":[{"href":"https:\/\/sinomorechem.com\/tr\/wp-json\/wp\/v2\/product"}],"about":[{"href":"https:\/\/sinomorechem.com\/tr\/wp-json\/wp\/v2\/types\/product"}],"wp:featuredmedia":[{"embeddable":true,"href":"https:\/\/sinomorechem.com\/tr\/wp-json\/wp\/v2\/media\/1715"}],"wp:attachment":[{"href":"https:\/\/sinomorechem.com\/tr\/wp-json\/wp\/v2\/media?parent=1714"}],"wp:term":[{"taxonomy":"post_tag","embeddable":true,"href":"https:\/\/sinomorechem.com\/tr\/wp-json\/wp\/v2\/tags?post=1714"},{"taxonomy":"products","embeddable":true,"href":"https:\/\/sinomorechem.com\/tr\/wp-json\/wp\/v2\/products?post=1714"}],"curies":[{"name":"wp","href":"https:\/\/api.w.org\/{rel}","templated":true}]}}